{"id":20,"date":"2016-07-25T11:38:51","date_gmt":"2016-07-25T11:38:51","guid":{"rendered":"https:\/\/webs.uab.cat\/unup\/team\/"},"modified":"2022-08-08T08:04:31","modified_gmt":"2022-08-08T08:04:31","slug":"team","status":"publish","type":"page","link":"https:\/\/webs.uab.cat\/unup\/team\/","title":{"rendered":"Team"},"content":{"rendered":"\n<h2 class=\"wp-block-heading\"><strong><span style=\",'serif'; font-size: 12.0pt;\">Project team<\/span><\/strong><\/h2>\n\n\n\n<p><em>Barcelona<\/em>:<br>Prof. Dr. <a href=\"https:\/\/webs.uab.cat\/unup\/matthias-m-tischler\/\" data-type=\"page\" data-id=\"26\">Matthias M. Tischler<\/a>, Universitat Aut\u00f2noma de Barcelona\u00a0(Principal Investigator)<br><a href=\"https:\/\/webs.uab.cat\/unup\/ekaterina-novokhatko\/\" data-type=\"page\" data-id=\"27\">Ekaterina Novokhatko<\/a>\u00a0(PhD).<\/p>\n\n\n\n<p><em>Berlin<\/em>:<br>Prof. Dr. <a href=\"https:\/\/webs.uab.cat\/unup\/stefan-esders\/\" data-type=\"page\" data-id=\"28\">Stefan Esders<\/a>, Freie Universit\u00e4t Berlin (Project Leader and Principal Investigator)<br><a style=\"line-height: 20.8000011444092px;\" rel=\"noopener\" href=\"http:\/\/independent.academia.edu\/AliceHicklin\" target=\"_blank\">Alice Hicklin<\/a>\u00a0(PostDoc).<\/p>\n\n\n\n<p><em>Exeter<\/em>:<br>Professor <a href=\"https:\/\/webs.uab.cat\/unup\/sarah-hamilton\/\" data-type=\"page\" data-id=\"29\">Sarah Hamilton<\/a>, University of Exeter (Principal Investigator)<br><a rel=\"noopener\" href=\"https:\/\/exeter.academia.edu\/LennekeVanRaaij\" target=\"_blank\">Lenneke Van Raaij <\/a>(PhD).<\/p>\n\n\n\n<p><em>St.Andrews<\/em>:<br>Professor <a href=\"https:\/\/webs.uab.cat\/unup\/simon-maclean\/\" data-type=\"page\" data-id=\"30\">Simon MacLean<\/a>, University of St. Andrews\u00a0(Principal Investigator)<br><a href=\"https:\/\/webs.uab.cat\/unup\/sarah-greer\/\" data-type=\"page\" data-id=\"31\">Sarah Greer <\/a>(PostDoc).<\/p>\n\n\n\n<p><em>Vienna<\/em>:<br>Priv.-Doz. Dr. <a href=\"https:\/\/webs.uab.cat\/unup\/maximilian-diesenberger\/\" data-type=\"page\" data-id=\"32\">Maximilian Diesenberger<\/a>, Institut f\u00fcr Mittelalterforschung,<br>\u00d6sterreichische Akademie der Wissenschaften, Vienna\u00a0\u00a0(Principal Investigator)<br><a rel=\"noopener\" href=\"https:\/\/oeaw.academia.edu\/JelleWassenaar\" target=\"_blank\">Jelle Wassenaar<\/a> (PhD).<br>\u00a0<\/p>\n\n\n\n<h2 class=\"wp-block-heading\"><strong><span style=\",'serif'; font-size: 12.0pt;\">Project partners<\/span><\/strong><\/h2>\n\n\n\n<p><a rel=\"noopener\" href=\"http:\/\/staatsbibliothek-berlin.de\/\" target=\"_blank\">Staatsbibliothek<\/a>, <em>Berlin<\/em><br><a rel=\"noopener\" href=\"http:\/\/www.brg-pichelmayergasse.at\/bgbrg-pichelmayergasse\/\" target=\"_blank\">Bundesgymnasium<\/a>,\u00a0<em>Vienna<\/em><br><a rel=\"noopener\" href=\"https:\/\/www.history.org.uk\/\" target=\"_blank\">Historical Association<\/a>,\u00a0<em>London<\/em><br><a rel=\"noopener\" href=\"http:\/\/www.exeter-cathedral.org.uk\/\" target=\"_blank\">Exeter Cathedral<\/a>, <em>Exeter<\/em><br><a rel=\"noopener\" href=\"http:\/\/www.tarraconense.cat\/index.php?arxiu=fitxa_organismes&amp;idnoticia=3353\" target=\"_blank\">Secretariat Interdioces\u00e0 de Cust\u00f2dia i Promoci\u00f3 de l\u2019Art Sagrat de Catalunya<\/a>, <em>Barcelona<\/em><\/p>\n","protected":false},"excerpt":{"rendered":"<p>Project team Barcelona:Prof. Dr. Matthias M. Tischler, Universitat Aut\u00f2noma de Barcelona\u00a0(Principal Investigator)Ekaterina Novokhatko\u00a0(PhD). Berlin:Prof. Dr. Stefan Esders, Freie Universit\u00e4t Berlin (Project Leader and Principal Investigator)Alice Hicklin\u00a0(PostDoc). Exeter:Professor Sarah Hamilton, University of Exeter (Principal Investigator)Lenneke Van Raaij (PhD). St.Andrews:Professor Simon MacLean, University of St. Andrews\u00a0(Principal Investigator)Sarah Greer (PostDoc). Vienna:Priv.-Doz. Dr. Maximilian Diesenberger, Institut f\u00fcr Mittelalterforschung,\u00d6sterreichische Akademie [&hellip;]<\/p>\n","protected":false},"author":20,"featured_media":0,"parent":0,"menu_order":0,"comment_status":"closed","ping_status":"closed","template":"","meta":{"footnotes":""},"class_list":["post-20","page","type-page","status-publish","hentry"],"_links":{"self":[{"href":"https:\/\/webs.uab.cat\/unup\/wp-json\/wp\/v2\/pages\/20","targetHints":{"allow":["GET"]}}],"collection":[{"href":"https:\/\/webs.uab.cat\/unup\/wp-json\/wp\/v2\/pages"}],"about":[{"href":"https:\/\/webs.uab.cat\/unup\/wp-json\/wp\/v2\/types\/page"}],"author":[{"embeddable":true,"href":"https:\/\/webs.uab.cat\/unup\/wp-json\/wp\/v2\/users\/20"}],"replies":[{"embeddable":true,"href":"https:\/\/webs.uab.cat\/unup\/wp-json\/wp\/v2\/comments?post=20"}],"version-history":[{"count":1,"href":"https:\/\/webs.uab.cat\/unup\/wp-json\/wp\/v2\/pages\/20\/revisions"}],"predecessor-version":[{"id":71,"href":"https:\/\/webs.uab.cat\/unup\/wp-json\/wp\/v2\/pages\/20\/revisions\/71"}],"wp:attachment":[{"href":"https:\/\/webs.uab.cat\/unup\/wp-json\/wp\/v2\/media?parent=20"}],"curies":[{"name":"wp","href":"https:\/\/api.w.org\/{rel}","templated":true}]}}