{"id":21,"date":"2016-07-25T11:39:17","date_gmt":"2016-07-25T11:39:17","guid":{"rendered":"https:\/\/webs.uab.cat\/unup\/events\/"},"modified":"2022-08-08T08:16:18","modified_gmt":"2022-08-08T08:16:18","slug":"events","status":"publish","type":"page","link":"https:\/\/webs.uab.cat\/unup\/events\/","title":{"rendered":"Events"},"content":{"rendered":"\n<ul class=\"wp-block-list\"><li> <a rel=\"noreferrer noopener\" href=\"https:\/\/webs.uab.cat\/unup\/ekaterina-novokhatko\/\" data-type=\"page\" data-id=\"27\" target=\"_blank\">Ekaterina Novokhatko<\/a> gives a paper on &#8220;<a rel=\"noopener\" href=\"https:\/\/www.societymedievalmediterranean.com\/2019-barcelona\" target=\"_blank\">Changing Religious Ideals? Circulation of New Religious Feasts in Catalonia from the Tenth to the Twelfth Centuries<\/a>&#8221; at the 6th Biennial Conference of the Society for the Medieval Mediterranean (SMM), at the Institut d&#8217;Estudis Medievals, Barcelona, July 9, 2019. <\/li><li> Prof. Dr. <a rel=\"noreferrer noopener\" href=\"https:\/\/webs.uab.cat\/unup\/matthias-m-tischler\/\" data-type=\"page\" data-id=\"26\" target=\"_blank\">Matthias M. Tischler<\/a> and Dr. <a rel=\"noopener\" href=\"https:\/\/uab.academia.edu\/EulaliaVernetiPons\" target=\"_blank\">Eul\u00e0lia Vernet i Pons<\/a> give a paper on &#8220;<a rel=\"noopener\" href=\"https:\/\/www.societymedievalmediterranean.com\/2019-barcelona\" target=\"_blank\">Preaching Christ from a Transcultural Standpoint: The Homiliary of Luculentius, The Oldest Indigenous Work of Carolingian Text Culture in Early Medieval Catalonia (ca. 900)<\/a>&#8221; at the 6th Biennial Conference of the Society for the Medieval Mediterranean (SMM), at the Institut d&#8217;Estudis Medievals, Barcelona, July 9, 2019. <\/li><li> Prof. Dr. <a rel=\"noreferrer noopener\" href=\"https:\/\/webs.uab.cat\/unup\/matthias-m-tischler\/\" data-type=\"page\" data-id=\"26\" target=\"_blank\">Matthias M. Tischler<\/a> gives a paper on &#8220;<a rel=\"noopener\" href=\"https:\/\/www.imc.leeds.ac.uk\/imc2019\/programme\/\" target=\"_blank\">Carolingian Culture between Centres and Peripheries: The Case of Early Medieval Catalonia<\/a>&#8221; at the International Medieval Congress, Leeds University, Leeds, July 2, 2019. <\/li><li> <a rel=\"noreferrer noopener\" href=\"https:\/\/webs.uab.cat\/unup\/ekaterina-novokhatko\/\" data-type=\"page\" data-id=\"27\" target=\"_blank\">Ekaterina Novokhatko<\/a> gives a paper on &#8220;Le pouvoir du Cruxifix. &#8216;Passio Imaginis Domini&#8217; et la conscience eccl\u00e9siastique en Catalogne postcarolingienne&#8221; at the <a rel=\"noreferrer noopener\" href=\"https:\/\/webs.uab.cat\/unup\/wp-content\/uploads\/sites\/133\/2022\/08\/hera.pdf\" data-type=\"attachment\" data-id=\"76\" target=\"_blank\">9th International Medieval Meeting<\/a> at Lleida, June 27, 2019. <\/li><li> <a rel=\"noreferrer noopener\" href=\"https:\/\/webs.uab.cat\/unup\/ekaterina-novokhatko\/\" data-type=\"page\" data-id=\"27\" target=\"_blank\">Ekaterina Novokhatko<\/a> gives a paper on &#8220;Back to the Carolingian Discussion on Images: Beirut Legend and Veneration of the Crucifix in Catalonia (10-12 cc.)&#8221; at the International Congress &#8220;<a rel=\"noreferrer noopener\" href=\"https:\/\/webs.uab.cat\/unup\/wp-content\/uploads\/sites\/133\/2022\/08\/fc_hera_programme_change_1_.pdf\" data-type=\"attachment\" data-id=\"74\" target=\"_blank\">Uses of the Past in Times of Transition: Forgetting, Using and Discrediting the Past<\/a>&#8220;, HERA UNUP Closing Conference at the Institut for Medieval Research, Austrian Academy of Sciences, Vienna, June 1, 2019. <\/li><li> Prof. Dr. <a rel=\"noreferrer noopener\" href=\"https:\/\/webs.uab.cat\/unup\/matthias-m-tischler\/\" data-type=\"page\" data-id=\"26\" target=\"_blank\">Matthias M. Tischler<\/a> gives a paper on &#8220;Using the Carolingian Past in a Society of Transformation: The Case of Early Medieval Catalonia in the Long Tenth Century (900-1050)&#8221; at the International Congress &#8220;Uses of the Past in Times of Transition: Forgetting, Using and Discrediting the Past&#8221;, HERA UNUP Closing Conference at the Institut for Medieval Research, Austrian Academy of Sciences, Vienna, May 30, 2019. <\/li><li> Prof. Dr. <a rel=\"noreferrer noopener\" href=\"https:\/\/webs.uab.cat\/unup\/matthias-m-tischler\/\" data-type=\"page\" data-id=\"26\" target=\"_blank\">Matthias M. Tischler<\/a> gives a paper on &#8220;<a rel=\"noopener\" href=\"https:\/\/www.uni-heidelberg.de\/md\/zegk\/histsem\/flyer_ibero-mediaevistik_2019.pdf\" target=\"_blank\">Knowledge Transfer on the Carolingian Periphery: The Case of Early Medieval Catalonia<\/a>&#8221; at the International Congress &#8220;Ibero-Medi\u00e4vistik: Grundlagen, Potentiale und Perspektiven eines internationalen Forschungsfeldes&#8221; at the University of Heidelberg, Heidelberg, May 4, 2019. <\/li><li> Prof. Dr. <a rel=\"noreferrer noopener\" href=\"https:\/\/webs.uab.cat\/unup\/matthias-m-tischler\/\" data-type=\"page\" data-id=\"26\" target=\"_blank\">Matthias M. Tischler <\/a>gives a Seminary in Palaeography on Carolingian and Romanesque Manuscripts in the Master Course on History and Cultural Patrimony of the Church at the <a rel=\"noopener\" href=\"https:\/\/www.edusantpacia.cat\/ca\" target=\"_blank\">Ateneu Universitari Sant Paci\u00e0<\/a>, Barcelona, April 3, 2019. <\/li><li> <a href=\"https:\/\/webs.uab.cat\/unup\/ekaterina-novokhatko\/\" data-type=\"page\" data-id=\"27\">Ekaterina Novokhatko<\/a> gives a paper on &#8220;Revealing the Transmission of the Saints&#8217; Cult: Martyrology in the Catalan Region (10th-12th cc.)&#8221; at the <a href=\"https:\/\/webs.uab.cat\/unup\/wp-content\/uploads\/sites\/133\/2022\/08\/programma-cantieri-dellagiografia-iii-edizione-2019-.pdf\" data-type=\"attachment\" data-id=\"78\" target=\"_blank\" rel=\"noreferrer noopener\">Cantieri dell&#8217;Agiografia, III Edizione<\/a> at Sapienza Universit\u00e0 di Roma, Pontificia Universit\u00e0 Antonianum, Rome, January 17, 2019. <\/li><li> Prof. Dr. <a rel=\"noreferrer noopener\" href=\"https:\/\/webs.uab.cat\/unup\/matthias-m-tischler\/\" data-type=\"page\" data-id=\"26\" target=\"_blank\">Matthias M. Tischler<\/a> gives a paper on &#8220;Abbot-Bishop Oliba and His Europe-Wide Network of Knowledge Transfer and Learning&#8221; at the International Congress &#8220;<a rel=\"noopener\" href=\"https:\/\/www.museuepiscopalvic.com\/ca\/actualitat\/activitats\/congres-internacional-oliba-de-vic-un-bisbe-de-mil-anys-enrere\" target=\"_blank\">Oliba de Vic. Un bisbe de\u00a0mil anys enrere<\/a>&#8221; at the Universitat Aut\u00f2noma de Barcelona, Bellaterra, November 9, 2018. (<a rel=\"noopener\" href=\"http:\/\/pagines.uab.cat\/unup\/sites\/pagines.uab.cat.unup\/files\/congres_oliba_2018_cartel_version_revised.pdf\" target=\"_blank\">Programa<\/a>) <\/li><li> Prof. Dr. <a rel=\"noreferrer noopener\" href=\"https:\/\/webs.uab.cat\/unup\/matthias-m-tischler\/\" data-type=\"page\" data-id=\"26\" target=\"_blank\">Matthias M. Tischler<\/a> co-organizes the International Congress &#8220;<a rel=\"noopener\" href=\"https:\/\/www.museuepiscopalvic.com\/ca\/actualitat\/activitats\/congres-internacional-oliba-de-vic-un-bisbe-de-mil-anys-enrere\" target=\"_blank\">Oliba de Vic. Un bisbe de\u00a0mil anys enrere<\/a>&#8221; at Barcelona (AUSP), Bellaterra (UAB) and Vic (MEV), November 8\u201210, 2018. (<a rel=\"noopener\" href=\"http:\/\/pagines.uab.cat\/unup\/sites\/pagines.uab.cat.unup\/files\/congres_oliba_2018_cartel_version_revised.pdf\" target=\"_blank\">Programa<\/a>) <\/li><li> <a rel=\"noopener\" href=\"http:\/\/ephe-sorbonne.academia.edu\/GaelleBosseman\" target=\"_blank\">Ga\u00eblle Bosseman<\/a> gives a paper on &#8220;<a rel=\"noopener\" href=\"http:\/\/centresderecerca.uab.cat\/iem\/node\/983\" target=\"_blank\">Les savoirs escatologiques ib\u00e9riques. Contenus, sources et supports (VIIIe\u2012XIe si\u00e8cles)<\/a>&#8221; at the Institut d&#8217;Estudis Medievals of the Universitat Aut\u00f2noma de Barcelona, October 17, 2018. <\/li><li> Prof. Dr. <a rel=\"noreferrer noopener\" href=\"https:\/\/webs.uab.cat\/unup\/matthias-m-tischler\/\" data-type=\"page\" data-id=\"26\" target=\"_blank\">Matthias M. Tischler<\/a> gives a paper on &#8220;Ein Benediktinerm\u00f6nch an der Grenze zwischen Kulturen und Religionen. Der Fall des Luculentius und seines karolingischen Homiliars (um 900)&#8221; at Stift Zwettl (Austria), October 8, 2018. <\/li><li> <a rel=\"noreferrer noopener\" href=\"https:\/\/webs.uab.cat\/unup\/ekaterina-novokhatko\/\" data-type=\"page\" data-id=\"27\" target=\"_blank\">Ekaterina Novokhatko<\/a> participates in the <a rel=\"noopener\" href=\"http:\/\/heranet.info\/2018\/09\/05\/hera-early-career-researcher-event\/\" target=\"_blank\">HERA Early Career Researcher Event<\/a> in Smolenice Castle, near Bratislava (Slovakia), September 23\u201226, 2018 <\/li><li> Prof. Dr. <a rel=\"noreferrer noopener\" href=\"https:\/\/webs.uab.cat\/unup\/matthias-m-tischler\/\" data-type=\"page\" data-id=\"26\" target=\"_blank\">Matthias M. Tischler<\/a> gives a paper on &#8220;Reframing Salvific History in a Transcultural Society: Iberian Bibles as Models of Historical, Prophetic, and Eschatological Writing&#8221; at the <a rel=\"noopener\" href=\"http:\/\/www.leeds.ac.uk\/ims\/imc\/imc2017.html\" target=\"_blank\">25th International Medieval Congress \u00b4Memory<\/a>\u00b4 at Leeds University, July 2, 2018. <\/li><li> <a rel=\"noreferrer noopener\" href=\"https:\/\/webs.uab.cat\/unup\/ekaterina-novokhatko\/\" data-type=\"page\" data-id=\"27\" target=\"_blank\">Ekaterina Novokhatko<\/a> gives a paper on &#8220;Sant Guerau d&#8217;Orlhac i Sant Alexis: un nou model de sant laic a la Catalunya Post-Carolingia&#8221; at the <a rel=\"noopener\" href=\"http:\/\/www.internationalmedievalmeetinglleida.udl.cat\/export\/sites\/MedievalMeeting\/en\/.galleries\/Documents\/Programa-definitiu.pdf\" target=\"_blank\">8th International Medieval Meeting<\/a> at Lleida, June 26, 2018. <\/li><li> Prof. Dr. <a href=\"https:\/\/webs.uab.cat\/unup\/matthias-m-tischler\/\" data-type=\"page\" data-id=\"26\">Matthias M. Tischler<\/a> organizes a manuscript workshop of the HERA JRP &#8216;After Empire: Using and Not Using the Past in the Crisis of the Carolingian World, c. 900 c. 1050 (UNUP)&#8217; in Barcelona and Vic, May 24\u201226, 2018. A report on this event with pictures you can find <a rel=\"noopener\" href=\"https:\/\/arts.st-andrews.ac.uk\/after-empire\/2018\/06\/05\/barcelona-synergy-event-may-24th-26th-2018\/\" target=\"_blank\">here<\/a>. <\/li><li> Prof. Dr. <a href=\"https:\/\/webs.uab.cat\/unup\/matthias-m-tischler\/\" data-type=\"page\" data-id=\"26\">Matthias M. Tischler<\/a> gives a paper on &#8220;The Bible in a Fragmentary World: Constructing Medieval Iberian Identity through the Christians\u2019 Most Venerable Legacy&#8221; at the <a rel=\"noopener\" href=\"https:\/\/wmich.edu\/medievalcongress\" target=\"_blank\">53rd International Congress on Medieval Studies<\/a>, Session \u2018Medieval Iberian Cultural Identity: The Manuscript Record (II)\u2019, Kalamazoo, May 12, 2018. <\/li><li> Prof. Dr. <a href=\"https:\/\/webs.uab.cat\/unup\/matthias-m-tischler\/\" data-type=\"page\" data-id=\"26\">Matthias M. Tischler<\/a> participates in the third common workshop of the HERA JRP &#8216;After Empire: Using and Not Using the Past in the Crisis of the Carolingian World, c. 900 c. 1050 (UNUP)&#8217; at <a rel=\"noopener\" href=\"https:\/\/www.exeter.ac.uk\/\" target=\"_blank\">Exeter University<\/a>, January 25\u201227, 2018. <\/li><li> Prof. Dr. <a href=\"https:\/\/webs.uab.cat\/unup\/matthias-m-tischler\/\" data-type=\"page\" data-id=\"26\">Matthias M. Tischler<\/a> gives the 3rd Zwettl Lecture on &#8220;Wie karolingisch war die &#8216;Spanische Mark&#8217;?&#8221; at Stift Zwettl (Austria), October 9, 2017. <\/li><li> Prof. Dr. <a href=\"https:\/\/webs.uab.cat\/unup\/matthias-m-tischler\/\" data-type=\"page\" data-id=\"26\">Matthias M. Tischler<\/a> gives a Graduate School on &#8220;<a rel=\"noopener\" href=\"https:\/\/vd.univie.ac.at\/vienna-doctoral-academies\/team\/veranstaltungen\/\" target=\"_blank\">Krisen and Innovationssch\u00fcbe in der interreligi\u00f6sen Begegnung des Fr\u00fch- und Hochmittelalters. Was die christliche Ordens- und Bildungsgeschichte dem Islam zu verdanken hat<\/a>&#8221; at the <a rel=\"noopener\" href=\"https:\/\/vd.univie.ac.at\/vienna-doctoral-academies\/team\/\" target=\"_blank\">Vienna Doctoral Academy, Medieval Academy<\/a>, University of Vienna, October 4\u20135, 2017. <\/li><li> <a href=\"https:\/\/webs.uab.cat\/unup\/ekaterina-novokhatko\/\" data-type=\"page\" data-id=\"27\">Ekaterina Novokhatko<\/a> participates in the Summer Course &#8220;<a rel=\"noopener\" href=\"https:\/\/www.uni-heidelberg.de\/institute\/fak9\/mlat\/sommerkurs_e.html\" target=\"_blank\">Pal\u00e4ographie. Lateinische Schrift<\/a>&#8221; at <a rel=\"noopener\" href=\"https:\/\/www.uni-heidelberg.de\/\" target=\"_blank\">Heidelberg University<\/a>, September 4\u201215, 2017. <\/li><li> Prof. Dr. <a href=\"https:\/\/webs.uab.cat\/unup\/matthias-m-tischler\/\" data-type=\"page\" data-id=\"26\">Matthias M. Tischler<\/a> participates at the <a rel=\"noopener\" href=\"http:\/\/www.leeds.ac.uk\/ims\/imc\/imc2017.html\" target=\"_blank\">24th International Medieval Congress \u00b4Otherness\u00b4<\/a> at Leeds University, July 3\u20126, 2017 and chairs\/moderates the Session 1637 &#8220;10th-Century Uses of the Past, II&#8221;, July 6, 2017. <\/li><li> Prof. Dr. <a href=\"http:\/\/pagines.uab.cat\/unup\/content\/matthias-m-tischler\">Matthias M. Tischler<\/a> and <a rel=\"noreferrer noopener\" href=\"https:\/\/webs.uab.cat\/unup\/ekaterina-novokhatko\/\" data-type=\"page\" data-id=\"27\" target=\"_blank\">Ekaterina Novokhatko<\/a> participate in the second common workshop of the HERA JRP &#8216;After Empire: Using and Not Using the Past in the Crisis of the Carolingian World, c. 900 c. 1050 (UNUP)&#8217; at Leeds University, July 2, 2017. <\/li><li> <a href=\"https:\/\/webs.uab.cat\/unup\/ekaterina-novokhatko\/\" data-type=\"page\" data-id=\"27\">Ekaterina Novokhatko<\/a> gives a paper on &#8220;Revealing the Voice of Catalan scribes: Martyrologies in Post-Carolingian Catalonia&#8221; at the <a rel=\"noopener\" href=\"http:\/\/www.internationalmedievalmeetinglleida.udl.cat\/\" target=\"_blank\">7th International Medieval Meeting<\/a> at Lleida, June 26, 2017. <\/li><li> Prof. Dr. <a href=\"https:\/\/webs.uab.cat\/unup\/matthias-m-tischler\/\" data-type=\"page\" data-id=\"26\">Matthias M. Tischler<\/a> gives a Seminary in Palaeography on Carolingian and Romanesque Manuscripts in the Master Course on History and Cultural Patrimony of the Church at the <a rel=\"noopener\" href=\"http:\/\/www.edusantpacia.cat\/ca\" target=\"_blank\">Ateneu Universitari Sant Paci\u00e0<\/a>, Barcelona, May 24, 2017. <\/li><li> <a rel=\"noreferrer noopener\" href=\"https:\/\/webs.uab.cat\/unup\/ekaterina-novokhatko\/\" data-type=\"page\" data-id=\"27\" target=\"_blank\">Ekaterina Novokhatko<\/a> gives a paper on &#8220;Martyrologies in the Benedictine World of Medieval Catalonia: Revealing the Past, Transforming the Present&#8221; in the Inaugural Conference &#8216;<a rel=\"noopener\" href=\"https:\/\/arts.st-andrews.ac.uk\/after-empire\/about\/research-updates\/project-timeline\/after-empire-inaugural-conference-17-18-may-2017\/\" target=\"_blank\">After Empire<\/a>&#8216; of UNUP at Berlin, Freie Universit\u00e4t, May 18, 2017. <\/li><li> Prof. Dr. <a rel=\"noreferrer noopener\" href=\"https:\/\/webs.uab.cat\/unup\/matthias-m-tischler\/\" data-type=\"page\" data-id=\"26\" target=\"_blank\">Matthias M. Tischler<\/a> gives a paper on &#8220;The Rise of Medieval\u00a0Catalonia as a Middleground in the Euromediterranean Network of Knowledge Transfer and Learning, Ninth to Eleventh Centuries in the Inaugural Conference &#8216;<a rel=\"noopener\" href=\"https:\/\/arts.st-andrews.ac.uk\/after-empire\/about\/research-updates\/project-timeline\/after-empire-inaugural-conference-17-18-may-2017\/\" target=\"_blank\">After Empire<\/a>&#8216; of UNUP at Berlin, Freie Universit\u00e4t, May 17, 2017. <\/li><li> Prof. Dr. <a rel=\"noreferrer noopener\" href=\"https:\/\/webs.uab.cat\/unup\/matthias-m-tischler\/\" data-type=\"page\" data-id=\"26\" target=\"_blank\">Matthias M. Tischler<\/a> and <a rel=\"noreferrer noopener\" href=\"https:\/\/webs.uab.cat\/unup\/ekaterina-novokhatko\/\" data-type=\"page\" data-id=\"27\" target=\"_blank\">Ekaterina Novokhatko<\/a> participate in the Inaugural Conference &#8216;<a rel=\"noopener\" href=\"https:\/\/arts.st-andrews.ac.uk\/after-empire\/about\/research-updates\/project-timeline\/after-empire-inaugural-conference-17-18-may-2017\/\" target=\"_blank\">After Empire<\/a>&#8216; of UNUP at Berlin, Freie Universit\u00e4t, May 17\u201219, 2017. <\/li><li> <a rel=\"noreferrer noopener\" href=\"https:\/\/webs.uab.cat\/unup\/ekaterina-novokhatko\/\" data-type=\"page\" data-id=\"27\" target=\"_blank\">Ekaterina Novokhatko<\/a> participates in a Textom\u00e9trie (TXM) workshop of the <a rel=\"noopener\" href=\"http:\/\/ihrim.ens-lyon.fr\/\" target=\"_blank\">Institut d&#8217;Histoire des Repr\u00e9sentations et des Id\u00e9es dans les Mondernit\u00e9<\/a> (IHRIM) at Lyons, \u00c9cole Normale Sup\u00e9rieure, February 13\u201214, 2017. <\/li><li> <a rel=\"noopener\" href=\"http:\/\/www.oeaw.ac.at\/imafo\/die-abteilungen\/historische-identitaetsforschung\/ag-strategien-der-identifikation\/mitarbeiterinnen-sozsi\/patrick-marschner\/\" target=\"_blank\">Patrick Marschner<\/a>, PhD Candidate of the FWF-Project <a rel=\"noopener\" href=\"http:\/\/www.oeaw.ac.at\/imafo\/die-abteilungen\/historische-identitaetsforschung\/projekte-historische-identitaetsforschung\/identitaetsdiskurse-wissensordnungen-struktureller-wandel\/bible-and-historiography-in-transcultural-iberian-societies-8th-to-12th-centuries\/\" target=\"_blank\">Bible and Historiography in Transcultural Iberian Societies, 8th to 12th Centuries<\/a> (directors: Prof. Dr. <a rel=\"noopener\" href=\"http:\/\/www.oeaw.ac.at\/imafo\/mitarbeiterinnen-imafo\/walter-pohl\/\" target=\"_blank\">Walter Pohl<\/a> and Prof. Dr. <a href=\"https:\/\/webs.uab.cat\/unup\/matthias-m-tischler\/\" data-type=\"page\" data-id=\"26\" target=\"_blank\" rel=\"noreferrer noopener\">Matthias M. Tischler<\/a>) visits the HERA JRP &#8216;After Empire: Using and Not Using the Past in the Crisis of the Carolingian World, c. 900 c. 1050 (UNUP)&#8217;: &#8216;From Carolingian Periphery to European Central Region&#8217; at the Universitat Aut\u00f2noma de Barcelona, January, 30 \u2012 February 24, 2017. <\/li><li> Prof. Dr. <a rel=\"noreferrer noopener\" href=\"https:\/\/webs.uab.cat\/unup\/matthias-m-tischler\/\" data-type=\"page\" data-id=\"26\" target=\"_blank\">Matthias M. Tischler<\/a> and <a rel=\"noreferrer noopener\" href=\"https:\/\/webs.uab.cat\/unup\/ekaterina-novokhatko\/\" data-type=\"page\" data-id=\"27\" target=\"_blank\">Ekaterina Novokhatko<\/a> participate in the first common workshop of the HERA JRP &#8216;After Empire: Using and Not Using the Past in the Crisis of the Carolingian World, c. 900 c. 1050 (UNUP)&#8217; at St Andrews University, January 19\u201221, 2017. <\/li><li> Prof. Dr.\u00a0<a rel=\"noreferrer noopener\" href=\"https:\/\/webs.uab.cat\/unup\/matthias-m-tischler\/\" data-type=\"page\" data-id=\"26\" target=\"_blank\">Matthias M. Tischler<\/a> and <a rel=\"noreferrer noopener\" href=\"https:\/\/webs.uab.cat\/unup\/ekaterina-novokhatko\/\" data-type=\"page\" data-id=\"27\" target=\"_blank\">Ekaterina Novokhatko<\/a> present the HERA JRP &#8216;After Empire: Using and Not Using the Past in the Crisis of the Carolingian World, c. 900 c. 1050 (UNUP)&#8217;: &#8216;From Carolingian Periphery to European Central Region: The Written Genesis of Catalonia&#8217;, to the members of the <a rel=\"noopener\" href=\"http:\/\/www.tarraconense.cat\/index.php?arxiu=fitxa_organismes&amp;idnoticia=3353\" target=\"_blank\">Secretariat Interdioces\u00e0 de Cust\u00f2dia i Promoci\u00f3 de l\u2019Art Sagrat de Catalunya<\/a> (SICPAS) in Barcelona, La Seu de la Tarraconense, November 30, 2016. <\/li><li> Prof. Dr. <a href=\"https:\/\/webs.uab.cat\/unup\/matthias-m-tischler\/\" data-type=\"page\" data-id=\"26\">Matthias M. Tischler<\/a> attends the HERA JRP Cultural Encounters &amp; Uses of the Past Conference, B\u0159evnov Benedictine Archabbey, Prague, Czech Republic, September 15\u201216, 2016 <\/li><\/ul>\n","protected":false},"excerpt":{"rendered":"<p>Ekaterina Novokhatko gives a paper on &#8220;Changing Religious Ideals? Circulation of New Religious Feasts in Catalonia from the Tenth to the Twelfth Centuries&#8221; at the 6th Biennial Conference of the Society for the Medieval Mediterranean (SMM), at the Institut d&#8217;Estudis Medievals, Barcelona, July 9, 2019. Prof. Dr. Matthias M. Tischler and Dr. Eul\u00e0lia Vernet i [&hellip;]<\/p>\n","protected":false},"author":20,"featured_media":0,"parent":0,"menu_order":0,"comment_status":"closed","ping_status":"closed","template":"","meta":{"footnotes":""},"class_list":["post-21","page","type-page","status-publish","hentry"],"_links":{"self":[{"href":"https:\/\/webs.uab.cat\/unup\/wp-json\/wp\/v2\/pages\/21","targetHints":{"allow":["GET"]}}],"collection":[{"href":"https:\/\/webs.uab.cat\/unup\/wp-json\/wp\/v2\/pages"}],"about":[{"href":"https:\/\/webs.uab.cat\/unup\/wp-json\/wp\/v2\/types\/page"}],"author":[{"embeddable":true,"href":"https:\/\/webs.uab.cat\/unup\/wp-json\/wp\/v2\/users\/20"}],"replies":[{"embeddable":true,"href":"https:\/\/webs.uab.cat\/unup\/wp-json\/wp\/v2\/comments?post=21"}],"version-history":[{"count":1,"href":"https:\/\/webs.uab.cat\/unup\/wp-json\/wp\/v2\/pages\/21\/revisions"}],"predecessor-version":[{"id":80,"href":"https:\/\/webs.uab.cat\/unup\/wp-json\/wp\/v2\/pages\/21\/revisions\/80"}],"wp:attachment":[{"href":"https:\/\/webs.uab.cat\/unup\/wp-json\/wp\/v2\/media?parent=21"}],"curies":[{"name":"wp","href":"https:\/\/api.w.org\/{rel}","templated":true}]}}