{"id":25,"date":"2016-07-25T12:59:49","date_gmt":"2016-07-25T12:59:49","guid":{"rendered":"https:\/\/webs.uab.cat\/unup\/selected-bibliography\/"},"modified":"2016-07-25T12:59:49","modified_gmt":"2016-07-25T12:59:49","slug":"selected-bibliography","status":"publish","type":"page","link":"https:\/\/webs.uab.cat\/unup\/selected-bibliography\/","title":{"rendered":"Selected Bibliography"},"content":{"rendered":"<p>d\u2019Abadal i de Vinyals 1958<\/p>\n<p>Ramon d\u2019Abadal i de Vinyals: <em>Els primers comtes catalans<\/em> (Biograf\u00edes catalanes. S\u00e8rie hist\u00f2rica 1), Barcelona 1958 (etc.).<\/p>\n<p>d\u2019Abadal i de Vinyals 1960<\/p>\n<p>Ramon d\u2019Abadal i de Vinyals: <em>Com Catalunya s\u2019obr\u00ed al mon mily anys enrere<\/em> (Episodis de la hist\u00f2ria 3), Barcelona 1960 [<em>Catalunya fa mil anys<\/em>. Notes hist\u00f2riques en ocasi\u00f3 del Mil\u00b7lenari (Textos i documents 3), Barcelona 1988 (etc.)].<\/p>\n<p>d\u2019Abadal i de Vinyals 1969\u20131970<\/p>\n<p>Ramon d\u2019Abadal i de Vinyals: <em>Dels Visigots als Catalans<\/em>. Edici\u00f3 a cura de Jaume Sobrequ\u00e9s i Callic\u00f3 1: La Hisp\u00e0nia visig\u00f2tica i la Catalunya carolingia (Estudis i documents 13. Edicions 62), Barcelona 1969 [<sup>2<\/sup>1974]; <em>\u2026<\/em> 2: La formaci\u00f3 de la Catalunya independent (\u2026 14. Edicions 62), Barcelona 1970 [<sup>2<\/sup>1974].<\/p>\n<p>d\u2019Abadal i de Vinyals e. a. 1950\u20131986<\/p>\n<p>Ramon d\u2019Abadal i de Vinyals e. a.: <em>Catalunya Carol\u00edngia<\/em> 1: El domini carolingi a Catalunya (Institut d\u2019Estudis Catalans. Mem\u00f2ries de la Secci\u00f3 Hist\u00f2rico-Arqueol\u00f2gica 35), Barcelona 1986; <em>&#8230;<\/em> 2: Els diplomes carolingis a Catalunya 1\u20132 (Mem\u00f2ries de la Secci\u00f3 Historico-Arqueol\u00f2gica \/ Institut d\u2019Estudis Catalans 2), Barcelona 1950\u20131952; <em>&#8230;<\/em> 3: Els comtats de Pallars i Ribagor\u00e7a 1\u20132 (Institut d\u2019Estudis Catalans. Mem\u00f2ries de la Secci\u00f3 Hist\u00f2rico-Arqueol\u00f2gica 14\u201315), Barcelona 1955.<\/p>\n<p>Althoff\/Keller 2008<\/p>\n<p>Gerd Althoff\/Hagen Keller: <em>Die Zeit der sp\u00e4ten Karolinger und der Ottonen. Krisen und Konsolidierungen 888\u20131024 (<\/em>Handbuch der deutschen Geschichte. Sp\u00e4tantike bis zum Ende des Mittelalters 3<em>)<\/em>, Stuttgart 2008.<\/p>\n<p>Alturo i Perucho 2003<\/p>\n<p>Jesus Alturo i Perucho: <em>Hist\u00f2ria del llibre manuscrit a Catalunya<\/em> (Generalitat de Catalunya. Textos i documents 23), Barcelona 2003.<\/p>\n<p>Aurell 1995<br \/>Martin Aurell: <em>Les noces du comte<\/em>. Mariage et pouvoir en Catalogne (785\u20131213) (Universit\u00e9 de Paris IV. Histoire ancienne et m\u00e9di\u00e9vale 32), Paris 1995 [Catalan version: Aurell 1998a].<\/p>\n<p>Aurell 1998a<\/p>\n<p>Martin Aurell: <em>Les noces del comte<\/em>. Matrimoni i poder a Catalunya (785\u20131213), Barcelona 1998.<\/p>\n<p>Aurell 1998b<\/p>\n<p>Martin Aurell: \u201cPouvoir et parent\u00e9 des comtes de la Marche Hispanique (801\u2013911)\u201d, in Le Jan 1998, 467\u2013485.<\/p>\n<p>Barral i Altet e. a. 1991<\/p>\n<p><em>Catalunya i Fran\u00e7a meridional a l\u2019entorn de l\u2019any Mil<\/em>. Colloque international Hugues Capet 987\u20131987. La France de l\u2019an Mil, ed. by Xavier Barral i Altet e. a. (Actes de congressos 2), Barcelona 1991.<\/p>\n<p>Benet i Clar\u00e0 1988<\/p>\n<p>Albert Benet i Clar\u00e0: <em>El proc\u00e9s d\u2019independ\u00e8ncia de Catalunya (897\u2013989)<\/em>, Sallent 1988.<\/p>\n<p>Bonnassie 1975\u20131976<\/p>\n<p>Pierre Bonnassie: <em>La Catalogne du milieu du x<sup>e<\/sup> \u00e0 la fin du xi<sup>e<\/sup> si\u00e8cle<\/em>. Croissance et mutations d\u2019une soci\u00e9t\u00e9 1\u20132 (Publications de l\u2019Universit\u00e9 de Toulouse-Le Mirail. S\u00e9rie A: 23 and 29), Toulouse 1975\u20131976 [French version: Bonnassie 1990]<\/p>\n<p>Bonnassie 1990<\/p>\n<p>Pierre Bonnassie: <em>La Catalogne au tournant de l\u2019an mil<\/em>. Croissance et mutations d\u2019une soci\u00e9t\u00e9 (L\u2019aventure humaine), Paris 1990.<\/p>\n<p>Bowman 2004<\/p>\n<p>Jeffrey A. Bowman: <em>Shifting landmarks<\/em>. Property, proof, and dispute in Catalonia around the year 1000 (Conjunctions of Religion &amp; Power in the Medieval Past), Ithaca (NY.)\/London 2004.<\/p>\n<p><em>Catalu\u00f1a en la \u00e9poca carolingia<\/em> 1999<\/p>\n<p><em>Catalu\u00f1a en la \u00e9poca carolingia<\/em>. Arte y cultura antes del rom\u00e1nico (siglos ix y x) (Exhibition catalogue), Barcelona 1999.<\/p>\n<p>Chandler 2002<\/p>\n<p>Cullen J. Chandler: \u201cBetween court and counts. Carolingian Catalonia and the \u2018aprisio\u2019 grant\u201d, in <em>Early Medieval Europe<\/em> 11 (2002) 19\u201344.<\/p>\n<p>Chandler 2003<\/p>\n<p>Cullen J. Chandler: <em>Charlemagne\u2019s last march<\/em>. The political culture of Carolingian Catalonia, 778\u2013987, Purdue University 2003.<\/p>\n<p>Cingolani 2015<\/p>\n<p>Stefano Maria Cingolani: <em>La formaci\u00f3 nacional de Catalunya i el fet identitari dels catalans (785\u20131410)<\/em> (El fet identitari catal\u00e0 al llarg de la hist\u00f2ria 1), Barcelona 2015.<\/p>\n<p><em>Coloquio sobre circulaci\u00f3n de c\u00f3dices y escritos <\/em>1988<\/p>\n<p><em>Coloquio sobre circulaci\u00f3n de c\u00f3dices y escritos entre Europa y la Pen\u00ednsula en los siglos viii\u2013xiii<\/em> (Cursos y Congresos de la Universidad de Santiago de Compostela 36), Santiago de Compostela 1988.<\/p>\n<p>Corradini e. a. 2010<\/p>\n<p><em>Zwischen Niederschrift und Wiederschrift<\/em>. Hagiographie und Historiographie im Spannungsfeld von Kompendien\u00fcberlieferung und Editionstechnik, ed. by Richard Corradini e. a. (Forschungen zur Geschichte des Mittelalters 18. Denkschriften der Philosophisch-Historischen Klasse der \u00d6sterreichischen Akademie der Wissenschaften 405), Vienna 2010.<\/p>\n<p>Coumert e. a. 2012<\/p>\n<p><em>Rerum gestarum scriptor<\/em>. Histoire et historiographie au Moyen \u00c2ge. M\u00e9langes Michel Sot (Cultures et civilisations m\u00e9di\u00e9vales 58), ed. by Magali Coumert e. a., Paris 2012.<\/p>\n<p>D\u00edaz y D\u00edaz 1988<\/p>\n<p>Manuel Cecilio D\u00edaz y D\u00edaz: \u201cTextos altomedievales extrahispanos en la Pen\u00ednsula\u201d, in <em>Coloquio sobre circulaci\u00f3n de c\u00f3dices y escritos <\/em>1988, 239\u2013265.<\/p>\n<p>Fichtenau 1984<\/p>\n<p>Heinrich Fichtenau:&nbsp;<em>Lebensordnungen des 10. Jahrhunderts<\/em>. Studien \u00fcber Denkart und Existenz im einstigen Karolingerreich 1\u20132 (Monographien zur Geschichte des Mittelalters 30, 1\u20132), Stuttgart 1984 [(dtv wissenschaft 4577), M\u00fcnchen <sup>2<\/sup>1994; English version: Fichtenau 1991].<\/p>\n<p>Fichtenau 1991<\/p>\n<p>Heinrich Fichtenau:&nbsp;<em>Living in the tenth century. Mentalities and social orders<\/em>, Chicago (Il.)\/London 1991.<\/p>\n<p><em>Fundamentos medievales de los particularismos hisp\u00e1nicos<\/em> 2005<\/p>\n<p><em>Fundamentos medievales de los particularismos hisp\u00e1nicos<\/em>. IX Congreso de Estudios medievales, Fundaci\u00f3n S\u00e1nchez-Albornoz, Le\u00f3n 2005.<\/p>\n<p>Guiu\/P\u00e9quignot 2006<\/p>\n<p>Claire Guiu\/St\u00e9phane P\u00e9quignot: \u201cHistoriographie catalane, histoire vive. \u00c0 propos de quelques ouvrages r\u00e9cents\u201d, in <em>M\u00e9langes de la Casa de Vel\u00e1zquez<\/em> N. S. 36, 1 (2006) 285\u2013306.<\/p>\n<p>Herbers 2006<\/p>\n<p>Klaus Herbers: <em>Geschichte Spaniens im Mittelalter<\/em>. Vom Westgotenreich bis zum Ende des 15. Jahrhunderts, Stuttgart 2006.<\/p>\n<p>Hubel\/Schneidm\u00fcller 2004<\/p>\n<p><em>Aufbruch ins zweite Jahrtausend. Innovation und Kontinuit\u00e4t in der Mitte des Mittelalters, ed. by Achim <\/em>Hubel\/Bernd Schneidm\u00fcller (Mittelalter-Forschungen 16), Ostfildern 2004.<\/p>\n<p><em>L\u2019Islam i Catalunya<\/em> 1998<\/p>\n<p><em>L\u2019Islam i Catalunya<\/em>, Barcelona 1998.<\/p>\n<p>Jarrett 2003<\/p>\n<p>Jonathan Jarrett: \u201cPower over past and future. Abbess Emma and the nunnery of Saint Joan de les Abadesses\u201d, in <em>Early Medieval Europe<\/em> 12 (2003) 229\u2013258.<\/p>\n<p>Jarrett 2010<\/p>\n<p>Jonathan Jarrett: <em>Rulers and ruled in frontier Catalonia, 880\u20131010<\/em>. Pathways of power (Royal Historical Society Studies in History New Series), London 2010.<\/p>\n<p>Kosto 2001<\/p>\n<p>Adam J. Kosto: <em>Making agreements in medieval Catalonia<\/em>. Power, order, and the written word, 1000\u20131200 (Cambridge Studies in Medieval Life and Thought. 4<sup>th<\/sup> Series. 51), Cambridge 2001.<\/p>\n<p>Le Jan 1998<\/p>\n<p><em>La royaut\u00e9 et les \u00e9lites dans l\u2018Europe carolingienne (d\u00e9but ix<sup>e<\/sup><\/em><em>&nbsp;<\/em><em>si\u00e8cle aux environs de 920)<\/em>, ed. by R\u00e9gine Le Jan (Histoire et litt\u00e9rature r\u00e9gionales 17), Villaneuve d\u2019Asq 1998.<\/p>\n<p>Lewis 1965<\/p>\n<p>Archibald R. Lewis: <em>The development of Southern French and Catalan society, 718\u20131050<\/em>, Austin (Tx.) 1965.<\/p>\n<p>Lewis 1984<\/p>\n<p>Archibald R. Lewis: <em>Medieval society in Southern France and Catalonia<\/em> (Collected Studies Series 197), London 1984.<\/p>\n<p>Lindgren 1971<\/p>\n<p>Uta Lindgren: \u201cDie Spanische Mark zwischen Orient und Occident. Studien zur kulturellen Situation der Spanischen Mark im 10. Jahrhundert\u201d, in <em>Gesammelte Aufs\u00e4tze zur Kulturgeschichte Spaniens<\/em> 26 (Spanische Forschungen der G\u00f6rresgesellschaft I), M\u00fcnster in Westfalen 1971, 151\u2013200.<\/p>\n<p>Mund\u00f3 i Marcet 1988<\/p>\n<p>Anscari Manuel Mund\u00f3 i Marcet: \u201cImportaci\u00f3n, exportaci\u00f3n y expoliaciones de c\u00f3dices en Catalu\u00f1a (siglos viii al xiii)\u201c, in <em>Coloquio sobre circulaci\u00f3n de c\u00f3dices y escritos <\/em>1988, 87\u2013134.<\/p>\n<p>Puig i T\u00e0rrech 2003<\/p>\n<p>Armand Puig i T\u00e0rrech: \u201cLa B\u00edblia llatina en els pa\u00efsos de llengua catalana fins al segle xiii\u201c, in <em>Revista catalana de teolog\u00eda <\/em>28 (2003) 103\u2013134.<\/p>\n<p>Reuter 1999a<\/p>\n<p><em>The new Cambridge medieval history<\/em><em>&nbsp;<\/em>3: c. 900 \u2013 c. 1024, ed. by Timothy Reuter, Cambridge 1999.<\/p>\n<p>Reuter 1999b<\/p>\n<p>Timothy Reuter: \u201cReading the tenth century\u201c, in Reuter 1999a, 1<em>\u2013<\/em>24.<\/p>\n<p>Sabat\u00e9 i Curull 1996<\/p>\n<p>Flocel Sabat\u00e9 i Curull: <em>L\u2019expansi\u00f3 territorial de Catalunya (segles ix\u2013xii)<\/em>. Conquesta o repoblaci\u00f3? (Espai\/Temps 28), Lleida 1996.<\/p>\n<p>Sabat\u00e9 i Curull 1997<\/p>\n<p>Flocel Sabat\u00e9 i Curull: <em>El territori de la Catalunya medieval<\/em>. Percepci\u00f3 de l\u2019espai i divisi\u00f3 territorial al llarg de l\u2019Edat Mitjana (Publicacions de la Fundaci\u00f3 Salvador Vives Casajuana 123), Barcelona 1997.<\/p>\n<p>Sabat\u00e9 i Curull 2005<\/p>\n<p>Flocel Sabat\u00e9 i Curull: \u201cEl nacimiento de Catalu\u00f1a. Mito y realidad\u201d, in <em>Fundamentos medievales de los particularismos hisp\u00e1nicos<\/em> 2005, 221\u2013276.<\/p>\n<p>Sabat\u00e9 i Curull 2015<\/p>\n<p><em>An\u00e0lisi hist\u00f2rica de la identitat catalana<\/em>, ed. by Flocel Sabat\u00e9 i Curull (Publicacions de la Presid\u00e8ncia. S\u00e8rie major 1), Barcelona 2015.<\/p>\n<p>Salrach Mar\u00e9s 1988<\/p>\n<p>Josep Maria Salrach Mar\u00e9s: \u201cCatalunya i Catalans des de quan?\u201d, in <em>Revista de Catalunya<\/em> 15 (1988) 35\u201350.<\/p>\n<p>Salrach Mar\u00e9s 2004<\/p>\n<p>Josep Maria Salrach Mar\u00e9s: <em>Catalunya a la fi del primer mi\u0140leni<\/em> (Biblioteca d\u2019Hist\u00f2ria de Catalunya 4), Lleida\/Vic 2004.<\/p>\n<p>Salrach Mar\u00e9s 2013<\/p>\n<p>Josep Maria Salrach Mar\u00e9s: <em>Just\u00edcia i poder a Catalunya abans de l\u2019any mil<\/em> (Refer\u00e8ncies 55), Vic 2013.<\/p>\n<p>Schneidm\u00fcller 1979<\/p>\n<p>Bernd Schneidm\u00fcller: <em>Karolingische Tradition und fr\u00fches franz\u00f6sisches K\u00f6nigtum. Untersuchungen zur Herrschaftslegitimation der westfr\u00e4nkisch-franz\u00f6sischen Monarchie im 10. Jahrhundert (Frankfurter historische Abhandlungen 22), <\/em>Wiesbaden 1979.<\/p>\n<p>Stieldorf 2012<\/p>\n<p>Andrea Stieldorf: <em>Marken und Markgrafen<\/em>. Studien zur Grenzsicherung durch die fr\u00e4nkisch-deutschen Herrscher (MGH. Schriften 64), Hannover 2012.<\/p>\n<p><em>Symposium internacional sobre els or\u00edgens de Catalunya<\/em> 1991\u20131992<\/p>\n<p><em>Symposium internacional sobre els or\u00edgens de Catalunya (Segles viii\u2013xi)<\/em> 1\u20132, Barcelona 1991\u20131992.<\/p>\n<p>Tischler 2001<\/p>\n<p>Matthias M. Tischler: <em>Einharts Vita Karoli<\/em>. Studien zur Entstehung, \u00dcberlieferung und Rezeption (MGH. Schriften 48, I\u2013II), Hannover 2001.<\/p>\n<p>Tischler 2006<\/p>\n<p>Matthias M. Tischler: \u201cLa r\u00e9forme \u00e0 travers l\u2019\u00e9criture. Transmission du savoir historique et changement de mentalit\u00e9 historiographique entre le ix<sup>e<\/sup> et le xii<sup>e<\/sup> si\u00e8cle \u00e0 la lumi\u00e8re de quelques consid\u00e9rations de sociologie textuelle\u201c, in <em>Francia<\/em> 33, 1 (2006) 131\u2013140.<\/p>\n<p>Tischler 2010<\/p>\n<p>Matthias M. Tischler: \u201cDer doppelte Kontext. Neue Perspektiven f\u00fcr die Erforschung der karolingischen Annalistik\u201c, in Corradini e. a. 2010, 17\u201328.<\/p>\n<p>Zimmermann 1983<\/p>\n<p>Michel Zimmermann: \u201cAux origines de la Catalogne. G\u00e9ographie politique et affirmation nationale\u201d, in <em>Le moyen \u00e2ge<\/em> 89 (1983) 5\u201340.<\/p>\n<p>Zimmermann 1989<\/p>\n<p>Michel Zimmermann: <em>En els or\u00edgens de Catalunya<\/em>. Emancipaci\u00f3 pol\u00edtica i afirmaci\u00f3 cultural (Edicions 62), Barcelona 1989.<\/p>\n<p>Zimmermann 2003<\/p>\n<p>Michel Zimmermann: <em>\u00c9crire et lire en Catalogne (ix<sup>e<\/sup>\u2013xii<sup>e<\/sup> si\u00e8cle)<\/em> 1\u20132 (Biblioth\u00e8que de la Casa de Vel\u00e1zquez 23), Madrid 2003.<\/p>\n<p>Zimmermann 2012<\/p>\n<p>Michel Zimmermann: \u201cLa souverainet\u00e9 des comtes de Barcelona. Une royaut\u00e9 par d\u00e9faut (x<sup>e<\/sup>\u2013xi<sup>e<\/sup> si\u00e8cles)\u201d, in Coumert e. a. 2012, 111\u2013140.<\/p>\n<p>Zuccato 2005<\/p>\n<p>Marco Zuccato: \u201cGerbert of Aurillac and a tenth century Jewish channel for the transmission of Arabic science to the West\u201d, in <em>Speculum<\/em> 80 (2005) 742\u2013763.<\/p>\n","protected":false},"excerpt":{"rendered":"<p>d\u2019Abadal i de Vinyals 1958 Ramon d\u2019Abadal i de Vinyals: Els primers comtes catalans (Biograf\u00edes catalanes. S\u00e8rie hist\u00f2rica 1), Barcelona 1958 (etc.). d\u2019Abadal i de Vinyals 1960 Ramon d\u2019Abadal i de Vinyals: Com Catalunya s\u2019obr\u00ed al mon mily anys enrere (Episodis de la hist\u00f2ria 3), Barcelona 1960 [Catalunya fa mil anys. Notes hist\u00f2riques en ocasi\u00f3 [&hellip;]<\/p>\n","protected":false},"author":20,"featured_media":0,"parent":0,"menu_order":0,"comment_status":"closed","ping_status":"closed","template":"","meta":{"footnotes":""},"class_list":["post-25","page","type-page","status-publish","hentry"],"_links":{"self":[{"href":"https:\/\/webs.uab.cat\/unup\/wp-json\/wp\/v2\/pages\/25","targetHints":{"allow":["GET"]}}],"collection":[{"href":"https:\/\/webs.uab.cat\/unup\/wp-json\/wp\/v2\/pages"}],"about":[{"href":"https:\/\/webs.uab.cat\/unup\/wp-json\/wp\/v2\/types\/page"}],"author":[{"embeddable":true,"href":"https:\/\/webs.uab.cat\/unup\/wp-json\/wp\/v2\/users\/20"}],"replies":[{"embeddable":true,"href":"https:\/\/webs.uab.cat\/unup\/wp-json\/wp\/v2\/comments?post=25"}],"version-history":[{"count":0,"href":"https:\/\/webs.uab.cat\/unup\/wp-json\/wp\/v2\/pages\/25\/revisions"}],"wp:attachment":[{"href":"https:\/\/webs.uab.cat\/unup\/wp-json\/wp\/v2\/media?parent=25"}],"curies":[{"name":"wp","href":"https:\/\/api.w.org\/{rel}","templated":true}]}}