{"id":27,"date":"2016-09-19T12:56:17","date_gmt":"2016-09-19T12:56:17","guid":{"rendered":"https:\/\/webs.uab.cat\/unup\/ekaterina-novokhatko\/"},"modified":"2016-09-19T12:56:17","modified_gmt":"2016-09-19T12:56:17","slug":"ekaterina-novokhatko","status":"publish","type":"page","link":"https:\/\/webs.uab.cat\/unup\/ekaterina-novokhatko\/","title":{"rendered":"Ekaterina Novokhatko"},"content":{"rendered":"<p align=\"justify\"><a href=\"https:\/\/uab.academia.edu\/EkaterinaNovokhatko\" target=\"_blank\" rel=\"noopener\">Ekaterina Novokhatko<\/a> was born in 1991 in Moscow (Russia). She studied History and Literature at the Moscow State University M. V. Lomonosov (2007\u20122012), at the French College of Moscow (2010\u20122013) and Paris IV (Sorbonne) (2013\u20122014). After completing a Master thesis on the iconography of Advent in the Paris missals of 13th\u201314th centuries at the \u00c9cole des Hautes \u00c9tudes en Sciences Sociales (\u00c9H\u00c9SS) in Paris (2014\u20122015), she made her Master in Digital Humanities at the \u00c9cole nationale des Chartes (ENC) in Paris (2015\u20122016) and completed an internship on digitizing manuscripts at the Institut de Recherche et d&#8217;Histoire des Textes (IRHT) in Paris (2016).<\/p>\n","protected":false},"excerpt":{"rendered":"<p>Ekaterina Novokhatko was born in 1991 in Moscow (Russia). She studied History and Literature at the Moscow State University M. V. Lomonosov (2007\u20122012), at the French College of Moscow (2010\u20122013) and Paris IV (Sorbonne) (2013\u20122014). After completing a Master thesis on the iconography of Advent in the Paris missals of 13th\u201314th centuries at the \u00c9cole [&hellip;]<\/p>\n","protected":false},"author":20,"featured_media":0,"parent":0,"menu_order":0,"comment_status":"closed","ping_status":"closed","template":"","meta":{"footnotes":""},"class_list":["post-27","page","type-page","status-publish","hentry"],"_links":{"self":[{"href":"https:\/\/webs.uab.cat\/unup\/wp-json\/wp\/v2\/pages\/27","targetHints":{"allow":["GET"]}}],"collection":[{"href":"https:\/\/webs.uab.cat\/unup\/wp-json\/wp\/v2\/pages"}],"about":[{"href":"https:\/\/webs.uab.cat\/unup\/wp-json\/wp\/v2\/types\/page"}],"author":[{"embeddable":true,"href":"https:\/\/webs.uab.cat\/unup\/wp-json\/wp\/v2\/users\/20"}],"replies":[{"embeddable":true,"href":"https:\/\/webs.uab.cat\/unup\/wp-json\/wp\/v2\/comments?post=27"}],"version-history":[{"count":0,"href":"https:\/\/webs.uab.cat\/unup\/wp-json\/wp\/v2\/pages\/27\/revisions"}],"wp:attachment":[{"href":"https:\/\/webs.uab.cat\/unup\/wp-json\/wp\/v2\/media?parent=27"}],"curies":[{"name":"wp","href":"https:\/\/api.w.org\/{rel}","templated":true}]}}