{"id":43,"date":"2017-12-14T13:45:42","date_gmt":"2017-12-14T13:45:42","guid":{"rendered":"https:\/\/webs.uab.cat\/unup\/publications\/"},"modified":"2022-08-08T08:20:16","modified_gmt":"2022-08-08T08:20:16","slug":"publications","status":"publish","type":"page","link":"https:\/\/webs.uab.cat\/unup\/publications\/","title":{"rendered":"Publications"},"content":{"rendered":"\n<p><em><a href=\"https:\/\/webs.uab.cat\/unup\/materials\/\">Materials<\/a> >> <a href=\"https:\/\/webs.uab.cat\/unup\/publications\/\">Maps<\/a><\/em><\/p>\n\n\n\n<p><em><a href=\"https:\/\/webs.uab.cat\/unup\/materials\/\" data-type=\"page\" data-id=\"33\">Materials<\/a> &gt;&gt; <a href=\"https:\/\/webs.uab.cat\/unup\/archives-and-libraries\/\" data-type=\"page\" data-id=\"46\">Archives and Libraries<\/a><\/em><\/p>\n\n\n\n<p><em><a href=\"https:\/\/webs.uab.cat\/unup\/materials\/\" data-type=\"page\" data-id=\"33\">Materials<\/a> &gt;&gt; <a href=\"https:\/\/webs.uab.cat\/unup\/manuscripts\/\" data-type=\"page\" data-id=\"45\">Manuscripts<\/a><\/em><\/p>\n\n\n\n<p><\/p>\n\n\n\n<p>&nbsp;<\/p>\n\n\n\n<ul class=\"wp-block-list\"><li class=\"rtejustify\"><strong>Matthias M. Tischler (08\/08\/2019): <a href=\"https:\/\/arts.st-andrews.ac.uk\/after-empire\/2019\/08\/08\/preaching-christ-in-a-transcultural-society\/\" target=\"_blank\" rel=\"noopener\">Preaching Christ in a Transcultural Society: The Homiliary of Luculentius from Early Medieval Catalonia (ca. 900)<\/a><\/strong><\/li><li class=\"rtejustify\"><strong>Ekaterina Novokhatko (30\/04\/2019): <a href=\"https:\/\/arts.st-andrews.ac.uk\/after-empire\/2019\/04\/30\/multifaceted-liturgy-passio-imaginis-domini-and-visualising-devotion\/\" target=\"_blank\" rel=\"noopener\">Multifaceted Liturgy: Passio Imaginis Domini and Visualising Devotion<\/a><\/strong><\/li><li class=\"rtejustify\"><strong>Ekaterina Novokhatko (27\/11\/2018): <a href=\"https:\/\/arts.st-andrews.ac.uk\/after-empire\/2018\/11\/27\/conference-report-oliba-de-vic\/\" target=\"_blank\" rel=\"noopener\">Conference Report: Oliba de Vic. Un bisbe de mil anys enrere\/Oliba of Vic. A Bishop One Thousand Years Ago<\/a><\/strong><\/li><li class=\"rtejustify\"><strong>Ekaterina Novokhatko (02\/10\/2018): <a href=\"https:\/\/arts.st-andrews.ac.uk\/after-empire\/2018\/10\/02\/carolingian-ecclesiology-in-the-10th-century\/\" target=\"_blank\" rel=\"noopener\">Carolingian Ecclesiology in the 10th Century: The Example of St. Gerald of Aurillac<\/a><\/strong><\/li><li class=\"rtejustify\"><strong>Matthias M. Tischler (29\/06\/2018): <a href=\"http:\/\/pagines.uab.cat\/unup\/sites\/pagines.uab.cat.unup\/files\/tischler_2018_-_pergamins_plens_de_pols_i_pobles.pdf\" target=\"_blank\" rel=\"noopener\">Pergamins plens de pols i pobles particulars. Nova recerca en mat\u00e8ria de manuscrits carolingis i d&#8217;hist\u00f2ria p\u00fablica a la Catalunya del segle XXI<\/a><\/strong><\/li><li class=\"rtejustify\"><strong>Matthias M. Tischler (26\/06\/2018): <a href=\"https:\/\/arts.st-andrews.ac.uk\/after-empire\/2018\/06\/26\/in-the-shadow-of-carolingian-studies\/\" target=\"_blank\" rel=\"noopener\">In the Shadow of Carolingian Studies: Bernhard Bischoff and Manuscript Culture in Early Medieval Catalonia<\/a><\/strong><\/li><li class=\"rtejustify\"><strong>Ekaterina Novokhatko (15\/05\/2018): <a href=\"https:\/\/arts.st-andrews.ac.uk\/after-empire\/2018\/05\/15\/the-cult-of-st-alexius\/\" target=\"_blank\" rel=\"noopener\">The Cult of St Alexius: A New Veneration of an Old Saint and Italian Influence in the Catalan Region<\/a><\/strong><\/li><li class=\"rtejustify\"><strong>Matthias M. Tischler (13\/02\/2018): <a href=\"https:\/\/arts.st-andrews.ac.uk\/after-empire\/2018\/02\/13\/back-to-an-unknown-monastic-paradise\/\" target=\"_blank\" rel=\"noopener\">Back to an Unknown Monastic Paradise: Carolingian Benedictine Monasticism in Early Medieval Catalonia in the Mirror of Its Manuscript Tradition<\/a><\/strong><\/li><li class=\"rtejustify\"><strong>Ekaterina Novokhatko (12\/12\/2017): <a href=\"https:\/\/arts.st-andrews.ac.uk\/after-empire\/2017\/12\/12\/wandering-archangel-michael-the-gargano-legend-from-eastern-italy-to-catalonia\/\" target=\"_blank\" rel=\"noopener\">Wandering Archangel Michael: The Gargano Legend from Eastern Italy to Catalonia<\/a><\/strong><\/li><li class=\"rtejustify\"><strong>Matthias M. Tischler (14\/11\/2017):&nbsp;<\/strong><a href=\"https:\/\/arts.st-andrews.ac.uk\/after-empire\/2017\/11\/14\/towers-of-faith\/\" target=\"_blank\" rel=\"noopener\"><strong>Towers of Faith: Views on the Biblical Landscape of the Tenth-Century Iberian World<\/strong><\/a><\/li><li class=\"rtejustify\"><strong>Ekaterina Novokhatko (25\/07\/2017): <a href=\"https:\/\/arts.st-andrews.ac.uk\/after-empire\/2017\/07\/25\/the-circulation-of-saints-feasts-and-texts-in-the-post-carolingian-world\/\" target=\"_blank\" rel=\"noopener\">The Circulation of Saints&#8217; Feasts (and Texts) in the Post-Carolingian World<\/a><\/strong><\/li><li class=\"rtejustify\"><strong>Entrevista a Matthias M.&nbsp;Tischler<\/strong> <strong>(09\/07\/2017):<\/strong> <strong><a href=\"http:\/\/pagines.uab.cat\/unup\/sites\/pagines.uab.cat.unup\/files\/tischler_2017_-_el_patrimoni_carolingi_de_catalunya.pdf\" target=\"_blank\" rel=\"noopener\">Catal\u00e0<\/a> \/ <a href=\"http:\/\/pagines.uab.cat\/unup\/sites\/pagines.uab.cat.unup\/files\/tischler_2017_-_el_patrimonio_carolingio_de_cataluna.pdf\" target=\"_blank\" rel=\"noopener\">Castell\u00e0<\/a><\/strong><\/li><li class=\"rtejustify\"><strong>Matthias M. Tischler (18\/04\/2017): <a href=\"https:\/\/arts.st-andrews.ac.uk\/after-empire\/2017\/04\/18\/dusty-parchments-and-curious-peoples\/\" target=\"_blank\" rel=\"noopener\">Dusty Parchments and Curious Peoples: Carolingian Manuscript Studies and Public History in 21st-Century Catalonia<\/a><\/strong><\/li><li class=\"rtejustify\"><strong>Ekaterina Novokhatko (07\/03\/2017): <a href=\"https:\/\/arts.st-andrews.ac.uk\/after-empire\/2017\/03\/07\/beyond-the-carolingian-dream-monks-together-and-apart\/\" target=\"_blank\" rel=\"noopener\">Beyond the Carolingian Dream: Monks Together and Apart<\/a><\/strong><\/li><\/ul>\n","protected":false},"excerpt":{"rendered":"<p>Materials >> Maps Materials &gt;&gt; Archives and Libraries Materials &gt;&gt; Manuscripts &nbsp; Matthias M. Tischler (08\/08\/2019): Preaching Christ in a Transcultural Society: The Homiliary of Luculentius from Early Medieval Catalonia (ca. 900) Ekaterina Novokhatko (30\/04\/2019): Multifaceted Liturgy: Passio Imaginis Domini and Visualising Devotion Ekaterina Novokhatko (27\/11\/2018): Conference Report: Oliba de Vic. Un bisbe de mil [&hellip;]<\/p>\n","protected":false},"author":20,"featured_media":0,"parent":0,"menu_order":0,"comment_status":"closed","ping_status":"closed","template":"","meta":{"footnotes":""},"class_list":["post-43","page","type-page","status-publish","hentry"],"_links":{"self":[{"href":"https:\/\/webs.uab.cat\/unup\/wp-json\/wp\/v2\/pages\/43","targetHints":{"allow":["GET"]}}],"collection":[{"href":"https:\/\/webs.uab.cat\/unup\/wp-json\/wp\/v2\/pages"}],"about":[{"href":"https:\/\/webs.uab.cat\/unup\/wp-json\/wp\/v2\/types\/page"}],"author":[{"embeddable":true,"href":"https:\/\/webs.uab.cat\/unup\/wp-json\/wp\/v2\/users\/20"}],"replies":[{"embeddable":true,"href":"https:\/\/webs.uab.cat\/unup\/wp-json\/wp\/v2\/comments?post=43"}],"version-history":[{"count":1,"href":"https:\/\/webs.uab.cat\/unup\/wp-json\/wp\/v2\/pages\/43\/revisions"}],"predecessor-version":[{"id":85,"href":"https:\/\/webs.uab.cat\/unup\/wp-json\/wp\/v2\/pages\/43\/revisions\/85"}],"wp:attachment":[{"href":"https:\/\/webs.uab.cat\/unup\/wp-json\/wp\/v2\/media?parent=43"}],"curies":[{"name":"wp","href":"https:\/\/api.w.org\/{rel}","templated":true}]}}