{"id":166,"date":"2014-02-03T11:44:22","date_gmt":"2014-02-03T11:44:22","guid":{"rendered":"https:\/\/webs.uab.cat\/upmic\/image-analysis-and-morphometry\/"},"modified":"2014-02-03T16:03:25","modified_gmt":"2014-02-03T16:03:25","slug":"image-analysis-and-morphometry","status":"publish","type":"page","link":"https:\/\/webs.uab.cat\/upmic\/en\/image-analysis-and-morphometry\/","title":{"rendered":"Image analysis and morphometry"},"content":{"rendered":"<p>&nbsp;<\/p>\n<p style=\"text-align:center\"><img loading=\"lazy\" decoding=\"async\" class=\" size-full wp-image-127\" alt=\"\" height=\"200\" src=\"https:\/\/webs.uab.cat\/upmic\/wp-content\/uploads\/sites\/175\/2014\/02\/quefem11.jpg\" width=\"500\" srcset=\"https:\/\/webs.uab.cat\/upmic\/wp-content\/uploads\/sites\/175\/2014\/02\/quefem11.jpg 500w, https:\/\/webs.uab.cat\/upmic\/wp-content\/uploads\/sites\/175\/2014\/02\/quefem11-300x120.jpg 300w\" sizes=\"auto, (max-width: 500px) 100vw, 500px\" \/><\/p>\n<p>&nbsp;<\/p>\n<p>A l&#8217;informe s&#8217;inclouen fotos macrosc\u00f2piques i microsc\u00f2piques i, si s&#8217;escau, els resultats dels estudis morfom\u00e8trics.<\/p>\n","protected":false},"excerpt":{"rendered":"<p>&nbsp; &nbsp; A l&#8217;informe s&#8217;inclouen fotos macrosc\u00f2piques i microsc\u00f2piques i, si s&#8217;escau, els resultats dels estudis morfom\u00e8trics.<\/p>\n","protected":false},"author":20,"featured_media":0,"parent":0,"menu_order":0,"comment_status":"closed","ping_status":"closed","template":"","meta":{"footnotes":""},"class_list":["post-166","page","type-page","status-publish","hentry"],"_links":{"self":[{"href":"https:\/\/webs.uab.cat\/upmic\/en\/wp-json\/wp\/v2\/pages\/166","targetHints":{"allow":["GET"]}}],"collection":[{"href":"https:\/\/webs.uab.cat\/upmic\/en\/wp-json\/wp\/v2\/pages"}],"about":[{"href":"https:\/\/webs.uab.cat\/upmic\/en\/wp-json\/wp\/v2\/types\/page"}],"author":[{"embeddable":true,"href":"https:\/\/webs.uab.cat\/upmic\/en\/wp-json\/wp\/v2\/users\/20"}],"replies":[{"embeddable":true,"href":"https:\/\/webs.uab.cat\/upmic\/en\/wp-json\/wp\/v2\/comments?post=166"}],"version-history":[{"count":0,"href":"https:\/\/webs.uab.cat\/upmic\/en\/wp-json\/wp\/v2\/pages\/166\/revisions"}],"wp:attachment":[{"href":"https:\/\/webs.uab.cat\/upmic\/en\/wp-json\/wp\/v2\/media?parent=166"}],"curies":[{"name":"wp","href":"https:\/\/api.w.org\/{rel}","templated":true}]}}