{"id":168,"date":"2014-02-03T11:46:12","date_gmt":"2014-02-03T11:46:12","guid":{"rendered":"https:\/\/webs.uab.cat\/upmic\/teaching\/"},"modified":"2014-02-03T16:05:07","modified_gmt":"2014-02-03T16:05:07","slug":"teaching","status":"publish","type":"page","link":"https:\/\/webs.uab.cat\/upmic\/en\/teaching\/","title":{"rendered":"Teaching"},"content":{"rendered":"<p>Des del servei tamb\u00e9 oferim formaci\u00f3 en patologia general i amb especial refer\u00e8ncia al ratol\u00ed transg\u00e8nic, a veterinaris, investigadors i t\u00e8cnics.<\/p>\n<p style=\"text-align:center\"><img loading=\"lazy\" decoding=\"async\" class=\" size-full wp-image-132\" alt=\"\" src=\"https:\/\/webs.uab.cat\/upmic\/wp-content\/uploads\/sites\/175\/2014\/02\/quefem12.jpg\" width=\"500\" height=\"333\" srcset=\"https:\/\/webs.uab.cat\/upmic\/wp-content\/uploads\/sites\/175\/2014\/02\/quefem12.jpg 500w, https:\/\/webs.uab.cat\/upmic\/wp-content\/uploads\/sites\/175\/2014\/02\/quefem12-300x200.jpg 300w\" sizes=\"auto, (max-width: 500px) 100vw, 500px\" \/><\/p>\n","protected":false},"excerpt":{"rendered":"<p>Des del servei tamb\u00e9 oferim formaci\u00f3 en patologia general i amb especial refer\u00e8ncia al ratol\u00ed transg\u00e8nic, a veterinaris, investigadors i t\u00e8cnics.<\/p>\n","protected":false},"author":20,"featured_media":0,"parent":0,"menu_order":0,"comment_status":"closed","ping_status":"closed","template":"","meta":{"footnotes":""},"class_list":["post-168","page","type-page","status-publish","hentry"],"_links":{"self":[{"href":"https:\/\/webs.uab.cat\/upmic\/en\/wp-json\/wp\/v2\/pages\/168","targetHints":{"allow":["GET"]}}],"collection":[{"href":"https:\/\/webs.uab.cat\/upmic\/en\/wp-json\/wp\/v2\/pages"}],"about":[{"href":"https:\/\/webs.uab.cat\/upmic\/en\/wp-json\/wp\/v2\/types\/page"}],"author":[{"embeddable":true,"href":"https:\/\/webs.uab.cat\/upmic\/en\/wp-json\/wp\/v2\/users\/20"}],"replies":[{"embeddable":true,"href":"https:\/\/webs.uab.cat\/upmic\/en\/wp-json\/wp\/v2\/comments?post=168"}],"version-history":[{"count":0,"href":"https:\/\/webs.uab.cat\/upmic\/en\/wp-json\/wp\/v2\/pages\/168\/revisions"}],"wp:attachment":[{"href":"https:\/\/webs.uab.cat\/upmic\/en\/wp-json\/wp\/v2\/media?parent=168"}],"curies":[{"name":"wp","href":"https:\/\/api.w.org\/{rel}","templated":true}]}}