{"id":137,"date":"2014-02-03T11:11:14","date_gmt":"2014-02-03T11:11:14","guid":{"rendered":"https:\/\/webs.uab.cat\/upmic\/qui-som-2\/"},"modified":"2023-09-12T11:47:17","modified_gmt":"2023-09-12T11:47:17","slug":"qui-som-2","status":"publish","type":"page","link":"https:\/\/webs.uab.cat\/upmic\/es\/","title":{"rendered":"Quienes somos"},"content":{"rendered":"\n<p>La Unidad de Patologia Murina i Comparada (UPMiC) forma parte del Departament de Medicina i Cirurgia Animals de la Universitat Aut\u00f2noma de Barcelona.\u00a0Fue\u00a0creada en el a\u00f1o 2006 para dar\u00a0apoyo cient\u00edfico\u00a0en anatomia patol\u00f2gica veterinaria a investigadores en cualquier campo. La UPMiC ofrece su servicio para\u00a0estudios histopatol\u00f3gicos a los investigadores que lo soliciten.<\/p>\n\n\n\n<h2 class=\"wp-block-heading\"><strong>Equipo<\/strong><\/h2>\n\n\n\n<p>El servicio est\u00e1 formado por pat\u00f3logas veterinarias que cuentan con una amplia experiencia en el diagn\u00f3stico anatomopatol\u00f3gico general.<\/p>\n\n\n\n<h2 class=\"wp-block-heading\"><strong>Personal t\u00e9cnico espec\u00edfico<\/strong><\/h2>\n\n\n\n<p>Actualmente, la UPMiC est\u00e1 formada por pat\u00f3logas con experiencia diagn\u00f3stica en patolog\u00eda veterinaria y especializadas en patolog\u00eda murina, en modelos animales de enfermedad, dermatopatolog\u00eda y neuropatolog\u00eda:<\/p>\n\n\n\n<p><strong>Rosa M. Rabanal<\/strong> (Bi\u00f3loga, PhD)<br><strong>Dolors Fondevila<\/strong> (DVM, PhD, DECVP)<\/p>\n\n\n\n<p>T\u00e9cnico de apoyo a la investigaci\u00f3n.<br><strong>Ester Blasco <\/strong>(Veterinaria, MSc)<\/p>\n\n\n\n<p>Contamos con la colaboraci\u00f3n y asesoramiento externo del Profesor <strong>Mart\u00ed Pumarola<\/strong> (DVM, PhD, DECVP), miembro de nuestro equipo desde sus inicios, como especialista en neuropatolog\u00eda.<\/p>\n","protected":false},"excerpt":{"rendered":"<p>La Unidad de Patologia Murina i Comparada (UPMiC) forma parte del Departament de Medicina i Cirurgia Animals de la Universitat Aut\u00f2noma de Barcelona.\u00a0Fue\u00a0creada en el a\u00f1o 2006 para dar\u00a0apoyo cient\u00edfico\u00a0en anatomia patol\u00f2gica veterinaria a investigadores en cualquier campo. La UPMiC ofrece su servicio para\u00a0estudios histopatol\u00f3gicos a los investigadores que lo soliciten. Equipo El servicio est\u00e1 [&hellip;]<\/p>\n","protected":false},"author":20,"featured_media":0,"parent":0,"menu_order":0,"comment_status":"closed","ping_status":"closed","template":"","meta":{"footnotes":""},"class_list":["post-137","page","type-page","status-publish","hentry"],"_links":{"self":[{"href":"https:\/\/webs.uab.cat\/upmic\/es\/wp-json\/wp\/v2\/pages\/137","targetHints":{"allow":["GET"]}}],"collection":[{"href":"https:\/\/webs.uab.cat\/upmic\/es\/wp-json\/wp\/v2\/pages"}],"about":[{"href":"https:\/\/webs.uab.cat\/upmic\/es\/wp-json\/wp\/v2\/types\/page"}],"author":[{"embeddable":true,"href":"https:\/\/webs.uab.cat\/upmic\/es\/wp-json\/wp\/v2\/users\/20"}],"replies":[{"embeddable":true,"href":"https:\/\/webs.uab.cat\/upmic\/es\/wp-json\/wp\/v2\/comments?post=137"}],"version-history":[{"count":3,"href":"https:\/\/webs.uab.cat\/upmic\/es\/wp-json\/wp\/v2\/pages\/137\/revisions"}],"predecessor-version":[{"id":392,"href":"https:\/\/webs.uab.cat\/upmic\/es\/wp-json\/wp\/v2\/pages\/137\/revisions\/392"}],"wp:attachment":[{"href":"https:\/\/webs.uab.cat\/upmic\/es\/wp-json\/wp\/v2\/media?parent=137"}],"curies":[{"name":"wp","href":"https:\/\/api.w.org\/{rel}","templated":true}]}}