{"id":138,"date":"2014-02-03T11:16:43","date_gmt":"2014-02-03T11:16:43","guid":{"rendered":"https:\/\/webs.uab.cat\/upmic\/que-hacemos\/"},"modified":"2022-08-15T13:30:14","modified_gmt":"2022-08-15T13:30:14","slug":"que-hacemos","status":"publish","type":"page","link":"https:\/\/webs.uab.cat\/upmic\/es\/que-hacemos\/","title":{"rendered":"Qu\u00e9 hacemos"},"content":{"rendered":"\n<p><strong>Servicios<\/strong><\/p>\n\n\n\n<p><strong><span class=\"subtitol2\">Los servicios que se ofrecen desde la UPMiC incluye:<\/span><\/strong><\/p>\n\n\n\n<ul class=\"wp-block-list\"><li><span class=\"subtitol2\"><span class=\"subtitol2\">NECROPSIA <\/span><\/span><\/li><li><span class=\"subtitol2\"> <span class=\"subtitol2\"><span class=\"subtitol2\">PROCESAMIENTO DE LOS TEJIDOS (FIJACI\u00d3N, CONGELACI\u00d3N) <\/span><\/span><\/span><\/li><li><span class=\"subtitol2\"><span class=\"subtitol2\"> <span class=\"subtitol2\"><span class=\"subtitol2\">ESTUDIO HISTOPATOL\u00d3GICO <\/span><\/span><\/span><\/span><\/li><li><span class=\"subtitol2\"><span class=\"subtitol2\">AN\u00c1LISIS DE IMAGEN Y MORFOMETR\u00cdA <\/span><\/span><\/li><li><span class=\"subtitol2\"><span class=\"subtitol2\"><span class=\"subtitol2\">ASESORAMIENTO <\/span> <\/span><\/span><\/li><li><span class=\"subtitol2\"><span class=\"subtitol2\">FORMACI\u00d3N <\/span><\/span><\/li><\/ul>\n","protected":false},"excerpt":{"rendered":"<p>Servicios Los servicios que se ofrecen desde la UPMiC incluye: NECROPSIA PROCESAMIENTO DE LOS TEJIDOS (FIJACI\u00d3N, CONGELACI\u00d3N) ESTUDIO HISTOPATOL\u00d3GICO AN\u00c1LISIS DE IMAGEN Y MORFOMETR\u00cdA ASESORAMIENTO FORMACI\u00d3N<\/p>\n","protected":false},"author":20,"featured_media":0,"parent":0,"menu_order":0,"comment_status":"closed","ping_status":"closed","template":"","meta":{"footnotes":""},"class_list":["post-138","page","type-page","status-publish","hentry"],"_links":{"self":[{"href":"https:\/\/webs.uab.cat\/upmic\/es\/wp-json\/wp\/v2\/pages\/138","targetHints":{"allow":["GET"]}}],"collection":[{"href":"https:\/\/webs.uab.cat\/upmic\/es\/wp-json\/wp\/v2\/pages"}],"about":[{"href":"https:\/\/webs.uab.cat\/upmic\/es\/wp-json\/wp\/v2\/types\/page"}],"author":[{"embeddable":true,"href":"https:\/\/webs.uab.cat\/upmic\/es\/wp-json\/wp\/v2\/users\/20"}],"replies":[{"embeddable":true,"href":"https:\/\/webs.uab.cat\/upmic\/es\/wp-json\/wp\/v2\/comments?post=138"}],"version-history":[{"count":2,"href":"https:\/\/webs.uab.cat\/upmic\/es\/wp-json\/wp\/v2\/pages\/138\/revisions"}],"predecessor-version":[{"id":365,"href":"https:\/\/webs.uab.cat\/upmic\/es\/wp-json\/wp\/v2\/pages\/138\/revisions\/365"}],"wp:attachment":[{"href":"https:\/\/webs.uab.cat\/upmic\/es\/wp-json\/wp\/v2\/media?parent=138"}],"curies":[{"name":"wp","href":"https:\/\/api.w.org\/{rel}","templated":true}]}}