{"id":139,"date":"2014-02-03T11:18:55","date_gmt":"2014-02-03T11:18:55","guid":{"rendered":"https:\/\/webs.uab.cat\/upmic\/necropsia-2\/"},"modified":"2022-08-15T13:31:05","modified_gmt":"2022-08-15T13:31:05","slug":"necropsia-2","status":"publish","type":"page","link":"https:\/\/webs.uab.cat\/upmic\/es\/necropsia-2\/","title":{"rendered":"Necropsia"},"content":{"rendered":"<div class=\"wp-block-image\">\n<figure class=\"aligncenter is-resized\"><img loading=\"lazy\" decoding=\"async\" src=\"https:\/\/webs.uab.cat\/upmic\/wp-content\/uploads\/sites\/175\/2014\/02\/quefem1.jpg\" alt=\"\" class=\"wp-image-107\" width=\"494\" height=\"309\" srcset=\"https:\/\/webs.uab.cat\/upmic\/wp-content\/uploads\/sites\/175\/2014\/02\/quefem1.jpg 400w, https:\/\/webs.uab.cat\/upmic\/wp-content\/uploads\/sites\/175\/2014\/02\/quefem1-300x188.jpg 300w\" sizes=\"auto, (max-width: 494px) 100vw, 494px\" \/><\/figure>\n<\/div>\n\n\n<p>Independientemente de la especie animal se realiza una necropsia completa con descripci\u00f3n\/valoraci\u00f3n de todos los hallazgos macrosc\u00f3picos de los cuales se toman registros fotogr\u00e1ficos. A continuaci\u00f3n se procede a la toma de muestras siguiendo las instrucciones del solicitante y en funci\u00f3n de los hallazgos macrosc\u00f3picos. Adem\u00e1s del rat\u00f3n, en la UMPiC tambi\u00e9n realizamos estos estudios en otras especies animales de laboratorio (conejo, rata, cobaya, etc.) y otras especies como animales de compa\u00f1\u00eda (perro, gato, caballo, etc.), ex\u00f3ticos (reptiles, peces, anfibios, etc.) y de granja (rumiantes, suidos, aves, etc.).<\/p>\n","protected":false},"excerpt":{"rendered":"<p>Independientemente de la especie animal se realiza una necropsia completa con descripci\u00f3n\/valoraci\u00f3n de todos los hallazgos macrosc\u00f3picos de los cuales se toman registros fotogr\u00e1ficos. A continuaci\u00f3n se procede a la toma de muestras siguiendo las instrucciones del solicitante y en funci\u00f3n de los hallazgos macrosc\u00f3picos. Adem\u00e1s del rat\u00f3n, en la UMPiC tambi\u00e9n realizamos estos estudios [&hellip;]<\/p>\n","protected":false},"author":20,"featured_media":0,"parent":0,"menu_order":0,"comment_status":"closed","ping_status":"closed","template":"","meta":{"footnotes":""},"class_list":["post-139","page","type-page","status-publish","hentry"],"_links":{"self":[{"href":"https:\/\/webs.uab.cat\/upmic\/es\/wp-json\/wp\/v2\/pages\/139","targetHints":{"allow":["GET"]}}],"collection":[{"href":"https:\/\/webs.uab.cat\/upmic\/es\/wp-json\/wp\/v2\/pages"}],"about":[{"href":"https:\/\/webs.uab.cat\/upmic\/es\/wp-json\/wp\/v2\/types\/page"}],"author":[{"embeddable":true,"href":"https:\/\/webs.uab.cat\/upmic\/es\/wp-json\/wp\/v2\/users\/20"}],"replies":[{"embeddable":true,"href":"https:\/\/webs.uab.cat\/upmic\/es\/wp-json\/wp\/v2\/comments?post=139"}],"version-history":[{"count":1,"href":"https:\/\/webs.uab.cat\/upmic\/es\/wp-json\/wp\/v2\/pages\/139\/revisions"}],"predecessor-version":[{"id":368,"href":"https:\/\/webs.uab.cat\/upmic\/es\/wp-json\/wp\/v2\/pages\/139\/revisions\/368"}],"wp:attachment":[{"href":"https:\/\/webs.uab.cat\/upmic\/es\/wp-json\/wp\/v2\/media?parent=139"}],"curies":[{"name":"wp","href":"https:\/\/api.w.org\/{rel}","templated":true}]}}