{"id":140,"date":"2014-02-03T11:24:59","date_gmt":"2014-02-03T11:24:59","guid":{"rendered":"https:\/\/webs.uab.cat\/upmic\/procesamiento-de-los-tejidos\/"},"modified":"2022-08-15T13:31:20","modified_gmt":"2022-08-15T13:31:20","slug":"procesamiento-de-los-tejidos","status":"publish","type":"page","link":"https:\/\/webs.uab.cat\/upmic\/es\/procesamiento-de-los-tejidos\/","title":{"rendered":"Procesamiento de los tejidos"},"content":{"rendered":"<div class=\"wp-block-image\">\n<figure class=\"aligncenter\"><img loading=\"lazy\" decoding=\"async\" width=\"500\" height=\"222\" src=\"https:\/\/webs.uab.cat\/upmic\/wp-content\/uploads\/sites\/175\/2014\/02\/quefem2_0.jpg\" alt=\"\" class=\"wp-image-111\" srcset=\"https:\/\/webs.uab.cat\/upmic\/wp-content\/uploads\/sites\/175\/2014\/02\/quefem2_0.jpg 500w, https:\/\/webs.uab.cat\/upmic\/wp-content\/uploads\/sites\/175\/2014\/02\/quefem2_0-300x133.jpg 300w\" sizes=\"auto, (max-width: 500px) 100vw, 500px\" \/><\/figure>\n<\/div>\n\n\n<p>Dependiendo de los requerimientos del solicitante y de los hallazgos macrosc\u00f3picos detectados durante la necropsia se procede al procesamiento de los tejidos. \u00c9ste puede incluir:<\/p>\n\n\n\n<p>\u2022 Fijaci\u00f3n en formalina e inclusi\u00f3n en parafina.<br>\u2022 Fijaci\u00f3n ultraestructural en soluci\u00f3n de fromaldeh\u00eddo \/ glutaraldeh\u00eddo.<br>\u2022 Congelaci\u00f3n r\u00e1pida en criomoldes con OCT.<br>\u2022 Congelaci\u00f3n r\u00e1pida sin matriz.<br>\u2022 Otros a convenir.<\/p>\n","protected":false},"excerpt":{"rendered":"<p>Dependiendo de los requerimientos del solicitante y de los hallazgos macrosc\u00f3picos detectados durante la necropsia se procede al procesamiento de los tejidos. \u00c9ste puede incluir: \u2022 Fijaci\u00f3n en formalina e inclusi\u00f3n en parafina.\u2022 Fijaci\u00f3n ultraestructural en soluci\u00f3n de fromaldeh\u00eddo \/ glutaraldeh\u00eddo.\u2022 Congelaci\u00f3n r\u00e1pida en criomoldes con OCT.\u2022 Congelaci\u00f3n r\u00e1pida sin matriz.\u2022 Otros a convenir.<\/p>\n","protected":false},"author":20,"featured_media":0,"parent":0,"menu_order":0,"comment_status":"closed","ping_status":"closed","template":"","meta":{"footnotes":""},"class_list":["post-140","page","type-page","status-publish","hentry"],"_links":{"self":[{"href":"https:\/\/webs.uab.cat\/upmic\/es\/wp-json\/wp\/v2\/pages\/140","targetHints":{"allow":["GET"]}}],"collection":[{"href":"https:\/\/webs.uab.cat\/upmic\/es\/wp-json\/wp\/v2\/pages"}],"about":[{"href":"https:\/\/webs.uab.cat\/upmic\/es\/wp-json\/wp\/v2\/types\/page"}],"author":[{"embeddable":true,"href":"https:\/\/webs.uab.cat\/upmic\/es\/wp-json\/wp\/v2\/users\/20"}],"replies":[{"embeddable":true,"href":"https:\/\/webs.uab.cat\/upmic\/es\/wp-json\/wp\/v2\/comments?post=140"}],"version-history":[{"count":1,"href":"https:\/\/webs.uab.cat\/upmic\/es\/wp-json\/wp\/v2\/pages\/140\/revisions"}],"predecessor-version":[{"id":369,"href":"https:\/\/webs.uab.cat\/upmic\/es\/wp-json\/wp\/v2\/pages\/140\/revisions\/369"}],"wp:attachment":[{"href":"https:\/\/webs.uab.cat\/upmic\/es\/wp-json\/wp\/v2\/media?parent=140"}],"curies":[{"name":"wp","href":"https:\/\/api.w.org\/{rel}","templated":true}]}}