{"id":153,"date":"2014-02-03T11:40:52","date_gmt":"2014-02-03T11:40:52","guid":{"rendered":"https:\/\/webs.uab.cat\/upmic\/estudio-histopatologico\/"},"modified":"2014-02-03T14:19:02","modified_gmt":"2014-02-03T14:19:02","slug":"estudio-histopatologico","status":"publish","type":"page","link":"https:\/\/webs.uab.cat\/upmic\/es\/estudio-histopatologico\/","title":{"rendered":"Estudio histopatol\u00f3gico"},"content":{"rendered":"<p>A continuaci\u00f3n se detallan las t\u00e9cnicas que rutinariamente se usan en nuestro laboratorio. Hay sin embargo otras t\u00e9cnicas que aunque no las hagamos de forma regular si que a veces las pedimos a laboratorios de nuestro propio centro.<\/p>\n<p>\u2022 <strong> Tinciones histol\u00f3gicas de rutina y especiales<\/strong>: hematoxilina\/eosina (H\/E), tricr\u00f3mica de Masson (TM), Kluver-barrera (KB), Periodic acid Schiff (PAS), Pearls, etc.<\/p>\n<p style=\"text-align:center\"><img loading=\"lazy\" decoding=\"async\" class=\" size-full wp-image-115\" alt=\"\" height=\"233\" src=\"https:\/\/webs.uab.cat\/upmic\/wp-content\/uploads\/sites\/175\/2014\/02\/quefem3.jpg\" width=\"500\" srcset=\"https:\/\/webs.uab.cat\/upmic\/wp-content\/uploads\/sites\/175\/2014\/02\/quefem3.jpg 500w, https:\/\/webs.uab.cat\/upmic\/wp-content\/uploads\/sites\/175\/2014\/02\/quefem3-300x140.jpg 300w\" sizes=\"auto, (max-width: 500px) 100vw, 500px\" \/><\/p>\n<p>&nbsp;<\/p>\n<p>&nbsp;<\/p>\n<p style=\"text-align:center\"><img loading=\"lazy\" decoding=\"async\" class=\" size-full wp-image-118\" alt=\"\" height=\"233\" src=\"https:\/\/webs.uab.cat\/upmic\/wp-content\/uploads\/sites\/175\/2014\/02\/quefem4.jpg\" width=\"500\" srcset=\"https:\/\/webs.uab.cat\/upmic\/wp-content\/uploads\/sites\/175\/2014\/02\/quefem4.jpg 500w, https:\/\/webs.uab.cat\/upmic\/wp-content\/uploads\/sites\/175\/2014\/02\/quefem4-300x140.jpg 300w\" sizes=\"auto, (max-width: 500px) 100vw, 500px\" \/><\/p>\n<p>&nbsp;<\/p>\n<p>\u2022 <strong>Impregnaciones arg\u00e9nticas:<\/strong> grocott, methenamine, etc.<\/p>\n<p style=\"text-align:center\"><img loading=\"lazy\" decoding=\"async\" class=\" size-full wp-image-121\" alt=\"\" height=\"233\" src=\"https:\/\/webs.uab.cat\/upmic\/wp-content\/uploads\/sites\/175\/2014\/02\/quefem5.jpg\" width=\"500\" srcset=\"https:\/\/webs.uab.cat\/upmic\/wp-content\/uploads\/sites\/175\/2014\/02\/quefem5.jpg 500w, https:\/\/webs.uab.cat\/upmic\/wp-content\/uploads\/sites\/175\/2014\/02\/quefem5-300x140.jpg 300w\" sizes=\"auto, (max-width: 500px) 100vw, 500px\" \/><\/p>\n<p>&nbsp;<\/p>\n<p>\u2022<strong> T\u00e9cnicas de inmunohistoqu\u00edmica<\/strong>:<\/p>\n<ul>\n<li>Citoqueratinas<\/li>\n<li>Laminina<\/li>\n<li>Vimentina<\/li>\n<li>Col\u00e1genos<\/li>\n<li>Actines<\/li>\n<li>GFAP<\/li>\n<li>Neurofilamentos<\/li>\n<li>Olig2<\/li>\n<li>CD3<\/li>\n<li>CD20<\/li>\n<li>CD31<\/li>\n<li>Factor VIII<\/li>\n<li>Ubiquitina<\/li>\n<li>HSPs<\/li>\n<li>Neospora<\/li>\n<li>oxoplasma<\/li>\n<\/ul>\n<p>&nbsp;<\/p>\n<p>&nbsp;<\/p>\n<p>Otros preguntar.<br \/>\nTenemos m\u00e1s de 150 anticuerpos puestos apunto en diferentes especies. Tambi\u00e9n ponemos a punto anticuerpos bajo petici\u00f3n.<\/p>\n<p>&nbsp;<\/p>\n<p style=\"text-align:center\"><img loading=\"lazy\" decoding=\"async\" class=\" size-full wp-image-124\" alt=\"\" height=\"233\" src=\"https:\/\/webs.uab.cat\/upmic\/wp-content\/uploads\/sites\/175\/2014\/02\/quefem6.jpg\" width=\"500\" srcset=\"https:\/\/webs.uab.cat\/upmic\/wp-content\/uploads\/sites\/175\/2014\/02\/quefem6.jpg 500w, https:\/\/webs.uab.cat\/upmic\/wp-content\/uploads\/sites\/175\/2014\/02\/quefem6-300x140.jpg 300w\" sizes=\"auto, (max-width: 500px) 100vw, 500px\" \/><\/p>\n<p>&nbsp;<\/p>\n<p style=\"text-align:center\"><img loading=\"lazy\" decoding=\"async\" class=\" size-full wp-image-143\" alt=\"\" height=\"233\" src=\"https:\/\/webs.uab.cat\/upmic\/wp-content\/uploads\/sites\/175\/2014\/02\/quefem7.jpg\" width=\"500\" srcset=\"https:\/\/webs.uab.cat\/upmic\/wp-content\/uploads\/sites\/175\/2014\/02\/quefem7.jpg 500w, https:\/\/webs.uab.cat\/upmic\/wp-content\/uploads\/sites\/175\/2014\/02\/quefem7-300x140.jpg 300w\" sizes=\"auto, (max-width: 500px) 100vw, 500px\" \/><\/p>\n<p>&nbsp;<\/p>\n<p style=\"text-align:center\"><img loading=\"lazy\" decoding=\"async\" class=\" size-full wp-image-146\" alt=\"\" height=\"350\" src=\"https:\/\/webs.uab.cat\/upmic\/wp-content\/uploads\/sites\/175\/2014\/02\/quefem8.jpg\" width=\"500\" srcset=\"https:\/\/webs.uab.cat\/upmic\/wp-content\/uploads\/sites\/175\/2014\/02\/quefem8.jpg 500w, https:\/\/webs.uab.cat\/upmic\/wp-content\/uploads\/sites\/175\/2014\/02\/quefem8-300x210.jpg 300w\" sizes=\"auto, (max-width: 500px) 100vw, 500px\" \/><\/p>\n<p>&nbsp;<\/p>\n<p>\u2022 <strong>Ultraestructura<\/strong>:<\/p>\n<ul>\n<li>Estudio de semifinos te\u00f1idos con Azul de Toluidina.<\/li>\n<\/ul>\n<p>&nbsp;<\/p>\n<p style=\"text-align:center\"><img loading=\"lazy\" decoding=\"async\" class=\" size-full wp-image-149\" alt=\"\" height=\"350\" src=\"https:\/\/webs.uab.cat\/upmic\/wp-content\/uploads\/sites\/175\/2014\/02\/quefem9.jpg\" width=\"500\" srcset=\"https:\/\/webs.uab.cat\/upmic\/wp-content\/uploads\/sites\/175\/2014\/02\/quefem9.jpg 500w, https:\/\/webs.uab.cat\/upmic\/wp-content\/uploads\/sites\/175\/2014\/02\/quefem9-300x210.jpg 300w\" sizes=\"auto, (max-width: 500px) 100vw, 500px\" \/><\/p>\n<p>&nbsp;<\/p>\n<p>&nbsp;<\/p>\n<ul>\n<li>Estudio d&#8217;ultrafinos por microscop\u00eda electr\u00f3nica de transmisi\u00f3n.<\/li>\n<\/ul>\n<p style=\"text-align:center\"><img loading=\"lazy\" decoding=\"async\" class=\" size-full wp-image-152\" alt=\"\" height=\"350\" src=\"https:\/\/webs.uab.cat\/upmic\/wp-content\/uploads\/sites\/175\/2014\/02\/quefem10.jpg\" width=\"500\" srcset=\"https:\/\/webs.uab.cat\/upmic\/wp-content\/uploads\/sites\/175\/2014\/02\/quefem10.jpg 500w, https:\/\/webs.uab.cat\/upmic\/wp-content\/uploads\/sites\/175\/2014\/02\/quefem10-300x210.jpg 300w\" sizes=\"auto, (max-width: 500px) 100vw, 500px\" \/><\/p>\n<p>&nbsp;<\/p>\n","protected":false},"excerpt":{"rendered":"<p>A continuaci\u00f3n se detallan las t\u00e9cnicas que rutinariamente se usan en nuestro laboratorio. Hay sin embargo otras t\u00e9cnicas que aunque no las hagamos de forma regular si que a veces las pedimos a laboratorios de nuestro propio centro. \u2022 Tinciones histol\u00f3gicas de rutina y especiales: hematoxilina\/eosina (H\/E), tricr\u00f3mica de Masson (TM), Kluver-barrera (KB), Periodic acid [&hellip;]<\/p>\n","protected":false},"author":20,"featured_media":0,"parent":0,"menu_order":0,"comment_status":"closed","ping_status":"closed","template":"","meta":{"footnotes":""},"class_list":["post-153","page","type-page","status-publish","hentry"],"_links":{"self":[{"href":"https:\/\/webs.uab.cat\/upmic\/es\/wp-json\/wp\/v2\/pages\/153","targetHints":{"allow":["GET"]}}],"collection":[{"href":"https:\/\/webs.uab.cat\/upmic\/es\/wp-json\/wp\/v2\/pages"}],"about":[{"href":"https:\/\/webs.uab.cat\/upmic\/es\/wp-json\/wp\/v2\/types\/page"}],"author":[{"embeddable":true,"href":"https:\/\/webs.uab.cat\/upmic\/es\/wp-json\/wp\/v2\/users\/20"}],"replies":[{"embeddable":true,"href":"https:\/\/webs.uab.cat\/upmic\/es\/wp-json\/wp\/v2\/comments?post=153"}],"version-history":[{"count":0,"href":"https:\/\/webs.uab.cat\/upmic\/es\/wp-json\/wp\/v2\/pages\/153\/revisions"}],"wp:attachment":[{"href":"https:\/\/webs.uab.cat\/upmic\/es\/wp-json\/wp\/v2\/media?parent=153"}],"curies":[{"name":"wp","href":"https:\/\/api.w.org\/{rel}","templated":true}]}}