{"id":155,"date":"2014-02-03T14:23:45","date_gmt":"2014-02-03T14:23:45","guid":{"rendered":"https:\/\/webs.uab.cat\/upmic\/asesoramiento\/"},"modified":"2014-02-03T14:23:45","modified_gmt":"2014-02-03T14:23:45","slug":"asesoramiento","status":"publish","type":"page","link":"https:\/\/webs.uab.cat\/upmic\/es\/asesoramiento\/","title":{"rendered":"Asesoramiento"},"content":{"rendered":"<p>Nuestro servicio ofrece asesoramiento cient\u00edfico a aquellos grupos que lo soliciten. Se ofrecen segundas opiniones y telediagn\u00f3stico: evaluaci\u00f3n de muestras escaneadas.<\/p>\n","protected":false},"excerpt":{"rendered":"<p>Nuestro servicio ofrece asesoramiento cient\u00edfico a aquellos grupos que lo soliciten. Se ofrecen segundas opiniones y telediagn\u00f3stico: evaluaci\u00f3n de muestras escaneadas.<\/p>\n","protected":false},"author":20,"featured_media":0,"parent":0,"menu_order":0,"comment_status":"closed","ping_status":"closed","template":"","meta":{"footnotes":""},"class_list":["post-155","page","type-page","status-publish","hentry"],"_links":{"self":[{"href":"https:\/\/webs.uab.cat\/upmic\/es\/wp-json\/wp\/v2\/pages\/155","targetHints":{"allow":["GET"]}}],"collection":[{"href":"https:\/\/webs.uab.cat\/upmic\/es\/wp-json\/wp\/v2\/pages"}],"about":[{"href":"https:\/\/webs.uab.cat\/upmic\/es\/wp-json\/wp\/v2\/types\/page"}],"author":[{"embeddable":true,"href":"https:\/\/webs.uab.cat\/upmic\/es\/wp-json\/wp\/v2\/users\/20"}],"replies":[{"embeddable":true,"href":"https:\/\/webs.uab.cat\/upmic\/es\/wp-json\/wp\/v2\/comments?post=155"}],"version-history":[{"count":0,"href":"https:\/\/webs.uab.cat\/upmic\/es\/wp-json\/wp\/v2\/pages\/155\/revisions"}],"wp:attachment":[{"href":"https:\/\/webs.uab.cat\/upmic\/es\/wp-json\/wp\/v2\/media?parent=155"}],"curies":[{"name":"wp","href":"https:\/\/api.w.org\/{rel}","templated":true}]}}