{"id":156,"date":"2014-02-03T11:46:12","date_gmt":"2014-02-03T11:46:12","guid":{"rendered":"https:\/\/webs.uab.cat\/upmic\/formacion-0\/"},"modified":"2014-02-03T14:24:22","modified_gmt":"2014-02-03T14:24:22","slug":"formacion-0","status":"publish","type":"page","link":"https:\/\/webs.uab.cat\/upmic\/es\/formacion-0\/","title":{"rendered":"Formaci\u00f3n"},"content":{"rendered":"<p>Desde el servicio tambi\u00e9n ofrecemos formaci\u00f3n en patolog\u00eda general y en especial referencia al rat\u00f3n transg\u00e9nico, a veterinarios, investigadores y t\u00e9cnicos.<\/p>\n<p style=\"text-align:center\"><img loading=\"lazy\" decoding=\"async\" class=\" size-full wp-image-133\" alt=\"\" height=\"333\" src=\"https:\/\/webs.uab.cat\/upmic\/wp-content\/uploads\/sites\/175\/2014\/02\/quefem12.jpg\" width=\"500\" srcset=\"https:\/\/webs.uab.cat\/upmic\/wp-content\/uploads\/sites\/175\/2014\/02\/quefem12.jpg 500w, https:\/\/webs.uab.cat\/upmic\/wp-content\/uploads\/sites\/175\/2014\/02\/quefem12-300x200.jpg 300w\" sizes=\"auto, (max-width: 500px) 100vw, 500px\" \/><\/p>\n","protected":false},"excerpt":{"rendered":"<p>Desde el servicio tambi\u00e9n ofrecemos formaci\u00f3n en patolog\u00eda general y en especial referencia al rat\u00f3n transg\u00e9nico, a veterinarios, investigadores y t\u00e9cnicos.<\/p>\n","protected":false},"author":20,"featured_media":0,"parent":0,"menu_order":0,"comment_status":"closed","ping_status":"closed","template":"","meta":{"footnotes":""},"class_list":["post-156","page","type-page","status-publish","hentry"],"_links":{"self":[{"href":"https:\/\/webs.uab.cat\/upmic\/es\/wp-json\/wp\/v2\/pages\/156","targetHints":{"allow":["GET"]}}],"collection":[{"href":"https:\/\/webs.uab.cat\/upmic\/es\/wp-json\/wp\/v2\/pages"}],"about":[{"href":"https:\/\/webs.uab.cat\/upmic\/es\/wp-json\/wp\/v2\/types\/page"}],"author":[{"embeddable":true,"href":"https:\/\/webs.uab.cat\/upmic\/es\/wp-json\/wp\/v2\/users\/20"}],"replies":[{"embeddable":true,"href":"https:\/\/webs.uab.cat\/upmic\/es\/wp-json\/wp\/v2\/comments?post=156"}],"version-history":[{"count":0,"href":"https:\/\/webs.uab.cat\/upmic\/es\/wp-json\/wp\/v2\/pages\/156\/revisions"}],"wp:attachment":[{"href":"https:\/\/webs.uab.cat\/upmic\/es\/wp-json\/wp\/v2\/media?parent=156"}],"curies":[{"name":"wp","href":"https:\/\/api.w.org\/{rel}","templated":true}]}}