{"id":104,"date":"2014-02-03T11:16:43","date_gmt":"2014-02-03T11:16:43","guid":{"rendered":"https:\/\/webs.uab.cat\/upmic\/que-fem\/"},"modified":"2014-02-03T11:16:43","modified_gmt":"2014-02-03T11:16:43","slug":"que-fem","status":"publish","type":"page","link":"https:\/\/webs.uab.cat\/upmic\/que-fem\/","title":{"rendered":"Qu\u00e8 fem"},"content":{"rendered":"<p><span class=\"Subtitols\"><strong><span class=\"Subtitols\">Serveis<\/span><\/strong><\/p>\n<p> <\/span>Els serveis que s&#8217;ofereixen des del UPMiC inclouen:<strong><span class=\"subtitol2\"><br \/><\/span><\/strong><span class=\"subtitol2\"><br \/><\/span><\/p>\n<ul>\n<li><span class=\"subtitol2\"><span class=\"subtitol2\">NECR\u00d2PSIA <\/span><\/span><\/li>\n<li><span class=\"subtitol2\"> <span class=\"subtitol2\">PROCESSAMENT DELS TEIXITS (FIXACI\u00d3, CONGELACI\u00d3) <\/span><\/span><\/li>\n<li><span class=\"subtitol2\"><span class=\"subtitol2\"> <span class=\"subtitol2\">ESTUDI HISTOPATOL\u00d2GIC<\/span><\/span><\/span><\/li>\n<li><span class=\"subtitol2\">AN\u00c0LISI D&#8217;IMATGE I MORFOMETRIA <\/span><\/li>\n<li><span class=\"subtitol2\"><span class=\"subtitol2\">ASSESSORAMENT <\/span><\/span><\/li>\n<li><span class=\"subtitol2\"><span class=\"subtitol2\">FORMACI\u00d3 <\/span><\/span><\/li>\n<\/ul>\n","protected":false},"excerpt":{"rendered":"<p>Serveis Els serveis que s&#8217;ofereixen des del UPMiC inclouen: NECR\u00d2PSIA PROCESSAMENT DELS TEIXITS (FIXACI\u00d3, CONGELACI\u00d3) ESTUDI HISTOPATOL\u00d2GIC AN\u00c0LISI D&#8217;IMATGE I MORFOMETRIA ASSESSORAMENT FORMACI\u00d3<\/p>\n","protected":false},"author":20,"featured_media":0,"parent":0,"menu_order":0,"comment_status":"closed","ping_status":"closed","template":"","meta":{"footnotes":""},"class_list":["post-104","page","type-page","status-publish","hentry"],"_links":{"self":[{"href":"https:\/\/webs.uab.cat\/upmic\/wp-json\/wp\/v2\/pages\/104","targetHints":{"allow":["GET"]}}],"collection":[{"href":"https:\/\/webs.uab.cat\/upmic\/wp-json\/wp\/v2\/pages"}],"about":[{"href":"https:\/\/webs.uab.cat\/upmic\/wp-json\/wp\/v2\/types\/page"}],"author":[{"embeddable":true,"href":"https:\/\/webs.uab.cat\/upmic\/wp-json\/wp\/v2\/users\/20"}],"replies":[{"embeddable":true,"href":"https:\/\/webs.uab.cat\/upmic\/wp-json\/wp\/v2\/comments?post=104"}],"version-history":[{"count":0,"href":"https:\/\/webs.uab.cat\/upmic\/wp-json\/wp\/v2\/pages\/104\/revisions"}],"wp:attachment":[{"href":"https:\/\/webs.uab.cat\/upmic\/wp-json\/wp\/v2\/media?parent=104"}],"curies":[{"name":"wp","href":"https:\/\/api.w.org\/{rel}","templated":true}]}}