{"id":108,"date":"2014-02-03T11:18:55","date_gmt":"2014-02-03T11:18:55","guid":{"rendered":"https:\/\/webs.uab.cat\/upmic\/necropsia\/"},"modified":"2022-08-15T13:14:59","modified_gmt":"2022-08-15T13:14:59","slug":"necropsia","status":"publish","type":"page","link":"https:\/\/webs.uab.cat\/upmic\/necropsia\/","title":{"rendered":"Necr\u00f2psia"},"content":{"rendered":"<div class=\"wp-block-image\">\n<figure class=\"aligncenter is-resized\"><img loading=\"lazy\" decoding=\"async\" src=\"https:\/\/webs.uab.cat\/upmic\/wp-content\/uploads\/sites\/175\/2014\/02\/quefem1.jpg\" alt=\"\" class=\"wp-image-105\" width=\"484\" height=\"303\" srcset=\"https:\/\/webs.uab.cat\/upmic\/wp-content\/uploads\/sites\/175\/2014\/02\/quefem1.jpg 400w, https:\/\/webs.uab.cat\/upmic\/wp-content\/uploads\/sites\/175\/2014\/02\/quefem1-300x188.jpg 300w\" sizes=\"auto, (max-width: 484px) 100vw, 484px\" \/><\/figure>\n<\/div>\n\n\n<p>Independentment de l&#8217;esp\u00e8cie animal es realitza una necr\u00f2psia complerta amb descripci\u00f3\/valoraci\u00f3 de totes les troballes macrosc\u00f2piques de les quals es prenen registres fotogr\u00e0fics. Seguidament es procedeix a la presa de mostres seguint les instruccions del sol\u00b7licitant i en funci\u00f3 de les troballes macrosc\u00f2piques. A m\u00e9s del ratol\u00ed, a la UMPiC tamb\u00e9 realitzem aquests estudis en altres animals de laboratori (conill, rata, conillet d&#8217;\u00edndies, etc.) i d&#8217;altres esp\u00e8cies com animals de companyia (gos, gat, cavall, etc.), ex\u00f2tics (r\u00e8ptils, peixos, amfibis, etc.) i de granja (remugants, suids, aus, etc.).&nbsp;<\/p>\n","protected":false},"excerpt":{"rendered":"<p>Independentment de l&#8217;esp\u00e8cie animal es realitza una necr\u00f2psia complerta amb descripci\u00f3\/valoraci\u00f3 de totes les troballes macrosc\u00f2piques de les quals es prenen registres fotogr\u00e0fics. Seguidament es procedeix a la presa de mostres seguint les instruccions del sol\u00b7licitant i en funci\u00f3 de les troballes macrosc\u00f2piques. A m\u00e9s del ratol\u00ed, a la UMPiC tamb\u00e9 realitzem aquests estudis en [&hellip;]<\/p>\n","protected":false},"author":20,"featured_media":0,"parent":0,"menu_order":0,"comment_status":"closed","ping_status":"closed","template":"","meta":{"footnotes":""},"class_list":["post-108","page","type-page","status-publish","hentry"],"_links":{"self":[{"href":"https:\/\/webs.uab.cat\/upmic\/wp-json\/wp\/v2\/pages\/108","targetHints":{"allow":["GET"]}}],"collection":[{"href":"https:\/\/webs.uab.cat\/upmic\/wp-json\/wp\/v2\/pages"}],"about":[{"href":"https:\/\/webs.uab.cat\/upmic\/wp-json\/wp\/v2\/types\/page"}],"author":[{"embeddable":true,"href":"https:\/\/webs.uab.cat\/upmic\/wp-json\/wp\/v2\/users\/20"}],"replies":[{"embeddable":true,"href":"https:\/\/webs.uab.cat\/upmic\/wp-json\/wp\/v2\/comments?post=108"}],"version-history":[{"count":1,"href":"https:\/\/webs.uab.cat\/upmic\/wp-json\/wp\/v2\/pages\/108\/revisions"}],"predecessor-version":[{"id":305,"href":"https:\/\/webs.uab.cat\/upmic\/wp-json\/wp\/v2\/pages\/108\/revisions\/305"}],"wp:attachment":[{"href":"https:\/\/webs.uab.cat\/upmic\/wp-json\/wp\/v2\/media?parent=108"}],"curies":[{"name":"wp","href":"https:\/\/api.w.org\/{rel}","templated":true}]}}