{"id":112,"date":"2014-02-03T11:24:59","date_gmt":"2014-02-03T11:24:59","guid":{"rendered":"https:\/\/webs.uab.cat\/upmic\/processament-dels-teixits\/"},"modified":"2022-08-15T13:15:36","modified_gmt":"2022-08-15T13:15:36","slug":"processament-dels-teixits","status":"publish","type":"page","link":"https:\/\/webs.uab.cat\/upmic\/processament-dels-teixits\/","title":{"rendered":"Processament dels teixits"},"content":{"rendered":"<div class=\"wp-block-image\">\n<figure class=\"aligncenter is-resized\"><img loading=\"lazy\" decoding=\"async\" src=\"https:\/\/webs.uab.cat\/upmic\/wp-content\/uploads\/sites\/175\/2014\/02\/quefem2_0.jpg\" alt=\"\" class=\"wp-image-109\" width=\"708\" height=\"314\" srcset=\"https:\/\/webs.uab.cat\/upmic\/wp-content\/uploads\/sites\/175\/2014\/02\/quefem2_0.jpg 500w, https:\/\/webs.uab.cat\/upmic\/wp-content\/uploads\/sites\/175\/2014\/02\/quefem2_0-300x133.jpg 300w\" sizes=\"auto, (max-width: 708px) 100vw, 708px\" \/><\/figure>\n<\/div>\n\n\n<p>Depenent dels requeriments del sol\u00b7licitant i de les troballes macrosc\u00f2piques detectades durant la necr\u00f2psia es procedeix al processament de teixits. Aquest pot incloure:<\/p>\n\n\n\n<ul class=\"wp-block-list\"><li>Fixaci\u00f3 en formalina i inclusi\u00f3 en parafina.<\/li><li>Fixaci\u00f3 ultraestructural en soluci\u00f3 de fromaldehid \/ glutaraldehid.<\/li><li>Congelaci\u00f3 r\u00e0pida en criomotlles amb OCT.<\/li><li>Congelaci\u00f3 r\u00e0pida sense matriu.<\/li><li>Altres a convenir.<\/li><\/ul>\n","protected":false},"excerpt":{"rendered":"<p>Depenent dels requeriments del sol\u00b7licitant i de les troballes macrosc\u00f2piques detectades durant la necr\u00f2psia es procedeix al processament de teixits. Aquest pot incloure: Fixaci\u00f3 en formalina i inclusi\u00f3 en parafina. Fixaci\u00f3 ultraestructural en soluci\u00f3 de fromaldehid \/ glutaraldehid. Congelaci\u00f3 r\u00e0pida en criomotlles amb OCT. Congelaci\u00f3 r\u00e0pida sense matriu. Altres a convenir.<\/p>\n","protected":false},"author":20,"featured_media":0,"parent":0,"menu_order":0,"comment_status":"closed","ping_status":"closed","template":"","meta":{"footnotes":""},"class_list":["post-112","page","type-page","status-publish","hentry"],"_links":{"self":[{"href":"https:\/\/webs.uab.cat\/upmic\/wp-json\/wp\/v2\/pages\/112","targetHints":{"allow":["GET"]}}],"collection":[{"href":"https:\/\/webs.uab.cat\/upmic\/wp-json\/wp\/v2\/pages"}],"about":[{"href":"https:\/\/webs.uab.cat\/upmic\/wp-json\/wp\/v2\/types\/page"}],"author":[{"embeddable":true,"href":"https:\/\/webs.uab.cat\/upmic\/wp-json\/wp\/v2\/users\/20"}],"replies":[{"embeddable":true,"href":"https:\/\/webs.uab.cat\/upmic\/wp-json\/wp\/v2\/comments?post=112"}],"version-history":[{"count":1,"href":"https:\/\/webs.uab.cat\/upmic\/wp-json\/wp\/v2\/pages\/112\/revisions"}],"predecessor-version":[{"id":306,"href":"https:\/\/webs.uab.cat\/upmic\/wp-json\/wp\/v2\/pages\/112\/revisions\/306"}],"wp:attachment":[{"href":"https:\/\/webs.uab.cat\/upmic\/wp-json\/wp\/v2\/media?parent=112"}],"curies":[{"name":"wp","href":"https:\/\/api.w.org\/{rel}","templated":true}]}}