{"id":103,"date":"2023-12-14T09:28:33","date_gmt":"2023-12-14T07:28:33","guid":{"rendered":"https:\/\/webs.uab.cat\/veus\/?page_id=103"},"modified":"2025-05-31T16:17:23","modified_gmt":"2025-05-31T14:17:23","slug":"xerrades-2023","status":"publish","type":"page","link":"https:\/\/webs.uab.cat\/veus\/xerrades-2023\/","title":{"rendered":"Xerrades"},"content":{"rendered":"\n<p><strong>Veus \u00e9s la iniciativa de la UAB perqu\u00e8 estudiants de doctorat, personal de investigaci\u00f3, d\u2019administraci\u00f3 i serveis i alumni puguin fer divulgaci\u00f3 de la ci\u00e8ncia a la societat en format de xerrades. <\/strong><\/p>\n\n\n\n<p>Veus t\u00e9 l\u2019objectiu de divulgar el coneixement per tal de fomentar la cultura cient\u00edfica i l\u2019esperit cr\u00edtic de la societat i donar a con\u00e8ixer idees inspiradores i transformadores sorgides de la comunitat universit\u00e0ria. La primera edici\u00f3 va tenir lloc, coincidint amb la Setmana de la Ci\u00e8ncia, el passat 16 de novembre a la Sala Teatre de la Universitat, amb l\u2019assist\u00e8ncia de gaireb\u00e9 un centenar de persones, podeu veure aqu\u00ed les 7 xerrades de l&#8217;edici\u00f3.<\/p>\n\n\n\n<div class=\"wp-block-columns alignwide is-layout-flex wp-container-core-columns-is-layout-9d6595d7 wp-block-columns-is-layout-flex\">\n<div class=\"wp-block-column is-layout-flow wp-block-column-is-layout-flow\">\n<figure class=\"wp-block-embed is-type-video is-provider-youtube wp-block-embed-youtube wp-embed-aspect-16-9 wp-has-aspect-ratio\"><div class=\"wp-block-embed__wrapper\">\n<iframe loading=\"lazy\" title=\"From your waste to your face. Biosurfactantes - VeusUAB\" width=\"580\" height=\"326\" src=\"https:\/\/www.youtube.com\/embed\/anxhhAnStd8?list=PLSl0-hG_seZqPSkfnYfhavpkJ3e2w5Jtq\" frameborder=\"0\" allow=\"accelerometer; autoplay; clipboard-write; encrypted-media; gyroscope; picture-in-picture; web-share\" referrerpolicy=\"strict-origin-when-cross-origin\" allowfullscreen><\/iframe>\n<\/div><\/figure>\n<\/div>\n\n\n\n<div class=\"wp-block-column is-layout-flow wp-block-column-is-layout-flow\">\n<h2 class=\"wp-block-heading\">From your waste to your face. Biosurfactantes<\/h2>\n\n\n\n<p>El modelo consumista que tenemos en la actualidad no es sostenible. Estamos utilizando m\u00e1s recursos de lo que podemos generar, produciendo a la vez toneladas de residuos que acaban en la naturaleza. Con ayuda de microorganismos podemos reducir esos residuos para generar ingredientes ecol\u00f3gicos y biodegradables que act\u00faan como alternativa sostenible a ingredientes de la industria de origen qu\u00edmico.<\/p>\n\n\n\n<p><strong>Jose Antonio Bueno<\/strong><\/p>\n<\/div>\n<\/div>\n\n\n\n<div class=\"wp-block-columns alignwide is-layout-flex wp-container-core-columns-is-layout-9d6595d7 wp-block-columns-is-layout-flex\">\n<div class=\"wp-block-column is-layout-flow wp-block-column-is-layout-flow\">\n<h2 class=\"wp-block-heading\">\u00bfPor qu\u00e9 es tan complicado sentirnos satisfechas y satisfechos con nuestros cuerpos?<\/h2>\n\n\n\n<p>Vivir en una sociedad que idealiza la apariencia y trata a las personas de forma desigual en base a su peso, talla, edad y etnia tiene mucho que ver con el descontento con la apariencia f\u00edsica que experimentamos en las distintas etapas de la vida y que nos afecta con especial intensidad a las mujeres. \u00bfQu\u00e9 factores socioculturales dificultan que nos sintamos c\u00f3modas y c\u00f3modos en nuestro cuerpo?\u202f\u00bfQu\u00e9 puede ayudarme a mejorar mis experiencias corporales y las de las dem\u00e1s personas?<\/p>\n\n\n\n<p><strong>Irene Subiza<\/strong><\/p>\n<\/div>\n\n\n\n<div class=\"wp-block-column is-layout-flow wp-block-column-is-layout-flow\">\n<figure class=\"wp-block-embed is-type-video is-provider-youtube wp-block-embed-youtube wp-embed-aspect-16-9 wp-has-aspect-ratio\"><div class=\"wp-block-embed__wrapper\">\n<iframe loading=\"lazy\" title=\"\u00bfPor qu\u00e9 es tan complicado sentirnos satisfechas y satisfechos con nuestro cuerpo? - VeusUAB\" width=\"580\" height=\"326\" src=\"https:\/\/www.youtube.com\/embed\/j-ELgrrANDY?list=PLSl0-hG_seZqPSkfnYfhavpkJ3e2w5Jtq\" frameborder=\"0\" allow=\"accelerometer; autoplay; clipboard-write; encrypted-media; gyroscope; picture-in-picture; web-share\" referrerpolicy=\"strict-origin-when-cross-origin\" allowfullscreen><\/iframe>\n<\/div><\/figure>\n<\/div>\n<\/div>\n\n\n\n<div class=\"wp-block-columns alignwide is-layout-flex wp-container-core-columns-is-layout-9d6595d7 wp-block-columns-is-layout-flex\">\n<div class=\"wp-block-column is-layout-flow wp-block-column-is-layout-flow\">\n<figure class=\"wp-block-embed is-type-video is-provider-youtube wp-block-embed-youtube wp-embed-aspect-16-9 wp-has-aspect-ratio\"><div class=\"wp-block-embed__wrapper\">\n<iframe loading=\"lazy\" title=\"Filant prim: una mirada arqueol\u00f2gica a les dones de la tradici\u00f3 t\u00e8xtil - VeusUAB\" width=\"580\" height=\"326\" src=\"https:\/\/www.youtube.com\/embed\/KSXZbDT9ZF0?list=PLSl0-hG_seZqPSkfnYfhavpkJ3e2w5Jtq\" frameborder=\"0\" allow=\"accelerometer; autoplay; clipboard-write; encrypted-media; gyroscope; picture-in-picture; web-share\" referrerpolicy=\"strict-origin-when-cross-origin\" allowfullscreen><\/iframe>\n<\/div><\/figure>\n<\/div>\n\n\n\n<div class=\"wp-block-column is-layout-flow wp-block-column-is-layout-flow\">\n<h2 class=\"wp-block-heading\">Filant prim: una mirada arqueol\u00f2gica a les dones de la tradici\u00f3 t\u00e8xtil<\/h2>\n\n\n\n<p>El passat de la industria textil i, en concret, el coneixement t\u00e8cnic de la seva pr\u00e1ctica, ha estat invisibilitzat en la ci\u00e8ncia en general i en l\u2019arqueologia en particular, a causa en part, al fet d\u2019estar relacionat amb una activitat majorit\u00e0riament femenina. Com era la industria textil en el passat? Quines t\u00e8cniques s\u2019empren actualment per al seu estudi? L\u2019\u00fas de recursos t\u00e8cnics juntament amb l\u2019estudi etnogr\u00e0fic del treball textil en societat actuals i del nostre passat m\u00e9s recent ens permet explorar aquest coneixement ancestral, en aquest cas, durant l\u2019Edat del Bronze al sudest de la Pen\u00ednsula Ib\u00e8rica.<\/p>\n\n\n\n<p><strong>Jose Vicente \u00c1vila<\/strong><\/p>\n<\/div>\n<\/div>\n\n\n\n<div class=\"wp-block-columns alignwide is-layout-flex wp-container-core-columns-is-layout-9d6595d7 wp-block-columns-is-layout-flex\">\n<div class=\"wp-block-column is-layout-flow wp-block-column-is-layout-flow\">\n<h2 class=\"wp-block-heading\">Com combatre el canvi clim\u00e0tic amb l\u2019ajuda de la Intel\u00b7lig\u00e8ncia Artificial<\/h2>\n\n\n\n<p>En el darrer any, hem sentit a parlar molt de la intel\u00b7lig\u00e8ncia artificial i dels seus avantages per a la societat. Aqu\u00ed trobareu una reflexi\u00f3 menys antropoc\u00e9ntrica i m\u00e9s enfocada a la tem\u00e0tica ambiental actual, amb especial \u00e8mfasi en el canvi clim\u00e0tic, de les utilitats d\u2019aquesta eina: com pot contribuir a mitigar-ne les causes i quina efectivitat i viabilitat tenen les aplicacions basades en aquesta tecnolog\u00eda a llarg termini.<\/p>\n\n\n\n<p><strong>Martina Arasa. Bion\u00e0ries<\/strong><\/p>\n<\/div>\n\n\n\n<div class=\"wp-block-column is-layout-flow wp-block-column-is-layout-flow\">\n<figure class=\"wp-block-embed is-type-video is-provider-youtube wp-block-embed-youtube wp-embed-aspect-16-9 wp-has-aspect-ratio\"><div class=\"wp-block-embed__wrapper\">\n<iframe loading=\"lazy\" title=\"Com combatre el canvi clim\u00e0tic amb l\u2019ajuda de la Intel\u00b7lig\u00e8ncia Artificial - VeusUAB\" width=\"580\" height=\"326\" src=\"https:\/\/www.youtube.com\/embed\/IA5ca5WtPyE?list=PLSl0-hG_seZqPSkfnYfhavpkJ3e2w5Jtq\" frameborder=\"0\" allow=\"accelerometer; autoplay; clipboard-write; encrypted-media; gyroscope; picture-in-picture; web-share\" referrerpolicy=\"strict-origin-when-cross-origin\" allowfullscreen><\/iframe>\n<\/div><\/figure>\n<\/div>\n<\/div>\n\n\n\n<div class=\"wp-block-columns alignwide is-layout-flex wp-container-core-columns-is-layout-9d6595d7 wp-block-columns-is-layout-flex\">\n<div class=\"wp-block-column is-layout-flow wp-block-column-is-layout-flow\">\n<figure class=\"wp-block-embed is-type-video is-provider-youtube wp-block-embed-youtube wp-embed-aspect-16-9 wp-has-aspect-ratio\"><div class=\"wp-block-embed__wrapper\">\n<iframe loading=\"lazy\" title=\"Prehist\u00f2ria: eines i humanitat - VeusUAB\" width=\"580\" height=\"326\" src=\"https:\/\/www.youtube.com\/embed\/bUipr_JxI-Q?list=PLSl0-hG_seZqPSkfnYfhavpkJ3e2w5Jtq\" frameborder=\"0\" allow=\"accelerometer; autoplay; clipboard-write; encrypted-media; gyroscope; picture-in-picture; web-share\" referrerpolicy=\"strict-origin-when-cross-origin\" allowfullscreen><\/iframe>\n<\/div><\/figure>\n<\/div>\n\n\n\n<div class=\"wp-block-column is-layout-flow wp-block-column-is-layout-flow\">\n<h2 class=\"wp-block-heading\">Prehist\u00f2ria: eines i humanitat<\/h2>\n\n\n\n<p>L\u2019origen de la humanitat \u00e9s un dels temes que ha ocupat i preocupat m\u00e9s a la ci\u00e8ncia. L\u2019evid\u00e8ncia de les primeres eines ha estat tradicionalment un dels elements sobre el qual s\u2019ha fonamentat la idea de l\u2019inici de la prehist\u00f2ria, per\u00f2 sabem que no nom\u00e9s es pot atribuir a aquesta q\u00fcesti\u00f3. L\u2019estudi de la tecnologia ens permet observar que algunes innovacions van ser decisives en l\u2019evoluci\u00f3 humana i fins i tot a partir d\u2019alguns casos, es pot inferir que les eines podien tenir un \u00fas que depassa la q\u00fcesti\u00f3 estrictament funcional com a eina de treball.<\/p>\n\n\n\n<p><strong>Antoni Palomo<\/strong><\/p>\n<\/div>\n<\/div>\n\n\n\n<div class=\"wp-block-columns alignwide is-layout-flex wp-container-core-columns-is-layout-9d6595d7 wp-block-columns-is-layout-flex\">\n<div class=\"wp-block-column is-layout-flow wp-block-column-is-layout-flow\">\n<h2 class=\"wp-block-heading\">Comprender el dolor desde la resiliencia: Vivir sin miedo<\/h2>\n\n\n\n<p>Cada d\u00eda en Espa\u00f1a se quitan la vida 11 personas y es la primera causa de muerte no natural pero el suicidio se puede evitar y se puede prevenir con una buena educaci\u00f3n emocional desde las edades tempranas. Este testimonio pretende contribuir, por una parte, a concienciar sobre esta grave problem\u00e1tica y por otra, a proporcionar herramientas que permitan a las personas que se encuentren en una situaci\u00f3n de dificultad, a superarla.<\/p>\n\n\n\n<p><strong>Raquel C\u00f3rdoba<\/strong><\/p>\n<\/div>\n\n\n\n<div class=\"wp-block-column is-layout-flow wp-block-column-is-layout-flow\">\n<figure class=\"wp-block-embed is-type-video is-provider-youtube wp-block-embed-youtube wp-embed-aspect-16-9 wp-has-aspect-ratio\"><div class=\"wp-block-embed__wrapper\">\n<iframe loading=\"lazy\" title=\"Comprender el dolor desde la resiliencia: Vivir sin miedo - VeusUA\" width=\"580\" height=\"326\" src=\"https:\/\/www.youtube.com\/embed\/RNSCkX4mSKQ?list=PLSl0-hG_seZqPSkfnYfhavpkJ3e2w5Jtq\" frameborder=\"0\" allow=\"accelerometer; autoplay; clipboard-write; encrypted-media; gyroscope; picture-in-picture; web-share\" referrerpolicy=\"strict-origin-when-cross-origin\" allowfullscreen><\/iframe>\n<\/div><\/figure>\n<\/div>\n<\/div>\n\n\n\n<div class=\"wp-block-columns alignwide is-layout-flex wp-container-core-columns-is-layout-9d6595d7 wp-block-columns-is-layout-flex\">\n<div class=\"wp-block-column is-layout-flow wp-block-column-is-layout-flow\">\n<figure class=\"wp-block-embed is-type-video is-provider-youtube wp-block-embed-youtube wp-embed-aspect-16-9 wp-has-aspect-ratio\"><div class=\"wp-block-embed__wrapper\">\n<iframe loading=\"lazy\" title=\"L\u2019esmorzar \u00e9s l\u2019\u00e0pat m\u00e9s important del dia? - VeusUAB\" width=\"580\" height=\"326\" src=\"https:\/\/www.youtube.com\/embed\/R5CXCmEDSA8?list=PLSl0-hG_seZqPSkfnYfhavpkJ3e2w5Jtq\" frameborder=\"0\" allow=\"accelerometer; autoplay; clipboard-write; encrypted-media; gyroscope; picture-in-picture; web-share\" referrerpolicy=\"strict-origin-when-cross-origin\" allowfullscreen><\/iframe>\n<\/div><\/figure>\n<\/div>\n\n\n\n<div class=\"wp-block-column is-layout-flow wp-block-column-is-layout-flow\">\n<h2 class=\"wp-block-heading\">L&#8217;esmorzar \u00e9s l&#8217;\u00e0pat m\u00e9s important del dia?<\/h2>\n\n\n\n<p>En l\u2019era de la informaci\u00f3 infinita a l\u2019abast de la nostra m\u00e0, la desinformaci\u00f3 i les not\u00edcies falses entren al xat per omplir internet de contingut poc rigur\u00f3s. Es calcula que el 30% d\u2019aquestes not\u00edcies s\u00f3n sobre alimentaci\u00f3 i aix\u00f2 provoca que un acte tan quotidi\u00e0 com \u00e9s menjar es converteixi en un dilema constant sobre el que \u00e9s millor consumir o no. Desmentim mites instaurats a les nostres cuines mitjan\u00e7ant l\u2019evid\u00e8ncia cient\u00edfica.<\/p>\n\n\n\n<p><strong>Marina Campos. <\/strong><\/p>\n<\/div>\n<\/div>\n\n\n\n<p><\/p>\n","protected":false},"excerpt":{"rendered":"<p>Veus \u00e9s la iniciativa de la UAB perqu\u00e8 estudiants de doctorat, personal de investigaci\u00f3, d\u2019administraci\u00f3 i serveis i alumni puguin fer divulgaci\u00f3 de la ci\u00e8ncia a la societat en format de xerrades. Veus t\u00e9 l\u2019objectiu de divulgar el coneixement per tal de fomentar la cultura cient\u00edfica i l\u2019esperit cr\u00edtic de la societat i donar a [&hellip;]<\/p>\n","protected":false},"author":20,"featured_media":0,"parent":0,"menu_order":0,"comment_status":"closed","ping_status":"closed","template":"","meta":{"footnotes":""},"class_list":["post-103","page","type-page","status-publish","hentry"],"_links":{"self":[{"href":"https:\/\/webs.uab.cat\/veus\/wp-json\/wp\/v2\/pages\/103","targetHints":{"allow":["GET"]}}],"collection":[{"href":"https:\/\/webs.uab.cat\/veus\/wp-json\/wp\/v2\/pages"}],"about":[{"href":"https:\/\/webs.uab.cat\/veus\/wp-json\/wp\/v2\/types\/page"}],"author":[{"embeddable":true,"href":"https:\/\/webs.uab.cat\/veus\/wp-json\/wp\/v2\/users\/20"}],"replies":[{"embeddable":true,"href":"https:\/\/webs.uab.cat\/veus\/wp-json\/wp\/v2\/comments?post=103"}],"version-history":[{"count":16,"href":"https:\/\/webs.uab.cat\/veus\/wp-json\/wp\/v2\/pages\/103\/revisions"}],"predecessor-version":[{"id":363,"href":"https:\/\/webs.uab.cat\/veus\/wp-json\/wp\/v2\/pages\/103\/revisions\/363"}],"wp:attachment":[{"href":"https:\/\/webs.uab.cat\/veus\/wp-json\/wp\/v2\/media?parent=103"}],"curies":[{"name":"wp","href":"https:\/\/api.w.org\/{rel}","templated":true}]}}