{"id":113,"date":"2023-12-14T10:06:08","date_gmt":"2023-12-14T08:06:08","guid":{"rendered":"https:\/\/webs.uab.cat\/veus\/?page_id=113"},"modified":"2025-04-09T12:42:38","modified_gmt":"2025-04-09T10:42:38","slug":"aixi-va-ser-veus-2023","status":"publish","type":"page","link":"https:\/\/webs.uab.cat\/veus\/aixi-va-ser-veus-2023\/","title":{"rendered":"Aix\u00ed va ser Veus 2023"},"content":{"rendered":"\n<div class=\"wp-block-buttons is-content-justification-center is-layout-flex wp-container-core-buttons-is-layout-16018d1d wp-block-buttons-is-layout-flex\">\n<div class=\"wp-block-button\"><a class=\"wp-block-button__link wp-element-button\" href=\"https:\/\/webs.uab.cat\/veus\/conferenciants\/\">Conferenciants<\/a><\/div>\n\n\n\n<div class=\"wp-block-button\"><a class=\"wp-block-button__link wp-element-button\" href=\"https:\/\/webs.uab.cat\/veus\/xerrades\/\">Xerrades<\/a><\/div>\n\n\n\n<div class=\"wp-block-button\"><a class=\"wp-block-button__link wp-element-button\" href=\"https:\/\/webs.uab.cat\/veus\/programa\/\">programa<\/a><\/div>\n<\/div>\n\n\n\n<div id='gallery-1' class='gallery galleryid-113 gallery-columns-3 gallery-size-thumbnail'><figure class='gallery-item'>\n\t\t\t<div class='gallery-icon landscape'>\n\t\t\t\t<a href='https:\/\/webs.uab.cat\/veus\/aixi-va-ser-veus-2023\/dsc0447\/'><img loading=\"lazy\" decoding=\"async\" width=\"150\" height=\"150\" src=\"https:\/\/webs.uab.cat\/veus\/wp-content\/uploads\/sites\/475\/2023\/12\/DSC0447-150x150.jpg\" class=\"attachment-thumbnail size-thumbnail\" alt=\"\" aria-describedby=\"gallery-1-115\" \/><\/a>\n\t\t\t<\/div>\n\t\t\t\t<figcaption class='wp-caption-text gallery-caption' id='gallery-1-115'>\n\t\t\t\tVicerectora de Recerca de la UAB, presenta Veus2023\n\t\t\t\t<\/figcaption><\/figure><figure class='gallery-item'>\n\t\t\t<div class='gallery-icon portrait'>\n\t\t\t\t<a href='https:\/\/webs.uab.cat\/veus\/aixi-va-ser-veus-2023\/dsc0449\/'><img loading=\"lazy\" decoding=\"async\" width=\"150\" height=\"150\" src=\"https:\/\/webs.uab.cat\/veus\/wp-content\/uploads\/sites\/475\/2023\/12\/DSC0449-150x150.jpg\" class=\"attachment-thumbnail size-thumbnail\" alt=\"\" aria-describedby=\"gallery-1-116\" \/><\/a>\n\t\t\t<\/div>\n\t\t\t\t<figcaption class='wp-caption-text gallery-caption' id='gallery-1-116'>\n\t\t\t\tVicerectora de Recerca de la UAB, presenta Veus2023\n\t\t\t\t<\/figcaption><\/figure><figure class='gallery-item'>\n\t\t\t<div class='gallery-icon landscape'>\n\t\t\t\t<a href='https:\/\/webs.uab.cat\/veus\/aixi-va-ser-veus-2023\/dsc0452\/'><img loading=\"lazy\" decoding=\"async\" width=\"150\" height=\"150\" src=\"https:\/\/webs.uab.cat\/veus\/wp-content\/uploads\/sites\/475\/2023\/12\/DSC0452-150x150.jpg\" class=\"attachment-thumbnail size-thumbnail\" alt=\"\" \/><\/a>\n\t\t\t<\/div><\/figure><figure class='gallery-item'>\n\t\t\t<div class='gallery-icon landscape'>\n\t\t\t\t<a href='https:\/\/webs.uab.cat\/veus\/aixi-va-ser-veus-2023\/dsc0454\/'><img loading=\"lazy\" decoding=\"async\" width=\"150\" height=\"150\" src=\"https:\/\/webs.uab.cat\/veus\/wp-content\/uploads\/sites\/475\/2023\/12\/DSC0454-150x150.jpg\" class=\"attachment-thumbnail size-thumbnail\" alt=\"\" aria-describedby=\"gallery-1-118\" \/><\/a>\n\t\t\t<\/div>\n\t\t\t\t<figcaption class='wp-caption-text gallery-caption' id='gallery-1-118'>\n\t\t\t\tL&#8217;esmorzar \u00e9s l&#8217;\u00e0pat m\u00e9s important del dia?\n\t\t\t\t<\/figcaption><\/figure><figure class='gallery-item'>\n\t\t\t<div class='gallery-icon portrait'>\n\t\t\t\t<a href='https:\/\/webs.uab.cat\/veus\/aixi-va-ser-veus-2023\/dsc0460\/'><img loading=\"lazy\" decoding=\"async\" width=\"150\" height=\"150\" src=\"https:\/\/webs.uab.cat\/veus\/wp-content\/uploads\/sites\/475\/2023\/12\/DSC0460-150x150.jpg\" class=\"attachment-thumbnail size-thumbnail\" alt=\"\" aria-describedby=\"gallery-1-119\" \/><\/a>\n\t\t\t<\/div>\n\t\t\t\t<figcaption class='wp-caption-text gallery-caption' id='gallery-1-119'>\n\t\t\t\tL&#8217;esmorzar \u00e9s l&#8217;\u00e0pat m\u00e9s important del dia?\n\t\t\t\t<\/figcaption><\/figure><figure class='gallery-item'>\n\t\t\t<div class='gallery-icon landscape'>\n\t\t\t\t<a href='https:\/\/webs.uab.cat\/veus\/aixi-va-ser-veus-2023\/dsc0467\/'><img loading=\"lazy\" decoding=\"async\" width=\"150\" height=\"150\" src=\"https:\/\/webs.uab.cat\/veus\/wp-content\/uploads\/sites\/475\/2023\/12\/DSC0467-150x150.jpg\" class=\"attachment-thumbnail size-thumbnail\" alt=\"\" \/><\/a>\n\t\t\t<\/div><\/figure><figure class='gallery-item'>\n\t\t\t<div class='gallery-icon landscape'>\n\t\t\t\t<a href='https:\/\/webs.uab.cat\/veus\/aixi-va-ser-veus-2023\/dsc0470\/'><img loading=\"lazy\" decoding=\"async\" width=\"150\" height=\"150\" src=\"https:\/\/webs.uab.cat\/veus\/wp-content\/uploads\/sites\/475\/2023\/12\/DSC0470-150x150.jpg\" class=\"attachment-thumbnail size-thumbnail\" alt=\"\" aria-describedby=\"gallery-1-122\" \/><\/a>\n\t\t\t<\/div>\n\t\t\t\t<figcaption class='wp-caption-text gallery-caption' id='gallery-1-122'>\n\t\t\t\t\u00bfPor qu\u00e9 es tan complicado sentirse satisfecha o satisfecho con nuestros cuerpos?\n\t\t\t\t<\/figcaption><\/figure><figure class='gallery-item'>\n\t\t\t<div class='gallery-icon portrait'>\n\t\t\t\t<a href='https:\/\/webs.uab.cat\/veus\/aixi-va-ser-veus-2023\/dsc0472\/'><img loading=\"lazy\" decoding=\"async\" width=\"150\" height=\"150\" src=\"https:\/\/webs.uab.cat\/veus\/wp-content\/uploads\/sites\/475\/2023\/12\/DSC0472-150x150.jpg\" class=\"attachment-thumbnail size-thumbnail\" alt=\"\" aria-describedby=\"gallery-1-123\" \/><\/a>\n\t\t\t<\/div>\n\t\t\t\t<figcaption class='wp-caption-text gallery-caption' id='gallery-1-123'>\n\t\t\t\t\u00bfPor qu\u00e9 es tan complicado sentirse satisfecha o satisfecho con nuestros cuerpos?\n\t\t\t\t<\/figcaption><\/figure><figure class='gallery-item'>\n\t\t\t<div class='gallery-icon landscape'>\n\t\t\t\t<a href='https:\/\/webs.uab.cat\/veus\/aixi-va-ser-veus-2023\/dsc0475\/'><img loading=\"lazy\" decoding=\"async\" width=\"150\" height=\"150\" src=\"https:\/\/webs.uab.cat\/veus\/wp-content\/uploads\/sites\/475\/2023\/12\/DSC0475-150x150.jpg\" class=\"attachment-thumbnail size-thumbnail\" alt=\"\" aria-describedby=\"gallery-1-124\" \/><\/a>\n\t\t\t<\/div>\n\t\t\t\t<figcaption class='wp-caption-text gallery-caption' id='gallery-1-124'>\n\t\t\t\t\u00bfPor qu\u00e9 es tan complicado sentirse satisfecha o satisfecho con nuestros cuerpos?\n\t\t\t\t<\/figcaption><\/figure><figure class='gallery-item'>\n\t\t\t<div class='gallery-icon landscape'>\n\t\t\t\t<a href='https:\/\/webs.uab.cat\/veus\/aixi-va-ser-veus-2023\/dsc0478\/'><img loading=\"lazy\" decoding=\"async\" width=\"150\" height=\"150\" src=\"https:\/\/webs.uab.cat\/veus\/wp-content\/uploads\/sites\/475\/2023\/12\/DSC0478-150x150.jpg\" class=\"attachment-thumbnail size-thumbnail\" alt=\"\" \/><\/a>\n\t\t\t<\/div><\/figure><figure class='gallery-item'>\n\t\t\t<div class='gallery-icon portrait'>\n\t\t\t\t<a href='https:\/\/webs.uab.cat\/veus\/aixi-va-ser-veus-2023\/dsc0482\/'><img loading=\"lazy\" decoding=\"async\" width=\"150\" height=\"150\" src=\"https:\/\/webs.uab.cat\/veus\/wp-content\/uploads\/sites\/475\/2023\/12\/DSC0482-150x150.jpg\" class=\"attachment-thumbnail size-thumbnail\" alt=\"\" \/><\/a>\n\t\t\t<\/div><\/figure><figure class='gallery-item'>\n\t\t\t<div class='gallery-icon portrait'>\n\t\t\t\t<a href='https:\/\/webs.uab.cat\/veus\/aixi-va-ser-veus-2023\/dsc0486\/'><img loading=\"lazy\" decoding=\"async\" width=\"150\" height=\"150\" src=\"https:\/\/webs.uab.cat\/veus\/wp-content\/uploads\/sites\/475\/2023\/12\/DSC0486-150x150.jpg\" class=\"attachment-thumbnail size-thumbnail\" alt=\"\" aria-describedby=\"gallery-1-127\" \/><\/a>\n\t\t\t<\/div>\n\t\t\t\t<figcaption class='wp-caption-text gallery-caption' id='gallery-1-127'>\n\t\t\t\tFilant prim: una mirada arqueol\u00f2gica a les dones de la tradici\u00f3 t\u00e8xtil\n\t\t\t\t<\/figcaption><\/figure><figure class='gallery-item'>\n\t\t\t<div class='gallery-icon portrait'>\n\t\t\t\t<a href='https:\/\/webs.uab.cat\/veus\/aixi-va-ser-veus-2023\/dsc0489\/'><img loading=\"lazy\" decoding=\"async\" width=\"150\" height=\"150\" src=\"https:\/\/webs.uab.cat\/veus\/wp-content\/uploads\/sites\/475\/2023\/12\/DSC0489-150x150.jpg\" class=\"attachment-thumbnail size-thumbnail\" alt=\"\" aria-describedby=\"gallery-1-128\" \/><\/a>\n\t\t\t<\/div>\n\t\t\t\t<figcaption class='wp-caption-text gallery-caption' id='gallery-1-128'>\n\t\t\t\tFilant prim: una mirada arqueol\u00f2gica a les dones de la tradici\u00f3 t\u00e8xtil\n\t\t\t\t<\/figcaption><\/figure><figure class='gallery-item'>\n\t\t\t<div class='gallery-icon portrait'>\n\t\t\t\t<a href='https:\/\/webs.uab.cat\/veus\/aixi-va-ser-veus-2023\/dsc0492\/'><img loading=\"lazy\" decoding=\"async\" width=\"150\" height=\"150\" src=\"https:\/\/webs.uab.cat\/veus\/wp-content\/uploads\/sites\/475\/2023\/12\/DSC0492-150x150.jpg\" class=\"attachment-thumbnail size-thumbnail\" alt=\"\" aria-describedby=\"gallery-1-129\" \/><\/a>\n\t\t\t<\/div>\n\t\t\t\t<figcaption class='wp-caption-text gallery-caption' id='gallery-1-129'>\n\t\t\t\tCom combatre el canvi clim\u00e0tic amb l\u2019ajuda de la Intel\u00b7lig\u00e8ncia Artificial\n\t\t\t\t<\/figcaption><\/figure><figure class='gallery-item'>\n\t\t\t<div class='gallery-icon portrait'>\n\t\t\t\t<a href='https:\/\/webs.uab.cat\/veus\/aixi-va-ser-veus-2023\/dsc0498\/'><img loading=\"lazy\" decoding=\"async\" width=\"150\" height=\"150\" src=\"https:\/\/webs.uab.cat\/veus\/wp-content\/uploads\/sites\/475\/2023\/12\/DSC0498-150x150.jpg\" class=\"attachment-thumbnail size-thumbnail\" alt=\"\" aria-describedby=\"gallery-1-130\" \/><\/a>\n\t\t\t<\/div>\n\t\t\t\t<figcaption class='wp-caption-text gallery-caption' id='gallery-1-130'>\n\t\t\t\tCom combatre el canvi clim\u00e0tic amb l\u2019ajuda de la Intel\u00b7lig\u00e8ncia Artificial\n\t\t\t\t<\/figcaption><\/figure><figure class='gallery-item'>\n\t\t\t<div class='gallery-icon landscape'>\n\t\t\t\t<a href='https:\/\/webs.uab.cat\/veus\/aixi-va-ser-veus-2023\/dsc0502\/'><img loading=\"lazy\" decoding=\"async\" width=\"150\" height=\"150\" src=\"https:\/\/webs.uab.cat\/veus\/wp-content\/uploads\/sites\/475\/2023\/12\/DSC0502-150x150.jpg\" class=\"attachment-thumbnail size-thumbnail\" alt=\"\" aria-describedby=\"gallery-1-131\" \/><\/a>\n\t\t\t<\/div>\n\t\t\t\t<figcaption class='wp-caption-text gallery-caption' id='gallery-1-131'>\n\t\t\t\tPrehist\u00f2ria: eines i humanitat\n\t\t\t\t<\/figcaption><\/figure><figure class='gallery-item'>\n\t\t\t<div class='gallery-icon landscape'>\n\t\t\t\t<a href='https:\/\/webs.uab.cat\/veus\/aixi-va-ser-veus-2023\/dsc0505\/'><img loading=\"lazy\" decoding=\"async\" width=\"150\" height=\"150\" src=\"https:\/\/webs.uab.cat\/veus\/wp-content\/uploads\/sites\/475\/2023\/12\/DSC0505-150x150.jpg\" class=\"attachment-thumbnail size-thumbnail\" alt=\"\" aria-describedby=\"gallery-1-132\" \/><\/a>\n\t\t\t<\/div>\n\t\t\t\t<figcaption class='wp-caption-text gallery-caption' id='gallery-1-132'>\n\t\t\t\tPrehist\u00f2ria: eines i humanitat\n\t\t\t\t<\/figcaption><\/figure><figure class='gallery-item'>\n\t\t\t<div class='gallery-icon landscape'>\n\t\t\t\t<a href='https:\/\/webs.uab.cat\/veus\/aixi-va-ser-veus-2023\/dsc0508\/'><img loading=\"lazy\" decoding=\"async\" width=\"150\" height=\"150\" src=\"https:\/\/webs.uab.cat\/veus\/wp-content\/uploads\/sites\/475\/2023\/12\/DSC0508-150x150.jpg\" class=\"attachment-thumbnail size-thumbnail\" alt=\"\" aria-describedby=\"gallery-1-133\" \/><\/a>\n\t\t\t<\/div>\n\t\t\t\t<figcaption class='wp-caption-text gallery-caption' id='gallery-1-133'>\n\t\t\t\tPrehist\u00f2ria: eines i humanitat\n\t\t\t\t<\/figcaption><\/figure><figure class='gallery-item'>\n\t\t\t<div class='gallery-icon portrait'>\n\t\t\t\t<a href='https:\/\/webs.uab.cat\/veus\/aixi-va-ser-veus-2023\/dsc0515\/'><img loading=\"lazy\" decoding=\"async\" width=\"150\" height=\"150\" src=\"https:\/\/webs.uab.cat\/veus\/wp-content\/uploads\/sites\/475\/2023\/12\/DSC0515-150x150.jpg\" class=\"attachment-thumbnail size-thumbnail\" alt=\"\" aria-describedby=\"gallery-1-135\" \/><\/a>\n\t\t\t<\/div>\n\t\t\t\t<figcaption class='wp-caption-text gallery-caption' id='gallery-1-135'>\n\t\t\t\tComprender el dolor desde la resiliencia: Vivir sin miedo\n\n\t\t\t\t<\/figcaption><\/figure><figure class='gallery-item'>\n\t\t\t<div class='gallery-icon landscape'>\n\t\t\t\t<a href='https:\/\/webs.uab.cat\/veus\/aixi-va-ser-veus-2023\/dsc0518\/'><img loading=\"lazy\" decoding=\"async\" width=\"150\" height=\"150\" src=\"https:\/\/webs.uab.cat\/veus\/wp-content\/uploads\/sites\/475\/2023\/12\/DSC0518-150x150.jpg\" class=\"attachment-thumbnail size-thumbnail\" alt=\"\" aria-describedby=\"gallery-1-136\" \/><\/a>\n\t\t\t<\/div>\n\t\t\t\t<figcaption class='wp-caption-text gallery-caption' id='gallery-1-136'>\n\t\t\t\tComprender el dolor desde la resiliencia: Vivir sin miedo\n\n\t\t\t\t<\/figcaption><\/figure><figure class='gallery-item'>\n\t\t\t<div class='gallery-icon landscape'>\n\t\t\t\t<a href='https:\/\/webs.uab.cat\/veus\/aixi-va-ser-veus-2023\/dsc0527\/'><img loading=\"lazy\" decoding=\"async\" width=\"150\" height=\"150\" src=\"https:\/\/webs.uab.cat\/veus\/wp-content\/uploads\/sites\/475\/2023\/12\/DSC0527-150x150.jpg\" class=\"attachment-thumbnail size-thumbnail\" alt=\"\" aria-describedby=\"gallery-1-138\" \/><\/a>\n\t\t\t<\/div>\n\t\t\t\t<figcaption class='wp-caption-text gallery-caption' id='gallery-1-138'>\n\t\t\t\tFrom your waste to your face. Biosurfactantes\n\t\t\t\t<\/figcaption><\/figure><figure class='gallery-item'>\n\t\t\t<div class='gallery-icon landscape'>\n\t\t\t\t<a href='https:\/\/webs.uab.cat\/veus\/aixi-va-ser-veus-2023\/dsc0530\/'><img loading=\"lazy\" decoding=\"async\" width=\"150\" height=\"150\" src=\"https:\/\/webs.uab.cat\/veus\/wp-content\/uploads\/sites\/475\/2023\/12\/DSC0530-150x150.jpg\" class=\"attachment-thumbnail size-thumbnail\" alt=\"\" \/><\/a>\n\t\t\t<\/div><\/figure><figure class='gallery-item'>\n\t\t\t<div class='gallery-icon landscape'>\n\t\t\t\t<a href='https:\/\/webs.uab.cat\/veus\/aixi-va-ser-veus-2023\/dsc0536\/'><img loading=\"lazy\" decoding=\"async\" width=\"150\" height=\"150\" src=\"https:\/\/webs.uab.cat\/veus\/wp-content\/uploads\/sites\/475\/2023\/12\/DSC0536-150x150.jpg\" class=\"attachment-thumbnail size-thumbnail\" alt=\"\" \/><\/a>\n\t\t\t<\/div><\/figure><figure class='gallery-item'>\n\t\t\t<div class='gallery-icon landscape'>\n\t\t\t\t<a href='https:\/\/webs.uab.cat\/veus\/aixi-va-ser-veus-2023\/dsc0537\/'><img loading=\"lazy\" decoding=\"async\" width=\"150\" height=\"150\" src=\"https:\/\/webs.uab.cat\/veus\/wp-content\/uploads\/sites\/475\/2023\/12\/DSC0537-150x150.jpg\" class=\"attachment-thumbnail size-thumbnail\" alt=\"\" \/><\/a>\n\t\t\t<\/div><\/figure><figure class='gallery-item'>\n\t\t\t<div class='gallery-icon landscape'>\n\t\t\t\t<a href='https:\/\/webs.uab.cat\/veus\/aixi-va-ser-veus-2023\/dsc0554\/'><img loading=\"lazy\" decoding=\"async\" width=\"150\" height=\"150\" src=\"https:\/\/webs.uab.cat\/veus\/wp-content\/uploads\/sites\/475\/2023\/12\/DSC0554-150x150.jpg\" class=\"attachment-thumbnail size-thumbnail\" alt=\"\" \/><\/a>\n\t\t\t<\/div><\/figure><figure class='gallery-item'>\n\t\t\t<div class='gallery-icon landscape'>\n\t\t\t\t<a href='https:\/\/webs.uab.cat\/veus\/aixi-va-ser-veus-2023\/dsc0555\/'><img loading=\"lazy\" decoding=\"async\" width=\"150\" height=\"150\" src=\"https:\/\/webs.uab.cat\/veus\/wp-content\/uploads\/sites\/475\/2023\/12\/DSC0555-150x150.jpg\" class=\"attachment-thumbnail size-thumbnail\" alt=\"\" \/><\/a>\n\t\t\t<\/div><\/figure><figure class='gallery-item'>\n\t\t\t<div class='gallery-icon landscape'>\n\t\t\t\t<a href='https:\/\/webs.uab.cat\/veus\/aixi-va-ser-veus-2023\/dsc0557\/'><img loading=\"lazy\" decoding=\"async\" width=\"150\" height=\"150\" src=\"https:\/\/webs.uab.cat\/veus\/wp-content\/uploads\/sites\/475\/2023\/12\/DSC0557-150x150.jpg\" class=\"attachment-thumbnail size-thumbnail\" alt=\"\" \/><\/a>\n\t\t\t<\/div><\/figure><figure class='gallery-item'>\n\t\t\t<div class='gallery-icon portrait'>\n\t\t\t\t<a href='https:\/\/webs.uab.cat\/veus\/aixi-va-ser-veus-2023\/dsc0559\/'><img loading=\"lazy\" decoding=\"async\" width=\"150\" height=\"150\" src=\"https:\/\/webs.uab.cat\/veus\/wp-content\/uploads\/sites\/475\/2023\/12\/DSC0559-150x150.jpg\" class=\"attachment-thumbnail size-thumbnail\" alt=\"\" \/><\/a>\n\t\t\t<\/div><\/figure><figure class='gallery-item'>\n\t\t\t<div class='gallery-icon landscape'>\n\t\t\t\t<a href='https:\/\/webs.uab.cat\/veus\/aixi-va-ser-veus-2023\/dsc0560\/'><img loading=\"lazy\" decoding=\"async\" width=\"150\" height=\"150\" src=\"https:\/\/webs.uab.cat\/veus\/wp-content\/uploads\/sites\/475\/2023\/12\/DSC0560-150x150.jpg\" class=\"attachment-thumbnail size-thumbnail\" alt=\"\" \/><\/a>\n\t\t\t<\/div><\/figure><figure class='gallery-item'>\n\t\t\t<div class='gallery-icon landscape'>\n\t\t\t\t<a href='https:\/\/webs.uab.cat\/veus\/aixi-va-ser-veus-2023\/dsc0562\/'><img loading=\"lazy\" decoding=\"async\" width=\"150\" height=\"150\" src=\"https:\/\/webs.uab.cat\/veus\/wp-content\/uploads\/sites\/475\/2023\/12\/DSC0562-150x150.jpg\" class=\"attachment-thumbnail size-thumbnail\" alt=\"\" \/><\/a>\n\t\t\t<\/div><\/figure>\n\t\t<\/div>\n\n\n\n\n<div class=\"wp-block-media-text has-media-on-the-right is-stacked-on-mobile\"><div class=\"wp-block-media-text__content\">\n<p class=\"has-small-font-size\">Amb la col\u00b7laboraci\u00f3 de<\/p>\n<\/div><figure class=\"wp-block-media-text__media\"><img loading=\"lazy\" decoding=\"async\" width=\"1024\" height=\"207\" src=\"https:\/\/webs.uab.cat\/veus\/wp-content\/uploads\/sites\/475\/2025\/01\/mcin-fecyt-web-1024x207.jpeg\" alt=\"\" class=\"wp-image-302 size-full\" srcset=\"https:\/\/webs.uab.cat\/veus\/wp-content\/uploads\/sites\/475\/2025\/01\/mcin-fecyt-web-1024x207.jpeg 1024w, https:\/\/webs.uab.cat\/veus\/wp-content\/uploads\/sites\/475\/2025\/01\/mcin-fecyt-web-300x61.jpeg 300w, https:\/\/webs.uab.cat\/veus\/wp-content\/uploads\/sites\/475\/2025\/01\/mcin-fecyt-web-768x155.jpeg 768w, https:\/\/webs.uab.cat\/veus\/wp-content\/uploads\/sites\/475\/2025\/01\/mcin-fecyt-web-1536x311.jpeg 1536w, https:\/\/webs.uab.cat\/veus\/wp-content\/uploads\/sites\/475\/2025\/01\/mcin-fecyt-web-2048x414.jpeg 2048w, https:\/\/webs.uab.cat\/veus\/wp-content\/uploads\/sites\/475\/2025\/01\/mcin-fecyt-web-1200x243.jpeg 1200w, https:\/\/webs.uab.cat\/veus\/wp-content\/uploads\/sites\/475\/2025\/01\/mcin-fecyt-web-1980x401.jpeg 1980w\" sizes=\"auto, (max-width: 1024px) 100vw, 1024px\" \/><\/figure><\/div>\n","protected":false},"excerpt":{"rendered":"","protected":false},"author":20,"featured_media":0,"parent":0,"menu_order":0,"comment_status":"closed","ping_status":"closed","template":"","meta":{"footnotes":""},"class_list":["post-113","page","type-page","status-publish","hentry"],"_links":{"self":[{"href":"https:\/\/webs.uab.cat\/veus\/wp-json\/wp\/v2\/pages\/113","targetHints":{"allow":["GET"]}}],"collection":[{"href":"https:\/\/webs.uab.cat\/veus\/wp-json\/wp\/v2\/pages"}],"about":[{"href":"https:\/\/webs.uab.cat\/veus\/wp-json\/wp\/v2\/types\/page"}],"author":[{"embeddable":true,"href":"https:\/\/webs.uab.cat\/veus\/wp-json\/wp\/v2\/users\/20"}],"replies":[{"embeddable":true,"href":"https:\/\/webs.uab.cat\/veus\/wp-json\/wp\/v2\/comments?post=113"}],"version-history":[{"count":7,"href":"https:\/\/webs.uab.cat\/veus\/wp-json\/wp\/v2\/pages\/113\/revisions"}],"predecessor-version":[{"id":321,"href":"https:\/\/webs.uab.cat\/veus\/wp-json\/wp\/v2\/pages\/113\/revisions\/321"}],"wp:attachment":[{"href":"https:\/\/webs.uab.cat\/veus\/wp-json\/wp\/v2\/media?parent=113"}],"curies":[{"name":"wp","href":"https:\/\/api.w.org\/{rel}","templated":true}]}}