{"id":209,"date":"2024-10-30T10:25:18","date_gmt":"2024-10-30T08:25:18","guid":{"rendered":"https:\/\/webs.uab.cat\/veus\/?page_id=209"},"modified":"2025-01-28T13:43:46","modified_gmt":"2025-01-28T11:43:46","slug":"conferenciants-2024","status":"publish","type":"page","link":"https:\/\/webs.uab.cat\/veus\/conferenciants-2024\/","title":{"rendered":"Conferenciants"},"content":{"rendered":"\n<div class=\"wp-block-media-text alignwide has-media-on-the-right is-stacked-on-mobile\"><div class=\"wp-block-media-text__content\">\n<h2 class=\"wp-block-heading\">Gemma Morell Delgado<\/h2>\n\n\n\n<p>Soc enginyera de disseny industrial, especialitzada en ecodisseny i ecologia industrial per Elisava i la UAB. Actualment, estic fent el doctorat, investigant el recorregut que segueix la roba usada un cop la retirem dels nostres armaris. L\u2019objectiu de la meva recerca \u00e9s minimitzar l&#8217;impacte ambiental d&#8217;aquest trajecte. On acaba tota la roba que ja no volem? T&#8217;ho explico!<\/p>\n\n\n\n<p class=\"has-small-font-size\">Aquesta recerca est\u00e0 finan\u00e7ada per la Fundaci\u00f3 LaCaixa, a trav\u00e9s del <a href=\"https:\/\/fundacionlacaixa.org\/es\/becas-doctorado-inphinit-convocatoria-retaining\">programa de beques de doctorat INPhINIT Retaining 2023<\/a><\/p>\n\n\n\n<figure class=\"wp-block-image size-full is-resized\"><img loading=\"lazy\" decoding=\"async\" width=\"839\" height=\"201\" src=\"https:\/\/webs.uab.cat\/veus\/wp-content\/uploads\/sites\/475\/2024\/11\/logo_cat-1.webp\" alt=\"\" class=\"wp-image-247\" style=\"width:187px;height:auto\" srcset=\"https:\/\/webs.uab.cat\/veus\/wp-content\/uploads\/sites\/475\/2024\/11\/logo_cat-1.webp 839w, https:\/\/webs.uab.cat\/veus\/wp-content\/uploads\/sites\/475\/2024\/11\/logo_cat-1-300x72.webp 300w, https:\/\/webs.uab.cat\/veus\/wp-content\/uploads\/sites\/475\/2024\/11\/logo_cat-1-768x184.webp 768w\" sizes=\"auto, (max-width: 839px) 100vw, 839px\" \/><\/figure>\n<\/div><figure class=\"wp-block-media-text__media\"><img loading=\"lazy\" decoding=\"async\" width=\"800\" height=\"800\" src=\"https:\/\/webs.uab.cat\/veus\/wp-content\/uploads\/sites\/475\/2024\/10\/gemma-morell-web.png\" alt=\"\" class=\"wp-image-210 size-full\" srcset=\"https:\/\/webs.uab.cat\/veus\/wp-content\/uploads\/sites\/475\/2024\/10\/gemma-morell-web.png 800w, https:\/\/webs.uab.cat\/veus\/wp-content\/uploads\/sites\/475\/2024\/10\/gemma-morell-web-300x300.png 300w, https:\/\/webs.uab.cat\/veus\/wp-content\/uploads\/sites\/475\/2024\/10\/gemma-morell-web-150x150.png 150w, https:\/\/webs.uab.cat\/veus\/wp-content\/uploads\/sites\/475\/2024\/10\/gemma-morell-web-768x768.png 768w\" sizes=\"auto, (max-width: 800px) 100vw, 800px\" \/><\/figure><\/div>\n\n\n\n<div class=\"wp-block-media-text alignwide is-stacked-on-mobile\"><figure class=\"wp-block-media-text__media\"><img loading=\"lazy\" decoding=\"async\" width=\"800\" height=\"800\" src=\"https:\/\/webs.uab.cat\/veus\/wp-content\/uploads\/sites\/475\/2024\/11\/sergi-web.png\" alt=\"\" class=\"wp-image-220 size-full\" srcset=\"https:\/\/webs.uab.cat\/veus\/wp-content\/uploads\/sites\/475\/2024\/11\/sergi-web.png 800w, https:\/\/webs.uab.cat\/veus\/wp-content\/uploads\/sites\/475\/2024\/11\/sergi-web-300x300.png 300w, https:\/\/webs.uab.cat\/veus\/wp-content\/uploads\/sites\/475\/2024\/11\/sergi-web-150x150.png 150w, https:\/\/webs.uab.cat\/veus\/wp-content\/uploads\/sites\/475\/2024\/11\/sergi-web-768x768.png 768w\" sizes=\"auto, (max-width: 800px) 100vw, 800px\" \/><\/figure><div class=\"wp-block-media-text__content\">\n<h2 class=\"wp-block-heading\">Sergi Ballesp\u00ed<\/h2>\n\n\n\n<p>Soc doctor en psicologia i professor agregat. Investigo i parlo sobre els trastorns mentals i com tractar-los per\u00f2 em pregunto: per qu\u00e8 nom\u00e9s treballem en la salut mental quan la perdem? Qu\u00e8 passaria si les habilitats que es promouen en ter\u00e0pia, un cop tenim un problema, les treball\u00e9ssim abans de tenir-lo i per a no tenir-lo? Qu\u00e8 passaria si totes les persones creix\u00e9ssim aprenent a observar-nos, a con\u00e8ixer-nos, acceptar-nos, agradar-nos, regular-nos, pensar-nos i entendre\u2019ns millor amb nosaltres i els altres? I com ho podr\u00edem fer per a traslladar el treball en salut mental m\u00e9s enll\u00e0 del context cl\u00ednic i intentar que hi tingui acc\u00e9s tota la poblaci\u00f3?&nbsp;<\/p>\n<\/div><\/div>\n\n\n\n<div class=\"wp-block-media-text alignwide has-media-on-the-right is-stacked-on-mobile\"><div class=\"wp-block-media-text__content\">\n<h2 class=\"wp-block-heading\">Ana Isabel P\u00e9rez<\/h2>\n\n\n\n<p>Soc graduada en estudis superiors de m\u00fasica (especialitat en cant cl\u00e0ssic i contemporani) per l\u2019Escola Superior de M\u00fasica de Catalunya, graduada en Traducci\u00f3 i Interpretaci\u00f3 per la Universitat Aut\u00f2noma de Barcelona (UAB) i m\u00e0ster en Interpretaci\u00f3 de Confer\u00e8ncies (UAB). Actualment, exerceixo com a investigadora predoctoral al grup de recerca MIRAS (Mediaci\u00f3 i Interpretaci\u00f3: Recerca en l\u2019\u00c0mbit Social). En un m\u00f3n on la globalitzaci\u00f3 \u00e9s cada cop m\u00e9s present, la tasca dels int\u00e8rprets com a ponts entre lleng\u00fces i cultures esdev\u00e9 essencial per establir una comunicaci\u00f3 efica\u00e7 i de confian\u00e7a. Tanmateix, la feina de l\u2019int\u00e8rpret va molt m\u00e9s enll\u00e0 de les paraules. En aquesta xerrada descobrirem la import\u00e0ncia de la veu per tal que l\u2019int\u00e8rpret transmeti al p\u00fablic els missatges amb fidelitat, reflectint les emocions de l\u2019orador original i afavorint la comprensi\u00f3 del p\u00fablic, tot mantenint la professionalitat en cada moment.<\/p>\n<\/div><figure class=\"wp-block-media-text__media\"><img loading=\"lazy\" decoding=\"async\" width=\"800\" height=\"800\" src=\"https:\/\/webs.uab.cat\/veus\/wp-content\/uploads\/sites\/475\/2024\/10\/anabel-perez-web.png\" alt=\"\" class=\"wp-image-217 size-full\" srcset=\"https:\/\/webs.uab.cat\/veus\/wp-content\/uploads\/sites\/475\/2024\/10\/anabel-perez-web.png 800w, https:\/\/webs.uab.cat\/veus\/wp-content\/uploads\/sites\/475\/2024\/10\/anabel-perez-web-300x300.png 300w, https:\/\/webs.uab.cat\/veus\/wp-content\/uploads\/sites\/475\/2024\/10\/anabel-perez-web-150x150.png 150w, https:\/\/webs.uab.cat\/veus\/wp-content\/uploads\/sites\/475\/2024\/10\/anabel-perez-web-768x768.png 768w\" sizes=\"auto, (max-width: 800px) 100vw, 800px\" \/><\/figure><\/div>\n\n\n\n<div class=\"wp-block-media-text alignwide is-stacked-on-mobile\"><figure class=\"wp-block-media-text__media\"><img loading=\"lazy\" decoding=\"async\" width=\"800\" height=\"800\" src=\"https:\/\/webs.uab.cat\/veus\/wp-content\/uploads\/sites\/475\/2024\/11\/miquel-web.png\" alt=\"\" class=\"wp-image-219 size-full\" srcset=\"https:\/\/webs.uab.cat\/veus\/wp-content\/uploads\/sites\/475\/2024\/11\/miquel-web.png 800w, https:\/\/webs.uab.cat\/veus\/wp-content\/uploads\/sites\/475\/2024\/11\/miquel-web-300x300.png 300w, https:\/\/webs.uab.cat\/veus\/wp-content\/uploads\/sites\/475\/2024\/11\/miquel-web-150x150.png 150w, https:\/\/webs.uab.cat\/veus\/wp-content\/uploads\/sites\/475\/2024\/11\/miquel-web-768x768.png 768w\" sizes=\"auto, (max-width: 800px) 100vw, 800px\" \/><\/figure><div class=\"wp-block-media-text__content\">\n<h2 class=\"wp-block-heading\">Miquel Urmeneta<\/h2>\n\n\n\n<p>Soc periodista i doctor en Comunicaci\u00f3. Estic amb un peu als mitjans i l\u2019opini\u00f3 p\u00fablica; i, amb l\u2019altre, a la Universitat. Son dos mons separats i aquesta dist\u00e0ncia ens perjudica com a societat. De fet, crec que la veritable desinformaci\u00f3 no s\u00f3n les anomenades \u201cfake news\u201d sin\u00f3 la desconnexi\u00f3 entre el debat p\u00fablic i la recerca. En la meva xerrada explico aquest problema i apunto una soluci\u00f3 en la qual podem participar tots.<\/p>\n<\/div><\/div>\n\n\n\n<div class=\"wp-block-media-text alignwide has-media-on-the-right is-stacked-on-mobile\"><div class=\"wp-block-media-text__content\">\n<h2 class=\"wp-block-heading\">Zainab Ul Kausar<\/h2>\n\n\n\n<p>S\u00f3c enginyera qu\u00edmica amb un M\u00e0ster en Enginyeria Biol\u00f2gica i Ambiental per la Universitat Aut\u00f2noma de Barcelona, on actualment estic cursant el doctorat. La meva recerca se centra en la recuperaci\u00f3 de nitrogen d\u2019aig\u00fces residuals, la reducci\u00f3 electroqu\u00edmica de CO\u2082 a \u00e0cid f\u00f2rmic i la producci\u00f3 d\u2019\u00e0cid 3-hidroxipropi\u00f2nic amb el llevat&nbsp;<em>Pichia pastoris<\/em>. En aquest discurs, mostro com la ci\u00e8ncia pot transformar el CO\u2082, de residu problem\u00e0tic a recurs \u00fatil per crear biopl\u00e0stics sostenibles. Encara que estem lluny d\u2019una aplicaci\u00f3 industrial, aquesta recerca \u00e9s un primer pas cap a un futur m\u00e9s verd.<\/p>\n<\/div><figure class=\"wp-block-media-text__media\"><img loading=\"lazy\" decoding=\"async\" width=\"800\" height=\"800\" src=\"https:\/\/webs.uab.cat\/veus\/wp-content\/uploads\/sites\/475\/2024\/11\/zainab-web.png\" alt=\"\" class=\"wp-image-223 size-full\" srcset=\"https:\/\/webs.uab.cat\/veus\/wp-content\/uploads\/sites\/475\/2024\/11\/zainab-web.png 800w, https:\/\/webs.uab.cat\/veus\/wp-content\/uploads\/sites\/475\/2024\/11\/zainab-web-300x300.png 300w, https:\/\/webs.uab.cat\/veus\/wp-content\/uploads\/sites\/475\/2024\/11\/zainab-web-150x150.png 150w, https:\/\/webs.uab.cat\/veus\/wp-content\/uploads\/sites\/475\/2024\/11\/zainab-web-768x768.png 768w\" sizes=\"auto, (max-width: 800px) 100vw, 800px\" \/><\/figure><\/div>\n\n\n\n<div class=\"wp-block-media-text alignwide is-stacked-on-mobile\"><figure class=\"wp-block-media-text__media\"><img loading=\"lazy\" decoding=\"async\" width=\"800\" height=\"800\" src=\"https:\/\/webs.uab.cat\/veus\/wp-content\/uploads\/sites\/475\/2024\/11\/ester-parareda-web-1.png\" alt=\"\" class=\"wp-image-230 size-full\" srcset=\"https:\/\/webs.uab.cat\/veus\/wp-content\/uploads\/sites\/475\/2024\/11\/ester-parareda-web-1.png 800w, https:\/\/webs.uab.cat\/veus\/wp-content\/uploads\/sites\/475\/2024\/11\/ester-parareda-web-1-300x300.png 300w, https:\/\/webs.uab.cat\/veus\/wp-content\/uploads\/sites\/475\/2024\/11\/ester-parareda-web-1-150x150.png 150w, https:\/\/webs.uab.cat\/veus\/wp-content\/uploads\/sites\/475\/2024\/11\/ester-parareda-web-1-768x768.png 768w\" sizes=\"auto, (max-width: 800px) 100vw, 800px\" \/><\/figure><div class=\"wp-block-media-text__content\">\n<h2 class=\"wp-block-heading\">Ester Parareda<\/h2>\n\n\n\n<p>Soc advocada laboralista, llicenciada en dret a la UAB i m\u00e0ster en assessoria laboral, gesti\u00f3 d&#8217;equips i MBA. Actualment, estic realitzant un doctorat en dret laboral europeu, amb la idea de trobar un mitj\u00e0 efectiu per avan\u00e7ar cap a l\u2019harmonitzaci\u00f3 de les normatives laborals en els diferents estats membres que conformen la Uuni\u00f3 Europea. La meva investigaci\u00f3 proposa la utilitzaci\u00f3 de mecanismes amb efic\u00e0cia jur\u00eddica vinculant i el model de \u201cflexiseguretat\u201d dan\u00e8s per avan\u00e7ar cap a aquesta hegemonia, utilitzant la metodologia del dret comparat, contrastant els ordenaments jur\u00eddics laborals d\u2019Espanya i Dinamarca.&nbsp;<\/p>\n<\/div><\/div>\n\n\n\n<div class=\"wp-block-media-text has-media-on-the-right is-stacked-on-mobile\"><div class=\"wp-block-media-text__content\">\n<p class=\"has-small-font-size\">Amb la col\u00b7laboraci\u00f3 de<\/p>\n<\/div><figure class=\"wp-block-media-text__media\"><img loading=\"lazy\" decoding=\"async\" width=\"1024\" height=\"207\" src=\"https:\/\/webs.uab.cat\/veus\/wp-content\/uploads\/sites\/475\/2025\/01\/mcin-fecyt-web-1024x207.jpeg\" alt=\"\" class=\"wp-image-302 size-full\" srcset=\"https:\/\/webs.uab.cat\/veus\/wp-content\/uploads\/sites\/475\/2025\/01\/mcin-fecyt-web-1024x207.jpeg 1024w, https:\/\/webs.uab.cat\/veus\/wp-content\/uploads\/sites\/475\/2025\/01\/mcin-fecyt-web-300x61.jpeg 300w, https:\/\/webs.uab.cat\/veus\/wp-content\/uploads\/sites\/475\/2025\/01\/mcin-fecyt-web-768x155.jpeg 768w, https:\/\/webs.uab.cat\/veus\/wp-content\/uploads\/sites\/475\/2025\/01\/mcin-fecyt-web-1536x311.jpeg 1536w, https:\/\/webs.uab.cat\/veus\/wp-content\/uploads\/sites\/475\/2025\/01\/mcin-fecyt-web-2048x414.jpeg 2048w, https:\/\/webs.uab.cat\/veus\/wp-content\/uploads\/sites\/475\/2025\/01\/mcin-fecyt-web-1200x243.jpeg 1200w, https:\/\/webs.uab.cat\/veus\/wp-content\/uploads\/sites\/475\/2025\/01\/mcin-fecyt-web-1980x401.jpeg 1980w\" sizes=\"auto, (max-width: 1024px) 100vw, 1024px\" \/><\/figure><\/div>\n","protected":false},"excerpt":{"rendered":"<p>Sergi Ballesp\u00ed Soc doctor en psicologia i professor agregat. Investigo i parlo sobre els trastorns mentals i com tractar-los per\u00f2 em pregunto: per qu\u00e8 nom\u00e9s treballem en la salut mental quan la perdem? Qu\u00e8 passaria si les habilitats que es promouen en ter\u00e0pia, un cop tenim un problema, les treball\u00e9ssim abans de tenir-lo i per [&hellip;]<\/p>\n","protected":false},"author":20,"featured_media":0,"parent":0,"menu_order":0,"comment_status":"closed","ping_status":"closed","template":"","meta":{"footnotes":""},"class_list":["post-209","page","type-page","status-publish","hentry"],"_links":{"self":[{"href":"https:\/\/webs.uab.cat\/veus\/wp-json\/wp\/v2\/pages\/209","targetHints":{"allow":["GET"]}}],"collection":[{"href":"https:\/\/webs.uab.cat\/veus\/wp-json\/wp\/v2\/pages"}],"about":[{"href":"https:\/\/webs.uab.cat\/veus\/wp-json\/wp\/v2\/types\/page"}],"author":[{"embeddable":true,"href":"https:\/\/webs.uab.cat\/veus\/wp-json\/wp\/v2\/users\/20"}],"replies":[{"embeddable":true,"href":"https:\/\/webs.uab.cat\/veus\/wp-json\/wp\/v2\/comments?post=209"}],"version-history":[{"count":14,"href":"https:\/\/webs.uab.cat\/veus\/wp-json\/wp\/v2\/pages\/209\/revisions"}],"predecessor-version":[{"id":306,"href":"https:\/\/webs.uab.cat\/veus\/wp-json\/wp\/v2\/pages\/209\/revisions\/306"}],"wp:attachment":[{"href":"https:\/\/webs.uab.cat\/veus\/wp-json\/wp\/v2\/media?parent=209"}],"curies":[{"name":"wp","href":"https:\/\/api.w.org\/{rel}","templated":true}]}}