{"id":371,"date":"2025-07-10T12:28:16","date_gmt":"2025-07-10T10:28:16","guid":{"rendered":"https:\/\/webs.uab.cat\/veus\/?page_id=371"},"modified":"2025-11-17T16:30:08","modified_gmt":"2025-11-17T14:30:08","slug":"conferenciants-2","status":"publish","type":"page","link":"https:\/\/webs.uab.cat\/veus\/conferenciants-2\/","title":{"rendered":"Conferenciants"},"content":{"rendered":"\n<div class=\"wp-block-media-text alignwide has-media-on-the-right is-stacked-on-mobile\"><div class=\"wp-block-media-text__content\">\n<h2 class=\"wp-block-heading\">Anselm Rodrigo<\/h2>\n\n\n\n<p><strong>Catedr\u00e0tic d\u2019Ecologia<\/strong>&nbsp;a la UAB i investigador adscrit al CREAF. Coordinador del grau en Biologia Ambiental en dues ocasions i actualment coordina els Treballs de Fi de Grau de Biologia Ambiental.<br>Codirigeix, amb en Jordi Bosch, el&nbsp;<strong>Grup d\u2019Ecologia d\u2019Insectes i Pol\u00b7linitzaci\u00f3 (GEIP)<\/strong>&nbsp;del CREAF, que centra la seva recerca en millorar el coneixement de l\u2019abund\u00e0ncia i distribuci\u00f3 de les&nbsp;<strong>esp\u00e8cies d\u2019abelles silvestres a Catalunya<\/strong>, especialment en \u00e0rees naturals protegides. &nbsp;Estudien l\u2019efecte de&nbsp;<strong>l&#8217;heterogene\u00eftat del paisatge, la fragmentaci\u00f3 dels h\u00e0bitats, les pertorbacions i la variabilitat fenol\u00f2gica interanual en les comunitats de pol.linitzadors. <\/strong><br>Juntament amb altres membres del grup de recerca, participa activament en el disseny i desplegament del&nbsp;<strong>Pla Intersectorial de Conservaci\u00f3 dels Pol\u00b7linitzadors de Catalunya<\/strong>, que proposa diverses mesures fins al 2030 per revertir el declivi dels pol\u00b7linitzadors. Aquest pla es va iniciar amb un document diagn\u00f2stic sobre l\u2019estat dels pol\u00b7linitzadors a Catalunya, del qual n&#8217;\u00e9s coautor.<\/p>\n<\/div><figure class=\"wp-block-media-text__media\"><img loading=\"lazy\" decoding=\"async\" width=\"800\" height=\"800\" src=\"https:\/\/webs.uab.cat\/veus\/wp-content\/uploads\/sites\/475\/2025\/07\/anselm-web-1.png\" alt=\"\" class=\"wp-image-416 size-full\" srcset=\"https:\/\/webs.uab.cat\/veus\/wp-content\/uploads\/sites\/475\/2025\/07\/anselm-web-1.png 800w, https:\/\/webs.uab.cat\/veus\/wp-content\/uploads\/sites\/475\/2025\/07\/anselm-web-1-300x300.png 300w, https:\/\/webs.uab.cat\/veus\/wp-content\/uploads\/sites\/475\/2025\/07\/anselm-web-1-150x150.png 150w, https:\/\/webs.uab.cat\/veus\/wp-content\/uploads\/sites\/475\/2025\/07\/anselm-web-1-768x768.png 768w\" sizes=\"auto, (max-width: 800px) 100vw, 800px\" \/><\/figure><\/div>\n\n\n\n<div class=\"wp-block-media-text alignwide is-stacked-on-mobile\"><figure class=\"wp-block-media-text__media\"><img loading=\"lazy\" decoding=\"async\" width=\"800\" height=\"800\" src=\"https:\/\/webs.uab.cat\/veus\/wp-content\/uploads\/sites\/475\/2025\/07\/web-esther.png\" alt=\"\" class=\"wp-image-380 size-full\" srcset=\"https:\/\/webs.uab.cat\/veus\/wp-content\/uploads\/sites\/475\/2025\/07\/web-esther.png 800w, https:\/\/webs.uab.cat\/veus\/wp-content\/uploads\/sites\/475\/2025\/07\/web-esther-300x300.png 300w, https:\/\/webs.uab.cat\/veus\/wp-content\/uploads\/sites\/475\/2025\/07\/web-esther-150x150.png 150w, https:\/\/webs.uab.cat\/veus\/wp-content\/uploads\/sites\/475\/2025\/07\/web-esther-768x768.png 768w\" sizes=\"auto, (max-width: 800px) 100vw, 800px\" \/><\/figure><div class=\"wp-block-media-text__content\">\n<h2 class=\"wp-block-heading\">Esther L\u00e1zaro Sanz<\/h2>\n\n\n\n<p>Esther L\u00e1zaro Sanz \u00e9s Doctora en Filologia Espanyola per la UAB (Premi Extraordinari de Doctorat 2019) i curs\u00e0 el M\u00e0ster en Estudis Teatrals de la UAB i l\u2019Institut del Teatre. Treballa en metodologies de recerca-creaci\u00f3 especialitzada en mem\u00f2ria democr\u00e0tica des de les arts esc\u00e8niques i l\u2019audiovisual. Actualment \u00e9s investigadora postdoctoral Beatriu de Pin\u00f3s a la UAB, on dirigeix el projecte de recerca-creaci\u00f3 transdisciplinar FEMMEM. Compagina la recerca amb la dramat\u00fargia, la pr\u00e0ctica esc\u00e8nica, el documentalisme i el periodisme cultural.<\/p>\n\n\n\n<p><\/p>\n<\/div><\/div>\n\n\n\n<div class=\"wp-block-media-text alignwide has-media-on-the-right is-stacked-on-mobile\"><div class=\"wp-block-media-text__content\">\n<h2 class=\"wp-block-heading\">Nil Bosch Navarro<\/h2>\n\n\n\n<p>Nil Bosch Navarro \u00e9s Project Manager a l\u2019Institut de Dret i Tecnologia (IDT) de la Universitat Aut\u00f2noma de Barcelona, on s\u2019encarrega de la gesti\u00f3 de projectes finan\u00e7ats per la Uni\u00f3 Europea que estan basats en l\u2019\u00fas de la Intel\u00b7lig\u00e8ncia Artificial, com per exemple INDUX-R i OPTIMAI. Doctor en Hist\u00f2ria Contempor\u00e0nia, \u00e9s tamb\u00e9 membre del Centre d\u2019Estudis sobre Dictadures i Democr\u00e0cies (CEDID).<\/p>\n<\/div><figure class=\"wp-block-media-text__media\"><img loading=\"lazy\" decoding=\"async\" width=\"800\" height=\"800\" src=\"https:\/\/webs.uab.cat\/veus\/wp-content\/uploads\/sites\/475\/2025\/07\/nil-bosch-web.png\" alt=\"\" class=\"wp-image-372 size-full\" srcset=\"https:\/\/webs.uab.cat\/veus\/wp-content\/uploads\/sites\/475\/2025\/07\/nil-bosch-web.png 800w, https:\/\/webs.uab.cat\/veus\/wp-content\/uploads\/sites\/475\/2025\/07\/nil-bosch-web-300x300.png 300w, https:\/\/webs.uab.cat\/veus\/wp-content\/uploads\/sites\/475\/2025\/07\/nil-bosch-web-150x150.png 150w, https:\/\/webs.uab.cat\/veus\/wp-content\/uploads\/sites\/475\/2025\/07\/nil-bosch-web-768x768.png 768w\" sizes=\"auto, (max-width: 800px) 100vw, 800px\" \/><\/figure><\/div>\n\n\n\n<div class=\"wp-block-media-text alignwide is-stacked-on-mobile\"><figure class=\"wp-block-media-text__media\"><img loading=\"lazy\" decoding=\"async\" width=\"800\" height=\"800\" src=\"https:\/\/webs.uab.cat\/veus\/wp-content\/uploads\/sites\/475\/2025\/07\/alba-valenciano.png\" alt=\"\" class=\"wp-image-382 size-full\" srcset=\"https:\/\/webs.uab.cat\/veus\/wp-content\/uploads\/sites\/475\/2025\/07\/alba-valenciano.png 800w, https:\/\/webs.uab.cat\/veus\/wp-content\/uploads\/sites\/475\/2025\/07\/alba-valenciano-300x300.png 300w, https:\/\/webs.uab.cat\/veus\/wp-content\/uploads\/sites\/475\/2025\/07\/alba-valenciano-150x150.png 150w, https:\/\/webs.uab.cat\/veus\/wp-content\/uploads\/sites\/475\/2025\/07\/alba-valenciano-768x768.png 768w\" sizes=\"auto, (max-width: 800px) 100vw, 800px\" \/><\/figure><div class=\"wp-block-media-text__content\">\n<h2 class=\"wp-block-heading\">Alba Valenciano-Ma\u00f1\u00e9<\/h2>\n\n\n\n<p>S\u00f3c antrop\u00f2loga social, amb un inter\u00e8s especial per l\u2019antropologia econ\u00f2mica. Entre d\u2019altres temes vinculats als llegats colonials, he estudiat les pr\u00e0ctiques comercials de dones a Guinea Equatorial i els vincles que estableixen amb el poder pol\u00edtic local i el capitalisme global. M\u2019interessen particularment les formes amb qu\u00e8 es construeix i es sost\u00e9 la vida quotidiana en contextos marcats per la precarietat i la incertesa. Actualment s\u00f3c investigadora postdoctoral al Departament d\u2019Antropologia Social i Cultural. M\u2019agrada poder explicar el que faig als meus fills: aterrar conceptes complexos \u00e9s un repte que m\u2019apassiona.<\/p>\n<\/div><\/div>\n\n\n\n<div class=\"wp-block-media-text alignwide has-media-on-the-right is-stacked-on-mobile\"><div class=\"wp-block-media-text__content\">\n<h2 class=\"wp-block-heading\">Elena Olivera<\/h2>\n\n\n\n<p>Soc enginyera qu\u00edmica especialitzada en la gesti\u00f3 de residus. Sempre m&#8217;ha fascinat la idea de que la definici\u00f3 de residu nom\u00e9s t\u00e9 sentit en un context antropol\u00f2gic, a la natura no hi ha res que no tingui un paper a jugar en el cicle de l&#8217;ecosistema. Per aprendre com imitar aquest cicle continu de la natura, estic fent el doctorat al Grup GICOM del Departament d&#8217;Enginyeria Qu\u00edmica, Biol\u00f2gica i Ambiental. La meva recerca gira entorn de la valoritzaci\u00f3 de residus org\u00e0nics mitjan\u00e7ant el proc\u00e9s de compostatge i de l&#8217;adici\u00f3 del biocarb\u00f3, una Tecnologia d&#8217;Emmagatzematge de Carboni, tamb\u00e9 provinent d&#8217;altres residus.<\/p>\n<\/div><figure class=\"wp-block-media-text__media\"><img loading=\"lazy\" decoding=\"async\" width=\"800\" height=\"800\" src=\"https:\/\/webs.uab.cat\/veus\/wp-content\/uploads\/sites\/475\/2025\/07\/web-elena.png\" alt=\"\" class=\"wp-image-384 size-full\" srcset=\"https:\/\/webs.uab.cat\/veus\/wp-content\/uploads\/sites\/475\/2025\/07\/web-elena.png 800w, https:\/\/webs.uab.cat\/veus\/wp-content\/uploads\/sites\/475\/2025\/07\/web-elena-300x300.png 300w, https:\/\/webs.uab.cat\/veus\/wp-content\/uploads\/sites\/475\/2025\/07\/web-elena-150x150.png 150w, https:\/\/webs.uab.cat\/veus\/wp-content\/uploads\/sites\/475\/2025\/07\/web-elena-768x768.png 768w\" sizes=\"auto, (max-width: 800px) 100vw, 800px\" \/><\/figure><\/div>\n\n\n\n<div class=\"wp-block-media-text alignwide is-stacked-on-mobile\"><figure class=\"wp-block-media-text__media\"><img loading=\"lazy\" decoding=\"async\" width=\"800\" height=\"800\" src=\"https:\/\/webs.uab.cat\/veus\/wp-content\/uploads\/sites\/475\/2025\/11\/Sin-titulo-1.jpg\" alt=\"\" class=\"wp-image-516 size-full\" srcset=\"https:\/\/webs.uab.cat\/veus\/wp-content\/uploads\/sites\/475\/2025\/11\/Sin-titulo-1.jpg 800w, https:\/\/webs.uab.cat\/veus\/wp-content\/uploads\/sites\/475\/2025\/11\/Sin-titulo-1-300x300.jpg 300w, https:\/\/webs.uab.cat\/veus\/wp-content\/uploads\/sites\/475\/2025\/11\/Sin-titulo-1-150x150.jpg 150w, https:\/\/webs.uab.cat\/veus\/wp-content\/uploads\/sites\/475\/2025\/11\/Sin-titulo-1-768x768.jpg 768w\" sizes=\"auto, (max-width: 800px) 100vw, 800px\" \/><\/figure><div class=\"wp-block-media-text__content\">\n<h2 class=\"wp-block-heading\">Josep Cervell\u00f3<\/h2>\n\n\n\n<p>S\u00f3c historiador i egipt\u00f2leg, professor agregat a la UAB i director de l\u2019Institut d\u2019Estudis del Pr\u00f2xim Orient Antic. La meva recerca se centra en els per\u00edodes formatius de l\u2019antic Egipte, especialment en les primeres dinasties, la llengua i l\u2019escriptura, i els Textos de les Pir\u00e0mides. He participat en projectes arqueol\u00f2gics a Saqqara i publico regularment sobre hist\u00f2ria i cultura eg\u00edpcies. M\u2019apassiona transmetre aquest m\u00f3n antic de manera accessible i rigorosa, tant a l\u2019aula com en projectes de divulgaci\u00f3.<\/p>\n<\/div><\/div>\n","protected":false},"excerpt":{"rendered":"<p>Anselm Rodrigo Catedr\u00e0tic d\u2019Ecologia&nbsp;a la UAB i investigador adscrit al CREAF. Coordinador del grau en Biologia Ambiental en dues ocasions i actualment coordina els Treballs de Fi de Grau de Biologia Ambiental.Codirigeix, amb en Jordi Bosch, el&nbsp;Grup d\u2019Ecologia d\u2019Insectes i Pol\u00b7linitzaci\u00f3 (GEIP)&nbsp;del CREAF, que centra la seva recerca en millorar el coneixement de l\u2019abund\u00e0ncia i [&hellip;]<\/p>\n","protected":false},"author":20,"featured_media":0,"parent":0,"menu_order":0,"comment_status":"closed","ping_status":"closed","template":"","meta":{"footnotes":""},"class_list":["post-371","page","type-page","status-publish","hentry"],"_links":{"self":[{"href":"https:\/\/webs.uab.cat\/veus\/wp-json\/wp\/v2\/pages\/371","targetHints":{"allow":["GET"]}}],"collection":[{"href":"https:\/\/webs.uab.cat\/veus\/wp-json\/wp\/v2\/pages"}],"about":[{"href":"https:\/\/webs.uab.cat\/veus\/wp-json\/wp\/v2\/types\/page"}],"author":[{"embeddable":true,"href":"https:\/\/webs.uab.cat\/veus\/wp-json\/wp\/v2\/users\/20"}],"replies":[{"embeddable":true,"href":"https:\/\/webs.uab.cat\/veus\/wp-json\/wp\/v2\/comments?post=371"}],"version-history":[{"count":10,"href":"https:\/\/webs.uab.cat\/veus\/wp-json\/wp\/v2\/pages\/371\/revisions"}],"predecessor-version":[{"id":517,"href":"https:\/\/webs.uab.cat\/veus\/wp-json\/wp\/v2\/pages\/371\/revisions\/517"}],"wp:attachment":[{"href":"https:\/\/webs.uab.cat\/veus\/wp-json\/wp\/v2\/media?parent=371"}],"curies":[{"name":"wp","href":"https:\/\/api.w.org\/{rel}","templated":true}]}}