{"id":68,"date":"2023-11-04T18:02:38","date_gmt":"2023-11-04T16:02:38","guid":{"rendered":"https:\/\/webs.uab.cat\/veus\/?page_id=68"},"modified":"2023-11-08T08:23:39","modified_gmt":"2023-11-08T06:23:39","slug":"conferenciants","status":"publish","type":"page","link":"https:\/\/webs.uab.cat\/veus\/conferenciants\/","title":{"rendered":"Conferenciants"},"content":{"rendered":"\n<div class=\"wp-block-media-text alignwide has-media-on-the-right is-stacked-on-mobile\"><div class=\"wp-block-media-text__content\">\n<h2 class=\"wp-block-heading\">Antoni Palomo<\/h2>\n\n\n\n<p>Antoni Palomo, doctor en arqueologia prehist\u00f2rica, professor agregat i apassionat de la divulgaci\u00f3 cient\u00edfica.<\/p>\n\n\n\n<p>L\u2019origen de la humanitat \u00e9s un dels temes que ha ocupat i preocupat m\u00e9s a la ci\u00e8ncia. L\u2019evid\u00e8ncia de les primeres eines ha estat tradicionalment un dels elements sobre el qual s\u2019ha fonamentat la idea de l\u2019inici de la prehist\u00f2ria, per\u00f2 sabem que no nom\u00e9s \u00e9s pot atribuir a aquesta q\u00fcesti\u00f3. L\u2019estudi de la tecnologia ens permet observar que algunes innovacions van ser decisives en l\u2019evoluci\u00f3 humana i fins i tot a partir d\u2019alguns casos, es pot inferir que les eines podien tenir un \u00fas que depassa la q\u00fcesti\u00f3 estrictament funcional com \u00fatil de treball.<\/p>\n<\/div><figure class=\"wp-block-media-text__media\"><img loading=\"lazy\" decoding=\"async\" width=\"800\" height=\"800\" src=\"https:\/\/webs.uab.cat\/veus\/wp-content\/uploads\/sites\/475\/2023\/11\/web-veus-antoni.png\" alt=\"\" class=\"wp-image-85 size-full\" srcset=\"https:\/\/webs.uab.cat\/veus\/wp-content\/uploads\/sites\/475\/2023\/11\/web-veus-antoni.png 800w, https:\/\/webs.uab.cat\/veus\/wp-content\/uploads\/sites\/475\/2023\/11\/web-veus-antoni-300x300.png 300w, https:\/\/webs.uab.cat\/veus\/wp-content\/uploads\/sites\/475\/2023\/11\/web-veus-antoni-150x150.png 150w, https:\/\/webs.uab.cat\/veus\/wp-content\/uploads\/sites\/475\/2023\/11\/web-veus-antoni-768x768.png 768w\" sizes=\"auto, (max-width: 800px) 100vw, 800px\" \/><\/figure><\/div>\n\n\n\n<div class=\"wp-block-media-text alignwide is-stacked-on-mobile\"><figure class=\"wp-block-media-text__media\"><img loading=\"lazy\" decoding=\"async\" width=\"800\" height=\"800\" src=\"https:\/\/webs.uab.cat\/veus\/wp-content\/uploads\/sites\/475\/2023\/11\/web-veus-raquel.png\" alt=\"\" class=\"wp-image-70 size-full\" srcset=\"https:\/\/webs.uab.cat\/veus\/wp-content\/uploads\/sites\/475\/2023\/11\/web-veus-raquel.png 800w, https:\/\/webs.uab.cat\/veus\/wp-content\/uploads\/sites\/475\/2023\/11\/web-veus-raquel-300x300.png 300w, https:\/\/webs.uab.cat\/veus\/wp-content\/uploads\/sites\/475\/2023\/11\/web-veus-raquel-150x150.png 150w, https:\/\/webs.uab.cat\/veus\/wp-content\/uploads\/sites\/475\/2023\/11\/web-veus-raquel-768x768.png 768w\" sizes=\"auto, (max-width: 800px) 100vw, 800px\" \/><\/figure><div class=\"wp-block-media-text__content\">\n<h2 class=\"wp-block-heading\">Raquel C\u00f3rdoba<\/h2>\n\n\n\n<p>S\u00f3c llicenciada en Psicolog\u00eda a la Universitat Aut\u00f2noma de Barcelona i M\u00e0ster en Coaching i Lideratge Personal per la Universitat de Barcelona. La meva experi\u00e8ncia professional \u00e9s com Social Media Manager, per\u00f2 el que m\u00e9s m&#8217;apassiona \u00e9s la divulgaci\u00f3 de temes en Psicologia a trav\u00e9s de les xarxes socials.<\/p>\n<\/div><\/div>\n\n\n\n<div class=\"wp-block-media-text alignwide has-media-on-the-right is-stacked-on-mobile\"><div class=\"wp-block-media-text__content\">\n<h2 class=\"wp-block-heading\">Jose Antonio Bueno<\/h2>\n\n\n\n<p>Soy graduado en Biotecnolog\u00eda por la Universidad de Granada y M\u00e1ster en Biolog\u00eda Molecular Aplicada a Empresa Biotecnol\u00f3gica (BioEnterprise). Actualmente me encuentro realizando un programa de Doctorado en la Universitat Aut\u00f2noma de Barcelona, investigando sobre producci\u00f3n de biosurfactantes en un marco de bioeconom\u00eda circular. Me apasiona la publicidad en redes sociales, los cosm\u00e9ticos y el emprendimiento<\/p>\n<\/div><figure class=\"wp-block-media-text__media\"><img loading=\"lazy\" decoding=\"async\" width=\"800\" height=\"800\" src=\"https:\/\/webs.uab.cat\/veus\/wp-content\/uploads\/sites\/475\/2023\/11\/web-veus-jose.png\" alt=\"\" class=\"wp-image-69 size-full\" srcset=\"https:\/\/webs.uab.cat\/veus\/wp-content\/uploads\/sites\/475\/2023\/11\/web-veus-jose.png 800w, https:\/\/webs.uab.cat\/veus\/wp-content\/uploads\/sites\/475\/2023\/11\/web-veus-jose-300x300.png 300w, https:\/\/webs.uab.cat\/veus\/wp-content\/uploads\/sites\/475\/2023\/11\/web-veus-jose-150x150.png 150w, https:\/\/webs.uab.cat\/veus\/wp-content\/uploads\/sites\/475\/2023\/11\/web-veus-jose-768x768.png 768w\" sizes=\"auto, (max-width: 800px) 100vw, 800px\" \/><\/figure><\/div>\n\n\n\n<div class=\"wp-block-media-text alignwide is-stacked-on-mobile\"><figure class=\"wp-block-media-text__media\"><img loading=\"lazy\" decoding=\"async\" width=\"800\" height=\"800\" src=\"https:\/\/webs.uab.cat\/veus\/wp-content\/uploads\/sites\/475\/2023\/11\/web-veus-marina.png\" alt=\"\" class=\"wp-image-76 size-full\" srcset=\"https:\/\/webs.uab.cat\/veus\/wp-content\/uploads\/sites\/475\/2023\/11\/web-veus-marina.png 800w, https:\/\/webs.uab.cat\/veus\/wp-content\/uploads\/sites\/475\/2023\/11\/web-veus-marina-300x300.png 300w, https:\/\/webs.uab.cat\/veus\/wp-content\/uploads\/sites\/475\/2023\/11\/web-veus-marina-150x150.png 150w, https:\/\/webs.uab.cat\/veus\/wp-content\/uploads\/sites\/475\/2023\/11\/web-veus-marina-768x768.png 768w\" sizes=\"auto, (max-width: 800px) 100vw, 800px\" \/><\/figure><div class=\"wp-block-media-text__content\">\n<h2 class=\"wp-block-heading\">Marina Campos<\/h2>\n\n\n\n<p>Tecn\u00f2loga aliment\u00e0ria i divulgadora cient\u00edfica.&nbsp; En&nbsp;l\u2019era&nbsp;que&nbsp;tenim&nbsp;informaci\u00f3&nbsp;infinita a&nbsp;l\u2019abast&nbsp;de la&nbsp;nostra&nbsp;m\u00e0, la&nbsp;desinformaci\u00f3&nbsp;i les&nbsp;not\u00edcies&nbsp;falses entren al xat per omplir internet de contingut poc rigur\u00f3s. Es calcula que el 30% d&#8217;aquestes not\u00edcies s\u00f3n sobre alimentaci\u00f3 i aix\u00f2 provoca que un acte tan quotidi\u00e0 com \u00e9s menjar es converteixi en un dilema constant sobre el que \u00e9s millor consumir o no. Per aix\u00f2 en aquesta xerrada desmentirem mites que fa anys porten instaurats a les nostres cuines mitjan\u00e7ant l&#8217;evid\u00e8ncia cient\u00edfica. <\/p>\n<\/div><\/div>\n\n\n\n<div class=\"wp-block-media-text alignwide has-media-on-the-right is-stacked-on-mobile\"><div class=\"wp-block-media-text__content\">\n<h2 class=\"wp-block-heading\">Jose \u00c1vila<\/h2>\n\n\n\n<p>S\u00f3c graduat en Arqueologia per la Universitat Aut\u00f2noma de Barcelona i M\u00e0ster en Hist\u00f2ria de la Ci\u00e8ncia: especialitat en Cultura Material, Patrimoni i Comunicaci\u00f3 per la Universitat de Barcelona i la Universitat Aut\u00f2noma de Barcelona. Actualment exerceixo com a investigador predoctoral en arqueologia prehist\u00f2rica t\u00e8xtil al grup d&#8217;Arqueoecologia Social del Mediterrani (ASOME).<\/p>\n<\/div><figure class=\"wp-block-media-text__media\"><img loading=\"lazy\" decoding=\"async\" width=\"800\" height=\"800\" src=\"https:\/\/webs.uab.cat\/veus\/wp-content\/uploads\/sites\/475\/2023\/11\/web-veus-jose-avila-1.png\" alt=\"\" class=\"wp-image-80 size-full\" srcset=\"https:\/\/webs.uab.cat\/veus\/wp-content\/uploads\/sites\/475\/2023\/11\/web-veus-jose-avila-1.png 800w, https:\/\/webs.uab.cat\/veus\/wp-content\/uploads\/sites\/475\/2023\/11\/web-veus-jose-avila-1-300x300.png 300w, https:\/\/webs.uab.cat\/veus\/wp-content\/uploads\/sites\/475\/2023\/11\/web-veus-jose-avila-1-150x150.png 150w, https:\/\/webs.uab.cat\/veus\/wp-content\/uploads\/sites\/475\/2023\/11\/web-veus-jose-avila-1-768x768.png 768w\" sizes=\"auto, (max-width: 800px) 100vw, 800px\" \/><\/figure><\/div>\n\n\n\n<div class=\"wp-block-media-text alignwide is-stacked-on-mobile\"><figure class=\"wp-block-media-text__media\"><img loading=\"lazy\" decoding=\"async\" width=\"800\" height=\"800\" src=\"https:\/\/webs.uab.cat\/veus\/wp-content\/uploads\/sites\/475\/2023\/11\/web-veus-irene.png\" alt=\"\" class=\"wp-image-84 size-full\" srcset=\"https:\/\/webs.uab.cat\/veus\/wp-content\/uploads\/sites\/475\/2023\/11\/web-veus-irene.png 800w, https:\/\/webs.uab.cat\/veus\/wp-content\/uploads\/sites\/475\/2023\/11\/web-veus-irene-300x300.png 300w, https:\/\/webs.uab.cat\/veus\/wp-content\/uploads\/sites\/475\/2023\/11\/web-veus-irene-150x150.png 150w, https:\/\/webs.uab.cat\/veus\/wp-content\/uploads\/sites\/475\/2023\/11\/web-veus-irene-768x768.png 768w\" sizes=\"auto, (max-width: 800px) 100vw, 800px\" \/><\/figure><div class=\"wp-block-media-text__content\">\n<h2 class=\"wp-block-heading\">Irene Subiza<\/h2>\n\n\n\n<p>Soy doctora en Psicolog\u00eda Cl\u00ednica y de la Salud y Psic\u00f3loga General Sanitaria por la UAB. Me interesa el estudio de la imagen corporal, la influencia de la cultura de masas y los procesos de socializaci\u00f3n diferencial sobre la construcci\u00f3n de la autoestima corporal, el bienestar y la salud mental.<\/p>\n<\/div><\/div>\n\n\n\n<div class=\"wp-block-media-text alignwide has-media-on-the-right is-stacked-on-mobile\"><div class=\"wp-block-media-text__content\">\n<h2 class=\"wp-block-heading\">Bion\u00e0ries<\/h2>\n\n\n\n<h3 class=\"wp-block-heading\">Martina Arasa<\/h3>\n\n\n\n<p>Som les Bion\u00e0ries, un projecte portat per tres bi\u00f2logues ambientals amb l&#8217;objectiu de compartir i divulgar la nostra passi\u00f3 per la natura. Amb aquesta xerrada pretenem relacionar dos termes d&#8217;actual\u00a0preocupaci\u00f3, el canvi clim\u00e0tic i la intel\u00b7lig\u00e8ncia artificial. Per una banda, el canvi clim\u00e0tic amena\u00e7a la nostra exist\u00e8ncia i, la intel\u00b7lig\u00e8ncia artificial, amena\u00e7a els nostres llocs de treball. Esteu preparats per descobrir com posar soluci\u00f3 a aquest problema?<\/p>\n<\/div><figure class=\"wp-block-media-text__media\"><img loading=\"lazy\" decoding=\"async\" width=\"800\" height=\"800\" src=\"https:\/\/webs.uab.cat\/veus\/wp-content\/uploads\/sites\/475\/2023\/11\/web-veus-bionaries.png\" alt=\"\" class=\"wp-image-83 size-full\" srcset=\"https:\/\/webs.uab.cat\/veus\/wp-content\/uploads\/sites\/475\/2023\/11\/web-veus-bionaries.png 800w, https:\/\/webs.uab.cat\/veus\/wp-content\/uploads\/sites\/475\/2023\/11\/web-veus-bionaries-300x300.png 300w, https:\/\/webs.uab.cat\/veus\/wp-content\/uploads\/sites\/475\/2023\/11\/web-veus-bionaries-150x150.png 150w, https:\/\/webs.uab.cat\/veus\/wp-content\/uploads\/sites\/475\/2023\/11\/web-veus-bionaries-768x768.png 768w\" sizes=\"auto, (max-width: 800px) 100vw, 800px\" \/><\/figure><\/div>\n","protected":false},"excerpt":{"rendered":"<p>Antoni Palomo Antoni Palomo, doctor en arqueologia prehist\u00f2rica, professor agregat i apassionat de la divulgaci\u00f3 cient\u00edfica. L\u2019origen de la humanitat \u00e9s un dels temes que ha ocupat i preocupat m\u00e9s a la ci\u00e8ncia. L\u2019evid\u00e8ncia de les primeres eines ha estat tradicionalment un dels elements sobre el qual s\u2019ha fonamentat la idea de l\u2019inici de la [&hellip;]<\/p>\n","protected":false},"author":20,"featured_media":0,"parent":0,"menu_order":0,"comment_status":"closed","ping_status":"closed","template":"","meta":{"footnotes":""},"class_list":["post-68","page","type-page","status-publish","hentry"],"_links":{"self":[{"href":"https:\/\/webs.uab.cat\/veus\/wp-json\/wp\/v2\/pages\/68","targetHints":{"allow":["GET"]}}],"collection":[{"href":"https:\/\/webs.uab.cat\/veus\/wp-json\/wp\/v2\/pages"}],"about":[{"href":"https:\/\/webs.uab.cat\/veus\/wp-json\/wp\/v2\/types\/page"}],"author":[{"embeddable":true,"href":"https:\/\/webs.uab.cat\/veus\/wp-json\/wp\/v2\/users\/20"}],"replies":[{"embeddable":true,"href":"https:\/\/webs.uab.cat\/veus\/wp-json\/wp\/v2\/comments?post=68"}],"version-history":[{"count":11,"href":"https:\/\/webs.uab.cat\/veus\/wp-json\/wp\/v2\/pages\/68\/revisions"}],"predecessor-version":[{"id":92,"href":"https:\/\/webs.uab.cat\/veus\/wp-json\/wp\/v2\/pages\/68\/revisions\/92"}],"wp:attachment":[{"href":"https:\/\/webs.uab.cat\/veus\/wp-json\/wp\/v2\/media?parent=68"}],"curies":[{"name":"wp","href":"https:\/\/api.w.org\/{rel}","templated":true}]}}