{"id":27,"date":"2010-04-10T03:05:10","date_gmt":"2010-04-10T03:05:10","guid":{"rendered":"https:\/\/webs.uab.cat\/videogamesaccess\/committees\/"},"modified":"2026-03-09T16:18:06","modified_gmt":"2026-03-09T16:18:06","slug":"committees","status":"publish","type":"page","link":"https:\/\/webs.uab.cat\/videogamesaccess\/committees\/","title":{"rendered":"Committees"},"content":{"rendered":"\n<h2 class=\"wp-block-heading\"><strong>Organising committee <\/strong>(TransMedia Catalonia)<\/h2>\n\n\n\n<p><strong>Carme Mangiron<\/strong> (leader)<\/p>\n\n\n\n<p><strong>Mario Cuitavi<\/strong><\/p>\n\n\n\n<p><strong>Anna Matamala<\/strong><\/p>\n\n\n\n<p><strong>Estel\u00b7la Oncins<\/strong>,<\/p>\n\n\n\n<p><strong>Aikaterini Tsaousi<\/strong><\/p>\n\n\n\n<p><\/p>\n\n\n\n<h2 class=\"wp-block-heading\"><strong>Scientific committee <\/strong><\/h2>\n\n\n\n<p><strong>Jos\u00e9 Ram\u00f3n Belda<\/strong>, Universitat d&#8217;Alacant<\/p>\n\n\n\n<p><strong>Jos\u00e9 Ram\u00f3n Calvo<\/strong>, Universitat d&#8217;Alacant<\/p>\n\n\n\n<p><strong>Miko\u0142aj Deckert<\/strong>, University of \u0141\u00f3d\u017a<\/p>\n\n\n\n<p><strong>Krzysztof Hejduk,<\/strong> University of \u0141\u00f3d\u017a<br><br><strong>Carme Mangiron<\/strong>, Universitat Aut\u00f2noma de Barcelona<\/p>\n\n\n\n<p><strong>Pablo Mu\u00f1oz<\/strong>, Freelance translator&nbsp;<\/p>\n\n\n\n<p><strong>Miquel Pujol,&nbsp;<\/strong>Universitat de Vic<\/p>\n\n\n\n<p><strong>Xiaochun Zhang<\/strong>, University College London<\/p>\n","protected":false},"excerpt":{"rendered":"<p>Organising committee (TransMedia Catalonia) Carme Mangiron (leader) Mario Cuitavi Anna Matamala Estel\u00b7la Oncins, Aikaterini Tsaousi Scientific committee Jos\u00e9 Ram\u00f3n Belda, Universitat d&#8217;Alacant Jos\u00e9 Ram\u00f3n Calvo, Universitat d&#8217;Alacant Miko\u0142aj Deckert, University of \u0141\u00f3d\u017a Krzysztof Hejduk, University of \u0141\u00f3d\u017a Carme Mangiron, Universitat Aut\u00f2noma de Barcelona Pablo Mu\u00f1oz, Freelance translator&nbsp; Miquel Pujol,&nbsp;Universitat de Vic Xiaochun Zhang, University College [&hellip;]<\/p>\n","protected":false},"author":20,"featured_media":0,"parent":0,"menu_order":0,"comment_status":"closed","ping_status":"closed","template":"","meta":{"footnotes":""},"class_list":["post-27","page","type-page","status-publish","hentry"],"_links":{"self":[{"href":"https:\/\/webs.uab.cat\/videogamesaccess\/wp-json\/wp\/v2\/pages\/27","targetHints":{"allow":["GET"]}}],"collection":[{"href":"https:\/\/webs.uab.cat\/videogamesaccess\/wp-json\/wp\/v2\/pages"}],"about":[{"href":"https:\/\/webs.uab.cat\/videogamesaccess\/wp-json\/wp\/v2\/types\/page"}],"author":[{"embeddable":true,"href":"https:\/\/webs.uab.cat\/videogamesaccess\/wp-json\/wp\/v2\/users\/20"}],"replies":[{"embeddable":true,"href":"https:\/\/webs.uab.cat\/videogamesaccess\/wp-json\/wp\/v2\/comments?post=27"}],"version-history":[{"count":8,"href":"https:\/\/webs.uab.cat\/videogamesaccess\/wp-json\/wp\/v2\/pages\/27\/revisions"}],"predecessor-version":[{"id":654,"href":"https:\/\/webs.uab.cat\/videogamesaccess\/wp-json\/wp\/v2\/pages\/27\/revisions\/654"}],"wp:attachment":[{"href":"https:\/\/webs.uab.cat\/videogamesaccess\/wp-json\/wp\/v2\/media?parent=27"}],"curies":[{"name":"wp","href":"https:\/\/api.w.org\/{rel}","templated":true}]}}