{"id":102,"date":"2019-01-19T13:07:40","date_gmt":"2019-01-19T13:07:40","guid":{"rendered":"https:\/\/webs.uab.cat\/vilarroya\/investigacion\/"},"modified":"2024-04-25T16:03:58","modified_gmt":"2024-04-25T16:03:58","slug":"investigacion","status":"publish","type":"page","link":"https:\/\/webs.uab.cat\/vilarroya\/es\/investigacion\/","title":{"rendered":"Investigaci\u00f3n"},"content":{"rendered":"\n<p>Coordino la Unidad de Investigaci\u00f3n en Neurociencia Cognitiva (URNC) (SGR: 2021 SGR 00121) en la Universidad Aut\u00f3noma de Barcelona (UAB) y en el Hospital del Mar Medical Research Institute (IMIM). La URNC aplica t\u00e9cnicas de neuroimagen, neuropsicol\u00f3gicas y metabol\u00f3micas para estudiar las dimensiones neuronales y psicol\u00f3gicas de los fen\u00f3menos sociales fundamentales, incluidas las adaptaciones para la maternidad, el altruismo y la prosocialidad, y en situaciones en que estos procesos provocan problemas de salud mental. La URNC ha publicado en <em>Nature Neuroscience, JAMA Psychiatry, American Journal of Psychiatry, PNAS,<\/em> entre otros.<\/p>\n\n\n\n<p>Actualmente, el grupo tiene activas las siguientes l\u00edneas de investigaci\u00f3n: Adaptaciones para la maternidad durante el embarazo y el postparto; trastornos mentales durante el embarazo y el postparto, y la neurociencia social de la din\u00e1mica de grupo. El grupo cuenta con una beca ERC Advanced Grant activa, una Fundaci\u00f3n \u201cla Caixa\u201d Research Health, Horizon Pathfinder, un FIS, una Marat\u00f3 de TV3 y un Retos I+D.<\/p>\n\n\n\n<p><\/p>\n","protected":false},"excerpt":{"rendered":"<p>Coordino la Unidad de Investigaci\u00f3n en Neurociencia Cognitiva (URNC) (SGR: 2021 SGR 00121) en la Universidad Aut\u00f3noma de Barcelona (UAB) y en el Hospital del Mar Medical Research Institute (IMIM). La URNC aplica t\u00e9cnicas de neuroimagen, neuropsicol\u00f3gicas y metabol\u00f3micas para estudiar las dimensiones neuronales y psicol\u00f3gicas de los fen\u00f3menos sociales fundamentales, incluidas las adaptaciones para [&hellip;]<\/p>\n","protected":false},"author":20,"featured_media":0,"parent":0,"menu_order":0,"comment_status":"closed","ping_status":"closed","template":"","meta":{"footnotes":""},"class_list":["post-102","page","type-page","status-publish","hentry"],"_links":{"self":[{"href":"https:\/\/webs.uab.cat\/vilarroya\/es\/wp-json\/wp\/v2\/pages\/102","targetHints":{"allow":["GET"]}}],"collection":[{"href":"https:\/\/webs.uab.cat\/vilarroya\/es\/wp-json\/wp\/v2\/pages"}],"about":[{"href":"https:\/\/webs.uab.cat\/vilarroya\/es\/wp-json\/wp\/v2\/types\/page"}],"author":[{"embeddable":true,"href":"https:\/\/webs.uab.cat\/vilarroya\/es\/wp-json\/wp\/v2\/users\/20"}],"replies":[{"embeddable":true,"href":"https:\/\/webs.uab.cat\/vilarroya\/es\/wp-json\/wp\/v2\/comments?post=102"}],"version-history":[{"count":2,"href":"https:\/\/webs.uab.cat\/vilarroya\/es\/wp-json\/wp\/v2\/pages\/102\/revisions"}],"predecessor-version":[{"id":358,"href":"https:\/\/webs.uab.cat\/vilarroya\/es\/wp-json\/wp\/v2\/pages\/102\/revisions\/358"}],"wp:attachment":[{"href":"https:\/\/webs.uab.cat\/vilarroya\/es\/wp-json\/wp\/v2\/media?parent=102"}],"curies":[{"name":"wp","href":"https:\/\/api.w.org\/{rel}","templated":true}]}}