{"id":90,"date":"2016-05-02T10:11:34","date_gmt":"2016-05-02T10:11:34","guid":{"rendered":"https:\/\/webs.uab.cat\/vilarroya\/neuroimagen\/"},"modified":"2025-02-07T13:36:07","modified_gmt":"2025-02-07T13:36:07","slug":"neuroimagen","status":"publish","type":"page","link":"https:\/\/webs.uab.cat\/vilarroya\/es\/neuroimagen\/","title":{"rendered":"Matrescencia"},"content":{"rendered":"\n<h2 class=\"wp-block-heading\"><strong>L\u00edneas de investigaci\u00f3n activas<\/strong><\/h2>\n\n\n\n<p class=\"has-normal-font-size\"><strong>Reorganizaci\u00f3n del cerebro orientada a la maternidad.<\/strong><\/p>\n\n\n\n<p>Durante el embarazo, el cerebro experimenta importantes adaptaciones que preparan a las mujeres para los desaf\u00edos de la maternidad. Concretamente, nuestros estudios previos han revelado que la red cerebral de cognici\u00f3n social de mujeres embarazadas experimenta modificaciones sistem\u00e1ticas, que persisten al menos dos a\u00f1os despu\u00e9s del parto, contribuyendo a la relaci\u00f3n de las madres con sus beb\u00e9s. El proyecto actual desarrollar\u00e1 un modelo de adaptaciones que se producen en las mujeres durante el embarazo y el postparto. El proyecto prev\u00e9 establecer cu\u00e1ndo y c\u00f3mo se reorganiza el cerebro durante el embarazo, los cambios neuropsicol\u00f3gicos durante este per\u00edodo, as\u00ed como identificar los mediadores hormonales que pueden participar en esta reorganizaci\u00f3n cerebral. El objetivo final del proyecto es integrar los hallazgos neuronales, neuropsicol\u00f3gicos y metabol\u00f3micos en un modelo de desarrollo del comportamiento materno.<\/p>\n\n\n\n<p>Financiaci\u00f3n<\/p>\n\n\n\n<p>ERC-2019-ADG \u2013 ERC Advanced Grant (883069) (PI: Oscar Vilarroya; Import: 2.465.131 \u20ac; Durada: 2020-2025)<\/p>\n\n\n\n<p>Publicaciones relevantes<\/p>\n\n\n\n<p>Servin-Barthet, C., Mart\u00ednez-Garc\u00eda, M., Paternina-Die, M., Marcos-Vidal, L., Mart\u00edn de Blas, D., Soler, A., Khymenets, O., Berg\u00e9, D., Casals, G., Prats, P., Pozo, O. J., Pretus, C., Carmona, S., &amp; Vilarroya, O. (2025). Pregnancy entails a U-shaped trajectory in human brain structure linked to hormones and maternal attachment. <em>Nature Communications<\/em>, 16(1). https:\/\/doi.org\/10.1038\/s41467-025-55830-0.<\/p>\n\n\n\n<p>Servin-Barthet, C., Mart\u00ednez-Garc\u00eda, M., Pretus, C. Paternina-Die M, Soler A, Khymenets O, Pozo O, Leuner B, Vilarroya O*, Carmona S. The transition to motherhood: linking hormones, brain and behaviour. <em>Nat. Rev. Neurosci<\/em>. 24, 605\u2013619 (2023). <a href=\"https:\/\/doi.org\/10.1038\/s41583-023-00733-6\">https:\/\/doi.org\/10.1038\/s41583-023-00733-6<\/a><\/p>\n\n\n\n<p>Carmona S*, (&#8230;) Vilarroya O*, Desco M, and Hoekzema E (2019) <a href=\"https:\/\/onlinelibrary.wiley.com\/doi\/10.1002\/hbm.24513\">Pregnancy and adolescence entail similar neuroanatomical adaptations<\/a>: A comparative analysis of cerebral morphometric changes. <em>Hum Brain Mapp<\/em>. 2019;1\u201310.<\/p>\n\n\n\n<p>Hoekzema E*, (&#8230;)Oscar Vilarroya (2017) <a href=\"https:\/\/www.nature.com\/articles\/nn.4458\">Pregnancy changes the brain: transitioning into motherhood involves long-lasting alterations in human brain structure<\/a>. Nature Neuroscience&nbsp;&nbsp;&nbsp; 20(2): 287-296.<\/p>\n","protected":false},"excerpt":{"rendered":"<p>L\u00edneas de investigaci\u00f3n activas Reorganizaci\u00f3n del cerebro orientada a la maternidad. Durante el embarazo, el cerebro experimenta importantes adaptaciones que preparan a las mujeres para los desaf\u00edos de la maternidad. Concretamente, nuestros estudios previos han revelado que la red cerebral de cognici\u00f3n social de mujeres embarazadas experimenta modificaciones sistem\u00e1ticas, que persisten al menos dos a\u00f1os [&hellip;]<\/p>\n","protected":false},"author":20,"featured_media":0,"parent":0,"menu_order":0,"comment_status":"closed","ping_status":"closed","template":"","meta":{"footnotes":""},"class_list":["post-90","page","type-page","status-publish","hentry"],"_links":{"self":[{"href":"https:\/\/webs.uab.cat\/vilarroya\/es\/wp-json\/wp\/v2\/pages\/90","targetHints":{"allow":["GET"]}}],"collection":[{"href":"https:\/\/webs.uab.cat\/vilarroya\/es\/wp-json\/wp\/v2\/pages"}],"about":[{"href":"https:\/\/webs.uab.cat\/vilarroya\/es\/wp-json\/wp\/v2\/types\/page"}],"author":[{"embeddable":true,"href":"https:\/\/webs.uab.cat\/vilarroya\/es\/wp-json\/wp\/v2\/users\/20"}],"replies":[{"embeddable":true,"href":"https:\/\/webs.uab.cat\/vilarroya\/es\/wp-json\/wp\/v2\/comments?post=90"}],"version-history":[{"count":5,"href":"https:\/\/webs.uab.cat\/vilarroya\/es\/wp-json\/wp\/v2\/pages\/90\/revisions"}],"predecessor-version":[{"id":602,"href":"https:\/\/webs.uab.cat\/vilarroya\/es\/wp-json\/wp\/v2\/pages\/90\/revisions\/602"}],"wp:attachment":[{"href":"https:\/\/webs.uab.cat\/vilarroya\/es\/wp-json\/wp\/v2\/media?parent=90"}],"curies":[{"name":"wp","href":"https:\/\/api.w.org\/{rel}","templated":true}]}}