{"id":112,"date":"2019-01-24T12:11:23","date_gmt":"2019-01-24T12:11:23","guid":{"rendered":"https:\/\/webs.uab.cat\/vilarroya\/ficcio\/"},"modified":"2023-03-10T08:06:51","modified_gmt":"2023-03-10T08:06:51","slug":"ficcio","status":"publish","type":"page","link":"https:\/\/webs.uab.cat\/vilarroya\/ficcio\/","title":{"rendered":"Ficci\u00f3"},"content":{"rendered":"<div class=\"wp-block-image\">\n<figure class=\"alignleft size-full is-resized\"><img decoding=\"async\" src=\"https:\/\/webs.uab.cat\/vilarroya\/wp-content\/uploads\/sites\/384\/2023\/03\/image-8.png\" alt=\"\" class=\"wp-image-283\" width=\"182\" srcset=\"https:\/\/webs.uab.cat\/vilarroya\/wp-content\/uploads\/sites\/384\/2023\/03\/image-8.png 300w, https:\/\/webs.uab.cat\/vilarroya\/wp-content\/uploads\/sites\/384\/2023\/03\/image-8-197x300.png 197w\" sizes=\"(max-width: 300px) 100vw, 300px\" \/><\/figure>\n<\/div>\n\n\n<h2 class=\"wp-block-heading\">Joc net<\/h2>\n\n\n\n<h3 class=\"wp-block-heading\">Premi &#8220;Ferran Canyameres&#8221; 2004<\/h3>\n\n\n\n<p><em>Joc net<\/em>&nbsp;\u00e9s una novel\u00b7la d&#8217;intriga cient\u00edfica que desenvolupa una trama d&#8217;acci\u00f3 amb la intel\u00b7lig\u00e8ncia artificial com a tema de fons. Pau Ponsirenes \u00e9s un especialista en rob\u00f2tica que dirigeix un projecte secret que li ha encarregat el govern d&#8217;una pot\u00e8ncia mundial. De manera sobtada, Pau Ponsirenes desapareix del seu lloc de treball sense deixar rastre. Els protagonistes seguiran la pista de Pau Ponsirenes a la recerca dels qu\u00e8s i els perqu\u00e8s, el que els portar\u00e0 a emprar els seus coneixements cient\u00edfics i la seva habilitat per desxifrar a personatges intrigants, encara que la seva ast\u00facia no els protegir\u00e0 d&#8217;un desenlla\u00e7 dram\u00e0tic i sorprenent.<\/p>\n\n\n\n<p><strong><em><a rel=\"noreferrer noopener\" href=\"https:\/\/www.pageseditors.cat\/ca\/joc-net.html\" target=\"_blank\">Joc net<\/a><\/em><\/strong><br>Oscar Vilarroya<br>Pag\u00e8s Editors, 2004<\/p>\n\n\n<div class=\"wp-block-image\">\n<figure class=\"alignleft size-full is-resized\"><img decoding=\"async\" src=\"https:\/\/webs.uab.cat\/vilarroya\/wp-content\/uploads\/sites\/384\/2023\/03\/image-9.png\" alt=\"\" class=\"wp-image-287\" width=\"182\"\/><\/figure>\n<\/div>\n\n\n<h2 class=\"wp-block-heading\"> De botxins i gots d&#8217;aigua<\/h2>\n\n\n\n<h3 class=\"wp-block-heading\">Premi &#8220;Micalet&#8221; 2002<\/h3>\n\n\n\n<p><em>De botxins i gots d\u2019aigua<\/em> \u00e9s una obra de teatre que parteix del tema de l&#8217;Alzheimer en l&#8217;\u00e0mbit familiar. L&#8217;acci\u00f3 es desenvolupa, per\u00f2, fora entorn dom\u00e8stic, en un hivernacle abandonat on viuen dos captaires que es convertiran en un contrapunt a la convencionalitat del tema central. A partir d&#8217;aqu\u00ed, els personatges van revelant conflictes personals i familiars en el context dels problemes de la comunicaci\u00f3 humana i del paper fonamental que juga en ella la imaginaci\u00f3 guiada a partir de les nostres viv\u00e8ncies.<\/p>\n\n\n\n<p><strong><em><a href=\"http:\/\/editorialdenes.com\/index.php?page=shop.product_details&amp;category_id=16&amp;flypage=flypage.tpl&amp;product_id=168&amp;option=com_virtuemart&amp;Itemid=31\" target=\"_blank\" rel=\"noopener\">De botxins i gots d&#8217;aigua<\/a><\/em><\/strong><br>Oscar Vilarroya<br>Denes, 2002<\/p>\n","protected":false},"excerpt":{"rendered":"<p>Joc net Premi &#8220;Ferran Canyameres&#8221; 2004 Joc net&nbsp;\u00e9s una novel\u00b7la d&#8217;intriga cient\u00edfica que desenvolupa una trama d&#8217;acci\u00f3 amb la intel\u00b7lig\u00e8ncia artificial com a tema de fons. Pau Ponsirenes \u00e9s un especialista en rob\u00f2tica que dirigeix un projecte secret que li ha encarregat el govern d&#8217;una pot\u00e8ncia mundial. De manera sobtada, Pau Ponsirenes desapareix del seu [&hellip;]<\/p>\n","protected":false},"author":20,"featured_media":0,"parent":0,"menu_order":0,"comment_status":"closed","ping_status":"closed","template":"","meta":{"footnotes":""},"class_list":["post-112","page","type-page","status-publish","hentry"],"_links":{"self":[{"href":"https:\/\/webs.uab.cat\/vilarroya\/wp-json\/wp\/v2\/pages\/112","targetHints":{"allow":["GET"]}}],"collection":[{"href":"https:\/\/webs.uab.cat\/vilarroya\/wp-json\/wp\/v2\/pages"}],"about":[{"href":"https:\/\/webs.uab.cat\/vilarroya\/wp-json\/wp\/v2\/types\/page"}],"author":[{"embeddable":true,"href":"https:\/\/webs.uab.cat\/vilarroya\/wp-json\/wp\/v2\/users\/20"}],"replies":[{"embeddable":true,"href":"https:\/\/webs.uab.cat\/vilarroya\/wp-json\/wp\/v2\/comments?post=112"}],"version-history":[{"count":2,"href":"https:\/\/webs.uab.cat\/vilarroya\/wp-json\/wp\/v2\/pages\/112\/revisions"}],"predecessor-version":[{"id":291,"href":"https:\/\/webs.uab.cat\/vilarroya\/wp-json\/wp\/v2\/pages\/112\/revisions\/291"}],"wp:attachment":[{"href":"https:\/\/webs.uab.cat\/vilarroya\/wp-json\/wp\/v2\/media?parent=112"}],"curies":[{"name":"wp","href":"https:\/\/api.w.org\/{rel}","templated":true}]}}