{"id":74,"date":"2016-01-19T13:43:45","date_gmt":"2016-01-19T13:43:45","guid":{"rendered":"https:\/\/webs.uab.cat\/vilarroya\/pagina\/"},"modified":"2026-01-13T09:48:53","modified_gmt":"2026-01-13T09:48:53","slug":"pagina","status":"publish","type":"page","link":"https:\/\/webs.uab.cat\/vilarroya\/","title":{"rendered":"Benvinguda"},"content":{"rendered":"<div class=\"wp-block-image is-resized\">\n<figure class=\"alignright size-medium\"><img loading=\"lazy\" decoding=\"async\" width=\"228\" height=\"300\" src=\"https:\/\/webs.uab.cat\/vilarroya\/wp-content\/uploads\/sites\/384\/2026\/01\/Ovo-PRBB-2025-228x300.jpg\" alt=\"\" class=\"wp-image-615\" style=\"aspect-ratio:3\/4;object-fit:cover;width:194px;height:auto\" srcset=\"https:\/\/webs.uab.cat\/vilarroya\/wp-content\/uploads\/sites\/384\/2026\/01\/Ovo-PRBB-2025-228x300.jpg 228w, https:\/\/webs.uab.cat\/vilarroya\/wp-content\/uploads\/sites\/384\/2026\/01\/Ovo-PRBB-2025-779x1024.jpg 779w, https:\/\/webs.uab.cat\/vilarroya\/wp-content\/uploads\/sites\/384\/2026\/01\/Ovo-PRBB-2025-768x1009.jpg 768w, https:\/\/webs.uab.cat\/vilarroya\/wp-content\/uploads\/sites\/384\/2026\/01\/Ovo-PRBB-2025-1169x1536.jpg 1169w, https:\/\/webs.uab.cat\/vilarroya\/wp-content\/uploads\/sites\/384\/2026\/01\/Ovo-PRBB-2025-1559x2048.jpg 1559w, https:\/\/webs.uab.cat\/vilarroya\/wp-content\/uploads\/sites\/384\/2026\/01\/Ovo-PRBB-2025-1200x1577.jpg 1200w, https:\/\/webs.uab.cat\/vilarroya\/wp-content\/uploads\/sites\/384\/2026\/01\/Ovo-PRBB-2025-1980x2602.jpg 1980w, https:\/\/webs.uab.cat\/vilarroya\/wp-content\/uploads\/sites\/384\/2026\/01\/Ovo-PRBB-2025-scaled.jpg 1948w\" sizes=\"auto, (max-width: 228px) 100vw, 228px\" \/><\/figure>\n<\/div>\n\n\n<p>Soc llicenciat en Medicina i Cirurgia per la Universitat Aut\u00f2noma de Barcelona (UAB), i doctor en Ci\u00e8ncia Cognitiva per la mateixa universitat. La meva activitat s&#8217;inscriu en el camp de la neuroci\u00e8ncia cognitiva, tant te\u00f2rica com experimental. Tanmateix, el meu inter\u00e8s per enriquir l&#8217;acc\u00e9s als coneixements neurocient\u00edfics m&#8217;ha dut a participar en projectes que s&#8217;han endinsat en la literatura i les arts esc\u00e8niques.<\/p>\n\n\n\n<p>Actualment, soc Director de Recerca en el departament de Psiquiatria i Medicina Legal de la UAB, i director del grup de recerca \u201cUnitat de Recerca en Neuroci\u00e8ncia Cognitiva\u201d (URNC), de la UAB, aix\u00ed com del \u201cGrup de Recerca en Neuroimatge dels Trastorns Mentals\u201d (GREEN) de l&#8217;Hospital del Mar Research Institute (lMIM). La URNC i el GREEN tenen com a objectiu l&#8217;aplicaci\u00f3 t\u00e8cniques de neuroimatge a l&#8217;estudi de les malalties mentals, per\u00f2 tamb\u00e9 a l&#8217;exploraci\u00f3 de com el cervell s&#8217;adapta a reptes vitals tan diversos com la maternitat o la lluita ideol\u00f2gica. La URNC ha estat reconeguda com a grup de recerca consolidat per la Generalitat de Catalunya (2021 SGR 00121).<\/p>\n\n\n\n<p>He dif\u00f3s la meva recerca en articles cient\u00edfics, per\u00f2 tamb\u00e9 en llibres d&#8217;assaig com <em>Neuroscience without representations<\/em> (Elsevier 2024) <em>Somos lo que nos contamos <\/em>(Ariel 2019), <em>Paraula de robot<\/em> (Bromera, 2003), o <em>La disoluci\u00f3n de la mente<\/em> (Tusquets 2002), He col\u00b7laborat tamb\u00e9 en divulgaci\u00f3 cient\u00edfica en mitjans de comunicaci\u00f3, sobretot en premsa i r\u00e0dio.<\/p>\n\n\n\n<p>Al llarg de la meva carrera he intentat cultivar vincles entre les neuroci\u00e8ncies i les humanitats, i he explorat diferents formes de dur-ho a terme (<em>De botxins i gots d\u2019aigua<\/em>, Denes 2003; <em>Joc net, <\/em>Pag\u00e8s Editors 2004). En els darrers anys, he tingut el privilegi de col\u00b7laborar en projectes en l&#8217;\u00e0mbit de les arts esc\u00e8niques, com en l&#8217;espectacle <em>Orion<\/em> del core\u00f2graf Cesc Gelabert (Teatre Lliure, 2007), en les \u00f2peres <em>Casparo <\/em>(Palau de la M\u00fasica, 2011) i <em>Fausto<\/em> (La Monnaie, Brussel\u00b7les 2018), del meu col\u00b7lega Luc Steels, aix\u00ed com en un projecte docent i de recerca a l&#8217;escola de teatre <em>E\u00f2lia<\/em>.<\/p>\n\n\n\n<p><\/p>\n\n\n\n<p><\/p>\n\n\n\n<p><\/p>\n","protected":false},"excerpt":{"rendered":"<p>Soc llicenciat en Medicina i Cirurgia per la Universitat Aut\u00f2noma de Barcelona (UAB), i doctor en Ci\u00e8ncia Cognitiva per la mateixa universitat. La meva activitat s&#8217;inscriu en el camp de la neuroci\u00e8ncia cognitiva, tant te\u00f2rica com experimental. Tanmateix, el meu inter\u00e8s per enriquir l&#8217;acc\u00e9s als coneixements neurocient\u00edfics m&#8217;ha dut a participar en projectes que s&#8217;han [&hellip;]<\/p>\n","protected":false},"author":20,"featured_media":0,"parent":0,"menu_order":0,"comment_status":"closed","ping_status":"closed","template":"","meta":{"footnotes":""},"class_list":["post-74","page","type-page","status-publish","hentry"],"_links":{"self":[{"href":"https:\/\/webs.uab.cat\/vilarroya\/wp-json\/wp\/v2\/pages\/74","targetHints":{"allow":["GET"]}}],"collection":[{"href":"https:\/\/webs.uab.cat\/vilarroya\/wp-json\/wp\/v2\/pages"}],"about":[{"href":"https:\/\/webs.uab.cat\/vilarroya\/wp-json\/wp\/v2\/types\/page"}],"author":[{"embeddable":true,"href":"https:\/\/webs.uab.cat\/vilarroya\/wp-json\/wp\/v2\/users\/20"}],"replies":[{"embeddable":true,"href":"https:\/\/webs.uab.cat\/vilarroya\/wp-json\/wp\/v2\/comments?post=74"}],"version-history":[{"count":7,"href":"https:\/\/webs.uab.cat\/vilarroya\/wp-json\/wp\/v2\/pages\/74\/revisions"}],"predecessor-version":[{"id":620,"href":"https:\/\/webs.uab.cat\/vilarroya\/wp-json\/wp\/v2\/pages\/74\/revisions\/620"}],"wp:attachment":[{"href":"https:\/\/webs.uab.cat\/vilarroya\/wp-json\/wp\/v2\/media?parent=74"}],"curies":[{"name":"wp","href":"https:\/\/api.w.org\/{rel}","templated":true}]}}