{"id":92,"date":"2019-01-19T13:07:40","date_gmt":"2019-01-19T13:07:40","guid":{"rendered":"https:\/\/webs.uab.cat\/vilarroya\/recerca\/"},"modified":"2024-04-25T16:02:59","modified_gmt":"2024-04-25T16:02:59","slug":"recerca","status":"publish","type":"page","link":"https:\/\/webs.uab.cat\/vilarroya\/recerca\/","title":{"rendered":"Recerca"},"content":{"rendered":"\n<p>Coordino la Unitat de Recerca en Neuroci\u00e8ncia Cognitiva (URNC) (SGR: 2021 SGR 00121) en la Universitat Aut\u00f2noma de Barcelona (UAB) i a Hospital del Mar Medical Research Institute (IMIM). La URNC aplica t\u00e8cniques de neuroimatge, neuropsicol\u00f2giques i metabol\u00f2miques per estudiar les dimensions neuronals i psicol\u00f2giques dels fen\u00f2mens socials fonamentals, incloses les adaptacions per a la maternitat, l&#8217;altruisme i la prosocialitat, i com es poden interrompre aquests processos provocant problemes de salut mental. La URNC ha publicat a <em>Nature Neuroscience<\/em>, <em>JAMA Psychiatry<\/em>, <em>American Journal of Psychiatry<\/em>, <em>PNAS<\/em>, entre d&#8217;altres.<\/p>\n\n\n\n<p>Actualment, el grup t\u00e9 actives les seg\u00fcents l\u00ednies de recerca: Adaptacions per a la maternitat durant l&#8217;embar\u00e0s i el postpart; trastorns mentals durant l&#8217;embar\u00e0s i el postpart, i la neuroci\u00e8ncia social de la din\u00e0mica de grup.<\/p>\n\n\n\n<p>El grup compta amb una beca ERC Advanced Grant activa, una Fundaci\u00f3 \u201cla Caixa\u201d Research Health, un Horizon Pathfinder, un FIS, una Marat\u00f3 i un Retos I+D.<\/p>\n","protected":false},"excerpt":{"rendered":"<p>Coordino la Unitat de Recerca en Neuroci\u00e8ncia Cognitiva (URNC) (SGR: 2021 SGR 00121) en la Universitat Aut\u00f2noma de Barcelona (UAB) i a Hospital del Mar Medical Research Institute (IMIM). La URNC aplica t\u00e8cniques de neuroimatge, neuropsicol\u00f2giques i metabol\u00f2miques per estudiar les dimensions neuronals i psicol\u00f2giques dels fen\u00f2mens socials fonamentals, incloses les adaptacions per a la [&hellip;]<\/p>\n","protected":false},"author":20,"featured_media":0,"parent":0,"menu_order":0,"comment_status":"closed","ping_status":"closed","template":"","meta":{"footnotes":""},"class_list":["post-92","page","type-page","status-publish","hentry"],"_links":{"self":[{"href":"https:\/\/webs.uab.cat\/vilarroya\/wp-json\/wp\/v2\/pages\/92","targetHints":{"allow":["GET"]}}],"collection":[{"href":"https:\/\/webs.uab.cat\/vilarroya\/wp-json\/wp\/v2\/pages"}],"about":[{"href":"https:\/\/webs.uab.cat\/vilarroya\/wp-json\/wp\/v2\/types\/page"}],"author":[{"embeddable":true,"href":"https:\/\/webs.uab.cat\/vilarroya\/wp-json\/wp\/v2\/users\/20"}],"replies":[{"embeddable":true,"href":"https:\/\/webs.uab.cat\/vilarroya\/wp-json\/wp\/v2\/comments?post=92"}],"version-history":[{"count":2,"href":"https:\/\/webs.uab.cat\/vilarroya\/wp-json\/wp\/v2\/pages\/92\/revisions"}],"predecessor-version":[{"id":357,"href":"https:\/\/webs.uab.cat\/vilarroya\/wp-json\/wp\/v2\/pages\/92\/revisions\/357"}],"wp:attachment":[{"href":"https:\/\/webs.uab.cat\/vilarroya\/wp-json\/wp\/v2\/media?parent=92"}],"curies":[{"name":"wp","href":"https:\/\/api.w.org\/{rel}","templated":true}]}}