{"id":25,"date":"2016-04-18T12:17:08","date_gmt":"2016-04-18T12:17:08","guid":{"rendered":"https:\/\/webs.uab.cat\/viw\/catalan-audio-descriptions\/"},"modified":"2024-04-23T06:55:34","modified_gmt":"2024-04-23T06:55:34","slug":"catalan-audio-descriptions","status":"publish","type":"page","link":"https:\/\/webs.uab.cat\/viw\/catalan-audio-descriptions\/","title":{"rendered":"CATALAN AUDIO DESCRIPTIONS"},"content":{"rendered":"\n<p><strong>All materials are also available at UAB open access repository: <a href=\"https:\/\/ddd.uab.cat\/record\/147267\" target=\"_blank\" rel=\"noreferrer noopener\">https:\/\/ddd.uab.cat\/record\/147267<\/a>.<\/strong><\/p>\n\n\n\n<p><img loading=\"lazy\" decoding=\"async\" width=\"25\" height=\"25\" src=\"https:\/\/webs.uab.cat\/viw\/wp-content\/uploads\/sites\/176\/2022\/09\/25-512-youtube-icon-1380824671.png\" alt=\"img\">&nbsp;<a href=\"http:\/\/webs.uab.cat\/viw\/content\/english-audio-descriptions\">English audio descriptions<\/a><\/p>\n\n\n\n<p><img loading=\"lazy\" decoding=\"async\" width=\"25\" height=\"25\" src=\"https:\/\/webs.uab.cat\/viw\/wp-content\/uploads\/sites\/176\/2022\/09\/25-512-youtube-icon-1380824671.png\" alt=\"img\">&nbsp;<a href=\"http:\/\/webs.uab.cat\/viw\/content\/catalan-audio-descriptions\">Catalan audio descriptions<\/a><\/p>\n\n\n\n<p><img loading=\"lazy\" decoding=\"async\" width=\"25\" height=\"25\" src=\"https:\/\/webs.uab.cat\/viw\/wp-content\/uploads\/sites\/176\/2022\/09\/25-512-youtube-icon-1380824671.png\" alt=\"img\">&nbsp;<a href=\"http:\/\/webs.uab.cat\/viw\/content\/spanish-audio-descriptions\">Spanish audio descriptions<\/a><\/p>\n\n\n\n<p><strong><br>M. Jos\u00e9 An\u00eda-Access Friendly:<\/strong><\/p>\n\n\n\n<figure class=\"wp-block-image size-full is-resized\"><a href=\"http:\/\/videosdigitals.uab.es\/almacen\/downloads\/625\/4784.mp4\" target=\"_blank\" rel=\"noreferrer noopener\"><img loading=\"lazy\" decoding=\"async\" width=\"54\" height=\"32\" src=\"https:\/\/webs.uab.cat\/viw\/wp-content\/uploads\/sites\/176\/2016\/04\/video-vic.jpg\" alt=\"video-vic\" class=\"wp-image-48\" style=\"width:50px;height:auto\" \/><\/a><\/figure>\n\n\n\n<p><strong>Aptent Soluciones:<\/strong><\/p>\n\n\n\n<figure class=\"wp-block-image size-full is-resized\"><a href=\"http:\/\/videosdigitals.uab.es\/almacen\/downloads\/625\/4790.mp4\" target=\"_blank\" rel=\"noreferrer noopener\"><img loading=\"lazy\" decoding=\"async\" width=\"54\" height=\"32\" src=\"https:\/\/webs.uab.cat\/viw\/wp-content\/uploads\/sites\/176\/2016\/04\/video-vic.jpg\" alt=\"video-vic\" class=\"wp-image-48\" style=\"width:50px;height:auto\" \/><\/a><\/figure>\n\n\n\n<p><strong>Descriptik:<\/strong><\/p>\n\n\n\n<figure class=\"wp-block-image size-full is-resized\"><a href=\"http:\/\/videosdigitals.uab.es\/almacen\/downloads\/625\/4792.mp4\" target=\"_blank\" rel=\"noreferrer noopener\"><img loading=\"lazy\" decoding=\"async\" width=\"54\" height=\"32\" src=\"https:\/\/webs.uab.cat\/viw\/wp-content\/uploads\/sites\/176\/2016\/04\/video-vic.jpg\" alt=\"video-vic\" class=\"wp-image-48\" style=\"width:53px;height:auto\" \/><\/a><\/figure>\n\n\n\n<p><strong>LB (Lloren\u00e7 Blasi<\/strong>):<\/p>\n\n\n\n<figure class=\"wp-block-image size-full is-resized\"><a href=\"http:\/\/videosdigitals.uab.es\/almacen\/downloads\/625\/4794.mp4\" target=\"_blank\" rel=\"noreferrer noopener\"><img loading=\"lazy\" decoding=\"async\" width=\"54\" height=\"32\" src=\"https:\/\/webs.uab.cat\/viw\/wp-content\/uploads\/sites\/176\/2016\/04\/video-vic.jpg\" alt=\"video-vic\" class=\"wp-image-48\" style=\"width:54px;height:auto\" \/><\/a><\/figure>\n\n\n\n<p><strong>Multisignes:<\/strong><\/p>\n\n\n\n<figure class=\"wp-block-image size-full is-resized\"><a href=\"http:\/\/videosdigitals.uab.es\/almacen\/downloads\/625\/4796.mp4\" target=\"_blank\" rel=\"noreferrer noopener\"><img loading=\"lazy\" decoding=\"async\" width=\"54\" height=\"32\" src=\"https:\/\/webs.uab.cat\/viw\/wp-content\/uploads\/sites\/176\/2016\/04\/video-vic.jpg\" alt=\"video-vic\" class=\"wp-image-48\" style=\"width:51px;height:auto\" \/><\/a><\/figure>\n\n\n\n<p><strong>En directe- Plurals:<\/strong><\/p>\n\n\n\n<figure class=\"wp-block-image size-full is-resized\"><a href=\"http:\/\/videosdigitals.uab.es\/almacen\/downloads\/625\/4798.mp4\" target=\"_blank\" rel=\"noreferrer noopener\"><img loading=\"lazy\" decoding=\"async\" width=\"54\" height=\"32\" src=\"https:\/\/webs.uab.cat\/viw\/wp-content\/uploads\/sites\/176\/2016\/04\/video-vic.jpg\" alt=\"video viw\" class=\"wp-image-48\" style=\"width:54px;height:auto\" \/><\/a><\/figure>\n","protected":false},"excerpt":{"rendered":"<p>All materials are also available at UAB open access repository: https:\/\/ddd.uab.cat\/record\/147267. &nbsp;English audio descriptions &nbsp;Catalan audio descriptions &nbsp;Spanish audio descriptions M. Jos\u00e9 An\u00eda-Access Friendly: Aptent Soluciones: Descriptik: LB (Lloren\u00e7 Blasi): Multisignes: En directe- Plurals:<\/p>\n","protected":false},"author":20,"featured_media":0,"parent":0,"menu_order":0,"comment_status":"closed","ping_status":"closed","template":"","meta":{"footnotes":""},"class_list":["post-25","page","type-page","status-publish","hentry"],"_links":{"self":[{"href":"https:\/\/webs.uab.cat\/viw\/wp-json\/wp\/v2\/pages\/25","targetHints":{"allow":["GET"]}}],"collection":[{"href":"https:\/\/webs.uab.cat\/viw\/wp-json\/wp\/v2\/pages"}],"about":[{"href":"https:\/\/webs.uab.cat\/viw\/wp-json\/wp\/v2\/types\/page"}],"author":[{"embeddable":true,"href":"https:\/\/webs.uab.cat\/viw\/wp-json\/wp\/v2\/users\/20"}],"replies":[{"embeddable":true,"href":"https:\/\/webs.uab.cat\/viw\/wp-json\/wp\/v2\/comments?post=25"}],"version-history":[{"count":33,"href":"https:\/\/webs.uab.cat\/viw\/wp-json\/wp\/v2\/pages\/25\/revisions"}],"predecessor-version":[{"id":269,"href":"https:\/\/webs.uab.cat\/viw\/wp-json\/wp\/v2\/pages\/25\/revisions\/269"}],"wp:attachment":[{"href":"https:\/\/webs.uab.cat\/viw\/wp-json\/wp\/v2\/media?parent=25"}],"curies":[{"name":"wp","href":"https:\/\/api.w.org\/{rel}","templated":true}]}}