{"id":30,"date":"2016-06-13T09:56:51","date_gmt":"2016-06-13T09:56:51","guid":{"rendered":"https:\/\/webs.uab.cat\/viw\/spanish-audio-descriptions-students\/"},"modified":"2016-06-13T09:56:51","modified_gmt":"2016-06-13T09:56:51","slug":"spanish-audio-descriptions-students","status":"publish","type":"page","link":"https:\/\/webs.uab.cat\/viw\/spanish-audio-descriptions-students\/","title":{"rendered":"SPANISH AUDIO DESCRIPTIONS (STUDENTS)"},"content":{"rendered":"<p>Students have been created text files for the audio description. No recording is available but scripts include time codes.<\/p>\n<p><b>All materials are also available at UAB\u2019s open access repository:&nbsp;<a href=\"https:\/\/ddd.uab.cat\/record\/147267\" target=\"_blank\" rel=\"noopener\">https:\/\/ddd.uab.cat\/record\/147267<\/a>.<\/b><\/p>\n<p><a href=\"https:\/\/ddd.uab.cat\/pub\/videos\/2015\/147267\/Castro_Aina_ES.pdf\" target=\"_blank\" rel=\"noopener\"><span style=\"line-height: 20.8px;\">Aina Castro<\/span><\/a><\/p>\n<p><a href=\"https:\/\/ddd.uab.cat\/pub\/videos\/2015\/147267\/Fuente_Virginia_ES.pdf\" target=\"_blank\" rel=\"noopener\"><span>Virginia de la Fuente<\/span><\/a><\/p>\n<p><a href=\"https:\/\/ddd.uab.cat\/pub\/videos\/2015\/147267\/Garcia_Arias_Isabel_ES.pdf\" target=\"_blank\" rel=\"noopener\"><span>Isabel Garc\u00eda Arias<\/span><\/a><\/p>\n<p><a href=\"https:\/\/ddd.uab.cat\/pub\/videos\/2015\/147267\/Jimenez_Jose_ES.pdf\" target=\"_blank\" rel=\"noopener\"><span>Jos\u00e9 A. Jim\u00e9nez<\/span><\/a><\/p>\n<p><a href=\"https:\/\/ddd.uab.cat\/pub\/videos\/2015\/147267\/Marco_Carmen_ES.pdf\" target=\"_blank\" rel=\"noopener\"><span>Carmen Marco<\/span><\/a><\/p>\n<p><a href=\"https:\/\/ddd.uab.cat\/pub\/videos\/2015\/147267\/MartindelRio_Barbara_ES.pdf\" target=\"_blank\" rel=\"noopener\"><span>B\u00e1rbara Mart\u00edn del R\u00edo<\/span><\/a><\/p>\n<p><a href=\"https:\/\/ddd.uab.cat\/pub\/videos\/2015\/147267\/Mateo_Antonio_ES.pdf\" target=\"_blank\" rel=\"noopener\"><span>Antonio Mateo<\/span><\/a><\/p>\n<p><a href=\"https:\/\/ddd.uab.cat\/pub\/videos\/2015\/147267\/Palacios_Raquel_ES.pdf\" target=\"_blank\" rel=\"noopener\"><span>Raquel Palacios<\/span><\/a><\/p>\n<p><a href=\"https:\/\/ddd.uab.cat\/pub\/videos\/2015\/147267\/Roldan_Marina_ES.pdf\" target=\"_blank\" rel=\"noopener\"><span>Marina Rold\u00e1n<\/span><\/a><\/p>\n<p><a href=\"https:\/\/ddd.uab.cat\/pub\/videos\/2015\/147267\/Rubio_Jennifer_ES.pdf\" target=\"_blank\" rel=\"noopener\"><span>Jennifer Rubio<\/span><\/a><\/p>\n<p><span><br \/><\/span><\/p>\n<p><span><span>Please notice that ethical committee procedures have been strictly followed, and the name of students is included because they have explicitly requested to be recognised as authors of the AD.<\/span><\/span><\/p>\n","protected":false},"excerpt":{"rendered":"<p>Students have been created text files for the audio description. No recording is available but scripts include time codes. All materials are also available at UAB\u2019s open access repository:&nbsp;https:\/\/ddd.uab.cat\/record\/147267. Aina Castro Virginia de la Fuente Isabel Garc\u00eda Arias Jos\u00e9 A. Jim\u00e9nez Carmen Marco B\u00e1rbara Mart\u00edn del R\u00edo Antonio Mateo Raquel Palacios Marina Rold\u00e1n Jennifer Rubio [&hellip;]<\/p>\n","protected":false},"author":20,"featured_media":0,"parent":0,"menu_order":0,"comment_status":"closed","ping_status":"closed","template":"","meta":{"footnotes":""},"class_list":["post-30","page","type-page","status-publish","hentry"],"_links":{"self":[{"href":"https:\/\/webs.uab.cat\/viw\/wp-json\/wp\/v2\/pages\/30","targetHints":{"allow":["GET"]}}],"collection":[{"href":"https:\/\/webs.uab.cat\/viw\/wp-json\/wp\/v2\/pages"}],"about":[{"href":"https:\/\/webs.uab.cat\/viw\/wp-json\/wp\/v2\/types\/page"}],"author":[{"embeddable":true,"href":"https:\/\/webs.uab.cat\/viw\/wp-json\/wp\/v2\/users\/20"}],"replies":[{"embeddable":true,"href":"https:\/\/webs.uab.cat\/viw\/wp-json\/wp\/v2\/comments?post=30"}],"version-history":[{"count":0,"href":"https:\/\/webs.uab.cat\/viw\/wp-json\/wp\/v2\/pages\/30\/revisions"}],"wp:attachment":[{"href":"https:\/\/webs.uab.cat\/viw\/wp-json\/wp\/v2\/media?parent=30"}],"curies":[{"name":"wp","href":"https:\/\/api.w.org\/{rel}","templated":true}]}}