{"id":15,"date":"2009-05-08T11:16:08","date_gmt":"2009-05-08T11:16:08","guid":{"rendered":"https:\/\/webs.uab.cat\/vmendez\/contact\/"},"modified":"2009-05-08T11:16:08","modified_gmt":"2009-05-08T11:16:08","slug":"contact","status":"publish","type":"page","link":"https:\/\/webs.uab.cat\/vmendez\/contact\/","title":{"rendered":"Contact"},"content":{"rendered":"<p>e-mail: <a href=\"mailto:vicenc.mendez@uab.cat\">vicenc.mendez at uab.cat<\/a><\/p>\n<p>&nbsp;<\/p>\n<p>address:<\/p>\n<p>Universitat Aut\u00f2noma de Barcelona<\/p>\n<p>Grup de F\u00edsica Estad\u00edstica. Departament de F\u00edsica<\/p>\n<p>Facultat de Ci\u00e8ncies. Edifici Cc<\/p>\n<p>08193-Cerdanyola del Vall\u00e8s (Barcelona) Spain<\/p>\n","protected":false},"excerpt":{"rendered":"<p>e-mail: vicenc.mendez at uab.cat &nbsp; address: Universitat Aut\u00f2noma de Barcelona Grup de F\u00edsica Estad\u00edstica. Departament de F\u00edsica Facultat de Ci\u00e8ncies. Edifici Cc 08193-Cerdanyola del Vall\u00e8s (Barcelona) Spain<\/p>\n","protected":false},"author":20,"featured_media":0,"parent":0,"menu_order":0,"comment_status":"closed","ping_status":"closed","template":"","meta":{"footnotes":""},"class_list":["post-15","page","type-page","status-publish","hentry"],"_links":{"self":[{"href":"https:\/\/webs.uab.cat\/vmendez\/wp-json\/wp\/v2\/pages\/15","targetHints":{"allow":["GET"]}}],"collection":[{"href":"https:\/\/webs.uab.cat\/vmendez\/wp-json\/wp\/v2\/pages"}],"about":[{"href":"https:\/\/webs.uab.cat\/vmendez\/wp-json\/wp\/v2\/types\/page"}],"author":[{"embeddable":true,"href":"https:\/\/webs.uab.cat\/vmendez\/wp-json\/wp\/v2\/users\/20"}],"replies":[{"embeddable":true,"href":"https:\/\/webs.uab.cat\/vmendez\/wp-json\/wp\/v2\/comments?post=15"}],"version-history":[{"count":0,"href":"https:\/\/webs.uab.cat\/vmendez\/wp-json\/wp\/v2\/pages\/15\/revisions"}],"wp:attachment":[{"href":"https:\/\/webs.uab.cat\/vmendez\/wp-json\/wp\/v2\/media?parent=15"}],"curies":[{"name":"wp","href":"https:\/\/api.w.org\/{rel}","templated":true}]}}