{"id":386,"date":"2009-05-08T11:23:04","date_gmt":"2009-05-08T11:23:04","guid":{"rendered":"https:\/\/webs.uab.cat\/vmendez\/collaborators\/"},"modified":"2009-05-08T11:23:04","modified_gmt":"2009-05-08T11:23:04","slug":"collaborators","status":"publish","type":"page","link":"https:\/\/webs.uab.cat\/vmendez\/collaborators\/","title":{"rendered":"Collaborators"},"content":{"rendered":"<p style=\"text-align: justify;\"><a href=\"http:\/\/www.maths.manchester.ac.uk\/%7Esf\/\">Sergei Fedotov<\/a> (The University of Manchester, <em>UK<\/em>)<\/p>\n<p style=\"text-align: justify;\"><a href=\"http:\/\/pagines.uab.cat\/dcampos\">Daniel Campos<\/a> (Universitat Aut\u00f2noma de Barcelona, <em>SPAIN<\/em>)<\/p>\n<p style=\"text-align: justify;\">Ignacio G\u00f3mez Portillo (Universitat Aut\u00f2noma de Barcelona, <em>SPAIN<\/em>)<\/p>\n<p style=\"text-align: justify;\"><a href=\"http:\/\/www.ceab.csic.es\/%7Efbartu\/home.html\">Frederic Bartumeus<\/a> (CEAB-CSIC, <em>SPAIN<\/em>)<\/p>\n<p style=\"text-align: justify;\"><a href=\"http:\/\/sites.google.com\/site\/isaacllopis\/\">Isaac Llopis<\/a> (Universitat Polit\u00e8cnica de Catalunya, <em>SPAIN<\/em>)<\/p>\n<p style=\"text-align: justify;\"><a href=\"http:\/\/faculty.smu.edu\/whorsthe\/\">Werner Horsthemke<\/a> (Southern Methodist University, <em>USA<\/em>)<\/p>\n<p style=\"text-align: justify;\"><a href=\"http:\/\/web.njit.edu\/%7Ehoracio\">Horacio G Rotstein<\/a> (New Jersey Institute of Technology, <em>USA<\/em>)<\/p>\n<p><a href=\"http:\/\/phys.technion.ac.il\/en\/people?view=person&amp;id=272\">Alexander Iomin<\/a> (Technion, ISRAEL) <\/p>\n","protected":false},"excerpt":{"rendered":"<p>Sergei Fedotov (The University of Manchester, UK) Daniel Campos (Universitat Aut\u00f2noma de Barcelona, SPAIN) Ignacio G\u00f3mez Portillo (Universitat Aut\u00f2noma de Barcelona, SPAIN) Frederic Bartumeus (CEAB-CSIC, SPAIN) Isaac Llopis (Universitat Polit\u00e8cnica de Catalunya, SPAIN) Werner Horsthemke (Southern Methodist University, USA) Horacio G Rotstein (New Jersey Institute of Technology, USA) Alexander Iomin (Technion, ISRAEL)<\/p>\n","protected":false},"author":20,"featured_media":0,"parent":0,"menu_order":0,"comment_status":"closed","ping_status":"closed","template":"","meta":{"footnotes":""},"class_list":["post-386","page","type-page","status-publish","hentry"],"_links":{"self":[{"href":"https:\/\/webs.uab.cat\/vmendez\/wp-json\/wp\/v2\/pages\/386","targetHints":{"allow":["GET"]}}],"collection":[{"href":"https:\/\/webs.uab.cat\/vmendez\/wp-json\/wp\/v2\/pages"}],"about":[{"href":"https:\/\/webs.uab.cat\/vmendez\/wp-json\/wp\/v2\/types\/page"}],"author":[{"embeddable":true,"href":"https:\/\/webs.uab.cat\/vmendez\/wp-json\/wp\/v2\/users\/20"}],"replies":[{"embeddable":true,"href":"https:\/\/webs.uab.cat\/vmendez\/wp-json\/wp\/v2\/comments?post=386"}],"version-history":[{"count":0,"href":"https:\/\/webs.uab.cat\/vmendez\/wp-json\/wp\/v2\/pages\/386\/revisions"}],"wp:attachment":[{"href":"https:\/\/webs.uab.cat\/vmendez\/wp-json\/wp\/v2\/media?parent=386"}],"curies":[{"name":"wp","href":"https:\/\/api.w.org\/{rel}","templated":true}]}}