{"id":103,"date":"2020-10-01T16:11:28","date_gmt":"2020-10-01T16:11:28","guid":{"rendered":"https:\/\/webs.uab.cat\/vulneras\/publicaciones-2\/"},"modified":"2020-10-01T16:11:28","modified_gmt":"2020-10-01T16:11:28","slug":"publicaciones-2","status":"publish","type":"page","link":"https:\/\/webs.uab.cat\/vulneras\/ca\/publicaciones-2\/","title":{"rendered":"Publicaciones"},"content":{"rendered":"<h2><strong>Art\u00edculos.<\/strong><\/h2>\n<p>Grau Rebollo, J.; Piella Vila, A.; Gonz\u00e1lez Echevarr\u00eda, A.; Vald\u00e9s G\u00e1zquez, M. (En prensa). Vulnerabilidad sociocultural en contextos de crianza: retos te\u00f3ricos y propuesta anal\u00edtica.&nbsp;<em>Disparidades. Revista de Antropolog\u00eda<\/em>.<\/p>\n<p>Grau Rebollo, J. (2020). &#8220;<a href=\"https:\/\/seer.ufrgs.br\/intexto\/article\/view\/87296\/53663\">El papel de la publicidad en el abordaje de la vulnerabilidad social. Panorama y reflexiones a prop\u00f3sito del caso espa\u00f1ol<\/a>&#8220;.&nbsp;<em>Intexto,&nbsp;<\/em>49: 18-40.&nbsp;<\/p>\n","protected":false},"excerpt":{"rendered":"<p>Art\u00edculos. Grau Rebollo, J.; Piella Vila, A.; Gonz\u00e1lez Echevarr\u00eda, A.; Vald\u00e9s G\u00e1zquez, M. (En prensa). Vulnerabilidad sociocultural en contextos de crianza: retos te\u00f3ricos y propuesta anal\u00edtica.&nbsp;Disparidades. Revista de Antropolog\u00eda. Grau Rebollo, J. (2020). &#8220;El papel de la publicidad en el abordaje de la vulnerabilidad social. Panorama y reflexiones a prop\u00f3sito del caso espa\u00f1ol&#8220;.&nbsp;Intexto,&nbsp;49: 18-40.&nbsp;<\/p>\n","protected":false},"author":20,"featured_media":0,"parent":0,"menu_order":0,"comment_status":"closed","ping_status":"closed","template":"","meta":{"footnotes":""},"class_list":["post-103","page","type-page","status-publish","hentry"],"_links":{"self":[{"href":"https:\/\/webs.uab.cat\/vulneras\/ca\/wp-json\/wp\/v2\/pages\/103","targetHints":{"allow":["GET"]}}],"collection":[{"href":"https:\/\/webs.uab.cat\/vulneras\/ca\/wp-json\/wp\/v2\/pages"}],"about":[{"href":"https:\/\/webs.uab.cat\/vulneras\/ca\/wp-json\/wp\/v2\/types\/page"}],"author":[{"embeddable":true,"href":"https:\/\/webs.uab.cat\/vulneras\/ca\/wp-json\/wp\/v2\/users\/20"}],"replies":[{"embeddable":true,"href":"https:\/\/webs.uab.cat\/vulneras\/ca\/wp-json\/wp\/v2\/comments?post=103"}],"version-history":[{"count":0,"href":"https:\/\/webs.uab.cat\/vulneras\/ca\/wp-json\/wp\/v2\/pages\/103\/revisions"}],"wp:attachment":[{"href":"https:\/\/webs.uab.cat\/vulneras\/ca\/wp-json\/wp\/v2\/media?parent=103"}],"curies":[{"name":"wp","href":"https:\/\/api.w.org\/{rel}","templated":true}]}}