{"id":105,"date":"2020-10-04T16:29:02","date_gmt":"2020-10-04T16:29:02","guid":{"rendered":"https:\/\/webs.uab.cat\/vulneras\/transferencia\/"},"modified":"2022-09-05T11:27:48","modified_gmt":"2022-09-05T11:27:48","slug":"transferencia","status":"publish","type":"page","link":"https:\/\/webs.uab.cat\/vulneras\/ca\/transferencia\/","title":{"rendered":"Transfer\u00e8ncia"},"content":{"rendered":"\n<p>&#8211; <strong>Assessoria<\/strong> de la recerca <em>Avaluaci\u00f3 d\u2019impactes subjectius del Fons 0-16 en la vida quotidiana d\u2019infants, adolescents i les seves fam\u00edlies<\/em>. Realitzat per l&#8217;Institut d&#8217;Inf\u00e0ncia i adolesc\u00e8ncia de Barcelona &#8211; Institut d&#8217;Estudis Regionals i Metropolitans de Barcelona, per enc\u00e0rrec de l&#8217;Ajuntament de Barcelona. 2020.<\/p>\n\n\n\n<p>&#8211; Roig, Clara (2020). &#8220;<a href=\"https:\/\/www.pikaramagazine.com\/2020\/09\/partidas-la-migracion\/\">Partidas por la migraci\u00f3n<\/a>&#8220;,&nbsp;<em>Pikara,&nbsp;<\/em>09\/09\/2020. [Entrevista a Beatriz Garc\u00eda].<\/p>\n\n\n\n<p>&#8211; Roig, Clara y RUIDO Photo (2020). &#8220;<a href=\"http:\/\/thebackway.org\/la-migracion-senegalesa-es-tambien-femenina\/\">La migraci\u00f3n senegalesa es tambi\u00e9n femenina<\/a>&#8220;. <em>The Backway Project<\/em>. 06\/03\/2020.&nbsp;[Entrevista a Beatriz Garc\u00eda]<\/p>\n","protected":false},"excerpt":{"rendered":"<p>&#8211; Assessoria de la recerca Avaluaci\u00f3 d\u2019impactes subjectius del Fons 0-16 en la vida quotidiana d\u2019infants, adolescents i les seves fam\u00edlies. Realitzat per l&#8217;Institut d&#8217;Inf\u00e0ncia i adolesc\u00e8ncia de Barcelona &#8211; Institut d&#8217;Estudis Regionals i Metropolitans de Barcelona, per enc\u00e0rrec de l&#8217;Ajuntament de Barcelona. 2020. &#8211; Roig, Clara (2020). &#8220;Partidas por la migraci\u00f3n&#8220;,&nbsp;Pikara,&nbsp;09\/09\/2020. [Entrevista a Beatriz [&hellip;]<\/p>\n","protected":false},"author":20,"featured_media":0,"parent":0,"menu_order":0,"comment_status":"closed","ping_status":"closed","template":"","meta":{"footnotes":""},"class_list":["post-105","page","type-page","status-publish","hentry"],"_links":{"self":[{"href":"https:\/\/webs.uab.cat\/vulneras\/ca\/wp-json\/wp\/v2\/pages\/105","targetHints":{"allow":["GET"]}}],"collection":[{"href":"https:\/\/webs.uab.cat\/vulneras\/ca\/wp-json\/wp\/v2\/pages"}],"about":[{"href":"https:\/\/webs.uab.cat\/vulneras\/ca\/wp-json\/wp\/v2\/types\/page"}],"author":[{"embeddable":true,"href":"https:\/\/webs.uab.cat\/vulneras\/ca\/wp-json\/wp\/v2\/users\/20"}],"replies":[{"embeddable":true,"href":"https:\/\/webs.uab.cat\/vulneras\/ca\/wp-json\/wp\/v2\/comments?post=105"}],"version-history":[{"count":1,"href":"https:\/\/webs.uab.cat\/vulneras\/ca\/wp-json\/wp\/v2\/pages\/105\/revisions"}],"predecessor-version":[{"id":270,"href":"https:\/\/webs.uab.cat\/vulneras\/ca\/wp-json\/wp\/v2\/pages\/105\/revisions\/270"}],"wp:attachment":[{"href":"https:\/\/webs.uab.cat\/vulneras\/ca\/wp-json\/wp\/v2\/media?parent=105"}],"curies":[{"name":"wp","href":"https:\/\/api.w.org\/{rel}","templated":true}]}}