{"id":30,"date":"2018-06-21T15:36:10","date_gmt":"2018-06-21T15:36:10","guid":{"rendered":"https:\/\/webs.uab.cat\/vulneras\/inici\/"},"modified":"2022-08-24T11:15:45","modified_gmt":"2022-08-24T11:15:45","slug":"inici","status":"publish","type":"page","link":"https:\/\/webs.uab.cat\/vulneras\/ca\/","title":{"rendered":"Inici"},"content":{"rendered":"\n<h2 class=\"has-accent-background-color has-background wp-block-heading\">Projecte VulneraS: Crian\u00e7a, desemparament i vulnerabilitat sociocultural. An\u00e0lisi situacional i propostes d&#8217;intervenci\u00f3.<br>(CS=2017-83101-C2-1-R)<\/h2>\n\n\n\n<p>&nbsp;<\/p>\n\n\n\n<p>En els darrers 9 anys, el context general de crisi econ\u00f2mica i els seus devastadors efectes en amplis sectors socials han portat a un increment en el nombre de llars en situaci\u00f3 o risc de pobresa. Aquesta pauperitzaci\u00f3 social ha creat una din\u00e0mica de fragilitats convergents: d&#8217;una banda, la p\u00e8rdua de llocs de treball i la conseg\u00fcent minva d&#8217;ingressos en moltes llars, de l&#8217;altra la contracci\u00f3 dels serveis assistencials i la provisi\u00f3 de recursos p\u00fablics destinats a pal\u00b7liar situacions de mancan\u00e7a moderades i severes.<br>&nbsp;<br>Tot aix\u00f2 passa en un context soci cultural, hist\u00f2ric i econ\u00f2mic en qu\u00e8 s&#8217;han detectat noves realitats familiars i nous fen\u00f2mens socials emergents (que generen diferents opcions d&#8217;adscripci\u00f3 i crian\u00e7a de menors, nous rols de g\u00e8nere en les relacions familiars i la (re ) configuraci\u00f3 de xarxes -formals i, sobretot, informals- de suport a la cura i la crian\u00e7a) aix\u00ed com de la constataci\u00f3 de la necessitat d&#8217;avaluar la qualitat de pol\u00edtiques p\u00fabliques i de les estrat\u00e8gies dels actors pol\u00edtics i socials implicats directament en el fenomen.<br>&nbsp;<br>\u00c9s, a m\u00e9s, apreciable que, espec\u00edficament des de les ci\u00e8ncies socials -encara que no nom\u00e9s- s&#8217;ha posat en els \u00faltims cinc anys un especial accent en el seu impacte sobre la inf\u00e0ncia. En els estudis sobre pobresa infantil ha passat m\u00e9s desapercebuda una situaci\u00f3 de molt calat i de poca visibilitzaci\u00f3 en l&#8217;agenda social: aquella part de la inf\u00e0ncia que es considera, no conjuntural, sin\u00f3 estructuralment vulnerable.<br>&nbsp;<br>Davant d&#8217;aquesta realitat, i de conformitat amb els objectius del Pla Estatal d&#8217;Investigaci\u00f3 i de l&#8217;Horitz\u00f3 2020, ens proposem, d&#8217;una banda, identificar adequadament noves necessitats socials al voltant de la crian\u00e7a en contextos vulnerables sorgits a l&#8217;empara de transformacions socials profundes en la crian\u00e7a i les cures, espec\u00edficament en els seg\u00fcents \u00e0mbits: (a) nous cures parentals estesos, (b) protecci\u00f3 a la inf\u00e0ncia, (c) sanitari i (d) educatiu, sent per aix\u00f2 necessari integrar els fonaments bio-psico-socials de la vulnerabilitat i el rol dels mitjans de comunicaci\u00f3 i la publicitat a la intervenci\u00f3 per pal\u00b7liar el problema. I, d&#8217;altra banda, ens orientem a desenvolupar i proporcionar noves solucions que puguin contribuir a respondre adequadament a aquestes necessitats. Aquests temes s&#8217;abordaran des d&#8217;una perspectiva multidisciplin\u00e0ria (investigadors i professionals formats en Antropologia Social i Cultural, Antropologia F\u00edsica, Psicologia, Medicina, Treball social, Pedagogia i Comunicaci\u00f3 Audiovisual)<\/p>\n","protected":false},"excerpt":{"rendered":"<p>Projecte VulneraS: Crian\u00e7a, desemparament i vulnerabilitat sociocultural. An\u00e0lisi situacional i propostes d&#8217;intervenci\u00f3.(CS=2017-83101-C2-1-R) &nbsp; En els darrers 9 anys, el context general de crisi econ\u00f2mica i els seus devastadors efectes en amplis sectors socials han portat a un increment en el nombre de llars en situaci\u00f3 o risc de pobresa. Aquesta pauperitzaci\u00f3 social ha creat una [&hellip;]<\/p>\n","protected":false},"author":20,"featured_media":0,"parent":0,"menu_order":0,"comment_status":"closed","ping_status":"closed","template":"","meta":{"footnotes":""},"class_list":["post-30","page","type-page","status-publish","hentry"],"_links":{"self":[{"href":"https:\/\/webs.uab.cat\/vulneras\/ca\/wp-json\/wp\/v2\/pages\/30","targetHints":{"allow":["GET"]}}],"collection":[{"href":"https:\/\/webs.uab.cat\/vulneras\/ca\/wp-json\/wp\/v2\/pages"}],"about":[{"href":"https:\/\/webs.uab.cat\/vulneras\/ca\/wp-json\/wp\/v2\/types\/page"}],"author":[{"embeddable":true,"href":"https:\/\/webs.uab.cat\/vulneras\/ca\/wp-json\/wp\/v2\/users\/20"}],"replies":[{"embeddable":true,"href":"https:\/\/webs.uab.cat\/vulneras\/ca\/wp-json\/wp\/v2\/comments?post=30"}],"version-history":[{"count":1,"href":"https:\/\/webs.uab.cat\/vulneras\/ca\/wp-json\/wp\/v2\/pages\/30\/revisions"}],"predecessor-version":[{"id":245,"href":"https:\/\/webs.uab.cat\/vulneras\/ca\/wp-json\/wp\/v2\/pages\/30\/revisions\/245"}],"wp:attachment":[{"href":"https:\/\/webs.uab.cat\/vulneras\/ca\/wp-json\/wp\/v2\/media?parent=30"}],"curies":[{"name":"wp","href":"https:\/\/api.w.org\/{rel}","templated":true}]}}