{"id":57,"date":"2018-06-21T18:58:55","date_gmt":"2018-06-21T18:58:55","guid":{"rendered":"https:\/\/webs.uab.cat\/vulneras\/equip-1\/"},"modified":"2018-06-26T15:22:24","modified_gmt":"2018-06-26T15:22:24","slug":"equip-1","status":"publish","type":"page","link":"https:\/\/webs.uab.cat\/vulneras\/ca\/equip-1\/","title":{"rendered":"Equip"},"content":{"rendered":"<div class=\"region region-content\">\n<div class=\"block block-system clearfix\" id=\"block-system-main\">\n<div class=\"content\">\n<article class=\"node node-page ca clearfix\" id=\"node-116\">\n<div class=\"node-main-content full-width\">\n<div class=\"content\">\n<div class=\"field field-name-body field-type-text-with-summary field-label-hidden\">\n<div class=\"field-items\">\n<div class=\"field-item even\">\n<p>El projecte <em>VulneraS<\/em> s&#8217;impulsa des de l&#8217;equip de recerca <a href=\"http:\/\/grupsdererca.uab.cat\/getp\">getp-GRAFO<\/a>, del <a href=\"http:\/\/uab.cat\/antropologia\">Departament d&#8217;Antropologia Social i Cultural<\/a> de la <a href=\"http:\/\/www.uab.cat\">Universitat Aut\u00f2noma de Barcelona<\/a> (UAB) i compta amb investigadores i investigadores d&#8217;altres Departaments i Universitats, aix\u00ed com d&#8217;un equip estable d&#8217;assessors\/ores internacionals.<\/p>\n<p><strong>Investigadors Principals<\/strong>:<\/p>\n<ul>\n<li><a href=\"http:\/\/gent.uab.cat\/jordigrau\">Jorge Grau Rebollo<\/a>.<\/li>\n<li><a href=\"http:\/\/gent.uab.cat\/annapiella\/\">Anna Piella Vila<\/a>.<\/li>\n<\/ul>\n<p><strong>Investigadors i investigadores del projecte<\/strong>:<\/p>\n<ul>\n<li><a href=\"http:\/\/gent.uab.cat\/auroragonzalezechevarria\/\">Aurora Gonz\u00e1lez Echevarr\u00eda<\/a> (getp-GRAFO).<\/li>\n<li>Mar\u00eda Vald\u00e9s G\u00e1zquez (getp-GRAFO).<\/li>\n<li><a href=\"http:\/\/directorio.ugr.es\/static\/PersonalUGR\/*\/show\/7e8fb653567f0c630c991118d8118f46\">Carmen de Jes\u00fas Garc\u00eda Garc\u00eda<\/a> (Departamento de Medicina Legal, Toxicolog\u00eda y Antropolog\u00eda F\u00edsica, Universitat de Granada).<\/li>\n<li><a href=\"http:\/\/uab.cat\/web\/el-departamento\/profesorado\/directorio-personal-docente\/klmno-1345674743238.html?param1=klmno&amp;param2=1345675020465\">Nicol\u00e1s Lorite Garc\u00eda<\/a> (MIGRACOM, UAB).<\/li>\n<li><a href=\"http:\/\/uab.academia.edu\/IrinaCasadoiAij%C3%B3n\">Irina Casado Aij\u00f3n<\/a> (getp-GRAFO).<\/li>\n<li><a href=\"https:\/\/uab.academia.edu\/Luc%C3%ADaSanju%C3%A1nN%C3%BA%C3%B1ez\">Luc\u00eda Sanjuan N\u00fa\u00f1ez<\/a> (eraas-GRAFO).<\/li>\n<li>Beatriz Garc\u00eda Garc\u00eda (eraas-GRAFO).<\/li>\n<li><a href=\"http:\/\/uab.academia.edu\/SarahL%C3%A1zareBoix\">Sarah L\u00e1zareh Boix<\/a> (eraas-GRAFO).<\/li>\n<li><a href=\"http:\/\/www.researchgate.net\/profile\/Eva_Bretones\">Eva Bretones Peregrina<\/a> (Mossa-GRAFO, UOC).<\/li>\n<li>Lourdes Garc\u00eda Tugas (getp-GRAFO).<\/li>\n<\/ul>\n<p><strong>Etn\u00f2grafes de suport a la recerca:<\/strong><\/p>\n<ul>\n<li>Miryam Navarro Rup\u00e9rez.<\/li>\n<li>Clara Guzm\u00e1n Vilaboy.<\/li>\n<\/ul>\n<p><strong>Assessors\/es externs estables del projecte<\/strong>:<\/p>\n<ul>\n<li><a href=\"http:\/\/pagines.uab.cat\/joseluismolina\/\">Jos\u00e9 Luis Molina Gonz\u00e1lez<\/a> (egolab-GRAFO).<\/li>\n<li><a href=\"http:\/\/pagines.uab.cat\/mirandalubbers\/\">Miranda Jessica Lubbers<\/a> (egolab-GRAFO).<\/li>\n<li><a href=\"http:\/\/pagines.uab.cat\/vulneras\/ca\/content\/researchgate.net\/profile\/Hugo_Valenzuela-Garcia\">Hugo Valenzuela Garc\u00eda<\/a> (egolab-GRAFO).<\/li>\n<li><a href=\"http:\/\/pagines.uab.cat\/vulneras\/ca\/content\/brown.edu\/academics\/population-studies\/people\/person\/julia-vich-bertran\">J\u00falia Vich-Bertran<\/a> (Brown University, Estados Unidos).<\/li>\n<li>Teresa del Valle Murga (EHU).<\/li>\n<li><a href=\"http:\/\/pagines.uab.cat\/vulneras\/ca\/content\/researchgate.net\/profile\/Juciano_Lacerda\">Juciano de Sousa Lacerda<\/a> (Universidade Federal do Rio Grande do Norte, UFRN, Brasil).<\/li>\n<li><a href=\"http:\/\/pagines.uab.cat\/vulneras\/ca\/content\/processocom.org\/jiani-adriana-bonin\/\">Jiani Adriana Bonin<\/a> (Universidade do Vale do Rio dos Sinos, UNISINOS, Brasil).<\/li>\n<li><a href=\"http:\/\/webs.ucm.es\/info\/mediars\/AutoresMS\/MaldonadoGomezdelaTorre\/maldonadogomezdelatorre.html\">Alberto Efendy Maldonado G\u00f3mez de la Torre<\/a> (Universidade do Vale do Rio dos Sinos, UNISINOS, Brasil).<\/li>\n<li><a href=\"http:\/\/processocom.org\/nisia-martins-do-rosario\/\">N\u00edsia Martins do Ros\u00e1rio<\/a> (Universidade Federal do Rio Grande do Sul, UFRGS, Brasil).<\/li>\n<li>Margarita Lagarde (Universidad Naiconal Aut\u00f3noma Metropolitana, UNAM, M\u00e9xico).<\/li>\n<\/ul>\n<p>&nbsp;<\/p>\n<\/div>\n<\/div>\n<\/div>\n<\/div>\n<\/div>\n<\/article>\n<\/div>\n<\/div>\n<\/div>\n","protected":false},"excerpt":{"rendered":"<p>El projecte VulneraS s&#8217;impulsa des de l&#8217;equip de recerca getp-GRAFO, del Departament d&#8217;Antropologia Social i Cultural de la Universitat Aut\u00f2noma de Barcelona (UAB) i compta amb investigadores i investigadores d&#8217;altres Departaments i Universitats, aix\u00ed com d&#8217;un equip estable d&#8217;assessors\/ores internacionals. Investigadors Principals: Jorge Grau Rebollo. Anna Piella Vila. Investigadors i investigadores del projecte: Aurora Gonz\u00e1lez [&hellip;]<\/p>\n","protected":false},"author":20,"featured_media":0,"parent":0,"menu_order":0,"comment_status":"closed","ping_status":"closed","template":"","meta":{"footnotes":""},"class_list":["post-57","page","type-page","status-publish","hentry"],"_links":{"self":[{"href":"https:\/\/webs.uab.cat\/vulneras\/ca\/wp-json\/wp\/v2\/pages\/57","targetHints":{"allow":["GET"]}}],"collection":[{"href":"https:\/\/webs.uab.cat\/vulneras\/ca\/wp-json\/wp\/v2\/pages"}],"about":[{"href":"https:\/\/webs.uab.cat\/vulneras\/ca\/wp-json\/wp\/v2\/types\/page"}],"author":[{"embeddable":true,"href":"https:\/\/webs.uab.cat\/vulneras\/ca\/wp-json\/wp\/v2\/users\/20"}],"replies":[{"embeddable":true,"href":"https:\/\/webs.uab.cat\/vulneras\/ca\/wp-json\/wp\/v2\/comments?post=57"}],"version-history":[{"count":0,"href":"https:\/\/webs.uab.cat\/vulneras\/ca\/wp-json\/wp\/v2\/pages\/57\/revisions"}],"wp:attachment":[{"href":"https:\/\/webs.uab.cat\/vulneras\/ca\/wp-json\/wp\/v2\/media?parent=57"}],"curies":[{"name":"wp","href":"https:\/\/api.w.org\/{rel}","templated":true}]}}