{"id":60,"date":"2018-06-26T15:24:59","date_gmt":"2018-06-26T15:24:59","guid":{"rendered":"https:\/\/webs.uab.cat\/vulneras\/el-projecte-1\/"},"modified":"2018-06-26T15:24:59","modified_gmt":"2018-06-26T15:24:59","slug":"el-projecte-1","status":"publish","type":"page","link":"https:\/\/webs.uab.cat\/vulneras\/ca\/el-projecte-1\/","title":{"rendered":"El Projecte"},"content":{"rendered":"<p>El projecte VulneraS pret\u00e8n aprofundir en espais i entorns de vulnerabilitat en contextos de crian\u00e7a, tot analitzant estrat\u00e8gies de crian\u00e7a en contextos socioculturals de vulnerabilitat, tractant de detectar necessitats espec\u00edfiques, avaluar els recursos disponibles (i els necessaris) i formular propostes d&#8217;actuaci\u00f3.<\/p>\n<p>En aquest sentit, hem definit 6 \u00e0mbits&nbsp; d&#8217;actuaci\u00f3:<\/p>\n<ol>\n<li><strong>Atenci\u00f3 i suport parental ext\u00e8s<\/strong>: paper de les figures familiars i extrafamiliars ubicades a diferents nivells d&#8217;ampliaci\u00f3 del parentiu en la pal\u00b7liaci\u00f3 dels efectes afeblidors del benestar.<\/li>\n<li><strong>Mesures de protecci\u00f3 a la inf\u00e0ncia<\/strong>: especialment adopcions trucades i acolliments, tant familiars com institucionals.<\/li>\n<li><strong>Salut<\/strong>: especialment pel que fa a les mesures per superar la vulnerabilitat social i cultural en l&#8217;acc\u00e9s i \u00fas dels serveis sanitaris de la biomedicina durant la gestaci\u00f3 i crian\u00e7a.<\/li>\n<li><strong>Educaci\u00f3<\/strong>: incentivar la participaci\u00f3 i promoci\u00f3 escolar per superar les desigualtats de car\u00e0cter social i econ\u00f2mic.<\/li>\n<li><strong>Definici\u00f3 conceptual i metodol\u00f2gica del problema<\/strong>: delimitaci\u00f3 el suport mutu en general del suport mutu en l&#8217;\u00e0mbit de la crian\u00e7a i de la cura i que examini amb deteniment l&#8217;evoluci\u00f3 i s\u00edntesi de l&#8217;\u00fas de conceptes com &#8220;fam\u00edlia&#8221;, &#8220;vulnerabilitat&#8221;, &#8220;cura&#8221;, &#8220;relatedness&#8221;, &#8220;depend\u00e8ncia &#8220;,&#8221; fragilitat social &#8220;o&#8221; precarietat &#8220;en \u00e0mbits disciplinaris i en pol\u00edtiques p\u00fabliques des d&#8217;una perspectiva bio-psico-social.<\/li>\n<li><strong>Rol dels mitjans audiovisuals i campanyes publicit\u00e0ries<\/strong> en l&#8217;abordatge i pal\u00b7liaci\u00f3 del problema en els \u00e0mbits assenyalats.<\/li>\n<\/ol>\n<p>Dins del projecte ens adre\u00e7arem tamb\u00e9 al d<strong>isseny de propostes formatives <\/strong>espec\u00edficament adre\u00e7ades a professionals que treballen en aquests \u00e0mbits.<\/p>\n<p><a href=\"https:\/\/pixabay.com\/es\/las-manos-mano-de-ni%C3%B1o-mano-del-ni%C3%B1o-1797401\/\"><img loading=\"lazy\" decoding=\"async\" alt=\"\" height=\"214\" src=\"http:\/\/pagines.uab.cat\/vulneras\/ca\/sites\/pagines.uab.cat.vulneras\/files\/styles\/galeria\/public\/hands-1797401_1920.jpg?itok=B2vS7LMJ\" width=\"319\" \/><\/a><\/p>\n<h6>(Font: <a href=\"https:\/\/pixabay.com\/es\/las-manos-mano-de-ni%C3%B1o-mano-del-ni%C3%B1o-1797401\">Myriams-fotos<\/a>)<\/h6>\n","protected":false},"excerpt":{"rendered":"<p>El projecte VulneraS pret\u00e8n aprofundir en espais i entorns de vulnerabilitat en contextos de crian\u00e7a, tot analitzant estrat\u00e8gies de crian\u00e7a en contextos socioculturals de vulnerabilitat, tractant de detectar necessitats espec\u00edfiques, avaluar els recursos disponibles (i els necessaris) i formular propostes d&#8217;actuaci\u00f3. En aquest sentit, hem definit 6 \u00e0mbits&nbsp; d&#8217;actuaci\u00f3: Atenci\u00f3 i suport parental ext\u00e8s: paper [&hellip;]<\/p>\n","protected":false},"author":20,"featured_media":0,"parent":0,"menu_order":0,"comment_status":"closed","ping_status":"closed","template":"","meta":{"footnotes":""},"class_list":["post-60","page","type-page","status-publish","hentry"],"_links":{"self":[{"href":"https:\/\/webs.uab.cat\/vulneras\/ca\/wp-json\/wp\/v2\/pages\/60","targetHints":{"allow":["GET"]}}],"collection":[{"href":"https:\/\/webs.uab.cat\/vulneras\/ca\/wp-json\/wp\/v2\/pages"}],"about":[{"href":"https:\/\/webs.uab.cat\/vulneras\/ca\/wp-json\/wp\/v2\/types\/page"}],"author":[{"embeddable":true,"href":"https:\/\/webs.uab.cat\/vulneras\/ca\/wp-json\/wp\/v2\/users\/20"}],"replies":[{"embeddable":true,"href":"https:\/\/webs.uab.cat\/vulneras\/ca\/wp-json\/wp\/v2\/comments?post=60"}],"version-history":[{"count":0,"href":"https:\/\/webs.uab.cat\/vulneras\/ca\/wp-json\/wp\/v2\/pages\/60\/revisions"}],"wp:attachment":[{"href":"https:\/\/webs.uab.cat\/vulneras\/ca\/wp-json\/wp\/v2\/media?parent=60"}],"curies":[{"name":"wp","href":"https:\/\/api.w.org\/{rel}","templated":true}]}}