{"id":69,"date":"2018-11-14T12:43:31","date_gmt":"2018-11-14T12:43:31","guid":{"rendered":"https:\/\/webs.uab.cat\/vulneras\/esdeveniments\/"},"modified":"2018-11-14T12:43:31","modified_gmt":"2018-11-14T12:43:31","slug":"esdeveniments","status":"publish","type":"page","link":"https:\/\/webs.uab.cat\/vulneras\/ca\/esdeveniments\/","title":{"rendered":"Esdeveniments"},"content":{"rendered":"<h1><strong>2021<\/strong><\/h1>\n<p>&#8211; Seminari&nbsp;Internacional:&nbsp;<em>Antropolog\u00eda, salud y comunicaci\u00f3n audiovisual.&nbsp;Perspectivas interdisciplinares para el abordaje de la vulnerabilidad<\/em>. 25 de gener de 2021 (15:30h-19:30h). En l\u00ednia.&nbsp;<\/p>\n<p><img loading=\"lazy\" decoding=\"async\" alt=\"\" height=\"396\" src=\"https:\/\/grupsderecerca.uab.cat\/grafo\/sites\/grupsderecerca.uab.cat.grafo\/files\/cartel-seminario-brasil-20210118.png\" width=\"280\" \/><\/p>\n<p>Podeu veure el cartell a mida completa <a href=\"https:\/\/grupsderecerca.uab.cat\/grafo\/sites\/grupsderecerca.uab.cat.grafo\/files\/cartel-seminario-brasil-20210118.png\">aqu\u00ed<\/a>.<\/p>\n<p>Podeu veure el programa complet <a href=\"https:\/\/webs.uab.cat\/vulneras\/wp-content\/uploads\/sites\/131\/2018\/11\/programa-mano-seminario-brasil.pdf\">aqu\u00ed<\/a>.<\/p>\n<p>&nbsp;<\/p>\n<h1><strong>2020<\/strong><\/h1>\n<p>&#8211; Seminari Interdisiciplinar estatal: <em>Crianza en contextos vulnerables. Necesidades y recursos de afrontamiento<\/em>. 27 de novembre de 2020. (9:30h-14:00h). En l\u00ednia<strong>. <\/strong><\/p>\n<p><img loading=\"lazy\" decoding=\"async\" alt=\"\" height=\"396\" src=\"https:\/\/gent.uab.cat\/jordigrau\/sites\/gent.uab.cat.jordigrau\/files\/cartel-seminario-online-6.png\" width=\"280\" \/><\/p>\n<p>Podeu veure el cartell a mida completa <a href=\"https:\/\/gent.uab.cat\/jordigrau\/sites\/gent.uab.cat.jordigrau\/files\/cartel-seminario-online-6.png\">aqu\u00ed<\/a>.<\/p>\n<p>Podeu veure el programa de complet <a href=\"https:\/\/webs.uab.cat\/vulneras\/wp-content\/uploads\/sites\/131\/2018\/11\/programa_seminario_20201125-final.pdf\">aqu\u00ed<\/a>.<\/p>\n<p>&nbsp;<\/p>\n<p>&#8211; Coordinaci\u00f3 del Panel&nbsp;<em>Parenting and Childcare in Contexts of Vulnerability.&nbsp;<\/em>16th EASA Biennial Conference&nbsp;<strong><a href=\"https:\/\/easaonline.org\/conferences\/easa2020\/index.shtml\" target=\"_blank\" rel=\"noopener\">New anthropological horizons in and beyond Europe<\/a>.&nbsp;<\/strong>20-24 de juliol de 2020, Virtual Lisbon conference.&nbsp;ISCTE-University Institute of Lisbon and ICS-Institute of Social Sciences, University of Lisbon. 23 de juliol de 2020.<\/p>\n<p>&nbsp;<\/p>\n<p>&#8211; Jornada: <em>La publicitat com a agent de transformaci\u00f3 social<\/em>. 21 de febrer de 2020. Sala Teatre de la Universitat Aut\u00f2noma de Barcelona.<\/p>\n<p><img loading=\"lazy\" decoding=\"async\" alt=\"\" height=\"194\" src=\"http:\/\/pagines.uab.cat\/vulneras\/sites\/pagines.uab.cat.vulneras\/files\/cartel-jornada-publicidad-2-horizontal.png\" width=\"291\" \/><\/p>\n<p>Pot consultar el cartell a mida completa <a href=\"http:\/\/pagines.uab.cat\/vulneras\/sites\/pagines.uab.cat.vulneras\/files\/cartel-jornada-publicidad-2.png\">aqu\u00ed<\/a>.<\/p>\n<p>&nbsp;<\/p>\n<p>&#8211; Coordinaci\u00f3 del Simposi: <a href=\"http:\/\/pagines.uab.cat\/vulneras\/sites\/pagines.uab.cat.vulneras\/files\/programa_simposi.pdf\"><em>Vulnerabilitat sociocultural i estrat\u00e8gies de superviv\u00e8ncia: escenarisde precarietat i \u00e0mbits d&#8217;intervenci\u00f3<\/em><\/a>.&nbsp;<a href=\"https:\/\/coca2020.imf.csic.es\/sites\/default\/files\/documents\/Programa_CoCA_complet.pdf\">I Congr\u00e9s Catal\u00e0 d&#8217;Antropologia (COCA)<\/a>. Tarragona, 31 de gener de 2020.<\/p>\n<p><img loading=\"lazy\" decoding=\"async\" alt=\"\" height=\"194\" src=\"http:\/\/pagines.uab.cat\/vulneras\/sites\/pagines.uab.cat.vulneras\/files\/diapo-coca-petita.png\" width=\"291\" \/><\/p>\n<p>&nbsp;<\/p>\n<h1><strong>2019<\/strong><\/h1>\n<p>&#8211; <a href=\"https:\/\/www.uab.cat\/web\/viure-el-campus\/cultura-en-viu\/sala-cinema\/cicles-tematics\/crianca-i-vulnerabilitat-social-mirades-cinematografiques-1345798012758.html\">Cicle Audiovisual <strong><em>Crian\u00e7a i Vulnerabilitat Social. Mirades Cinematogr\u00e0fiques<\/em><\/strong><\/a>. Cinema de la UAB. Del 14 d&#8217;octubre de 2019 al 18 de febrer de 2020.<\/p>\n<p>Aquest cicle s\u2019ha pensat com un espai d\u2019an\u00e0lisi i debat al voltant de llenguatges audiovisuals que tracten la crian\u00e7a i la vulnerabilitat sociocultural en contextos i moments diferents, per\u00f2 mantenint la crian\u00e7a vulnerable com a eix narratiu central.<\/p>\n<p>Cada pel\u00b7l\u00edcula s\u2019adre\u00e7a principalment a comprendre com la narrativa audiovisual i espec\u00edficament la cinematogr\u00e0fica aborda diferents situacions de vulnerabilitat: conceptualitzaci\u00f3 (<em>Las uvas de la ira<\/em>), suport parental est\u00e8s (<em>Un asunto de fam\u00edlia<\/em>), protecci\u00f3 a la infantesa (<em>El Bola<\/em>), educaci\u00f3 (<em>Hoy empieza todo<\/em>) i salut (<em>Un monstruo viene a verme<\/em>).<\/p>\n<p>El cicle s\u2019ha vinculat amb diverses mat\u00e8ries impartides a les titulacions d\u2019Antropologia Social i Cultural i Comunicaci\u00f3 Audiovisual, i despr\u00e9s de cada projecci\u00f3 s\u2019obrir\u00e0 un col\u00b7loqui amb el p\u00fablic assistent.<\/p>\n<p>Totes les sessions s\u00f3n d\u2019acc\u00e9s lliure i gratu\u00eft, limitat a l\u2019aforament de la sala<\/p>\n<p>&nbsp;<\/p>\n<p><img loading=\"lazy\" decoding=\"async\" alt=\"\" height=\"420\" src=\"http:\/\/pagines.uab.cat\/vulneras\/sites\/pagines.uab.cat.vulneras\/files\/cartell-cicle-uab-cat.jpg\" width=\"300\" \/><\/p>\n<p>Pot consultar el cartell a mida completa <a href=\"http:\/\/pagines.uab.cat\/vulneras\/sites\/pagines.uab.cat.vulneras\/files\/cartell-cicle-uab-cat.jpg\">aqu\u00ed<\/a>.<\/p>\n<p>&nbsp;<\/p>\n<p>&#8211; <strong>Interdisciplinariedad, medios y vulnerabilidad sociocultural. Algunas reflexiones<em> <\/em><\/strong>(Jorge Grau Rebollo). Videocomunicaci\u00f3 presentada al<strong><em> <\/em><\/strong><a href=\"https:\/\/seminarioredeamlat2019.wordpress.com\/\"><em>XIII Semin\u00e1rio Internacional de Metodologias Transformadoras<\/em><\/a><b> <\/b>(<span>Universidade Federal de Roraima \u2013 UFRR, Brasil), 21 a 25\/10\/2019.<\/span><\/p>\n<p><img loading=\"lazy\" decoding=\"async\" alt=\"\" height=\"240\" src=\"http:\/\/pagines.uab.cat\/vulneras\/ca\/sites\/pagines.uab.cat.vulneras\/files\/styles\/galeria\/public\/rede_amlat_2019.png?itok=tbh-Bszo\" width=\"420\" \/><\/p>\n<p>&nbsp;<\/p>\n<p>&#8211; <strong> CICLO DE PALESTRAS &#8211; Comunica\u00e7\u00e3o e Antropologia na Sa\u00fade: desafios e perspectivas das diversidades e desigualdades socioculturais<\/strong>. (Universidade Federal do Rio Grande do Norte -UFRN-, Brasil). 20\/08\/2019 &#8211; 05\/09\/2019. Pon\u00e8ncies convidades presentades per membres del projecte:<\/p>\n<ul>\n<li><em>Biomedicina y antropolog\u00eda: reflexiones sobre el trabajo interdisciplinario con poblaciones vulnerables<\/em> (Luc\u00eda Sanj\u00faan).<\/li>\n<li><em>C\u00f3mo los medios miran a la sociedad y c\u00f3mo la sociedad mira a los medios<\/em> (Nicol\u00e1s Lorite)<\/li>\n<\/ul>\n<p>Tallers te\u00f2rico-pr\u00e0ctics impartits per membres del projecte:<\/p>\n<ul>\n<li><em>Introducci\u00f3n a la Antropolog\u00eda aplicada en salud. Reflexiones sobre los m\u00e9todos, t\u00e9cnicas e instrumentos para el estudio de la situaci\u00f3n de salud de poblaciones vulnerables y culturalmente diversas<\/em> (Luc\u00eda Sanju\u00e1n).<\/li>\n<li><em>Itinerarios terap\u00e9uticos. Estrategias para su estudio desde la Antropolog\u00eda de la salud<\/em> (Irina Casado).<\/li>\n<li><em>Procesos de transmisi\u00f3n de conocimientos sobre salud en contextos de diversidad. Reflexiones desde la pr\u00e1ctica profesional <\/em>(Beatriz Garc\u00eda).<\/li>\n<li><em>C\u00f3mo representan los medios la sociedad y c\u00f3mo deber\u00edan representarla realmente: materiales para un dec\u00e1logo de buenas pr\u00e1cticas medi\u00e1ticas aplicadas a la inclusi\u00f3n y a la prevenci\u00f3n social <\/em>(Nicol\u00e1s Lorite).<\/li>\n<\/ul>\n<p>&nbsp;<\/p>\n<p>&#8211; Simposi <em><strong>Vulnerabilidad y crianza. Contextos, necesidades y recursos<\/strong><\/em>. <a href=\"http:\/\/2019.aibr.org\/es\/\"><em>V Congreso Internacional de Antropolog\u00eda AIBR<\/em><\/a>. Madrid, 11 de juliol de 2019. Coordinaci\u00f3: Anna Piella.<\/p>\n<p>&nbsp;Comunicacions presentades per membres del projecte:<\/p>\n<ul>\n<li><em>Narrativas familiares a prop\u00f3sito de la participaci\u00f3n escolar<\/em>. (Eva Bretones Peregrina).<\/li>\n<li><em>Las medidas de protecci\u00f3n como potenciales factores de vulnerabilidad: la adopci\u00f3n internacional<\/em>. (Lourdes Garc\u00eda Tugas i Jorge Grau Rebollo).<\/li>\n<li><em>Estrategias de la poblaci\u00f3n rife\u00f1a de Marruecos para el cuidado de menores en el espacio de la familia extensa transnacional<\/em>. (Irina Casado Aij\u00f3n).<\/li>\n<li><em>Contextos de crianza en situaci\u00f3n de vulnerabilidad: esbozo te\u00f3rico-metodol\u00f3gico<\/em>. (Mar\u00eda Vald\u00e9s G\u00e1zquez).<\/li>\n<li><em>Propuestas metodol\u00f3gicas para el abordaje de las desigualdades en alimentaci\u00f3n en edad infantil en el \u00e1mbito sanitario p\u00fablico<\/em> (Luc\u00eda Sanju\u00e1n N\u00fa\u00f1ez).<\/li>\n<\/ul>\n<p>&nbsp;<\/p>\n<p>&#8211; Seminario Interdisciplinar Estatal. <strong><em>Crianza y vulnerabilidad sociocultural: aproximaciones te\u00f3ricas y emp\u00edricas<\/em><\/strong>. Sala de Juntes Jordi Arbon\u00e8s, Facultat de Traducci\u00f3 i Interpretaci\u00f3, UAB. 10 de maig de 2019, de 10 a 19:30h.<\/p>\n<p><img loading=\"lazy\" decoding=\"async\" alt=\"\" height=\"240\" src=\"http:\/\/pagines.uab.cat\/vulneras\/sites\/pagines.uab.cat.vulneras\/files\/diptico-seminario_0.png\" width=\"420\" \/><\/p>\n<p>Podeu consultar el cartell a mida completa <a href=\"http:\/\/pagines.uab.cat\/vulneras\/sites\/pagines.uab.cat.vulneras\/files\/diptico-seminario_0.png\">aqu\u00ed<\/a>.<\/p>\n<p>Pot veure el programa de ma (resums, CV, etc.) <a href=\"http:\/\/pagines.uab.cat\/vulneras\/sites\/pagines.uab.cat.vulneras\/files\/esborrany-programa-ma.pdf\">aqu\u00ed<\/a>.<\/p>\n<p>&nbsp;<\/p>\n<p>&#8211; <strong><span>Crian\u00e7a, vulnerabilitat social i risc d&#8217;exclusi\u00f3<\/span><\/strong> <strong> <\/strong>(Anna Piella), dins la Jornada departamental en el marc de la III Setmana de la Recerca a la Facultat de Filosofia Lletres de la UAB. <em><strong>Com abordar la diversitat i l\u2019exclusi\u00f3 social? La recerca en el departament d\u2019antropologia social i cultural<\/strong><\/em>. 13 de maig de 2019. 13-14:30h Aula 213, Facultat de Filosofia i Lletres, UAB.<\/p>\n<p>&nbsp;<\/p>\n<p>&#8211; <span class=\"st\"> <\/span><strong><span class=\"st\"> Comunica\u00e7\u00e3o e Antropologia na Sa\u00fade. Desafios e Perspectivas das diversidades e desigualdades socioculturais<\/span><\/strong><span class=\"st\">. Universidade Federal do Rio Grande do Norte (Natal, Brasil). 29\/08\/2019 &#8211; 05\/09\/2019. Seminaris impartis des del projecte:<\/span><\/p>\n<ul>\n<li><strong><span class=\"st\">Biomedicina e Antropologia: <\/span><\/strong><span class=\"st\"><strong>Reflex\u00f5es sobre o trabalho interdisciplinar con&nbsp;popula\u00e7\u00f5es em Vulnerabilidade. <\/strong>Luc\u00eda Sanju\u00e1n N\u00fa\u00f1ez (GRAFO i investigadora del projecte)..<\/span><\/li>\n<li><span class=\"st\"><strong>Como a m\u00eddia olha para a sociedade e como a sociedade olha para a M\u00eddia. <\/strong>Nicol\u00e1s Lorite Garc\u00eda (MIGRACOM i investigador del projecte).<\/span><\/li>\n<\/ul>\n<p>&nbsp;<\/p>\n<p><img loading=\"lazy\" decoding=\"async\" alt=\"\" height=\"420\" src=\"http:\/\/pagines.uab.cat\/vulneras\/sites\/pagines.uab.cat.vulneras\/files\/antropologia-na-saude.jpg\" width=\"240\" \/><\/p>\n<p>Per a consultar el cartell a mida completa, feu clic <a href=\"http:\/\/pagines.uab.cat\/vulneras\/sites\/pagines.uab.cat.vulneras\/files\/antropologia-na-saude.jpg\">aqu\u00ed<\/a>.<\/p>\n<p>&nbsp;<\/p>\n<hr \/>\n<h1><strong>2018.<\/strong><\/h1>\n<p>&nbsp;<\/p>\n<p>&#8211; Organitzaci\u00f3 del Panel <strong><em>Crianza en contextos de vulnerabilidad social: enfoques interdisciplinares<\/em><\/strong>, <em>IV Encuentro Internacional de Antropolog\u00eda AIBR.<\/em> <em>Encuentros, di\u00e1logos y Retos desde los Sures<\/em>. 4-7 de setembre de 2018. Comunicacions presentades per membres del grup:<\/p>\n<ul>\n<li>Garc\u00eda, Carmen de Jes\u00fas. \u201cPara comprender la vulnerabilidad en la crianza: or\u00edgenes y adaptaciones\u201d.<\/li>\n<li>Grau, Jorge y Lorite, Nicol\u00e1s. \u201cEl papel de los medios de comunicaci\u00f3n en el abordaje de la vulnerabilidad social en contextos de crianza\u201d.<\/li>\n<li>Bretones, Eva. \u201cPol\u00edticas educativas en contextos de vulnerabilidad: los institutos escuela\u201d.<\/li>\n<li>Piella, Anna. \u201cParentalidad, infecundidad y estrategias de apoyo\u201d.<\/li>\n<\/ul>\n<p>&#8211; <strong><em>Seminario Internacional de Comunicaci\u00f3n Estrat\u00e9gica Audiovisual y Etnogr\u00e1fica aplicada a la Intervenci\u00f3n Social Inclusiva en Salud<\/em><\/strong>. Organitzaci\u00f3 i participaci\u00f3 de Jorge Grau, Nicol\u00e1s Lorite i Luc\u00eda Sanju\u00e1n. 12 de novembre de 2018. Facultat de Filosofia i Lletres (UAB).<\/p>\n<p><a href=\"http:\/\/pagines.uab.cat\/vulneras\/sites\/pagines.uab.cat.vulneras\/files\/portada-seminario-logos.jpg\"><img loading=\"lazy\" decoding=\"async\" alt=\"\" height=\"170\" src=\"http:\/\/pagines.uab.cat\/vulneras\/sites\/pagines.uab.cat.vulneras\/files\/portada-seminario-logos.jpg\" width=\"240\" \/><\/a><\/p>\n<p>&#8211; Casado, Irina. \u201cMaternidades y Paternidades en noruega. Estado de bienestar y experiencias cotidianas\u201d. Jornada cient\u00edfica de ASMI WAIMH-Espa\u00f1a: <strong><em>Retos actuales en el desarrollo de la maternidad y la paternidad en diferentes culturas<\/em><\/strong>. 30 de noviembre \/ 1 de diciembre 2018<\/p>\n<p>&nbsp;<\/p>\n<p>&nbsp;<\/p>\n<p>&nbsp;<\/p>\n","protected":false},"excerpt":{"rendered":"<p>2021 &#8211; Seminari&nbsp;Internacional:&nbsp;Antropolog\u00eda, salud y comunicaci\u00f3n audiovisual.&nbsp;Perspectivas interdisciplinares para el abordaje de la vulnerabilidad. 25 de gener de 2021 (15:30h-19:30h). En l\u00ednia.&nbsp; Podeu veure el cartell a mida completa aqu\u00ed. Podeu veure el programa complet aqu\u00ed. &nbsp; 2020 &#8211; Seminari Interdisiciplinar estatal: Crianza en contextos vulnerables. Necesidades y recursos de afrontamiento. 27 de novembre de [&hellip;]<\/p>\n","protected":false},"author":20,"featured_media":0,"parent":0,"menu_order":0,"comment_status":"closed","ping_status":"closed","template":"","meta":{"footnotes":""},"class_list":["post-69","page","type-page","status-publish","hentry"],"_links":{"self":[{"href":"https:\/\/webs.uab.cat\/vulneras\/ca\/wp-json\/wp\/v2\/pages\/69","targetHints":{"allow":["GET"]}}],"collection":[{"href":"https:\/\/webs.uab.cat\/vulneras\/ca\/wp-json\/wp\/v2\/pages"}],"about":[{"href":"https:\/\/webs.uab.cat\/vulneras\/ca\/wp-json\/wp\/v2\/types\/page"}],"author":[{"embeddable":true,"href":"https:\/\/webs.uab.cat\/vulneras\/ca\/wp-json\/wp\/v2\/users\/20"}],"replies":[{"embeddable":true,"href":"https:\/\/webs.uab.cat\/vulneras\/ca\/wp-json\/wp\/v2\/comments?post=69"}],"version-history":[{"count":0,"href":"https:\/\/webs.uab.cat\/vulneras\/ca\/wp-json\/wp\/v2\/pages\/69\/revisions"}],"wp:attachment":[{"href":"https:\/\/webs.uab.cat\/vulneras\/ca\/wp-json\/wp\/v2\/media?parent=69"}],"curies":[{"name":"wp","href":"https:\/\/api.w.org\/{rel}","templated":true}]}}