{"id":116,"date":"2022-02-23T11:55:40","date_gmt":"2022-02-23T11:55:40","guid":{"rendered":"https:\/\/webs.uab.cat\/vulneras\/social-advertising-campaign\/"},"modified":"2022-02-23T11:55:40","modified_gmt":"2022-02-23T11:55:40","slug":"social-advertising-campaign","status":"publish","type":"page","link":"https:\/\/webs.uab.cat\/vulneras\/en\/social-advertising-campaign\/","title":{"rendered":"Social advertising campaign"},"content":{"rendered":"<h1>Invol\u00facrate (1&#8242;).<\/h1>\n<p><iframe loading=\"lazy\" allow=\"accelerometer; autoplay; clipboard-write; encrypted-media; gyroscope; picture-in-picture\" allowfullscreen=\"\" frameborder=\"0\" height=\"315\" src=\"https:\/\/www.youtube.com\/embed\/Qmh6FrFGvBs\" title=\"YouTube video player\" width=\"560\"><\/iframe><\/p>\n<h1>Invol\u00facrate (20&#8243;).<\/h1>\n<p><iframe loading=\"lazy\" allow=\"accelerometer; autoplay; clipboard-write; encrypted-media; gyroscope; picture-in-picture\" allowfullscreen=\"\" frameborder=\"0\" height=\"315\" src=\"https:\/\/www.youtube.com\/embed\/qcvwyKvrghM\" title=\"YouTube video player\" width=\"560\"><\/iframe><\/p>\n<p><\/p>\n<h1><i>Making-of<i> Invol\u00facrate<\/h1>\n<h1><iframe loading=\"lazy\" allow=\"accelerometer; autoplay; clipboard-write; encrypted-media; gyroscope; picture-in-picture\" allowfullscreen=\"\" frameborder=\"0\" height=\"315\" src=\"https:\/\/www.youtube.com\/embed\/QBjzBWFGXvU\" title=\"YouTube video player\" width=\"560\"><\/iframe><\/h1>\n","protected":false},"excerpt":{"rendered":"<p>Invol\u00facrate (1&#8242;). Invol\u00facrate (20&#8243;). Making-of Invol\u00facrate<\/p>\n","protected":false},"author":20,"featured_media":0,"parent":0,"menu_order":0,"comment_status":"closed","ping_status":"closed","template":"","meta":{"footnotes":""},"class_list":["post-116","page","type-page","status-publish","hentry"],"_links":{"self":[{"href":"https:\/\/webs.uab.cat\/vulneras\/en\/wp-json\/wp\/v2\/pages\/116","targetHints":{"allow":["GET"]}}],"collection":[{"href":"https:\/\/webs.uab.cat\/vulneras\/en\/wp-json\/wp\/v2\/pages"}],"about":[{"href":"https:\/\/webs.uab.cat\/vulneras\/en\/wp-json\/wp\/v2\/types\/page"}],"author":[{"embeddable":true,"href":"https:\/\/webs.uab.cat\/vulneras\/en\/wp-json\/wp\/v2\/users\/20"}],"replies":[{"embeddable":true,"href":"https:\/\/webs.uab.cat\/vulneras\/en\/wp-json\/wp\/v2\/comments?post=116"}],"version-history":[{"count":0,"href":"https:\/\/webs.uab.cat\/vulneras\/en\/wp-json\/wp\/v2\/pages\/116\/revisions"}],"wp:attachment":[{"href":"https:\/\/webs.uab.cat\/vulneras\/en\/wp-json\/wp\/v2\/media?parent=116"}],"curies":[{"name":"wp","href":"https:\/\/api.w.org\/{rel}","templated":true}]}}