{"id":62,"date":"2018-06-26T15:28:13","date_gmt":"2018-06-26T15:28:13","guid":{"rendered":"https:\/\/webs.uab.cat\/vulneras\/acknowledgments\/"},"modified":"2018-06-26T15:28:13","modified_gmt":"2018-06-26T15:28:13","slug":"acknowledgments","status":"publish","type":"page","link":"https:\/\/webs.uab.cat\/vulneras\/en\/acknowledgments\/","title":{"rendered":"Acknowledgments"},"content":{"rendered":"<h2><strong>We want to acknowledge the interest and support, at different levels, of the following organizations:<\/strong><\/h2>\n<p>&nbsp;<\/p>\n<p><strong>Ministerio de Ciencia, Innovaci\u00f3n y Universidades <\/strong>(entitat finan\u00e7adora).<\/p>\n<p><img loading=\"lazy\" decoding=\"async\" alt=\"\" height=\"113\" src=\"http:\/\/pagines.uab.cat\/vulneras\/sites\/pagines.uab.cat.vulneras\/files\/logo-ministerio-4.png\" width=\"283\" \/><\/p>\n<p>&nbsp;<\/p>\n<p><strong>Universitat Aut\u00f2noma de Barcelona<\/strong>:<\/p>\n<p><img loading=\"lazy\" decoding=\"async\" alt=\"\" height=\"70\" src=\"http:\/\/pagines.uab.cat\/vulneras\/ca\/sites\/pagines.uab.cat.vulneras\/files\/styles\/capcalera\/public\/logo-uab.jpg?itok=kNOJhEAY\" width=\"300\" \/><\/p>\n<p>&nbsp;<\/p>\n<p><strong>Academia de la Publicidad<\/strong>:<\/p>\n<p><img loading=\"lazy\" decoding=\"async\" alt=\"\" height=\"74\" src=\"http:\/\/pagines.uab.cat\/vulneras\/ca\/sites\/pagines.uab.cat.vulneras\/files\/styles\/thumbnail\/public\/logo-academia-064753.jpg?itok=JBpmBxuO\" width=\"185\" \/><\/p>\n<p>&nbsp;<\/p>\n<p><strong>Federaci\u00f3n de empresas de publicidad y Comunicaci\u00f3n<\/strong>:<\/p>\n<p><img loading=\"lazy\" decoding=\"async\" alt=\"\" height=\"55\" src=\"http:\/\/pagines.uab.cat\/vulneras\/sites\/pagines.uab.cat.vulneras\/files\/styles\/capcalera\/public\/exterior_aepe_logo_20160415092000.png?itok=_pQKcccP\" width=\"351\" \/><\/p>\n<p>&nbsp;<\/p>\n<p><strong>Processocom (Grupo de pesquisa en comunica\u00e7ao, UNISINOS)<\/strong>:<\/p>\n<p><img loading=\"lazy\" decoding=\"async\" alt=\"\" height=\"55\" src=\"http:\/\/pagines.uab.cat\/vulneras\/sites\/pagines.uab.cat.vulneras\/files\/styles\/capcalera\/public\/logo-processocom.png?itok=Kc0592M9\" width=\"350\" \/><\/p>\n<p>&nbsp;<\/p>\n<p>&nbsp;<\/p>\n<p>&nbsp;<\/p>\n<p>&nbsp;<\/p>\n","protected":false},"excerpt":{"rendered":"<p>We want to acknowledge the interest and support, at different levels, of the following organizations: &nbsp; Ministerio de Ciencia, Innovaci\u00f3n y Universidades (entitat finan\u00e7adora). &nbsp; Universitat Aut\u00f2noma de Barcelona: &nbsp; Academia de la Publicidad: &nbsp; Federaci\u00f3n de empresas de publicidad y Comunicaci\u00f3n: &nbsp; Processocom (Grupo de pesquisa en comunica\u00e7ao, UNISINOS): &nbsp; &nbsp; &nbsp; &nbsp;<\/p>\n","protected":false},"author":20,"featured_media":0,"parent":0,"menu_order":0,"comment_status":"closed","ping_status":"closed","template":"","meta":{"footnotes":""},"class_list":["post-62","page","type-page","status-publish","hentry"],"_links":{"self":[{"href":"https:\/\/webs.uab.cat\/vulneras\/en\/wp-json\/wp\/v2\/pages\/62","targetHints":{"allow":["GET"]}}],"collection":[{"href":"https:\/\/webs.uab.cat\/vulneras\/en\/wp-json\/wp\/v2\/pages"}],"about":[{"href":"https:\/\/webs.uab.cat\/vulneras\/en\/wp-json\/wp\/v2\/types\/page"}],"author":[{"embeddable":true,"href":"https:\/\/webs.uab.cat\/vulneras\/en\/wp-json\/wp\/v2\/users\/20"}],"replies":[{"embeddable":true,"href":"https:\/\/webs.uab.cat\/vulneras\/en\/wp-json\/wp\/v2\/comments?post=62"}],"version-history":[{"count":0,"href":"https:\/\/webs.uab.cat\/vulneras\/en\/wp-json\/wp\/v2\/pages\/62\/revisions"}],"wp:attachment":[{"href":"https:\/\/webs.uab.cat\/vulneras\/en\/wp-json\/wp\/v2\/media?parent=62"}],"curies":[{"name":"wp","href":"https:\/\/api.w.org\/{rel}","templated":true}]}}