{"id":77,"date":"2018-11-14T12:54:49","date_gmt":"2018-11-14T12:54:49","guid":{"rendered":"https:\/\/webs.uab.cat\/vulneras\/events-0\/"},"modified":"2022-08-05T12:34:22","modified_gmt":"2022-08-05T12:34:22","slug":"events-0","status":"publish","type":"page","link":"https:\/\/webs.uab.cat\/vulneras\/en\/events-0\/","title":{"rendered":"Events"},"content":{"rendered":"\n<h1 class=\"wp-block-heading\"><strong>2021<\/strong><\/h1>\n\n\n\n<p>&#8211; International Seminari:&nbsp;<em>Antropolog\u00eda, salud y comunicaci\u00f3n audiovisual.&nbsp;Perspectivas interdisciplinares para el abordaje de la vulnerabilidad<\/em>. 25 January 2021 (15:30h-19:30h). Online.<\/p>\n\n\n\n<figure class=\"wp-block-image\"><img decoding=\"async\" src=\"https:\/\/grupsderecerca.uab.cat\/grafo\/sites\/grupsderecerca.uab.cat.grafo\/files\/cartel-seminario-20210111.png\" alt=\"\"\/><\/figure>\n\n\n\n<p>To access the full-size poster just click&nbsp;<a href=\"https:\/\/grupsderecerca.uab.cat\/grafo\/sites\/grupsderecerca.uab.cat.grafo\/files\/cartel-seminario-20210111.png\">here<\/a>.<\/p>\n\n\n\n<p>To access the full contents, just click here.<\/p>\n\n\n\n<h1 class=\"wp-block-heading\">&nbsp;<\/h1>\n\n\n\n<h1 class=\"wp-block-heading\"><strong>2020<\/strong><\/h1>\n\n\n\n<p>&#8211; Cross-disciplinar Seminar:&nbsp;<em>Crianza en contextos vulnerables. Necesidades y recursos de afrontamiento<\/em>. 27 November 2020. (9:30h-14:00h). ONLINE.<\/p>\n\n\n\n<figure class=\"wp-block-image\"><img decoding=\"async\" src=\"https:\/\/gent.uab.cat\/jordigrau\/sites\/gent.uab.cat.jordigrau\/files\/cartel-seminario-online-6.png\" alt=\"\"\/><\/figure>\n\n\n\n<p>To access the image in full size just click\u00a0<a href=\"https:\/\/webs.uab.cat\/vulneras\/wp-content\/uploads\/sites\/131\/2022\/08\/cartel-seminario-online-6.png\" data-type=\"attachment\" data-id=\"224\">here<\/a>.<\/p>\n\n\n\n<p>To access the seminar&#8217;s details click&nbsp;<a href=\"https:\/\/webs.uab.cat\/vulneras\/wp-content\/uploads\/sites\/131\/2018\/11\/programa_seminario_20201125-final.pdf\">here<\/a>.<\/p>\n\n\n\n<p><strong>&#8211; <\/strong>Coordination of the panel <a href=\"http:\/\/pagines.uab.cat\/vulneras\/sites\/pagines.uab.cat.vulneras\/files\/programa_simposi.pdf\"><em>Socio-cultural Vulnerability and Survival Strategies: Precarious scenarios and areas of intervention<\/em><\/a>. <a href=\"https:\/\/coca2020.imf.csic.es\/sites\/default\/files\/documents\/Programa_CoCA_complet.pdf\">I Catalan Congress of Anthropology (COCA)<\/a>. Tarragona, January 31, 2020.<\/p>\n\n\n\n<figure class=\"wp-block-image\"><img decoding=\"async\" src=\"http:\/\/pagines.uab.cat\/vulneras\/sites\/pagines.uab.cat.vulneras\/files\/diapo-coca-petita.png\" alt=\"\"\/><\/figure>\n\n\n\n<p>&#8211; Roundtable\/seminar: <em>La publicitat com a agent de transformaci\u00f3 social<\/em>. 21 February 2020. Sala Teatre de la Universitat Aut\u00f2noma de Barcelona.<\/p>\n\n\n\n<figure class=\"wp-block-image\"><img decoding=\"async\" src=\"http:\/\/pagines.uab.cat\/vulneras\/ca\/sites\/pagines.uab.cat.vulneras\/files\/styles\/galeria\/public\/cartel-jornada-publicidad-2-horizontal_0.png?itok=shukCAdl\" alt=\"\"\/><\/figure>\n\n\n\n<p>To access the image in full size just click <a href=\"https:\/\/webs.uab.cat\/vulneras\/wp-content\/uploads\/sites\/131\/2022\/08\/cartel-jornada-publicidad-2.png\" data-type=\"attachment\" data-id=\"218\">here<\/a>.<\/p>\n\n\n\n<h1 class=\"wp-block-heading\"><strong>2019<\/strong>.<\/h1>\n\n\n\n<p>&#8211; <a href=\"https:\/\/www.uab.cat\/web\/vivir-el-campus\/cultura-en-viu\/sala-cine\/ciclos-tematicos\/crianza-y-vulnerabilidad-miradas-cinematograficas-1345798341678.html\">Audiovisual sessions. <strong><em>Parenting and Social Vulnerability. Filmic Insights<\/em><\/strong><\/a>. UAB Cinema. From 14 October 2019 to 18 February 2020.<\/p>\n\n\n\n<p>This cycle becomes a space for analysis and debate about audiovisual languages \u200b\u200bthat address parenting and socio-cultural vulnerability in different contexts and moments, but maintaining vulnerable parenting as a central narrative axis.<\/p>\n\n\n\n<p>Each film is aimed primarily at understanding how audiovisual narrative (and specifically the filmic one) addresses different situations of vulnerability: conceptualization <em>(Las uvas de la ira<\/em>), extended parental support (<em>Un asunto de familia<\/em>), child protection (<em>El Bola <\/em>), education (<em>Hoy empieza todo<\/em>) and health (<em>Un monstruo viene a verme<\/em>).<\/p>\n\n\n\n<p>The cycle is connected to various courses taught in the Degrees of Social and Cultural Anthropology and Audiovisual Communication, and after each projection there will be an open colloquium with the audience.<\/p>\n\n\n\n<p>All sessions are open to all audiences and are free of entrance until full capacity.<\/p>\n\n\n\n<figure class=\"wp-block-image\"><img decoding=\"async\" src=\"http:\/\/pagines.uab.cat\/vulneras\/sites\/pagines.uab.cat.vulneras\/files\/cartell-cicle-uab-es.jpg\" alt=\"\"\/><\/figure>\n\n\n\n<p><\/p>\n\n\n\n<p>To access the image in full size just click <a href=\"https:\/\/webs.uab.cat\/vulneras\/wp-content\/uploads\/sites\/131\/2022\/08\/cartell-cicle-uab-es.jpg\" data-type=\"attachment\" data-id=\"227\">here<\/a>.<\/p>\n\n\n\n<p>&#8211; <strong>Interdisciplinariedad, medios y vulnerabilidad sociocultural. Algunas reflexiones <\/strong>(Jorge Grau Rebollo). Videocomunicaci\u00f3 presentada al <a href=\"https:\/\/seminarioredeamlat2019.wordpress.com\/\"><em>XIII Semin\u00e1rio Internacional de Metodologias Transformadoras<\/em><\/a><b> <\/b>(Universidade Federal de Roraima \u2013 UFRR, Brasil), 21 a 25\/10\/2019.<\/p>\n\n\n\n<figure class=\"wp-block-image\"><img decoding=\"async\" src=\"http:\/\/pagines.uab.cat\/vulneras\/ca\/sites\/pagines.uab.cat.vulneras\/files\/styles\/galeria\/public\/rede_amlat_2019.png?itok=tbh-Bszo\" alt=\"\"\/><\/figure>\n\n\n\n<p><strong>&#8211; CICLO DE PALESTRAS &#8211; Comunica\u00e7\u00e3o e Antropologia na Sa\u00fade: desafios e perspectivas das diversidades e desigualdades socioculturais<\/strong>. (Universidade Federal do Rio Grande do Norte -UFRN-, Brasil). 20\/08\/2019 &#8211; 05\/09\/2019. Invited papers presented by group members:<\/p>\n\n\n\n<ul class=\"wp-block-list\"><li><em>Biomedicina y antropolog\u00eda: reflexiones sobre el trabajo interdisciplinario con poblaciones vulnerables<\/em> (Luc\u00eda Sanj\u00faan).<\/li><li><em>C\u00f3mo los medios miran a la sociedad y c\u00f3mo la sociedad mira a los medios<\/em> (Nicol\u00e1s Lorite)<\/li><\/ul>\n\n\n\n<p>Methodological workshops taught by project members:<\/p>\n\n\n\n<ul class=\"wp-block-list\"><li><em>Introducci\u00f3n a la Antropolog\u00eda aplicada en salud. Reflexiones sobre los m\u00e9todos, t\u00e9cnicas e instrumentos para el estudio de la situaci\u00f3n de salud de poblaciones vulnerables y culturalmente diversas<\/em> (Luc\u00eda Sanju\u00e1n).<\/li><li><em>Itinerarios terap\u00e9uticos. Estrategias para su estudio desde la Antropolog\u00eda de la salud<\/em> (Irina Casado).<\/li><li><em>Procesos de transmisi\u00f3n de conocimientos sobre salud en contextos de diversidad. Reflexiones desde la pr\u00e1ctica profesional <\/em>(Beatriz Garc\u00eda).<\/li><li><em>C\u00f3mo representan los medios la sociedad y c\u00f3mo deber\u00edan representarla realmente: materiales para un dec\u00e1logo de buenas pr\u00e1cticas medi\u00e1ticas aplicadas a la inclusi\u00f3n y a la prevenci\u00f3n social <\/em>(Nicol\u00e1s Lorite).<\/li><\/ul>\n\n\n\n<p>&#8211; Panel <em><strong>Vulnerabilidad y crianza. Contextos, necesidades y recursos<\/strong><\/em>. <a href=\"http:\/\/2019.aibr.org\/es\/\"><em>V Congreso Internacional de Antropolog\u00eda AIBR<\/em><\/a>. Madrid, 11 July 2019. Convenor: Anna Piella.<\/p>\n\n\n\n<p>&nbsp; Papers presented by project members:<\/p>\n\n\n\n<ul class=\"wp-block-list\"><li><em>Narrativas familiares a prop\u00f3sito de la participaci\u00f3n escolar<\/em>. (Eva Bretones Peregrina).<\/li><li><em>Las medidas de protecci\u00f3n como potenciales factores de vulnerabilidad: la adopci\u00f3n internacional<\/em>. (Lourdes Garc\u00eda Tugas &amp; Jorge Grau Rebollo).<\/li><li><em>Estrategias de la poblaci\u00f3n rife\u00f1a de Marruecos para el cuidado de menores en el espacio de la familia extensa transnacional<\/em>. (Irina Casado Aij\u00f3n).<\/li><li><em>Contextos de crianza en situaci\u00f3n de vulnerabilidad: esbozo te\u00f3rico-metodol\u00f3gico<\/em>. (Mar\u00eda Vald\u00e9s G\u00e1zquez).<\/li><li><em>Propuestas metodol\u00f3gicas para el abordaje de las desigualdades en alimentaci\u00f3n en edad infantil en el \u00e1mbito sanitario p\u00fablico<\/em> (Luc\u00eda Sanju\u00e1n N\u00fa\u00f1ez).<\/li><\/ul>\n\n\n\n<p>&nbsp;<\/p>\n\n\n\n<p>&#8211; Cross-disciplinary State Seminar. <strong><em>Crianza y vulnerabilidad sociocultural: aproximaciones te\u00f3ricas y emp\u00edricas<\/em><\/strong>. Sala de Juntas Jordi Arbon\u00e8s, Faculty of Translation and Interpreting (UAB). 10 May 2019, 10h a 19:30h.<\/p>\n\n\n\n<figure class=\"wp-block-image\"><img loading=\"lazy\" decoding=\"async\" width=\"2246\" height=\"1588\" src=\"https:\/\/webs.uab.cat\/vulneras\/wp-content\/uploads\/sites\/131\/2018\/11\/diptico-seminario_0.png\" alt=\"\" class=\"wp-image-75\" srcset=\"https:\/\/webs.uab.cat\/vulneras\/wp-content\/uploads\/sites\/131\/2018\/11\/diptico-seminario_0.png 2246w, https:\/\/webs.uab.cat\/vulneras\/wp-content\/uploads\/sites\/131\/2018\/11\/diptico-seminario_0-300x212.png 300w, https:\/\/webs.uab.cat\/vulneras\/wp-content\/uploads\/sites\/131\/2018\/11\/diptico-seminario_0-1024x724.png 1024w, https:\/\/webs.uab.cat\/vulneras\/wp-content\/uploads\/sites\/131\/2018\/11\/diptico-seminario_0-768x543.png 768w, https:\/\/webs.uab.cat\/vulneras\/wp-content\/uploads\/sites\/131\/2018\/11\/diptico-seminario_0-1536x1086.png 1536w, https:\/\/webs.uab.cat\/vulneras\/wp-content\/uploads\/sites\/131\/2018\/11\/diptico-seminario_0-2048x1448.png 2048w, https:\/\/webs.uab.cat\/vulneras\/wp-content\/uploads\/sites\/131\/2018\/11\/diptico-seminario_0-1200x848.png 1200w, https:\/\/webs.uab.cat\/vulneras\/wp-content\/uploads\/sites\/131\/2018\/11\/diptico-seminario_0-1980x1400.png 1980w\" sizes=\"auto, (max-width: 2246px) 100vw, 2246px\" \/><\/figure>\n\n\n\n<p><\/p>\n\n\n\n<p>To access a larger readable version just click\u00a0<a href=\"https:\/\/webs.uab.cat\/vulneras\/wp-content\/uploads\/sites\/131\/2022\/08\/diptico-seminario_0.png\" data-type=\"attachment\" data-id=\"230\">here<\/a>.<\/p>\n\n\n\n<p>You can access the seminar&#8217;s programme <a href=\"https:\/\/webs.uab.cat\/vulneras\/wp-content\/uploads\/sites\/131\/2022\/08\/esborrany-programa-ma.pdf\" data-type=\"attachment\" data-id=\"233\">here.<\/a><\/p>\n\n\n\n<p>&nbsp;<\/p>\n\n\n\n<p>&#8211; <strong>Parenting, social vulnerability and risk of exclusion&nbsp;<\/strong>(Anna Piella), within the Departmental Seminar in the framework of the III Research Week in the Faculty of Arts and Humanities of the UAB. <strong><em>How to approach diversity and social exclusion? The Research in the Department of Social and Cultural Anthropology.<\/em><\/strong> May 13, 2019. 13-14:30h. Classroom 213, Faculty of Arts and Humanities, UAB.<\/p>\n\n\n\n<p><strong>&#8211; Comunica\u00e7\u00e3o e Antropologia na Sa\u00fade. Desafios e Perspectivas das diversidades e desigualdades socioculturais<\/strong>. Universidade Federal do Rio Grande do Norte (Natal, Brasil). 29\/08\/2019 &#8211; 05\/09\/2019. Seminars taught by Project Researchers:<\/p>\n\n\n\n<ul class=\"wp-block-list\"><li><strong>Biomedicina e Antropologia: Reflex\u00f5es sobre o trabalho interdisciplinar con&nbsp;popula\u00e7\u00f5es em Vulnerabilidade. <\/strong>Luc\u00eda Sanju\u00e1n N\u00fa\u00f1ez (GRAFO and Project Researcher).<\/li><li><strong>Como a m\u00eddia olha para a sociedade e como a sociedade olha para a M\u00eddia. <\/strong>Nicol\u00e1s Lorite Garc\u00eda (MIGRACOM and Project Researcher).<\/li><\/ul>\n\n\n\n<figure class=\"wp-block-image\"><img decoding=\"async\" src=\"http:\/\/pagines.uab.cat\/vulneras\/sites\/pagines.uab.cat.vulneras\/files\/antropologia-na-saude.jpg\" alt=\"\"\/><\/figure>\n\n\n\n<p>Clic <a href=\"https:\/\/webs.uab.cat\/vulneras\/wp-content\/uploads\/sites\/131\/2022\/08\/antropologia-na-saude.jpg\" data-type=\"attachment\" data-id=\"211\">here<\/a> to view the poster in full size.<\/p>\n\n\n\n<h1 class=\"wp-block-heading\"><strong>2018.<\/strong><\/h1>\n\n\n\n<p>&#8211; Organization of the Panel <strong><em>Crianza en contextos de vulnerabilidad social: enfoques interdisciplinares<\/em><\/strong>, IV Encuentro Internacional de Antropolog\u00eda AIBR. <em>Encuentros, di\u00e1logos y Retos desde los Sures<\/em>. 4-7 September 2018. Project members participating:<\/p>\n\n\n\n<ul class=\"wp-block-list\"><li>Garc\u00eda, Carmen de Jes\u00fas. \u201cPara comprender la vulnerabilidad en la crianza: or\u00edgenes y adaptaciones\u201d.<\/li><li>Grau, Jorge y Lorite, Nicol\u00e1s. \u201cEl papel de los medios de comunicaci\u00f3n en el abordaje de la vulnerabilidad social en contextos de crianza\u201d.<\/li><li>Bretones, Eva. \u201cPol\u00edticas educativas en contextos de vulnerabilidad: los institutos escuela\u201d.<\/li><li>Piella, Anna. \u201cParentalidad, infecundidad y estrategias de apoyo\u201d.<\/li><\/ul>\n\n\n\n<p><em>&#8211; <strong>Seminario Internacional de Comunicaci\u00f3n Estrat\u00e9gica Audiovisual y Etnogr\u00e1fica aplicada a la Intervenci\u00f3n Social Inclusiva en Salud<\/strong><\/em><strong>.<\/strong>&nbsp; Organization and participation of Jorge Grau, Nicol\u00e1s Lorite &amp; Luc\u00eda Sanju\u00e1n. 12 November. Faculty of Arts and Humanities (UAB).<\/p>\n\n\n\n<figure class=\"wp-block-image\"><a href=\"http:\/\/pagines.uab.cat\/vulneras\/sites\/pagines.uab.cat.vulneras\/files\/portada-seminario-logos.jpg\"><img decoding=\"async\" src=\"http:\/\/pagines.uab.cat\/vulneras\/sites\/pagines.uab.cat.vulneras\/files\/portada-seminario-logos.jpg\" alt=\"\"\/><\/a><\/figure>\n\n\n\n<p>&#8211; Irina Casado. \u201cMaternidades y Paternidades en noruega. Estado de bienestar y experiencias cotidianas\u201d. Jornada cient\u00edfica de ASMI WAIMH-Espa\u00f1a:<strong> <em>Retos actuales en el desarrollo de la maternidad y la paternidad en diferentes culturas<\/em><\/strong>. 30 November \/ 1 December 2018.<\/p>\n","protected":false},"excerpt":{"rendered":"<p>2021 &#8211; International Seminari:&nbsp;Antropolog\u00eda, salud y comunicaci\u00f3n audiovisual.&nbsp;Perspectivas interdisciplinares para el abordaje de la vulnerabilidad. 25 January 2021 (15:30h-19:30h). Online. To access the full-size poster just click&nbsp;here. To access the full contents, just click here. &nbsp; 2020 &#8211; Cross-disciplinar Seminar:&nbsp;Crianza en contextos vulnerables. Necesidades y recursos de afrontamiento. 27 November 2020. (9:30h-14:00h). ONLINE. To access [&hellip;]<\/p>\n","protected":false},"author":20,"featured_media":0,"parent":0,"menu_order":0,"comment_status":"closed","ping_status":"closed","template":"","meta":{"footnotes":""},"class_list":["post-77","page","type-page","status-publish","hentry"],"_links":{"self":[{"href":"https:\/\/webs.uab.cat\/vulneras\/en\/wp-json\/wp\/v2\/pages\/77","targetHints":{"allow":["GET"]}}],"collection":[{"href":"https:\/\/webs.uab.cat\/vulneras\/en\/wp-json\/wp\/v2\/pages"}],"about":[{"href":"https:\/\/webs.uab.cat\/vulneras\/en\/wp-json\/wp\/v2\/types\/page"}],"author":[{"embeddable":true,"href":"https:\/\/webs.uab.cat\/vulneras\/en\/wp-json\/wp\/v2\/users\/20"}],"replies":[{"embeddable":true,"href":"https:\/\/webs.uab.cat\/vulneras\/en\/wp-json\/wp\/v2\/comments?post=77"}],"version-history":[{"count":2,"href":"https:\/\/webs.uab.cat\/vulneras\/en\/wp-json\/wp\/v2\/pages\/77\/revisions"}],"predecessor-version":[{"id":243,"href":"https:\/\/webs.uab.cat\/vulneras\/en\/wp-json\/wp\/v2\/pages\/77\/revisions\/243"}],"wp:attachment":[{"href":"https:\/\/webs.uab.cat\/vulneras\/en\/wp-json\/wp\/v2\/media?parent=77"}],"curies":[{"name":"wp","href":"https:\/\/api.w.org\/{rel}","templated":true}]}}