{"id":102,"date":"2020-10-01T16:11:01","date_gmt":"2020-10-01T16:11:01","guid":{"rendered":"https:\/\/webs.uab.cat\/vulneras\/publicacions\/"},"modified":"2020-10-01T16:11:01","modified_gmt":"2020-10-01T16:11:01","slug":"publicacions","status":"publish","type":"page","link":"https:\/\/webs.uab.cat\/vulneras\/publicacions\/","title":{"rendered":"Publicacions"},"content":{"rendered":"<h2><strong>Articles<\/strong><\/h2>\n<p>Bretones, Eva (en prensa).<i> <\/i>A prop\u00f3sito de la participaci\u00f3n escolar: el Servicio de Promoci\u00f3n Socioeducativa del Pueblo Gitano<i>. <\/i>En<i> Entornos virtuales para la educaci\u00f3n en tiempos de Pandemia: Nuevas perspectivas metodol\u00f3gicas. <\/i>Dykinson<\/p>\n<p>Bretones, E. (2021).&nbsp;<a href=\"http:\/\/www.gazeta-antropologia.es\/?p=5482\">Pobres familias pobres. Respuestas socioeducativas a la vulnerabilidad<\/a>.&nbsp;<em>Gazeta de Antropolog\u00eda<\/em>, 37(1), art\u00edculo 03.<\/p>\n<p>Garc\u00eda Tugas, L.; Grau Rebollo, J. (2021). <a href=\"https:\/\/www.tandfonline.com\/doi\/full\/10.1080\/10926755.2021.1976339\">The hidden side of adoption in Catalonia: When adoption breaks down<\/a>. <em>Adoption Quarterly<\/em>.&nbsp;https:\/\/doi.org\/10.1080\/10926755.2021.1976339.&nbsp;<\/p>\n<p>Garc\u00eda Tugas, L.; Grau Rebollo, J. (2021).&nbsp;<a href=\"http:\/\/www.gazeta-antropologia.es\/?p=5474\">Cadenas de vulnerabilidad en el sistema de protecci\u00f3n a la infancia. El acogimiento familiar fallido como factor de riesgo para el truncamiento adoptivo<\/a>.<i>Gazeta de Antropologia<\/i>, 37(1), art\u00edculo 04.<\/p>\n<p>Garc\u00eda Garc\u00eda, B.; Garc\u00eda Tugas, L.; Grau Rebollo (2021).&nbsp;<em><a href=\"http:\/\/www.gazeta-antropologia.es\/?p=5472\">Consideraciones etnogr\u00e1ficas sobre la crianza entre mujeres de Senegal y de Gambia en instituciones de atenci\u00f3n a la violencia de g\u00e9nero en Catalu\u00f1a<\/a><\/em>.&nbsp;<em>Gazeta de Antropolog\u00eda<\/em>,&nbsp;37 (1), art\u00edculo 05 .<\/p>\n<p>Gonz\u00e1lez Echevarr\u00eda, A. (2021). \u201cParentesco, parentalidad, apoyo mutuo y vulnerabilidad en la crianza. Del estatuto ontol\u00f3gico y epistemol\u00f3gico de los dominios anal\u00edticos\u201d, en Tom\u00e9 Martin, P. , Vald\u00e9s Gazquez, M. y \u00c1lvarez Plaza, C. (Eds) <em>S\u00edmbolos en la ciudad, s\u00edmbolos de la ciudad<\/em>. Valencia: Editorial Tirant lo Blanch: 451-484. ISBN: 978-84-1853-475-1.<\/p>\n<p>Grau Rebollo, J.; Piella, A.; Gonz\u00e1lez Echevarr\u00eda, A.; Vald\u00e9s, M. (2021). \u00ab<a href=\"https:\/\/dra.revistas.csic.es\/index.php\/dra\/article\/view\/907\" rel=\"noreferrer noopener\" target=\"_blank\">Vulnerabilidad sociocultural en contextos de crianza: retos te\u00f3ricos y propuesta anal\u00edtica<\/a>\u00ab,&nbsp;Disparidades&nbsp;76 (2), e021. DOI:&nbsp;<a data-auto-recognition=\"true\" href=\"https:\/\/doi.org\/10.3989\/dra.2021.021%C2%A0\" target=\"_blank\" rel=\"noopener\">https:\/\/doi.org\/10.3989\/dra.2021.021<\/a><\/p>\n<p>Grau Rebollo, J. (2021).&nbsp;<a href=\"https:\/\/revistes.uab.cat\/periferia\/article\/view\/v26-n1-grau\">Confinement narratives: TV advertising during the coronavirus outbreak in Spain<\/a>.&nbsp;<em>Periferia<\/em>, 26(1): 1-28.&nbsp;<\/p>\n<p>Grau Rebollo, J. (2021).&nbsp;<a href=\"http:\/\/www.vejournal.org\/index.php\/vejournal\/article\/view\/257\">Vulnerable childhood: Audiovisual narratives in Spanish Social Advertising<\/a>.&nbsp;<em>Visual Ethnography<\/em>\u200b, 10 (1).<\/p>\n<p>Grau Rebollo, J. (2020). \u00ab<a href=\"https:\/\/seer.ufrgs.br\/intexto\/article\/view\/87296\/53663\">El papel de la publicidad en el abordaje de la vulnerabilidad social. Panorama y reflexiones a prop\u00f3sito del caso espa\u00f1ol<\/a>\u00ab.&nbsp;<em>Intexto,&nbsp;<\/em>49: 18-40.&nbsp;<\/p>\n<p>Grau Rebollo, J.; Piella Vila, A.; Gonz\u00e1lez Echevarr\u00eda, A.; Vald\u00e9s G\u00e1zquez, M. (2021). Vulnerabilidad sociocultural en contextos de crianza: retos te\u00f3ricos y propuesta anal\u00edtica.&nbsp;<em>Disparidades. Revista de Antropolog\u00eda<\/em>.<\/p>\n<p>Grau Rebollo, J.; Piella Vila, A. (2021).&nbsp;<a href=\"http:\/\/www.gazeta-antropologia.es\/?p=5501\">Presentaci\u00f3n.&nbsp;Crianza en contextos de vulnerabilidad sociocultural<\/a>.&nbsp;<em>Gazeta de Antropolog\u00eda<\/em>, 2021, 37 (1), art\u00edculo 00.<\/p>\n<p>Lorite, N. (2021).&nbsp;<a href=\"http:\/\/www.gazeta-antropologia.es\/?p=5487\">Sobre c\u00f3mo la c\u00e1mara puede mostrar la crianza vulnerable desde una mirada inclusiva<\/a>.&nbsp;<em>Gazeta de Antropolog\u00eda<\/em>, 37(1), art\u00edculo 06.<\/p>\n<p>Navarro, M. (2021).&nbsp;<a href=\"http:\/\/www.gazeta-antropologia.es\/?p=5493\">Redes vecinales de apoyo y estrategias de afrontamiento en familias empobrecidas en Barcelona en tiempos de pandemia<\/a>.&nbsp;<em>Gazeta de Antropolog\u00eda<\/em>,&nbsp;37 (1), art\u00edculo 02.<\/p>\n<p>Vald\u00e9s G\u00e1zquez, M. (2021). \u00ab<a href=\"http:\/\/www.gazeta-antropologia.es\/?p=5463\">Vulnerabilidad social, genealog\u00eda del concepto<\/a>\u00ab.&nbsp;<em>Gazeta de Antropolog\u00eda<\/em>, 37 (1), art\u00edculo 01.&nbsp;<\/p>\n","protected":false},"excerpt":{"rendered":"<p>Articles Bretones, Eva (en prensa). A prop\u00f3sito de la participaci\u00f3n escolar: el Servicio de Promoci\u00f3n Socioeducativa del Pueblo Gitano. En Entornos virtuales para la educaci\u00f3n en tiempos de Pandemia: Nuevas perspectivas metodol\u00f3gicas. Dykinson Bretones, E. (2021).&nbsp;Pobres familias pobres. Respuestas socioeducativas a la vulnerabilidad.&nbsp;Gazeta de Antropolog\u00eda, 37(1), art\u00edculo 03. Garc\u00eda Tugas, L.; Grau Rebollo, J. (2021). [&hellip;]<\/p>\n","protected":false},"author":20,"featured_media":0,"parent":0,"menu_order":0,"comment_status":"closed","ping_status":"closed","template":"","meta":{"footnotes":""},"class_list":["post-102","page","type-page","status-publish","hentry"],"_links":{"self":[{"href":"https:\/\/webs.uab.cat\/vulneras\/wp-json\/wp\/v2\/pages\/102","targetHints":{"allow":["GET"]}}],"collection":[{"href":"https:\/\/webs.uab.cat\/vulneras\/wp-json\/wp\/v2\/pages"}],"about":[{"href":"https:\/\/webs.uab.cat\/vulneras\/wp-json\/wp\/v2\/types\/page"}],"author":[{"embeddable":true,"href":"https:\/\/webs.uab.cat\/vulneras\/wp-json\/wp\/v2\/users\/20"}],"replies":[{"embeddable":true,"href":"https:\/\/webs.uab.cat\/vulneras\/wp-json\/wp\/v2\/comments?post=102"}],"version-history":[{"count":0,"href":"https:\/\/webs.uab.cat\/vulneras\/wp-json\/wp\/v2\/pages\/102\/revisions"}],"wp:attachment":[{"href":"https:\/\/webs.uab.cat\/vulneras\/wp-json\/wp\/v2\/media?parent=102"}],"curies":[{"name":"wp","href":"https:\/\/api.w.org\/{rel}","templated":true}]}}