{"id":106,"date":"2020-10-04T16:33:48","date_gmt":"2020-10-04T16:33:48","guid":{"rendered":"https:\/\/webs.uab.cat\/vulneras\/transferencia\/"},"modified":"2020-10-04T16:33:48","modified_gmt":"2020-10-04T16:33:48","slug":"transferencia","status":"publish","type":"page","link":"https:\/\/webs.uab.cat\/vulneras\/transferencia\/","title":{"rendered":"Transferencia"},"content":{"rendered":"<p>&#8211; <strong>Asesor\u00eda<\/strong> de la investigaci\u00f3n <em>Evaluaci\u00f3n de impactos subjetivos del Fondo 0-16 en la vida cotidiana de ni\u00f1os, adolescentes y sus familias<\/em>. Realizado por el Instituto de Infancia y adolescencia de Barcelona &#8211; Instituto de Estudios Regionales y Metropololitanos de Barcelona, por encargo del Ayuntamiento de Barcelona. 2020.<\/p>\n<p>&#8211; Roig, Clara (2020). \u00ab<a href=\"https:\/\/www.pikaramagazine.com\/2020\/09\/partidas-la-migracion\/\">Partidas por la migraci\u00f3n<\/a>\u00ab,&nbsp;<em>Pikara,&nbsp;<\/em>09\/09\/2020. [Entrevista a Beatriz Garc\u00eda].<\/p>\n<p>&#8211; Roig, Clara y RUIDO Photo (2020). \u00ab<a href=\"http:\/\/thebackway.org\/la-migracion-senegalesa-es-tambien-femenina\/\">La migraci\u00f3n senegalesa es tambi\u00e9n femenina<\/a>\u00ab.&nbsp;<em>The Backway Project<\/em>. 06\/03\/2020.&nbsp;[Entrevista a Beatriz Garc\u00eda]<\/p>\n","protected":false},"excerpt":{"rendered":"<p>&#8211; Asesor\u00eda de la investigaci\u00f3n Evaluaci\u00f3n de impactos subjetivos del Fondo 0-16 en la vida cotidiana de ni\u00f1os, adolescentes y sus familias. Realizado por el Instituto de Infancia y adolescencia de Barcelona &#8211; Instituto de Estudios Regionales y Metropololitanos de Barcelona, por encargo del Ayuntamiento de Barcelona. 2020. &#8211; Roig, Clara (2020). \u00abPartidas por la [&hellip;]<\/p>\n","protected":false},"author":20,"featured_media":0,"parent":0,"menu_order":0,"comment_status":"closed","ping_status":"closed","template":"","meta":{"footnotes":""},"class_list":["post-106","page","type-page","status-publish","hentry"],"_links":{"self":[{"href":"https:\/\/webs.uab.cat\/vulneras\/wp-json\/wp\/v2\/pages\/106","targetHints":{"allow":["GET"]}}],"collection":[{"href":"https:\/\/webs.uab.cat\/vulneras\/wp-json\/wp\/v2\/pages"}],"about":[{"href":"https:\/\/webs.uab.cat\/vulneras\/wp-json\/wp\/v2\/types\/page"}],"author":[{"embeddable":true,"href":"https:\/\/webs.uab.cat\/vulneras\/wp-json\/wp\/v2\/users\/20"}],"replies":[{"embeddable":true,"href":"https:\/\/webs.uab.cat\/vulneras\/wp-json\/wp\/v2\/comments?post=106"}],"version-history":[{"count":0,"href":"https:\/\/webs.uab.cat\/vulneras\/wp-json\/wp\/v2\/pages\/106\/revisions"}],"wp:attachment":[{"href":"https:\/\/webs.uab.cat\/vulneras\/wp-json\/wp\/v2\/media?parent=106"}],"curies":[{"name":"wp","href":"https:\/\/api.w.org\/{rel}","templated":true}]}}