{"id":40,"date":"2018-06-21T19:01:38","date_gmt":"2018-06-21T19:01:38","guid":{"rendered":"https:\/\/webs.uab.cat\/vulneras\/el-proyecto\/"},"modified":"2018-06-21T19:01:38","modified_gmt":"2018-06-21T19:01:38","slug":"el-proyecto","status":"publish","type":"page","link":"https:\/\/webs.uab.cat\/vulneras\/el-proyecto\/","title":{"rendered":"El Proyecto"},"content":{"rendered":"<p>El proyecto VulneraS pretende profundizar en espacios y entornos de vulnerabilidad en contextos de crianza, analizando estrategias de crianza en contextos socioculturales de vulnerabilidad, tratando de detectar necesidades espec\u00edficas, as\u00ed como de evaluar los recursos disponibles (y los necesarios) y formular propuestas de actuaci\u00f3n.<\/p>\n<p>En este sentido, hemos definido 6 \u00e1mbitos de actuaci\u00f3n:<\/p>\n<ol>\n<li><strong>Atenci\u00f3n y apoyo parental extendido<\/strong>: papel de las figuras familiares y extrafamiliares ubicadas en diferentes niveles de ampliaci\u00f3n del parentesco en la paliaci\u00f3n de los efectos debilitadores del bienestar.<\/li>\n<li><strong>Medidas de protecci\u00f3n a la infancia<\/strong>: especialmente adopciones llamadas truncadas y acogidas, tanto familiares como institucionales.<\/li>\n<li><strong>Salud<\/strong>: especialmente en cuanto a las medidas para superar la vulnerabilidad social y cultural en el acceso y uso de los servicios sanitarios de la biomedicina durante la gestaci\u00f3n y crianza.<\/li>\n<li><strong>Educaci\u00f3n<\/strong>: incentivar la participaci\u00f3n y promoci\u00f3n escolar para superar las desigualdades de car\u00e1cter social y econ\u00f3mico.<\/li>\n<li><strong>Definici\u00f3n conceptual y metodol\u00f3gica del problema<\/strong>: delimitaci\u00f3n el apoyo mutuo en general del apoyo mutuo en el \u00e1mbito de la crianza y del cuidado y que examine con detenimiento la evoluci\u00f3n y s\u00edntesis del uso de conceptos como \u00abfamilia\u00bb, \u00abvulnerabilidad \u00ab,\u00bb cuidado \u00ab,\u00bb relatedness \u00ab,\u00bb dependencia \u00ab,\u00bb fragilidad social \u00abo\u00bb precariedad \u00aben \u00e1mbitos disciplinarios y en pol\u00edticas p\u00fablicas desde una perspectiva bio-psico-social.<\/li>\n<li><strong>Rol de los medios audiovisuales y campa\u00f1as publicitarias<\/strong> en el abordaje y paliaci\u00f3n del problema en los \u00e1mbitos se\u00f1alados.<\/li>\n<\/ol>\n<p>Dentro del proyecto nos vamos a dirigir tambi\u00e9n al <strong>dise\u00f1o de propuestas formativas<\/strong> espec\u00edficamente dirigidas a profesionales que trabajan en estos \u00e1mbitos.<\/p>\n<p><a href=\"https:\/\/pixabay.com\/es\/las-manos-mano-de-ni%C3%B1o-mano-del-ni%C3%B1o-1797401\/\"><img loading=\"lazy\" decoding=\"async\" alt=\"\" height=\"214\" src=\"http:\/\/pagines.uab.cat\/vulneras\/ca\/sites\/pagines.uab.cat.vulneras\/files\/styles\/galeria\/public\/hands-1797401_1920.jpg?itok=B2vS7LMJ\" width=\"319\" \/><\/a><\/p>\n<h6>(Fuente: <a href=\"https:\/\/pixabay.com\/es\/las-manos-mano-de-ni%C3%B1o-mano-del-ni%C3%B1o-1797401\">Myriams-fotos<\/a>)<\/h6>\n","protected":false},"excerpt":{"rendered":"<p>El proyecto VulneraS pretende profundizar en espacios y entornos de vulnerabilidad en contextos de crianza, analizando estrategias de crianza en contextos socioculturales de vulnerabilidad, tratando de detectar necesidades espec\u00edficas, as\u00ed como de evaluar los recursos disponibles (y los necesarios) y formular propuestas de actuaci\u00f3n. En este sentido, hemos definido 6 \u00e1mbitos de actuaci\u00f3n: Atenci\u00f3n y [&hellip;]<\/p>\n","protected":false},"author":20,"featured_media":0,"parent":0,"menu_order":0,"comment_status":"closed","ping_status":"closed","template":"","meta":{"footnotes":""},"class_list":["post-40","page","type-page","status-publish","hentry"],"_links":{"self":[{"href":"https:\/\/webs.uab.cat\/vulneras\/wp-json\/wp\/v2\/pages\/40","targetHints":{"allow":["GET"]}}],"collection":[{"href":"https:\/\/webs.uab.cat\/vulneras\/wp-json\/wp\/v2\/pages"}],"about":[{"href":"https:\/\/webs.uab.cat\/vulneras\/wp-json\/wp\/v2\/types\/page"}],"author":[{"embeddable":true,"href":"https:\/\/webs.uab.cat\/vulneras\/wp-json\/wp\/v2\/users\/20"}],"replies":[{"embeddable":true,"href":"https:\/\/webs.uab.cat\/vulneras\/wp-json\/wp\/v2\/comments?post=40"}],"version-history":[{"count":0,"href":"https:\/\/webs.uab.cat\/vulneras\/wp-json\/wp\/v2\/pages\/40\/revisions"}],"wp:attachment":[{"href":"https:\/\/webs.uab.cat\/vulneras\/wp-json\/wp\/v2\/media?parent=40"}],"curies":[{"name":"wp","href":"https:\/\/api.w.org\/{rel}","templated":true}]}}