{"id":41,"date":"2018-06-21T19:03:08","date_gmt":"2018-06-21T19:03:08","guid":{"rendered":"https:\/\/webs.uab.cat\/vulneras\/agradecimientos\/"},"modified":"2018-06-21T19:03:08","modified_gmt":"2018-06-21T19:03:08","slug":"agradecimientos","status":"publish","type":"page","link":"https:\/\/webs.uab.cat\/vulneras\/agradecimientos\/","title":{"rendered":"Agradecimientos"},"content":{"rendered":"<h2>Queremos agradecer el inter\u00e9s y participaci\u00f3n, a diversos niveles, de las siguientes organizaciones:<\/h2>\n<p>&nbsp;<\/p>\n<p><strong>Ministerio de Ciencia, Innovaci\u00f3n y Universidades <\/strong>(entidad financiadora).<\/p>\n<p><img loading=\"lazy\" decoding=\"async\" alt=\"\" height=\"113\" src=\"http:\/\/pagines.uab.cat\/vulneras\/sites\/pagines.uab.cat.vulneras\/files\/logo-ministerio-4.png\" width=\"283\" \/><\/p>\n<p>&nbsp;<\/p>\n<p><strong>Universitat Aut\u00f2noma de Barcelona<\/strong>:<\/p>\n<p><img loading=\"lazy\" decoding=\"async\" alt=\"\" height=\"70\" src=\"http:\/\/pagines.uab.cat\/vulneras\/ca\/sites\/pagines.uab.cat.vulneras\/files\/styles\/capcalera\/public\/logo-uab.jpg?itok=kNOJhEAY\" width=\"300\" \/><\/p>\n<p>&nbsp;<\/p>\n<p><strong>Academia de la Publicidad<\/strong>:<\/p>\n<p><img loading=\"lazy\" decoding=\"async\" alt=\"\" height=\"74\" src=\"http:\/\/pagines.uab.cat\/vulneras\/ca\/sites\/pagines.uab.cat.vulneras\/files\/styles\/thumbnail\/public\/logo-academia-064753.jpg?itok=JBpmBxuO\" width=\"185\" \/><\/p>\n<p>&nbsp;<\/p>\n<p><strong>Federaci\u00f3n de empresas de publicidad y Comunicaci\u00f3n<\/strong>:<\/p>\n<p><img loading=\"lazy\" decoding=\"async\" alt=\"\" height=\"55\" src=\"http:\/\/pagines.uab.cat\/vulneras\/sites\/pagines.uab.cat.vulneras\/files\/styles\/capcalera\/public\/exterior_aepe_logo_20160415092000.png?itok=_pQKcccP\" width=\"351\" \/><\/p>\n<p>&nbsp;<\/p>\n<p><strong>Processocom (Grupo de pesquisa en comunica\u00e7ao, UNISINOS)<\/strong>:<\/p>\n<p><img loading=\"lazy\" decoding=\"async\" alt=\"\" height=\"55\" src=\"http:\/\/pagines.uab.cat\/vulneras\/sites\/pagines.uab.cat.vulneras\/files\/styles\/capcalera\/public\/logo-processocom.png?itok=Kc0592M9\" width=\"350\" \/><\/p>\n<p>&nbsp;<\/p>\n<p>&nbsp;<\/p>\n<p>&nbsp;<\/p>\n<p>&nbsp;<\/p>\n","protected":false},"excerpt":{"rendered":"<p>Queremos agradecer el inter\u00e9s y participaci\u00f3n, a diversos niveles, de las siguientes organizaciones: &nbsp; Ministerio de Ciencia, Innovaci\u00f3n y Universidades (entidad financiadora). &nbsp; Universitat Aut\u00f2noma de Barcelona: &nbsp; Academia de la Publicidad: &nbsp; Federaci\u00f3n de empresas de publicidad y Comunicaci\u00f3n: &nbsp; Processocom (Grupo de pesquisa en comunica\u00e7ao, UNISINOS): &nbsp; &nbsp; &nbsp; &nbsp;<\/p>\n","protected":false},"author":20,"featured_media":0,"parent":0,"menu_order":0,"comment_status":"closed","ping_status":"closed","template":"","meta":{"footnotes":""},"class_list":["post-41","page","type-page","status-publish","hentry"],"_links":{"self":[{"href":"https:\/\/webs.uab.cat\/vulneras\/wp-json\/wp\/v2\/pages\/41","targetHints":{"allow":["GET"]}}],"collection":[{"href":"https:\/\/webs.uab.cat\/vulneras\/wp-json\/wp\/v2\/pages"}],"about":[{"href":"https:\/\/webs.uab.cat\/vulneras\/wp-json\/wp\/v2\/types\/page"}],"author":[{"embeddable":true,"href":"https:\/\/webs.uab.cat\/vulneras\/wp-json\/wp\/v2\/users\/20"}],"replies":[{"embeddable":true,"href":"https:\/\/webs.uab.cat\/vulneras\/wp-json\/wp\/v2\/comments?post=41"}],"version-history":[{"count":0,"href":"https:\/\/webs.uab.cat\/vulneras\/wp-json\/wp\/v2\/pages\/41\/revisions"}],"wp:attachment":[{"href":"https:\/\/webs.uab.cat\/vulneras\/wp-json\/wp\/v2\/media?parent=41"}],"curies":[{"name":"wp","href":"https:\/\/api.w.org\/{rel}","templated":true}]}}