{"id":99,"date":"2020-05-20T11:37:25","date_gmt":"2020-05-20T11:37:25","guid":{"rendered":"https:\/\/webs.uab.cat\/vulneras\/jornades\/"},"modified":"2020-05-20T11:37:25","modified_gmt":"2020-05-20T11:37:25","slug":"jornades","status":"publish","type":"page","link":"https:\/\/webs.uab.cat\/vulneras\/jornades\/","title":{"rendered":"Jornades"},"content":{"rendered":"<h2>\u200b-&nbsp;<a href=\"https:\/\/vimeo.com\/397460938\">Jornada \u00abLa publicidad como agente de transformaci\u00f3n social\u00bb<\/a>.&nbsp;<\/h2>\n<p>&nbsp;<\/p>\n<p><iframe loading=\"lazy\" allow=\"autoplay; fullscreen\" allowfullscreen=\"\" frameborder=\"0\" height=\"360\" src=\"https:\/\/player.vimeo.com\/video\/397460938\" width=\"560\"><\/iframe><\/p>\n<p><a href=\"https:\/\/vimeo.com\/397460938\">Jornada \u00abLa publicidad como agente de transformaci\u00f3n social\u00bb<\/a> from <a href=\"https:\/\/vimeo.com\/user46083194\">Jordi Grau<\/a> on <a href=\"https:\/\/vimeo.com\">Vimeo<\/a>.<\/p>\n<p>&nbsp;<\/p>\n<h2>&#8211; Debate <em>La publicidad como agente de transformaci\u00f3n social<\/em> (versi\u00f3n extendida).<\/h2>\n<p>&nbsp;<\/p>\n<p><iframe loading=\"lazy\" allow=\"accelerometer; autoplay; encrypted-media; gyroscope; picture-in-picture\" allowfullscreen=\"\" frameborder=\"0\" height=\"315\" src=\"https:\/\/www.youtube.com\/embed\/17Dh-95sYbM\" width=\"560\"><\/iframe><\/p>\n<p>&nbsp;<\/p>\n<h2>&#8211; Crianza en contextos vulnerables. Necesidades y recursos de afrontamiento.<\/h2>\n<p>&nbsp;<\/p>\n<p><iframe loading=\"lazy\" allow=\"accelerometer; autoplay; clipboard-write; encrypted-media; gyroscope; picture-in-picture\" allowfullscreen=\"\" frameborder=\"0\" height=\"315\" src=\"https:\/\/www.youtube.com\/embed\/H3aZa-TfSwY\" width=\"560\"><\/iframe><\/p>\n<h2>Vulnerabilidade Social e S\u00edfilis: desafios para a educomunica\u00e7\u00e3o.<\/h2>\n<p>&nbsp;<\/p>\n<p><iframe loading=\"lazy\" allow=\"accelerometer; autoplay; clipboard-write; encrypted-media; gyroscope; picture-in-picture\" allowfullscreen=\"\" frameborder=\"0\" height=\"315\" src=\"https:\/\/www.youtube.com\/embed\/32e4HspB_7Y\" width=\"560\"><\/iframe><\/p>\n<p>&nbsp;<\/p>\n<h2>Colaboraci\u00f3n interdisciplinar para la promoci\u00f3n de la salud en poblaciones vulnerables.<\/h2>\n<p>&nbsp;<\/p>\n<p><iframe loading=\"lazy\" allow=\"accelerometer; autoplay; clipboard-write; encrypted-media; gyroscope; picture-in-picture\" allowfullscreen=\"\" frameborder=\"0\" height=\"315\" src=\"https:\/\/www.youtube.com\/embed\/0OBNm73nF1o\" width=\"560\"><\/iframe><\/p>\n<p>&nbsp;<\/p>\n<h2>Mediatizaci\u00f3n inclusiva de la vulnerabilidad: pistas desde la observaci\u00f3n casual audiovisual.<\/h2>\n<p>&nbsp;<\/p>\n<p><iframe loading=\"lazy\" allow=\"accelerometer; autoplay; clipboard-write; encrypted-media; gyroscope; picture-in-picture\" allowfullscreen=\"\" frameborder=\"0\" height=\"315\" src=\"https:\/\/www.youtube.com\/embed\/en04gsZ402I\" width=\"560\"><\/iframe><\/p>\n<p>&nbsp;<\/p>\n<h2>Procesos de transmisi\u00f3n de conocimientos en contextos de vulnerabilidad y diferencia cultural.<\/h2>\n<p><iframe loading=\"lazy\" allow=\"accelerometer; autoplay; clipboard-write; encrypted-media; gyroscope; picture-in-picture\" allowfullscreen=\"\" frameborder=\"0\" height=\"315\" src=\"https:\/\/www.youtube.com\/embed\/EhmlplSkObY\" width=\"560\"><\/iframe><\/p>\n<h2>Sa\u00fade coletiva como campo inovador de saberes e de pr\u00e1ticas.<\/h2>\n<p>&nbsp;<\/p>\n<p><iframe loading=\"lazy\" allow=\"accelerometer; autoplay; clipboard-write; encrypted-media; gyroscope; picture-in-picture\" allowfullscreen=\"\" frameborder=\"0\" height=\"315\" src=\"https:\/\/www.youtube.com\/embed\/n2VHq9TzJu0\" width=\"560\"><\/iframe><\/p>\n<p>&nbsp;<\/p>\n<h2>Aspectos del quehacer comunieducativo en tiempos de transformaci\u00f3n ecol\u00f3gica\/sociocultural.<\/h2>\n<p>&nbsp;<\/p>\n<p><iframe loading=\"lazy\" allow=\"accelerometer; autoplay; clipboard-write; encrypted-media; gyroscope; picture-in-picture\" allowfullscreen=\"\" frameborder=\"0\" height=\"315\" src=\"https:\/\/www.youtube.com\/embed\/RNjwAAFc9IU\" width=\"560\"><\/iframe><\/p>\n<h2>Cibercontrol y desinformaci\u00f3n en el contexto de la pandemia de COVID-19<\/h2>\n<p>&nbsp;<\/p>\n<p><iframe loading=\"lazy\" width=\"560\" height=\"315\" src=\"https:\/\/www.youtube.com\/embed\/2GXt4H9itSk\" frameborder=\"0\" allow=\"accelerometer; autoplay; clipboard-write; encrypted-media; gyroscope; picture-in-picture\" allowfullscreen><\/iframe><\/p>\n<h2>&nbsp;<\/h2>\n","protected":false},"excerpt":{"rendered":"<p>\u200b-&nbsp;Jornada \u00abLa publicidad como agente de transformaci\u00f3n social\u00bb.&nbsp; &nbsp; Jornada \u00abLa publicidad como agente de transformaci\u00f3n social\u00bb from Jordi Grau on Vimeo. &nbsp; &#8211; Debate La publicidad como agente de transformaci\u00f3n social (versi\u00f3n extendida). &nbsp; &nbsp; &#8211; Crianza en contextos vulnerables. Necesidades y recursos de afrontamiento. &nbsp; Vulnerabilidade Social e S\u00edfilis: desafios para a educomunica\u00e7\u00e3o. [&hellip;]<\/p>\n","protected":false},"author":20,"featured_media":0,"parent":0,"menu_order":0,"comment_status":"closed","ping_status":"closed","template":"","meta":{"footnotes":""},"class_list":["post-99","page","type-page","status-publish","hentry"],"_links":{"self":[{"href":"https:\/\/webs.uab.cat\/vulneras\/wp-json\/wp\/v2\/pages\/99","targetHints":{"allow":["GET"]}}],"collection":[{"href":"https:\/\/webs.uab.cat\/vulneras\/wp-json\/wp\/v2\/pages"}],"about":[{"href":"https:\/\/webs.uab.cat\/vulneras\/wp-json\/wp\/v2\/types\/page"}],"author":[{"embeddable":true,"href":"https:\/\/webs.uab.cat\/vulneras\/wp-json\/wp\/v2\/users\/20"}],"replies":[{"embeddable":true,"href":"https:\/\/webs.uab.cat\/vulneras\/wp-json\/wp\/v2\/comments?post=99"}],"version-history":[{"count":0,"href":"https:\/\/webs.uab.cat\/vulneras\/wp-json\/wp\/v2\/pages\/99\/revisions"}],"wp:attachment":[{"href":"https:\/\/webs.uab.cat\/vulneras\/wp-json\/wp\/v2\/media?parent=99"}],"curies":[{"name":"wp","href":"https:\/\/api.w.org\/{rel}","templated":true}]}}