{"id":2635,"date":"2023-03-30T10:28:26","date_gmt":"2023-03-30T08:28:26","guid":{"rendered":"https:\/\/webs.uab.cat\/edicio-web\/?page_id=2635"},"modified":"2025-12-18T14:03:34","modified_gmt":"2025-12-18T12:03:34","slug":"entorn-de-treball","status":"publish","type":"page","link":"https:\/\/webs.uab.cat\/webedit\/primeres-passes\/entorn-de-treball\/","title":{"rendered":"L&#8217;entorn de treball"},"content":{"rendered":"\n<p>La pantalla inicial t\u00e9 aquesta visualitzaci\u00f3:<\/p>\n\n\n<div class=\"wp-block-image\">\n<figure class=\"aligncenter size-full\"><img loading=\"lazy\" decoding=\"async\" width=\"1024\" height=\"501\" src=\"https:\/\/webs.uab.cat\/webedit\/wp-content\/uploads\/sites\/667\/2025\/07\/PantallaOracle-1024x501-1.jpg\" alt=\"Captura de pantalla de la visi\u00f3 general de l'entorn de treball d'Oracle Webcenter Sites\" class=\"wp-image-4657\" srcset=\"https:\/\/webs.uab.cat\/webedit\/wp-content\/uploads\/sites\/667\/2025\/07\/PantallaOracle-1024x501-1.jpg 1024w, https:\/\/webs.uab.cat\/webedit\/wp-content\/uploads\/sites\/667\/2025\/07\/PantallaOracle-1024x501-1-300x147.jpg 300w, https:\/\/webs.uab.cat\/webedit\/wp-content\/uploads\/sites\/667\/2025\/07\/PantallaOracle-1024x501-1-768x376.jpg 768w\" sizes=\"auto, (max-width: 1024px) 100vw, 1024px\" \/><\/figure>\n<\/div>\n\n\n<p>L\u2019entorn de treball es divideix en tres zones:<\/p>\n\n\n\n<ul class=\"wp-block-list\">\n<li>Barra de men\u00fa superior<\/li>\n\n\n\n<li>Panell lateral esquerre<\/li>\n\n\n\n<li>Zona de continguts, on es poden crear i editar els continguts<\/li>\n<\/ul>\n\n\n\n<p>Quan entrem a un site, veurem que a la zona principal hi ha unes caixes que permeten veure r\u00e0pidament el contingut que interessa:<\/p>\n\n\n\n<ul class=\"wp-block-list\">\n<li><strong>Caixa Novetats al gestor<\/strong>, amb avisos i novetats del gestor de continguts, que enlla\u00e7a al blog de l\u2019edici\u00f3 web. Per exemple:<\/li>\n<\/ul>\n\n\n<div class=\"wp-block-image\">\n<figure class=\"aligncenter size-full\"><img loading=\"lazy\" decoding=\"async\" width=\"763\" height=\"621\" src=\"https:\/\/webs.uab.cat\/webedit\/wp-content\/uploads\/sites\/667\/2025\/07\/caixa_novetats_gestor.jpg\" alt=\"Captura de pantalla parcial de la caixa de novetats al gestor d'Oracle Webcenter Sites\" class=\"wp-image-4656\" srcset=\"https:\/\/webs.uab.cat\/webedit\/wp-content\/uploads\/sites\/667\/2025\/07\/caixa_novetats_gestor.jpg 763w, https:\/\/webs.uab.cat\/webedit\/wp-content\/uploads\/sites\/667\/2025\/07\/caixa_novetats_gestor-300x244.jpg 300w\" sizes=\"auto, (max-width: 763px) 100vw, 763px\" \/><\/figure>\n<\/div>\n\n\n<ul class=\"wp-block-list\">\n<li><strong>Caixa Marcadores<\/strong>: ens mostra la llista d\u2019assets que hem marcat. S\u00f3n com els nostres assets \u201cfavorits\u201d; cada editor web pot escollir els assets que necessiti.<\/li>\n<\/ul>\n\n\n\n<p>Podem suprimir marcadors dels assets que ja no utilitzem. Al men\u00fa superior, opci\u00f3 <strong>Contenido<\/strong>, podem afegir o treure un asset a aquesta llista de marcadors seleccionant <strong>Marcar<\/strong> o <strong>Desmarcar<\/strong> quan estiguem visualitzant un asset concret.<\/p>\n\n\n\n<p>Us recomanem que la vostra llista de marcadors sigui petita, perqu\u00e8 si no ja perd la utilitat de llista r\u00e0pida.<\/p>\n\n\n<div class=\"wp-block-image\">\n<figure class=\"aligncenter size-full\"><img loading=\"lazy\" decoding=\"async\" width=\"1024\" height=\"496\" src=\"https:\/\/webs.uab.cat\/webedit\/wp-content\/uploads\/sites\/667\/2025\/07\/caixa_marcadores-1024x496-1.jpg\" alt=\"Captura de pantalla parcial de la caixa de marcadores al gestor d'Oracle Webcenter Sites\" class=\"wp-image-4655\" srcset=\"https:\/\/webs.uab.cat\/webedit\/wp-content\/uploads\/sites\/667\/2025\/07\/caixa_marcadores-1024x496-1.jpg 1024w, https:\/\/webs.uab.cat\/webedit\/wp-content\/uploads\/sites\/667\/2025\/07\/caixa_marcadores-1024x496-1-300x145.jpg 300w, https:\/\/webs.uab.cat\/webedit\/wp-content\/uploads\/sites\/667\/2025\/07\/caixa_marcadores-1024x496-1-768x372.jpg 768w\" sizes=\"auto, (max-width: 1024px) 100vw, 1024px\" \/><\/figure>\n<\/div>\n\n\n<ul class=\"wp-block-list\">\n<li><strong>Caixa Cerques guardades<\/strong>: s\u2019explica el funcionament en l\u2019apartat de <a href=\"https:\/\/webs.uab.cat\/webedit\/primeres-passes\/cerca-avancada\/\"><strong>Cerca avan\u00e7ada<\/strong><\/a>.<\/li>\n\n\n\n<li><strong>Caixa Obtenir ID not\u00edcia o agenda a partir de la URL<\/strong>: com que les noves webs ja no mostren l\u2019ID de l\u2019element en la URL, aquesta p\u00e0gina permet trobar-lo. Aquesta cerca \u00e9s necess\u00e0ria quan volem <a href=\"https:\/\/webs.uab.cat\/webedit\/edicio-de-continguts\/manual\/importar-noticies-i-agendes\/\">importar not\u00edcies d&#8217;un altre site<\/a>.<\/li>\n<\/ul>\n\n\n\n<p>A la zona de l\u2019esquerra hi tenim un altre men\u00fa complementari, a la part inferior:<\/p>\n\n\n<div class=\"wp-block-image\">\n<figure class=\"aligncenter size-full\"><img loading=\"lazy\" decoding=\"async\" width=\"258\" height=\"160\" src=\"https:\/\/webs.uab.cat\/webedit\/wp-content\/uploads\/sites\/667\/2025\/07\/menu_panell_lateral.jpg\" alt=\"Captura de pantalla parcial del men\u00fa del panell lateral d'Oracle Webcenter Sites\" class=\"wp-image-4654\"\/><\/figure>\n<\/div>\n\n\n<ul class=\"wp-block-list\">\n<li><strong>\u00c1rbol del sitio<\/strong>: mostra les p\u00e0gines del lloc web<\/li>\n\n\n\n<li><strong>Mi trabajo<\/strong>: per accedir als assets de l\u2019historial o dels marcadors<\/li>\n\n\n\n<li><strong>Mi contenido<\/strong>: llistat dels tipus d\u2019asset del lloc web, per categories<\/li>\n\n\n\n<li><strong>\u00c1rbol de m\u00e1rqueting<\/strong>: no utilitzat<\/li>\n<\/ul>\n","protected":false},"excerpt":{"rendered":"<p>La pantalla inicial t\u00e9 aquesta visualitzaci\u00f3: L\u2019entorn de treball es divideix en tres zones: Quan entrem a un site, veurem que a la zona principal hi ha unes caixes que permeten veure r\u00e0pidament el contingut que interessa: Podem suprimir marcadors dels assets que ja no utilitzem. Al men\u00fa superior, opci\u00f3 Contenido, podem afegir o treure [&hellip;]<\/p>\n","protected":false},"author":39,"featured_media":0,"parent":4497,"menu_order":0,"comment_status":"closed","ping_status":"closed","template":"","meta":{"footnotes":""},"class_list":["post-2635","page","type-page","status-publish","hentry"],"_links":{"self":[{"href":"https:\/\/webs.uab.cat\/webedit\/wp-json\/wp\/v2\/pages\/2635","targetHints":{"allow":["GET"]}}],"collection":[{"href":"https:\/\/webs.uab.cat\/webedit\/wp-json\/wp\/v2\/pages"}],"about":[{"href":"https:\/\/webs.uab.cat\/webedit\/wp-json\/wp\/v2\/types\/page"}],"author":[{"embeddable":true,"href":"https:\/\/webs.uab.cat\/webedit\/wp-json\/wp\/v2\/users\/39"}],"replies":[{"embeddable":true,"href":"https:\/\/webs.uab.cat\/webedit\/wp-json\/wp\/v2\/comments?post=2635"}],"version-history":[{"count":9,"href":"https:\/\/webs.uab.cat\/webedit\/wp-json\/wp\/v2\/pages\/2635\/revisions"}],"predecessor-version":[{"id":7053,"href":"https:\/\/webs.uab.cat\/webedit\/wp-json\/wp\/v2\/pages\/2635\/revisions\/7053"}],"up":[{"embeddable":true,"href":"https:\/\/webs.uab.cat\/webedit\/wp-json\/wp\/v2\/pages\/4497"}],"wp:attachment":[{"href":"https:\/\/webs.uab.cat\/webedit\/wp-json\/wp\/v2\/media?parent=2635"}],"curies":[{"name":"wp","href":"https:\/\/api.w.org\/{rel}","templated":true}]}}