{"id":2672,"date":"2023-03-30T10:57:56","date_gmt":"2023-03-30T08:57:56","guid":{"rendered":"https:\/\/webs.uab.cat\/edicio-web\/?page_id=2672"},"modified":"2025-12-18T14:34:20","modified_gmt":"2025-12-18T12:34:20","slug":"menu-superior-de-cada-asset","status":"publish","type":"page","link":"https:\/\/webs.uab.cat\/webedit\/primeres-passes\/menu-superior-de-cada-asset\/","title":{"rendered":"Men\u00fa superior de cada asset"},"content":{"rendered":"\n<p>A cada asset hi ha un men\u00fa amb icones:<\/p>\n\n\n<div class=\"wp-block-image\">\n<figure class=\"aligncenter size-full\"><img loading=\"lazy\" decoding=\"async\" width=\"390\" height=\"95\" src=\"https:\/\/webs.uab.cat\/webedit\/wp-content\/uploads\/sites\/667\/2025\/07\/icones_menu_asset.jpg\" alt=\"Captura de pantalla parcial de les icones del men\u00fa superior d'un asset a Oracle Webcenter Sites\" class=\"wp-image-4652\" srcset=\"https:\/\/webs.uab.cat\/webedit\/wp-content\/uploads\/sites\/667\/2025\/07\/icones_menu_asset.jpg 390w, https:\/\/webs.uab.cat\/webedit\/wp-content\/uploads\/sites\/667\/2025\/07\/icones_menu_asset-300x73.jpg 300w\" sizes=\"auto, (max-width: 390px) 100vw, 390px\" \/><\/figure>\n<\/div>\n\n\n<p>A continuaci\u00f3 us detallem per a qu\u00e8 serveix cada bot\u00f3:<\/p>\n\n\n\n<div class=\"wp-block-media-text is-stacked-on-mobile is-vertically-aligned-center\" style=\"grid-template-columns:15% auto\"><figure class=\"wp-block-media-text__media\"><img loading=\"lazy\" decoding=\"async\" width=\"158\" height=\"99\" src=\"https:\/\/webs.uab.cat\/webedit\/wp-content\/uploads\/sites\/667\/2025\/07\/boto_form_menu_asset.jpg\" alt=\"Captura de pantalla parcial del bot\u00f3 de mode d'edici\u00f3 d'asset a Oracle Webcenter Sites\" class=\"wp-image-4651 size-full\"\/><\/figure><div class=\"wp-block-media-text__content\">\n<p><strong>Canviar de mode<\/strong>: permet passar del mode formulari al mode previsualitzaci\u00f3 de la p\u00e0gina web.<\/p>\n<\/div><\/div>\n\n\n\n<div class=\"wp-block-media-text is-stacked-on-mobile is-vertically-aligned-center\" style=\"grid-template-columns:15% auto\"><figure class=\"wp-block-media-text__media\"><img loading=\"lazy\" decoding=\"async\" width=\"92\" height=\"89\" src=\"https:\/\/webs.uab.cat\/webedit\/wp-content\/uploads\/sites\/667\/2025\/07\/boto_editar_menu_asset.jpg\" alt=\"Captura de pantalla parcial del bot\u00f3 d'edici\u00f3 d'asset a Oracle Webcenter Sites\" class=\"wp-image-4650 size-full\"\/><\/figure><div class=\"wp-block-media-text__content\">\n<p><strong>Editar<\/strong>: per editar l\u2019asset.<\/p>\n<\/div><\/div>\n\n\n\n<div class=\"wp-block-media-text is-stacked-on-mobile\" style=\"grid-template-columns:15% auto\"><figure class=\"wp-block-media-text__media\"><img loading=\"lazy\" decoding=\"async\" width=\"80\" height=\"82\" src=\"https:\/\/webs.uab.cat\/webedit\/wp-content\/uploads\/sites\/667\/2025\/07\/boto_previsualitzar_menu_asset.jpg\" alt=\"Captura de pantalla parcial del bot\u00f3 de previsualitzaci\u00f3 d'asset a Oracle Webcenter Sites\" class=\"wp-image-4649 size-full\"\/><\/figure><div class=\"wp-block-media-text__content\">\n<p><strong>Vista pr\u00e8via<\/strong>: per veure com queda l\u2019asset p\u00e0gina a l\u2019entorn de proves <em>webedit<\/em>. Aquest bot\u00f3 nom\u00e9s est\u00e0 disponible en els assets de tipus p\u00e0gina.<\/p>\n<\/div><\/div>\n\n\n\n<div class=\"wp-block-media-text is-stacked-on-mobile\" style=\"grid-template-columns:15% auto\"><figure class=\"wp-block-media-text__media\"><img loading=\"lazy\" decoding=\"async\" width=\"81\" height=\"84\" src=\"https:\/\/webs.uab.cat\/webedit\/wp-content\/uploads\/sites\/667\/2025\/07\/boto_aprovar_menu_asset.jpg\" alt=\"Captura de pantalla parcial del bot\u00f3 d'aprovaci\u00f3 per a publicaci\u00f3 a Oracle Webcenter Sites\" class=\"wp-image-4648 size-full\"\/><\/figure><div class=\"wp-block-media-text__content\">\n<p><strong>Aprovar<\/strong>: per aprovar la publicaci\u00f3 de l\u2019asset.<\/p>\n<\/div><\/div>\n\n\n\n<div class=\"wp-block-media-text is-stacked-on-mobile\" style=\"grid-template-columns:15% auto\"><figure class=\"wp-block-media-text__media\"><img loading=\"lazy\" decoding=\"async\" width=\"88\" height=\"90\" src=\"https:\/\/webs.uab.cat\/webedit\/wp-content\/uploads\/sites\/667\/2025\/07\/boto_eliminar_menu_asset.jpg\" alt=\"Captura de pantalla parcial del bot\u00f3 d'eliminaci\u00f3 d'asset a Oracle Webcenter Sites\" class=\"wp-image-4647 size-full\"\/><\/figure><div class=\"wp-block-media-text__content\">\n<p><strong>Eliminar<\/strong>: per eliminar l\u2019asset.<\/p>\n<\/div><\/div>\n","protected":false},"excerpt":{"rendered":"<p>A cada asset hi ha un men\u00fa amb icones: A continuaci\u00f3 us detallem per a qu\u00e8 serveix cada bot\u00f3: Canviar de mode: permet passar del mode formulari al mode previsualitzaci\u00f3 de la p\u00e0gina web. Editar: per editar l\u2019asset. Vista pr\u00e8via: per veure com queda l\u2019asset p\u00e0gina a l\u2019entorn de proves webedit. Aquest bot\u00f3 nom\u00e9s est\u00e0 [&hellip;]<\/p>\n","protected":false},"author":39,"featured_media":0,"parent":4497,"menu_order":0,"comment_status":"closed","ping_status":"closed","template":"","meta":{"footnotes":""},"class_list":["post-2672","page","type-page","status-publish","hentry"],"_links":{"self":[{"href":"https:\/\/webs.uab.cat\/webedit\/wp-json\/wp\/v2\/pages\/2672","targetHints":{"allow":["GET"]}}],"collection":[{"href":"https:\/\/webs.uab.cat\/webedit\/wp-json\/wp\/v2\/pages"}],"about":[{"href":"https:\/\/webs.uab.cat\/webedit\/wp-json\/wp\/v2\/types\/page"}],"author":[{"embeddable":true,"href":"https:\/\/webs.uab.cat\/webedit\/wp-json\/wp\/v2\/users\/39"}],"replies":[{"embeddable":true,"href":"https:\/\/webs.uab.cat\/webedit\/wp-json\/wp\/v2\/comments?post=2672"}],"version-history":[{"count":5,"href":"https:\/\/webs.uab.cat\/webedit\/wp-json\/wp\/v2\/pages\/2672\/revisions"}],"predecessor-version":[{"id":7056,"href":"https:\/\/webs.uab.cat\/webedit\/wp-json\/wp\/v2\/pages\/2672\/revisions\/7056"}],"up":[{"embeddable":true,"href":"https:\/\/webs.uab.cat\/webedit\/wp-json\/wp\/v2\/pages\/4497"}],"wp:attachment":[{"href":"https:\/\/webs.uab.cat\/webedit\/wp-json\/wp\/v2\/media?parent=2672"}],"curies":[{"name":"wp","href":"https:\/\/api.w.org\/{rel}","templated":true}]}}