{"id":2819,"date":"2023-03-30T15:35:49","date_gmt":"2023-03-30T13:35:49","guid":{"rendered":"https:\/\/webs.uab.cat\/edicio-web\/?page_id=2819"},"modified":"2025-12-19T11:34:38","modified_gmt":"2025-12-19T09:34:38","slug":"creacio-de-nous-continguts","status":"publish","type":"page","link":"https:\/\/webs.uab.cat\/webedit\/edicio-de-continguts\/manual\/creacio-de-nous-continguts\/","title":{"rendered":"Creaci\u00f3 de nous continguts"},"content":{"rendered":"\n<p>Per crear un nou asset, hem d\u2019anar al men\u00fa superior: <strong>Contenido &gt; Nuevo<\/strong><\/p>\n\n\n<div class=\"wp-block-image\">\n<figure class=\"aligncenter size-full\"><img loading=\"lazy\" decoding=\"async\" width=\"281\" height=\"273\" src=\"https:\/\/webs.uab.cat\/webedit\/wp-content\/uploads\/sites\/667\/2025\/07\/contenido-nuevo.jpg\" alt=\"Captura de pantalla parcial del men\u00fa Contenido i l'acci\u00f3 Nuevo a Oracle Webcenter Sites\" class=\"wp-image-4715\"\/><\/figure>\n<\/div>\n\n\n<p>A continuaci\u00f3, cal seleccionar en el desplegable el tipus d\u2019asset que es vol crear. Apareixer\u00e0 el formulari t\u00edpic per omplir-ne el contingut.<\/p>\n\n\n\n<h2 class=\"wp-block-heading\">La import\u00e0ncia del nom de l&#8217;asset<\/h2>\n\n\n\n<p>El nom que donem a un nou contingut ha de ser el m\u00e9s descriptiu possible, no nom\u00e9s en refer\u00e8ncia al seu contingut, sin\u00f3 tamb\u00e9 al seu tipus. Per aix\u00f2, us recomanem la utilitzaci\u00f3 de <strong>prefixos<\/strong> en el nom de determinats assets.<\/p>\n\n\n<div class=\"wp-block-image\">\n<figure class=\"aligncenter size-full\"><img loading=\"lazy\" decoding=\"async\" width=\"385\" height=\"425\" src=\"https:\/\/webs.uab.cat\/webedit\/wp-content\/uploads\/sites\/667\/2025\/07\/importancia-dels-prefixes.jpg\" alt=\"Captura de pantalla d'un llistat d'assets a Marcadores\" class=\"wp-image-4716\" srcset=\"https:\/\/webs.uab.cat\/webedit\/wp-content\/uploads\/sites\/667\/2025\/07\/importancia-dels-prefixes.jpg 385w, https:\/\/webs.uab.cat\/webedit\/wp-content\/uploads\/sites\/667\/2025\/07\/importancia-dels-prefixes-272x300.jpg 272w\" sizes=\"auto, (max-width: 385px) 100vw, 385px\" \/><figcaption class=\"wp-element-caption\">La utilitzaci\u00f3 de prefixos ens ajuda a identificar el tipus d\u2019asset nom\u00e9s observant el seu nom.<br><\/figcaption><\/figure>\n<\/div>\n\n\n<p>A continuaci\u00f3 trobareu una llista d\u2019alguns assets i dels seus prefixos recomanats:<\/p>\n\n\n\n<h2 class=\"wp-block-heading\">Prefixos recomanats per a cada tipus d\u2019asset<\/h2>\n\n\n\n<ul class=\"wp-block-list\">\n<li><strong>Asset activitat d\u2019agenda:<\/strong> farem servir el valor de la data de l\u2019activitat seguint el format <em>any, mes i dia<\/em>. Exemple: per a una activitat d\u2019agenda amb data 26 de novembre de 2024, indicarem el prefix <strong><code>20241126_<\/code><\/strong>.<\/li>\n\n\n\n<li><strong>Document:<\/strong> prefix recomanat: <strong><code>DOC_<\/code><\/strong><\/li>\n\n\n\n<li><strong>Enlla\u00e7 intern i extern:<\/strong> prefix recomanat: <strong><code>EN_<\/code><\/strong><\/li>\n\n\n\n<li><strong>Fila:<\/strong> prefix recomanat: <strong><code>F_<\/code><\/strong><\/li>\n\n\n\n<li><strong>Fitxa:<\/strong> prefix recomanat: <strong><code>FX_<\/code><\/strong><\/li>\n\n\n\n<li><strong>M\u00f2dul:<\/strong> prefix recomanat: <strong><code>MOD_<\/code><\/strong><\/li>\n\n\n\n<li><strong>Multim\u00e8dia \u00c0udio:<\/strong> prefix recomanat: <strong><code>AUDIO_<\/code><\/strong><\/li>\n\n\n\n<li><strong>Multim\u00e8dia Embed:<\/strong> prefix recomanat: <strong><code>EMBED_<\/code><\/strong><\/li>\n\n\n\n<li><strong>Multim\u00e8dia Imatge:<\/strong> prefix recomanat: <strong><code>IMG_<\/code><\/strong><\/li>\n\n\n\n<li><strong>Multim\u00e8dia V\u00eddeo:<\/strong> prefix recomanat: <strong><code>VID_<\/code><\/strong><\/li>\n\n\n\n<li><strong>Multim\u00e8dia Diapositiva:<\/strong> prefix recomanat: <strong><code>DIAPO_<\/code><\/strong><\/li>\n\n\n\n<li><strong>Not\u00edcia:<\/strong> farem servir el valor de la data de la not\u00edcia seguint el format <em>any, mes i dia<\/em>. Exemple: per a una not\u00edcia publicada el 26 de novembre de 2024, indicarem el prefix <strong><code>20241126_<\/code><\/strong><\/li>\n\n\n\n<li><strong>Text Anunci:<\/strong> prefix recomanat: <strong><code>TXT_ANUN<\/code><\/strong>_<\/li>\n\n\n\n<li><strong>Text General:<\/strong> prefix recomanat: <strong><code>TXT_TG<\/code><\/strong><\/li>\n\n\n\n<li><strong>Text Fitxa Cat\u00e0leg:<\/strong> prefix recomanat: <strong><code>TXT_FC_<\/code><\/strong><\/li>\n\n\n\n<li><strong>Text Testimoni:<\/strong> prefix recomanat: <strong><code>TXT_TES_<\/code><\/strong><\/li>\n\n\n\n<li><strong>Text Xifra:<\/strong> prefix recomanat: <strong><code>TXT_XIFRA_<\/code><\/strong><\/li>\n<\/ul>\n","protected":false},"excerpt":{"rendered":"<p>Per crear un nou asset, hem d\u2019anar al men\u00fa superior: Contenido &gt; Nuevo A continuaci\u00f3, cal seleccionar en el desplegable el tipus d\u2019asset que es vol crear. Apareixer\u00e0 el formulari t\u00edpic per omplir-ne el contingut. La import\u00e0ncia del nom de l&#8217;asset El nom que donem a un nou contingut ha de ser el m\u00e9s descriptiu [&hellip;]<\/p>\n","protected":false},"author":39,"featured_media":0,"parent":4525,"menu_order":0,"comment_status":"closed","ping_status":"closed","template":"","meta":{"footnotes":""},"class_list":["post-2819","page","type-page","status-publish","hentry"],"_links":{"self":[{"href":"https:\/\/webs.uab.cat\/webedit\/wp-json\/wp\/v2\/pages\/2819","targetHints":{"allow":["GET"]}}],"collection":[{"href":"https:\/\/webs.uab.cat\/webedit\/wp-json\/wp\/v2\/pages"}],"about":[{"href":"https:\/\/webs.uab.cat\/webedit\/wp-json\/wp\/v2\/types\/page"}],"author":[{"embeddable":true,"href":"https:\/\/webs.uab.cat\/webedit\/wp-json\/wp\/v2\/users\/39"}],"replies":[{"embeddable":true,"href":"https:\/\/webs.uab.cat\/webedit\/wp-json\/wp\/v2\/comments?post=2819"}],"version-history":[{"count":8,"href":"https:\/\/webs.uab.cat\/webedit\/wp-json\/wp\/v2\/pages\/2819\/revisions"}],"predecessor-version":[{"id":7108,"href":"https:\/\/webs.uab.cat\/webedit\/wp-json\/wp\/v2\/pages\/2819\/revisions\/7108"}],"up":[{"embeddable":true,"href":"https:\/\/webs.uab.cat\/webedit\/wp-json\/wp\/v2\/pages\/4525"}],"wp:attachment":[{"href":"https:\/\/webs.uab.cat\/webedit\/wp-json\/wp\/v2\/media?parent=2819"}],"curies":[{"name":"wp","href":"https:\/\/api.w.org\/{rel}","templated":true}]}}