{"id":2855,"date":"2023-03-31T09:30:45","date_gmt":"2023-03-31T07:30:45","guid":{"rendered":"https:\/\/webs.uab.cat\/edicio-web\/?page_id=2855"},"modified":"2025-12-03T11:19:23","modified_gmt":"2025-12-03T09:19:23","slug":"editor-de-textos","status":"publish","type":"page","link":"https:\/\/webs.uab.cat\/webedit\/edicio-de-continguts\/manual\/editor-de-textos\/","title":{"rendered":"L&#8217;editor de textos"},"content":{"rendered":"\n<p>El <strong>gestor de continguts web<\/strong> ens permet donar format als textos <strong>sense necessitat d\u2019editar HTML ni CSS<\/strong>, gr\u00e0cies a la barra d\u2019edici\u00f3 de textos <strong>CKEditor<\/strong>. Ens ser\u00e0 molt \u00fatil per a l\u2019actualitzaci\u00f3 dels textos a les <strong>p\u00e0gines interiors<\/strong> i a les <strong>not\u00edcies<\/strong>.<\/p>\n\n\n\n<h2 class=\"wp-block-heading\">Botons d&#8217;edici\u00f3 de text (barra CKEditor)<\/h2>\n\n\n<div class=\"wp-block-image\">\n<figure class=\"aligncenter size-full\"><img loading=\"lazy\" decoding=\"async\" width=\"700\" height=\"89\" src=\"https:\/\/webs.uab.cat\/webedit\/wp-content\/uploads\/sites\/667\/2025\/07\/ckeditor.jpg\" alt=\"Captura de pantalla parcial de la barra de botons del CKEditor a Oracle Webcenter Sites\" class=\"wp-image-4721\" srcset=\"https:\/\/webs.uab.cat\/webedit\/wp-content\/uploads\/sites\/667\/2025\/07\/ckeditor.jpg 700w, https:\/\/webs.uab.cat\/webedit\/wp-content\/uploads\/sites\/667\/2025\/07\/ckeditor-300x38.jpg 300w\" sizes=\"auto, (max-width: 700px) 100vw, 700px\" \/><\/figure>\n<\/div>\n\n\n<p>Molts d\u2019aquests botons s\u00f3n semblants als que podeu trobar en altres programes d\u2019edici\u00f3 de text, per\u00f2 hi ha algunes incorporacions interessants:<\/p>\n\n\n\n<div class=\"wp-block-media-text is-stacked-on-mobile is-vertically-aligned-center\" style=\"grid-template-columns:15% auto\"><figure class=\"wp-block-media-text__media\"><img loading=\"lazy\" decoding=\"async\" width=\"44\" height=\"44\" src=\"https:\/\/webs.uab.cat\/webedit\/wp-content\/uploads\/sites\/667\/2025\/07\/SeleccionarTot.gif\" alt=\"Captura de pantalla parcial del bot\u00f3 de sel\u00b7leccionar tot del CKEditor a Oracle Webcenter Sites\" class=\"wp-image-4723 size-full\"\/><\/figure><div class=\"wp-block-media-text__content\">\n<h3 class=\"wp-block-heading\">Seleccionar tot<\/h3>\n\n\n\n<p>Selecciona tot el contingut del camp. \u00c9s especialment \u00fatil quan tenim molta informaci\u00f3.<\/p>\n<\/div><\/div>\n\n\n\n<div class=\"wp-block-media-text is-stacked-on-mobile is-vertically-aligned-center\" style=\"grid-template-columns:15% auto\"><figure class=\"wp-block-media-text__media\"><img loading=\"lazy\" decoding=\"async\" width=\"44\" height=\"44\" src=\"https:\/\/webs.uab.cat\/webedit\/wp-content\/uploads\/sites\/667\/2025\/07\/EsborraFormat.gif\" alt=\"Captura de pantalla parcial del bot\u00f3 de netejar format del CKEditor a Oracle Webcenter Sites\" class=\"wp-image-4724 size-full\"\/><\/figure><div class=\"wp-block-media-text__content\">\n<h3 class=\"wp-block-heading\">Netejar format<\/h3>\n\n\n\n<p>Neteja el format. Combina molt b\u00e9 amb el bot\u00f3 anterior. Molt recomanable en el cas dels textos que han crescut molt i on s\u2019ha fet moltes vegades \u201ccopia i enganxa\u201d, ja que aix\u00f2 acostuma a arrossegar m\u00e9s codi font del desitjat. <strong>Avantatge:<\/strong> no esborra els enlla\u00e7os.<\/p>\n<\/div><\/div>\n\n\n\n<div class=\"wp-block-media-text is-stacked-on-mobile is-vertically-aligned-center\" style=\"grid-template-columns:15% auto\"><figure class=\"wp-block-media-text__media\"><img loading=\"lazy\" decoding=\"async\" width=\"44\" height=\"44\" src=\"https:\/\/webs.uab.cat\/webedit\/wp-content\/uploads\/sites\/667\/2025\/07\/Cita.gif\" alt=\"Captura de pantalla parcial del bot\u00f3 de cita del CKEditor a Oracle Webcenter Sites\" class=\"wp-image-4726 size-full\"\/><\/figure><div class=\"wp-block-media-text__content\">\n<h3 class=\"wp-block-heading\">Cita<\/h3>\n\n\n\n<p>Marca el par\u00e0graf seleccionat com a cita. \u00c9s tend\u00e8ncia fer un bon etiquetatge HTML, que ajuda tant als usuaris que naveguen amb lectors de pantalla com als cercadors. <strong>Un HTML enriquit \u00e9s un HTML de qualitat.<\/strong><\/p>\n<\/div><\/div>\n\n\n\n<div class=\"wp-block-media-text is-stacked-on-mobile is-vertically-aligned-center\" style=\"grid-template-columns:15% auto\"><figure class=\"wp-block-media-text__media\"><img loading=\"lazy\" decoding=\"async\" width=\"60\" height=\"36\" src=\"https:\/\/webs.uab.cat\/webedit\/wp-content\/uploads\/sites\/667\/2025\/07\/Idioma.gif\" alt=\"Captura de pantalla parcial del bot\u00f3 de text en un altre idioma del CKEditor a Oracle Webcenter Sites\" class=\"wp-image-4727 size-full\"\/><\/figure><div class=\"wp-block-media-text__content\">\n<h3 class=\"wp-block-heading\">Text en un altre idioma<\/h3>\n\n\n\n<p>Indicaci\u00f3 excepcional d\u2019idioma. Si esteu redactant en un idioma i heu d\u2019incloure paraules en un altre, seleccioneu-les i indiqueu l\u2019idioma amb aquest bot\u00f3. Idiomes predefinits: <strong>catal\u00e0, castell\u00e0, angl\u00e8s, itali\u00e0 i alemany<\/strong>. Si necessiteu algun altre, podeu demanar-ho.<\/p>\n<\/div><\/div>\n\n\n\n<div class=\"wp-block-media-text is-stacked-on-mobile is-vertically-aligned-center\" style=\"grid-template-columns:26% auto\"><figure class=\"wp-block-media-text__media\"><img loading=\"lazy\" decoding=\"async\" width=\"216\" height=\"282\" src=\"https:\/\/webs.uab.cat\/webedit\/wp-content\/uploads\/sites\/667\/2025\/07\/ckeditor-selector-estil.jpg\" alt=\"Captura de pantalla parcial del desplegable d'estils del CKEditor a Oracle Webcenter Sites\" class=\"wp-image-4728 size-full\"\/><\/figure><div class=\"wp-block-media-text__content\">\n<h3 class=\"wp-block-heading\">Desplegable d\u2019estils<\/h3>\n\n\n\n<p>L\u2019etiquetatge HTML al poder! Heu de marcar t\u00edtols dins del vostre text? <strong>No feu servir negretes, cursives ni subratllats.<\/strong> El futur \u00e9s fer un bon marcatge HTML. Si voleu treure un estil, poseu el cursor sobre el text i torneu a marcar el mateix estil.<\/p>\n<\/div><\/div>\n\n\n\n<div class=\"wp-block-media-text is-stacked-on-mobile is-vertically-aligned-center\" style=\"grid-template-columns:15% auto\"><figure class=\"wp-block-media-text__media\"><img loading=\"lazy\" decoding=\"async\" width=\"44\" height=\"44\" src=\"https:\/\/webs.uab.cat\/webedit\/wp-content\/uploads\/sites\/667\/2025\/07\/Maximitza.gif\" alt=\"Captura de pantalla parcial del bot\u00f3 ampliar \u00e0rea de treball del CKEditor a Oracle Webcenter Sites\" class=\"wp-image-4729 size-full\"\/><\/figure><div class=\"wp-block-media-text__content\">\n<h3 class=\"wp-block-heading\">Ampliar \u00e0rea de treball<\/h3>\n\n\n\n<p>Si el requadre de l\u2019editor us queda petit, premeu aquest bot\u00f3 per editar a pantalla completa.<\/p>\n<\/div><\/div>\n\n\n\n<h2 class=\"wp-block-heading\">Els cl\u00e0ssics<\/h2>\n\n\n\n<p>La resta de botons ofereixen moltes possibilitats:<\/p>\n\n\n\n<div class=\"wp-block-media-text is-stacked-on-mobile is-vertically-aligned-center\" style=\"grid-template-columns:34% auto\"><figure class=\"wp-block-media-text__media\"><img loading=\"lazy\" decoding=\"async\" width=\"150\" height=\"45\" src=\"https:\/\/webs.uab.cat\/webedit\/wp-content\/uploads\/sites\/667\/2025\/07\/tallar-copiar-enganxar.jpg\" alt=\"Captura de pantalla parcial dels botons retallar, copiar i enganxar del CKEditor a Oracle Webcenter Sites\" class=\"wp-image-4730 size-full\"\/><\/figure><div class=\"wp-block-media-text__content\">\n<h3 class=\"wp-block-heading\">Retallar, Copiar i Enganxar<\/h3>\n\n\n\n<p>Necessiten presentaci\u00f3? Si us trobeu que per enganxar el navegador us diu que feu servir una combinaci\u00f3 de tecles, confieu en ell.<\/p>\n<\/div><\/div>\n\n\n\n<div class=\"wp-block-media-text is-stacked-on-mobile is-vertically-aligned-center\" style=\"grid-template-columns:16% auto\"><figure class=\"wp-block-media-text__media\"><img loading=\"lazy\" decoding=\"async\" width=\"162\" height=\"85\" src=\"https:\/\/webs.uab.cat\/webedit\/wp-content\/uploads\/sites\/667\/2025\/07\/undo-redo.jpg\" alt=\"Captura de pantalla parcial dels botons desfer i refer del CKEditor a Oracle Webcenter Sites\" class=\"wp-image-4732 size-full\"\/><\/figure><div class=\"wp-block-media-text__content\">\n<h3 class=\"wp-block-heading\">Desfer i Refer<\/h3>\n\n\n\n<p>Perqu\u00e8 tots podem equivocar-nos i corregir \u00e9s de savis.<\/p>\n<\/div><\/div>\n\n\n\n<div class=\"wp-block-media-text is-stacked-on-mobile is-vertically-aligned-center\" style=\"grid-template-columns:16% auto\"><figure class=\"wp-block-media-text__media\"><img loading=\"lazy\" decoding=\"async\" width=\"161\" height=\"83\" src=\"https:\/\/webs.uab.cat\/webedit\/wp-content\/uploads\/sites\/667\/2025\/07\/cercar-reemplacar.jpg\" alt=\"Captura de pantalla parcial dels botons cercar i substituir del CKEditor a Oracle Webcenter Sites\" class=\"wp-image-4733 size-full\"\/><\/figure><div class=\"wp-block-media-text__content\">\n<h3 class=\"wp-block-heading\">Cercar i Substituir<\/h3>\n\n\n\n<p>\u00datil per textos llargs o per corregir errors repetits.<\/p>\n<\/div><\/div>\n\n\n\n<div class=\"wp-block-media-text is-stacked-on-mobile is-vertically-aligned-center\" style=\"grid-template-columns:16% auto\"><figure class=\"wp-block-media-text__media\"><img loading=\"lazy\" decoding=\"async\" width=\"160\" height=\"83\" src=\"https:\/\/webs.uab.cat\/webedit\/wp-content\/uploads\/sites\/667\/2025\/07\/negreta-cursiva.jpg\" alt=\"Captura de pantalla parcial dels botons negreta i cursiva del CKEditor a Oracle Webcenter Sites\" class=\"wp-image-4734 size-full\"\/><\/figure><div class=\"wp-block-media-text__content\">\n<h3 class=\"wp-block-heading\">Negreta i Cursiva<\/h3>\n\n\n\n<p><strong>Marcarem en negreta<\/strong> les paraules clau que vulguem ressaltar. La negreta pot facilitar la lectura als usuaris i ajudar a dirigir la seva mirada cap als punts que ens interessin. Aix\u00ed mateix, es recomana posar en negreta les paraules clau per les quals ens vulguem posicionar als cercadors. <strong>Ara b\u00e9, cal vigilar de no abusar-ne<\/strong>, perqu\u00e8 llavors perd el seu significat.<\/p>\n\n\n\n<p><strong>Emprarem la cursiva<\/strong> en: locucions llatines no catalanitzades, neologismes, noms cient\u00edfics d\u2019esp\u00e8cies animals i vegetals i de malalties que s\u2019escriuen en llat\u00ed, noms propis de fen\u00f2mens meteorol\u00f2gics, t\u00edtols de llibres, obres de teatre, peces i obres musicals, pel\u00b7l\u00edcules i espectacles.<\/p>\n<\/div><\/div>\n\n\n\n<div class=\"wp-block-media-text is-stacked-on-mobile is-vertically-aligned-center\" style=\"grid-template-columns:16% auto\"><figure class=\"wp-block-media-text__media\"><img loading=\"lazy\" decoding=\"async\" width=\"160\" height=\"83\" src=\"https:\/\/webs.uab.cat\/webedit\/wp-content\/uploads\/sites\/667\/2025\/07\/indexos.jpg\" alt=\"Captura de pantalla parcial dels botons de super\u00edndex i sub\u00edndex del CKEditor a Oracle Webcenter Sites\" class=\"wp-image-4735 size-full\"\/><\/figure><div class=\"wp-block-media-text__content\">\n<h3 class=\"wp-block-heading\">Super\u00edndex i Sub\u00edndex<\/h3>\n\n\n\n<p>Serveixen per posar car\u00e0cters lleugerament per sobre (super\u00edndex) o per sota (sub\u00edndex) de la l\u00ednia del text, habitualment en f\u00f3rmules, equacions, notes a peu de p\u00e0gina o s\u00edmbols qu\u00edmics.<\/p>\n<\/div><\/div>\n\n\n\n<div class=\"wp-block-media-text is-stacked-on-mobile is-vertically-aligned-center\" style=\"grid-template-columns:15% auto\"><figure class=\"wp-block-media-text__media\"><img loading=\"lazy\" decoding=\"async\" width=\"44\" height=\"44\" src=\"https:\/\/webs.uab.cat\/webedit\/wp-content\/uploads\/sites\/667\/2025\/07\/CopiarFormat.gif\" alt=\"Captura de pantalla parcial del bot\u00f3 copiar format del CKEditor a Oracle Webcenter Sites\" class=\"wp-image-4738 size-full\"\/><\/figure><div class=\"wp-block-media-text__content\">\n<h3 class=\"wp-block-heading\">Copiar format<\/h3>\n\n\n\n<p>Aplica el mateix estil de format d\u2019un text seleccionat a un altre text.<\/p>\n<\/div><\/div>\n\n\n\n<div class=\"wp-block-media-text is-stacked-on-mobile is-vertically-aligned-center\" style=\"grid-template-columns:16% auto\"><figure class=\"wp-block-media-text__media\"><img loading=\"lazy\" decoding=\"async\" width=\"162\" height=\"85\" src=\"https:\/\/webs.uab.cat\/webedit\/wp-content\/uploads\/sites\/667\/2025\/07\/llistes.jpg\" alt=\"Captura de pantalla parcial dels botons de llistes del CKEditor a Oracle Webcenter Sites\" class=\"wp-image-4736 size-full\"\/><\/figure><div class=\"wp-block-media-text__content\">\n<h3 class=\"wp-block-heading\">Llistes numerades i sense numerar<\/h3>\n\n\n\n<p>Sempre que tinguem un llistat, <strong>hem de fer servir un d\u2019aquests botons<\/strong>, ja que aix\u00f2 permet una millor anticipaci\u00f3 per als lectors de pantalla.<\/p>\n<\/div><\/div>\n\n\n\n<div class=\"wp-block-media-text is-stacked-on-mobile is-vertically-aligned-center\" style=\"grid-template-columns:16% auto\"><figure class=\"wp-block-media-text__media\"><img loading=\"lazy\" decoding=\"async\" width=\"161\" height=\"82\" src=\"https:\/\/webs.uab.cat\/webedit\/wp-content\/uploads\/sites\/667\/2025\/07\/enllacos.jpg\" alt=\"Captura de pantalla parcial dels botons d'enlla\u00e7 del CKEditor a Oracle Webcenter Sites\" class=\"wp-image-4737 size-full\"\/><\/figure><div class=\"wp-block-media-text__content\">\n<h3 class=\"wp-block-heading\">Inserir i treure enlla\u00e7<\/h3>\n\n\n\n<p>Vegeu: <a href=\"https:\/\/webs.uab.cat\/webedit\/2018\/12\/21\/bones-practiques-per-inserir-enllacos-dins-dun-text-generic\/\" data-type=\"link\" data-id=\"https:\/\/webs.uab.cat\/webedit\/2018\/12\/21\/bones-practiques-per-inserir-enllacos-dins-dun-text-generic\/\">Bones pr\u00e0ctiques per inserir enlla\u00e7os<\/a><\/p>\n<\/div><\/div>\n\n\n\n<div class=\"wp-block-media-text is-stacked-on-mobile is-vertically-aligned-center\" style=\"grid-template-columns:15% auto\"><figure class=\"wp-block-media-text__media\"><img loading=\"lazy\" decoding=\"async\" width=\"44\" height=\"44\" src=\"https:\/\/webs.uab.cat\/webedit\/wp-content\/uploads\/sites\/667\/2025\/07\/Ancora.gif\" alt=\"Captura de pantalla parcial del bot\u00f3 \u00e0ncora del CKEditor a Oracle Webcenter Sites\" class=\"wp-image-4739 size-full\"\/><\/figure><div class=\"wp-block-media-text__content\">\n<h3 class=\"wp-block-heading\">\u00c0ncora<\/h3>\n\n\n\n<p>Per enlla\u00e7os dins del mateix text.<\/p>\n<\/div><\/div>\n\n\n\n<div class=\"wp-block-media-text is-stacked-on-mobile is-vertically-aligned-center\" style=\"grid-template-columns:15% auto\"><figure class=\"wp-block-media-text__media\"><img loading=\"lazy\" decoding=\"async\" width=\"44\" height=\"44\" src=\"https:\/\/webs.uab.cat\/webedit\/wp-content\/uploads\/sites\/667\/2025\/07\/Imatge.gif\" alt=\"Captura de pantalla parcial del bot\u00f3 d'afegir imatge del CKEditor a Oracle Webcenter Sites\" class=\"wp-image-4740 size-full\"\/><\/figure><div class=\"wp-block-media-text__content\">\n<h3 class=\"wp-block-heading\">Inserir imatge<\/h3>\n\n\n\n<p>Vegeu <a href=\"https:\/\/webs.uab.cat\/webedit\/2016\/11\/25\/inserir-mes-duna-imatge-en-un-text-generic-o-en-un-lloc-especific-del-text\/\">Inserir m\u00e9s d\u2019una imatge en un text<\/a><\/p>\n<\/div><\/div>\n\n\n\n<div class=\"wp-block-media-text is-stacked-on-mobile is-vertically-aligned-center\" style=\"grid-template-columns:15% auto\"><figure class=\"wp-block-media-text__media\"><img loading=\"lazy\" decoding=\"async\" width=\"44\" height=\"44\" src=\"https:\/\/webs.uab.cat\/webedit\/wp-content\/uploads\/sites\/667\/2025\/07\/Taula.gif\" alt=\"Captura de pantalla parcial del bot\u00f3 d'afegir taula del CKEditor a Oracle Webcenter Sites\" class=\"wp-image-4741 size-full\"\/><\/figure><div class=\"wp-block-media-text__content\">\n<h3 class=\"wp-block-heading\">Inserir taula<\/h3>\n\n\n\n<p class=\"wp-block-uab-info missatge wp-block-uab-a11y\">Vegeu les <a href=\"https:\/\/webs.uab.cat\/webedit\/taules\/\" data-type=\"page\" data-id=\"5952\">pautes d&#8217;accessibilitat sobre l&#8217;\u00fas de taules<\/a>.<\/p>\n<\/div><\/div>\n\n\n\n<div class=\"wp-block-media-text is-stacked-on-mobile is-vertically-aligned-center\" style=\"grid-template-columns:15% auto\"><figure class=\"wp-block-media-text__media\"><img loading=\"lazy\" decoding=\"async\" width=\"44\" height=\"44\" src=\"https:\/\/webs.uab.cat\/webedit\/wp-content\/uploads\/sites\/667\/2025\/07\/CaracterEspecial.gif\" alt=\"Captura de pantalla parcial del bot\u00f3 d'afegir s\u00edmbol del CKEditor a Oracle Webcenter Sites\" class=\"wp-image-4742 size-full\"\/><\/figure><div class=\"wp-block-media-text__content\">\n<h3 class=\"wp-block-heading\">Car\u00e0cters especials<\/h3>\n\n\n\n<p>Amb un ampli ventall disponible:<\/p>\n<\/div><\/div>\n\n\n<div class=\"wp-block-image\">\n<figure class=\"aligncenter size-full\"><img loading=\"lazy\" decoding=\"async\" width=\"600\" height=\"494\" src=\"https:\/\/webs.uab.cat\/webedit\/wp-content\/uploads\/sites\/667\/2025\/07\/CaractersEspecialsTots.gif\" alt=\"Captura de pantalla parcial del llistat de s\u00edmbols del CKEditor a Oracle Webcenter Sites\" class=\"wp-image-4743\"\/><\/figure>\n<\/div>\n\n\n<h2 class=\"wp-block-heading\">Han passat de moda<\/h2>\n\n\n\n<p>Alguns botons t\u00edpics ja no hi s\u00f3n: justificar o centrar text, modificar tipus de lletra o color. No s\u00f3n necessaris perqu\u00e8 interfereixen amb el full d\u2019estils de la Universitat i poden afectar l\u2019accessibilitat.<\/p>\n\n\n\n<div class=\"wp-block-buttons is-content-justification-center is-layout-flex wp-container-core-buttons-is-layout-16018d1d wp-block-buttons-is-layout-flex\">\n<div class=\"wp-block-button\"><a class=\"wp-block-button__link wp-element-button\" href=\"https:\/\/webs.uab.cat\/webedit\/2020\/04\/14\/siguem-accessibles\/\" target=\"_blank\" rel=\"noreferrer noopener\">Siguem accessibles<\/a><\/div>\n<\/div>\n","protected":false},"excerpt":{"rendered":"<p>El gestor de continguts web ens permet donar format als textos sense necessitat d\u2019editar HTML ni CSS, gr\u00e0cies a la barra d\u2019edici\u00f3 de textos CKEditor. Ens ser\u00e0 molt \u00fatil per a l\u2019actualitzaci\u00f3 dels textos a les p\u00e0gines interiors i a les not\u00edcies. Botons d&#8217;edici\u00f3 de text (barra CKEditor) Molts d\u2019aquests botons s\u00f3n semblants als que [&hellip;]<\/p>\n","protected":false},"author":39,"featured_media":0,"parent":4525,"menu_order":0,"comment_status":"closed","ping_status":"closed","template":"","meta":{"footnotes":""},"class_list":["post-2855","page","type-page","status-publish","hentry"],"_links":{"self":[{"href":"https:\/\/webs.uab.cat\/webedit\/wp-json\/wp\/v2\/pages\/2855","targetHints":{"allow":["GET"]}}],"collection":[{"href":"https:\/\/webs.uab.cat\/webedit\/wp-json\/wp\/v2\/pages"}],"about":[{"href":"https:\/\/webs.uab.cat\/webedit\/wp-json\/wp\/v2\/types\/page"}],"author":[{"embeddable":true,"href":"https:\/\/webs.uab.cat\/webedit\/wp-json\/wp\/v2\/users\/39"}],"replies":[{"embeddable":true,"href":"https:\/\/webs.uab.cat\/webedit\/wp-json\/wp\/v2\/comments?post=2855"}],"version-history":[{"count":23,"href":"https:\/\/webs.uab.cat\/webedit\/wp-json\/wp\/v2\/pages\/2855\/revisions"}],"predecessor-version":[{"id":6119,"href":"https:\/\/webs.uab.cat\/webedit\/wp-json\/wp\/v2\/pages\/2855\/revisions\/6119"}],"up":[{"embeddable":true,"href":"https:\/\/webs.uab.cat\/webedit\/wp-json\/wp\/v2\/pages\/4525"}],"wp:attachment":[{"href":"https:\/\/webs.uab.cat\/webedit\/wp-json\/wp\/v2\/media?parent=2855"}],"curies":[{"name":"wp","href":"https:\/\/api.w.org\/{rel}","templated":true}]}}